{"id":8826,"date":"2025-07-30T16:00:05","date_gmt":"2025-07-30T16:00:05","guid":{"rendered":"https:\/\/gerodan.es\/nuevaweb\/?page_id=8826"},"modified":"2025-07-30T16:00:05","modified_gmt":"2025-07-30T16:00:05","slug":"aviso-legal","status":"publish","type":"page","link":"https:\/\/gerodan.es\/en\/aviso-legal\/","title":{"rendered":"Aviso legal"},"content":{"rendered":"<p><div class=\"fusion-fullwidth fullwidth-box fusion-builder-row-1 fusion-flex-container has-pattern-background has-mask-background fusion-parallax-fixed nonhundred-percent-fullwidth non-hundred-percent-height-scrolling\" style=\"--awb-background-position:right bottom;--awb-background-blend-mode:multiply;--awb-border-radius-top-left:0px;--awb-border-radius-top-right:0px;--awb-border-radius-bottom-right:0px;--awb-border-radius-bottom-left:0px;--awb-padding-top:237px;--awb-padding-bottom:47px;--awb-background-color:rgba(29,29,27,0.65);--awb-background-image:url(&quot;https:\/\/gerodan.es\/wp-content\/uploads\/2025\/04\/Hotel-Bodega-Pierola-Gerodan-4-1.jpg&quot;);--awb-background-size:cover;--awb-flex-wrap:wrap;background-attachment:fixed;\" ><div class=\"fusion-builder-row fusion-row fusion-flex-align-items-flex-start fusion-flex-content-wrap\" style=\"max-width:1248px;margin-left: calc(-4% \/ 2 );margin-right: calc(-4% \/ 2 );\"><div class=\"fusion-layout-column fusion_builder_column fusion-builder-column-0 fusion_builder_column_1_3 1_3 fusion-flex-column\" style=\"--awb-bg-size:cover;--awb-width-large:33.333333333333%;--awb-margin-top-large:0px;--awb-spacing-right-large:5.76%;--awb-margin-bottom-large:20px;--awb-spacing-left-large:5.76%;--awb-width-medium:66.666666666667%;--awb-order-medium:0;--awb-spacing-right-medium:2.88%;--awb-spacing-left-medium:2.88%;--awb-width-small:100%;--awb-order-small:0;--awb-spacing-right-small:1.92%;--awb-spacing-left-small:1.92%;\"><div class=\"fusion-column-wrapper fusion-column-has-shadow fusion-flex-justify-content-flex-start fusion-content-layout-column\"><nav class=\"fusion-breadcrumbs awb-yoast-breadcrumbs fusion-breadcrumbs-1\" style=\"--awb-text-color:var(--awb-color2);--awb-breadcrumb-sep:&#039;\/&#039;;\" aria-label=\"Breadcrumb\"><ol class=\"awb-breadcrumb-list\"><li class=\"fusion-breadcrumb-item awb-breadcrumb-sep awb-home\" ><a href=\"https:\/\/gerodan.es\/en\/\" class=\"fusion-breadcrumb-link\"><span >Home<\/span><\/a><\/li><\/ol><\/nav><div class=\"fusion-title title fusion-title-1 fusion-sep-none fusion-title-text fusion-title-size-one fusion-animated\" style=\"--awb-text-color:var(--awb-color1);--awb-margin-bottom:80px;--awb-margin-top-small:10px;--awb-margin-right-small:0px;--awb-margin-bottom-small:10px;--awb-margin-left-small:0px;--awb-font-size:56px;\" data-animationType=\"fadeInUp\" data-animationDuration=\"1.0\" data-animationOffset=\"top-into-view\"><h1 class=\"fusion-title-heading title-heading-left\" style=\"font-family:&quot;Noto Sans&quot;;font-style:normal;font-weight:600;margin:0;letter-spacing:var(--awb-typography1-letter-spacing);text-transform:var(--awb-typography1-text-transform);font-size:1em;line-height:var(--awb-typography1-line-height);\">Aviso Legal<\/h1><\/div><\/div><\/div><\/div><\/div><div class=\"fusion-fullwidth fullwidth-box fusion-builder-row-2 fusion-flex-container has-pattern-background has-mask-background nonhundred-percent-fullwidth non-hundred-percent-height-scrolling\" style=\"--awb-border-radius-top-left:0px;--awb-border-radius-top-right:0px;--awb-border-radius-bottom-right:0px;--awb-border-radius-bottom-left:0px;--awb-margin-top:80px;--awb-margin-bottom:80px;--awb-flex-wrap:wrap;\" ><div class=\"fusion-builder-row fusion-row fusion-flex-align-items-flex-start fusion-flex-content-wrap\" style=\"max-width:1248px;margin-left: calc(-4% \/ 2 );margin-right: calc(-4% \/ 2 );\"><div class=\"fusion-layout-column fusion_builder_column fusion-builder-column-1 fusion_builder_column_1_1 1_1 fusion-flex-column\" style=\"--awb-bg-size:cover;--awb-width-large:100%;--awb-margin-top-large:0px;--awb-spacing-right-large:1.92%;--awb-margin-bottom-large:20px;--awb-spacing-left-large:1.92%;--awb-width-medium:100%;--awb-order-medium:0;--awb-spacing-right-medium:1.92%;--awb-spacing-left-medium:1.92%;--awb-width-small:100%;--awb-order-small:0;--awb-spacing-right-small:1.92%;--awb-spacing-left-small:1.92%;\"><div class=\"fusion-column-wrapper fusion-column-has-shadow fusion-flex-justify-content-flex-start fusion-content-layout-column\"><div class=\"fusion-text fusion-text-1\"><p>Mediante el presente aviso legal, GERODAN S. COOP pone a disposici\u00f3n de sus usuarios la informaci\u00f3n general que los prestadores de servicios de la sociedad de la informacio\u0301n estamos obligados a poner a su disposicio\u0301n, por imperativo del art. 10 de la Ley 34\/2002, de 11 de julio, de servicios de la sociedad de la informacio\u0301n y de comercio electro\u0301nico.<\/p>\n<p>Se informa que el sitio web www.gerodan.es es titularidad de GERODAN S. COOP legalmente registrada CIF N\u00ba F-20856233 y cuyo domicilio social se encuentra en ANARDI AREA, 2 \u2013 20730\u00a0 AZPEITIA (GIPUZKOA). A efectos de contacto e informaci\u00f3n GERODAN S. COOP pone a disposici\u00f3n del usuario la siguiente direcci\u00f3n de correo electr\u00f3nico: gerodan@gerodan.es.<\/p>\n<p>El objeto del sitio web es poner a disposici\u00f3n del usuario informaci\u00f3n clara acerca de los servicios prestados por la sociedad titular GERODAN S. COOP<\/p>\n<ol>\n<li><strong>ACCESO AL SITIO WEB Y ACEPTACI\u00d3N DEL AVISO LEGAL.<\/strong><strong>\u00a0<\/strong><\/li>\n<\/ol>\n<p>Al acceder a este sitio web, usted adquiere la condici\u00f3n del usuario y acepta plenamente todas y cada una de las condiciones que contiene este Aviso Legal. La finalidad del portal web es la de poner a su disposici\u00f3n los servicios que la empresa ofrece, a trav\u00e9s de la web podr\u00e1 contactar con nosotros, as\u00ed como solicitar informaci\u00f3n.<\/p>\n<p>El usuario se compromete a hacer uso de los servicios y utilidades que ofrece GERODAN S. COOP de conformidad con su c\u00f3digo \u00e9tico, las leyes, la buena fe, el orden p\u00fablico, los usos del tr\u00e1fico y este Aviso Legal. El usuario responder\u00e1 ante GERODAN S. COOP o frente a terceros, de cualquier incumplimiento que se produjera como consecuencia de lo anterior.<\/p>\n<p>El establecimiento de un enlace o link a otra p\u00e1gina o sitio en Internet, no implica en ning\u00fan caso la existencia de relaciones entre GERODAN S. COOP y el titular o propietario del sitio web al que se enlace, ni tampoco la aceptaci\u00f3n y aprobaci\u00f3n por parte de GERODAN S. COOP de sus contenidos o servicios. Quien se proponga establecer un enlace o link a este sitio web, deber\u00e1 solicitar previamente consentimiento a GERODAN S. COOP, reserv\u00e1ndose el derecho a reclamar los posibles da\u00f1os que se pudieran provocar por el establecimiento de este enlace o link sin la necesaria autorizaci\u00f3n.<\/p>\n<ol start=\"2\">\n<li><strong>USO DE LA WEB POR PARTE DEL VISITANTE<\/strong><\/li>\n<\/ol>\n<p>El usuario deber\u00e1 leer atentamente el Aviso Legal y la Pol\u00edtica de Privacidad y Cookies en cada una de las ocasiones que utilice esta web, ya que las condiciones recogidas pueden sufrir modificaciones en cada momento. Adem\u00e1s, se compromete a hacer un uso adecuado y l\u00edcito del sitio Web y de todos los contenidos, de conformidad con la legislaci\u00f3n aplicable. El Usuario deber\u00e1 abstenerse de:<\/p>\n<ol>\n<li>Hacer un uso no autorizado o fraudulento de la web y\/o de los contenidos de GERODAN S. COOP<\/li>\n<li>Introducir o difundir en la red virus inform\u00e1ticos o cualesquiera otros sistemas f\u00edsicos o l\u00f3gicos que sean susceptibles de provocar da\u00f1os en los sistemas f\u00edsicos o l\u00f3gicos del propietario del dominio, de sus proveedores o de terceros.<\/li>\n<li>Intentar acceder, utilizar y\/o manipular los datos del propietario del dominio www.gerodan.es, o webs sat\u00e9lites o propiedad suya o de los usuarios del mismo.<\/li>\n<li>Suprimir, ocultar o manipular las notas sobre derechos de propiedad intelectual o industrial y dem\u00e1s datos identificativos de los derechos del titular de la web, de terceros incorporados a los contenidos o comentarios, as\u00ed como los dispositivos t\u00e9cnicos de protecci\u00f3n o mecanismos de informaci\u00f3n que puedan insertarse en los contenidos.<\/li>\n<li>Realizar copia y\/o publicaci\u00f3n de la p\u00e1gina web, sin autorizaci\u00f3n expresa de GERODAN S. COOP, por escrito en este o cualquiera de sus sitios web.<\/li>\n<\/ol>\n<ol start=\"3\">\n<li><strong>DERECHOS DE PROPIEDAD INTELECTUAL E INDUSTRIAL.<\/strong><\/li>\n<\/ol>\n<p>GERODAN S. COOP en virtud de lo dispuesto en los art\u00edculos 8 y 32.1 p\u00e1rrafo segundo de la ley de propiedad intelectual, informa que quedan expresamente prohibidas la reproducci\u00f3n y la comunicaci\u00f3n p\u00fablica, incluida su modalidad de puesta a disposici\u00f3n de la totalidad o parte de los contenidos de esta p\u00e1gina web, con fines comerciales, en cualquier soporte y por cualquier medio t\u00e9cnico, sin la autorizaci\u00f3n de GERODAN S. COOP El usuario se compromete a respetar los derechos de Propiedad Intelectual e Industrial de GERODAN S. COOP<\/p>\n<p>Se permite la visualizaci\u00f3n de todos los contenidos y elementos del portal web, as\u00ed como su impresi\u00f3n, copia y almacenamiento en cualquier soporte f\u00edsico o tecnol\u00f3gico siempre y cuando sea, \u00fanica y exclusivamente, para su uso personal y privado. El usuario se compromete a abstenerse de suprimir, alterar o manipular cualquier dispositivo de protecci\u00f3n o sistema de seguridad que estuviera instalado en la p\u00e1gina web www.gerodan.es<\/p>\n<ol start=\"4\">\n<li><strong>EXCLUSI\u00d3N DE GARANT\u00cdAS Y RESPONSABILIDAD. ENLACES<\/strong><\/li>\n<\/ol>\n<p>GERODAN S. COOP no se hace responsable, en ning\u00fan caso, de los da\u00f1os y perjuicios que se pudieran ocasionar a pesar de haber adoptado todas las medidas tecnol\u00f3gicas necesarias para evitarlo.<\/p>\n<p>El portal puede contener enlaces e hiperv\u00ednculos hacia otros sitios web en los contenidos www.gerodan.es, la sociedad informa de que GERODAN S. COOP no ejercer\u00e1 ning\u00fan control sobre dichos sitios y contenidos. Bajo ning\u00fan concepto asumir\u00e1 responsabilidad alguna por los contenidos de enlaces de terceros ni garantizar\u00e1 la disponibilidad, calidad, veracidad, exactitud y constitucionalidad de cualquier material o informaci\u00f3n contenida en ninguno de dichos hiperv\u00ednculos y otros sitios de internet.<\/p>\n<p>La inclusi\u00f3n de estas conexiones externas no implicar\u00e1 ning\u00fan tipo de asociaci\u00f3n, fusi\u00f3n o participaci\u00f3n con las entidades terceras.<\/p>\n<ol start=\"5\">\n<li><strong>LEGISLACI\u00d3N Y JURISDICCI\u00d3N.<\/strong><\/li>\n<\/ol>\n<p>La legislaci\u00f3n aplicable al presente Aviso Legal ser\u00e1 la legislaci\u00f3n espa\u00f1ola, y la jurisdicci\u00f3n competente para conocer de cualesquiera demandas que este sitio Web suscite ser\u00e1 la de los Juzgados y Tribunales de la ciudad de Azpeitia.<\/p>\n<p>GERODAN S. COOP denunciar\u00e1 cualquier incumplimiento de las presentes condiciones, as\u00ed como un uso indebido o negligente de su portal ejerciendo todas las acciones civiles y penales que le puedan corresponder seg\u00fan derecho.<\/p>\n<p>Del mismo modo, los titulares del portal web www.gerodan.es se reservan el derecho de denegar o retirar el acceso al sitio web y\/o a los servicios ofrecidos sin previo aviso o a instancia propia o de un tercero, a aquellos usuarios que incumplan el presente Aviso Legal, la pol\u00edtica de cookies o haga caso omiso a la Pol\u00edtica de Privacidad.<\/p>\n<ol start=\"6\">\n<li><strong>VERSI\u00d3N<\/strong><\/li>\n<\/ol>\n<p>Este Aviso Legal es de fecha 08\/04\/2019 y cualquier modificaci\u00f3n de sus t\u00e9rminos ser\u00e1 publicada en esta p\u00e1gina web.<\/p>\n<\/div><\/div><\/div><\/div><\/div><\/p>\n","protected":false},"excerpt":{"rendered":"","protected":false},"author":5,"featured_media":0,"parent":0,"menu_order":0,"comment_status":"closed","ping_status":"closed","template":"100-width.php","meta":{"_acf_changed":false,"footnotes":""},"class_list":["post-8826","page","type-page","status-publish","hentry"],"acf":[],"yoast_head":"<!-- This site is optimized with the Yoast SEO plugin v27.4 - https:\/\/yoast.com\/product\/yoast-seo-wordpress\/ -->\n<title>Aviso legal - Gerodan<\/title>\n<meta name=\"robots\" content=\"index, follow, max-snippet:-1, max-image-preview:large, max-video-preview:-1\" \/>\n<link rel=\"canonical\" href=\"https:\/\/gerodan.es\/en\/aviso-legal\/\" \/>\n<meta property=\"og:locale\" content=\"en_US\" \/>\n<meta property=\"og:type\" content=\"article\" \/>\n<meta property=\"og:title\" content=\"Aviso legal - Gerodan\" \/>\n<meta property=\"og:url\" content=\"https:\/\/gerodan.es\/en\/aviso-legal\/\" \/>\n<meta property=\"og:site_name\" content=\"Gerodan\" \/>\n<meta name=\"twitter:card\" content=\"summary_large_image\" \/>\n<script type=\"application\/ld+json\" class=\"yoast-schema-graph\">{\"@context\":\"https:\\\/\\\/schema.org\",\"@graph\":[{\"@type\":\"WebPage\",\"@id\":\"https:\\\/\\\/gerodan.es\\\/en\\\/aviso-legal\\\/\",\"url\":\"https:\\\/\\\/gerodan.es\\\/en\\\/aviso-legal\\\/\",\"name\":\"Aviso legal - Gerodan\",\"isPartOf\":{\"@id\":\"https:\\\/\\\/gerodan.es\\\/en\\\/#website\"},\"datePublished\":\"2025-07-30T16:00:05+00:00\",\"breadcrumb\":{\"@id\":\"https:\\\/\\\/gerodan.es\\\/en\\\/aviso-legal\\\/#breadcrumb\"},\"inLanguage\":\"en-US\",\"potentialAction\":[{\"@type\":\"ReadAction\",\"target\":[\"https:\\\/\\\/gerodan.es\\\/en\\\/aviso-legal\\\/\"]}]},{\"@type\":\"BreadcrumbList\",\"@id\":\"https:\\\/\\\/gerodan.es\\\/en\\\/aviso-legal\\\/#breadcrumb\",\"itemListElement\":[{\"@type\":\"ListItem\",\"position\":1,\"name\":\"Home\",\"item\":\"https:\\\/\\\/gerodan.es\\\/en\\\/\"},{\"@type\":\"ListItem\",\"position\":2,\"name\":\"Aviso legal\"}]},{\"@type\":\"WebSite\",\"@id\":\"https:\\\/\\\/gerodan.es\\\/en\\\/#website\",\"url\":\"https:\\\/\\\/gerodan.es\\\/en\\\/\",\"name\":\"Gerodan\",\"description\":\"Venta de mobiliario adaptado a personas mayores\",\"potentialAction\":[{\"@type\":\"SearchAction\",\"target\":{\"@type\":\"EntryPoint\",\"urlTemplate\":\"https:\\\/\\\/gerodan.es\\\/en\\\/?s={search_term_string}\"},\"query-input\":{\"@type\":\"PropertyValueSpecification\",\"valueRequired\":true,\"valueName\":\"search_term_string\"}}],\"inLanguage\":\"en-US\"}]}<\/script>\n<!-- \/ Yoast SEO plugin. -->","yoast_head_json":{"title":"Aviso legal - Gerodan","robots":{"index":"index","follow":"follow","max-snippet":"max-snippet:-1","max-image-preview":"max-image-preview:large","max-video-preview":"max-video-preview:-1"},"canonical":"https:\/\/gerodan.es\/en\/aviso-legal\/","og_locale":"en_US","og_type":"article","og_title":"Aviso legal - Gerodan","og_url":"https:\/\/gerodan.es\/en\/aviso-legal\/","og_site_name":"Gerodan","twitter_card":"summary_large_image","schema":{"@context":"https:\/\/schema.org","@graph":[{"@type":"WebPage","@id":"https:\/\/gerodan.es\/en\/aviso-legal\/","url":"https:\/\/gerodan.es\/en\/aviso-legal\/","name":"Aviso legal - Gerodan","isPartOf":{"@id":"https:\/\/gerodan.es\/en\/#website"},"datePublished":"2025-07-30T16:00:05+00:00","breadcrumb":{"@id":"https:\/\/gerodan.es\/en\/aviso-legal\/#breadcrumb"},"inLanguage":"en-US","potentialAction":[{"@type":"ReadAction","target":["https:\/\/gerodan.es\/en\/aviso-legal\/"]}]},{"@type":"BreadcrumbList","@id":"https:\/\/gerodan.es\/en\/aviso-legal\/#breadcrumb","itemListElement":[{"@type":"ListItem","position":1,"name":"Home","item":"https:\/\/gerodan.es\/en\/"},{"@type":"ListItem","position":2,"name":"Aviso legal"}]},{"@type":"WebSite","@id":"https:\/\/gerodan.es\/en\/#website","url":"https:\/\/gerodan.es\/en\/","name":"Gerodan","description":"Venta de mobiliario adaptado a personas mayores","potentialAction":[{"@type":"SearchAction","target":{"@type":"EntryPoint","urlTemplate":"https:\/\/gerodan.es\/en\/?s={search_term_string}"},"query-input":{"@type":"PropertyValueSpecification","valueRequired":true,"valueName":"search_term_string"}}],"inLanguage":"en-US"}]}},"_links":{"self":[{"href":"https:\/\/gerodan.es\/en\/wp-json\/wp\/v2\/pages\/8826","targetHints":{"allow":["GET"]}}],"collection":[{"href":"https:\/\/gerodan.es\/en\/wp-json\/wp\/v2\/pages"}],"about":[{"href":"https:\/\/gerodan.es\/en\/wp-json\/wp\/v2\/types\/page"}],"author":[{"embeddable":true,"href":"https:\/\/gerodan.es\/en\/wp-json\/wp\/v2\/users\/5"}],"replies":[{"embeddable":true,"href":"https:\/\/gerodan.es\/en\/wp-json\/wp\/v2\/comments?post=8826"}],"version-history":[{"count":1,"href":"https:\/\/gerodan.es\/en\/wp-json\/wp\/v2\/pages\/8826\/revisions"}],"predecessor-version":[{"id":8827,"href":"https:\/\/gerodan.es\/en\/wp-json\/wp\/v2\/pages\/8826\/revisions\/8827"}],"wp:attachment":[{"href":"https:\/\/gerodan.es\/en\/wp-json\/wp\/v2\/media?parent=8826"}],"curies":[{"name":"wp","href":"https:\/\/api.w.org\/{rel}","templated":true}]}}