{"id":2725,"date":"2017-12-11T08:27:30","date_gmt":"2017-12-11T08:27:30","guid":{"rendered":"https:\/\/gerodan.es\/nuevaweb\/productos\/butaca-akira-fija-media-doble\/"},"modified":"2019-09-17T14:51:07","modified_gmt":"2019-09-17T14:51:07","slug":"akira-fixed-double","status":"publish","type":"product","link":"https:\/\/gerodan.es\/en\/products\/akira-fixed-double\/","title":{"rendered":"AKIRA Fixed Double"},"content":{"rendered":"<p>Double armchair (ref: 2011) or double with central arms (ref: 2011 xb) and medium fixed backrest. Medium Fixed Backrest of H90-45xA113xF67. Structure made of beech wood of first quality, clean of knots and stains. Structure of high rigidity, edges and edges sanded and rounded Backrest designed to facilitate support.<\/p>\n<p>Frontal nerves are avoided so as not to impede incorporation. Its design incorporates an ergonomic curved arm and great robustness and safety. The backrest consists of ergonomic plywood board covered with high density polyurethane.<\/p>\n<p>Upholstered with vinyl fabrics with antimicrobial, antibacterial, antifungal and abrasion resistant protection. Easy to clean and maintain. Insensitive to light.<\/p>\n<p><strong>Structure:<\/strong> Solid varnished premium beech, the backrest is composed of an ergonomic plywood board covered with high density polyurethane.<\/p>\n<p><strong>Additional Features:<\/strong> High density foam in the seat and backrest. Upholstered with high abrasion resistance vinyl fabrics M2, M1<\/p>\n","protected":false},"excerpt":{"rendered":"<p>Sill\u00f3n NELY de l\u00edneas cuadradas para equipar zonas de lectura, habitaci\u00f3n o comedores. Dimensiones H86xF55xA57. Estructura de haya con brazos, asiento y respaldo tapizados. Suspensi\u00f3n cincha cubierta de alta calidad.<\/p>\n<p>Espumas de alta densidad en asiento. Tapizados con telas vin\u00edlicas con protecci\u00f3n antimicrobial, antibacterial, antimic\u00f3tica y resistente a la abrasi\u00f3n. F\u00e1ciles de limpiar y mantener. Insensibles a la luz.<\/p>\n","protected":false},"featured_media":2727,"template":"","meta":{"_acf_changed":false},"grado-de-dependencia":[],"product_brand":[],"product_cat":[217,225],"product_tag":[],"class_list":{"0":"post-2725","1":"product","2":"type-product","3":"status-publish","4":"has-post-thumbnail","6":"product_cat-comfort-and-relaxation-systems","7":"product_cat-nursing-armchairs-2","9":"first","10":"instock","11":"shipping-taxable","12":"product-type-simple"},"acf":[],"yoast_head":"<!-- This site is optimized with the Yoast SEO plugin v27.4 - https:\/\/yoast.com\/product\/yoast-seo-wordpress\/ -->\n<title>AKIRA Fixed Double - Gerodan<\/title>\n<meta name=\"robots\" content=\"index, follow, max-snippet:-1, max-image-preview:large, max-video-preview:-1\" \/>\n<link rel=\"canonical\" href=\"https:\/\/gerodan.es\/en\/products\/akira-fixed-double\/\" \/>\n<meta property=\"og:locale\" content=\"en_US\" \/>\n<meta property=\"og:type\" content=\"article\" \/>\n<meta property=\"og:title\" content=\"AKIRA Fixed Double - Gerodan\" \/>\n<meta property=\"og:description\" content=\"Sill\u00f3n NELY de l\u00edneas cuadradas para equipar zonas de lectura, habitaci\u00f3n o comedores. Dimensiones H86xF55xA57. Estructura de haya con brazos, asiento y respaldo tapizados. Suspensi\u00f3n cincha cubierta de alta calidad.  Espumas de alta densidad en asiento. Tapizados con telas vin\u00edlicas con protecci\u00f3n antimicrobial, antibacterial, antimic\u00f3tica y resistente a la abrasi\u00f3n. F\u00e1ciles de limpiar y mantener. Insensibles a la luz.\" \/>\n<meta property=\"og:url\" content=\"https:\/\/gerodan.es\/en\/products\/akira-fixed-double\/\" \/>\n<meta property=\"og:site_name\" content=\"Gerodan\" \/>\n<meta property=\"article:modified_time\" content=\"2019-09-17T14:51:07+00:00\" \/>\n<meta property=\"og:image\" content=\"https:\/\/gerodan.es\/wp-content\/uploads\/2016\/04\/Butaca-AKIRA-fija-media-doble-1.jpg\" \/>\n\t<meta property=\"og:image:width\" content=\"800\" \/>\n\t<meta property=\"og:image:height\" content=\"800\" \/>\n\t<meta property=\"og:image:type\" content=\"image\/jpeg\" \/>\n<meta name=\"twitter:card\" content=\"summary_large_image\" \/>\n<meta name=\"twitter:label1\" content=\"Est. reading time\" \/>\n\t<meta name=\"twitter:data1\" content=\"1 minute\" \/>\n<script type=\"application\/ld+json\" class=\"yoast-schema-graph\">{\"@context\":\"https:\\\/\\\/schema.org\",\"@graph\":[{\"@type\":\"WebPage\",\"@id\":\"https:\\\/\\\/gerodan.es\\\/en\\\/products\\\/akira-fixed-double\\\/\",\"url\":\"https:\\\/\\\/gerodan.es\\\/en\\\/products\\\/akira-fixed-double\\\/\",\"name\":\"AKIRA Fixed Double - Gerodan\",\"isPartOf\":{\"@id\":\"https:\\\/\\\/gerodan.es\\\/en\\\/#website\"},\"primaryImageOfPage\":{\"@id\":\"https:\\\/\\\/gerodan.es\\\/en\\\/products\\\/akira-fixed-double\\\/#primaryimage\"},\"image\":{\"@id\":\"https:\\\/\\\/gerodan.es\\\/en\\\/products\\\/akira-fixed-double\\\/#primaryimage\"},\"thumbnailUrl\":\"https:\\\/\\\/gerodan.es\\\/wp-content\\\/uploads\\\/2016\\\/04\\\/Butaca-AKIRA-fija-media-doble-1.jpg\",\"datePublished\":\"2017-12-11T08:27:30+00:00\",\"dateModified\":\"2019-09-17T14:51:07+00:00\",\"breadcrumb\":{\"@id\":\"https:\\\/\\\/gerodan.es\\\/en\\\/products\\\/akira-fixed-double\\\/#breadcrumb\"},\"inLanguage\":\"en-US\",\"potentialAction\":[{\"@type\":\"ReadAction\",\"target\":[\"https:\\\/\\\/gerodan.es\\\/en\\\/products\\\/akira-fixed-double\\\/\"]}]},{\"@type\":\"ImageObject\",\"inLanguage\":\"en-US\",\"@id\":\"https:\\\/\\\/gerodan.es\\\/en\\\/products\\\/akira-fixed-double\\\/#primaryimage\",\"url\":\"https:\\\/\\\/gerodan.es\\\/wp-content\\\/uploads\\\/2016\\\/04\\\/Butaca-AKIRA-fija-media-doble-1.jpg\",\"contentUrl\":\"https:\\\/\\\/gerodan.es\\\/wp-content\\\/uploads\\\/2016\\\/04\\\/Butaca-AKIRA-fija-media-doble-1.jpg\",\"width\":800,\"height\":800},{\"@type\":\"BreadcrumbList\",\"@id\":\"https:\\\/\\\/gerodan.es\\\/en\\\/products\\\/akira-fixed-double\\\/#breadcrumb\",\"itemListElement\":[{\"@type\":\"ListItem\",\"position\":1,\"name\":\"Home\",\"item\":\"https:\\\/\\\/gerodan.es\\\/en\\\/\"},{\"@type\":\"ListItem\",\"position\":2,\"name\":\"Products for Residential Homes\",\"item\":\"https:\\\/\\\/gerodan.es\\\/en\\\/residential-home-products\\\/\"},{\"@type\":\"ListItem\",\"position\":3,\"name\":\"AKIRA Fixed Double\"}]},{\"@type\":\"WebSite\",\"@id\":\"https:\\\/\\\/gerodan.es\\\/en\\\/#website\",\"url\":\"https:\\\/\\\/gerodan.es\\\/en\\\/\",\"name\":\"Gerodan\",\"description\":\"Venta de mobiliario adaptado a personas mayores\",\"potentialAction\":[{\"@type\":\"SearchAction\",\"target\":{\"@type\":\"EntryPoint\",\"urlTemplate\":\"https:\\\/\\\/gerodan.es\\\/en\\\/?s={search_term_string}\"},\"query-input\":{\"@type\":\"PropertyValueSpecification\",\"valueRequired\":true,\"valueName\":\"search_term_string\"}}],\"inLanguage\":\"en-US\"}]}<\/script>\n<!-- \/ Yoast SEO plugin. -->","yoast_head_json":{"title":"AKIRA Fixed Double - Gerodan","robots":{"index":"index","follow":"follow","max-snippet":"max-snippet:-1","max-image-preview":"max-image-preview:large","max-video-preview":"max-video-preview:-1"},"canonical":"https:\/\/gerodan.es\/en\/products\/akira-fixed-double\/","og_locale":"en_US","og_type":"article","og_title":"AKIRA Fixed Double - Gerodan","og_description":"Sill\u00f3n NELY de l\u00edneas cuadradas para equipar zonas de lectura, habitaci\u00f3n o comedores. Dimensiones H86xF55xA57. Estructura de haya con brazos, asiento y respaldo tapizados. Suspensi\u00f3n cincha cubierta de alta calidad.  Espumas de alta densidad en asiento. Tapizados con telas vin\u00edlicas con protecci\u00f3n antimicrobial, antibacterial, antimic\u00f3tica y resistente a la abrasi\u00f3n. F\u00e1ciles de limpiar y mantener. Insensibles a la luz.","og_url":"https:\/\/gerodan.es\/en\/products\/akira-fixed-double\/","og_site_name":"Gerodan","article_modified_time":"2019-09-17T14:51:07+00:00","og_image":[{"width":800,"height":800,"url":"https:\/\/gerodan.es\/wp-content\/uploads\/2016\/04\/Butaca-AKIRA-fija-media-doble-1.jpg","type":"image\/jpeg"}],"twitter_card":"summary_large_image","twitter_misc":{"Est. reading time":"1 minute"},"schema":{"@context":"https:\/\/schema.org","@graph":[{"@type":"WebPage","@id":"https:\/\/gerodan.es\/en\/products\/akira-fixed-double\/","url":"https:\/\/gerodan.es\/en\/products\/akira-fixed-double\/","name":"AKIRA Fixed Double - Gerodan","isPartOf":{"@id":"https:\/\/gerodan.es\/en\/#website"},"primaryImageOfPage":{"@id":"https:\/\/gerodan.es\/en\/products\/akira-fixed-double\/#primaryimage"},"image":{"@id":"https:\/\/gerodan.es\/en\/products\/akira-fixed-double\/#primaryimage"},"thumbnailUrl":"https:\/\/gerodan.es\/wp-content\/uploads\/2016\/04\/Butaca-AKIRA-fija-media-doble-1.jpg","datePublished":"2017-12-11T08:27:30+00:00","dateModified":"2019-09-17T14:51:07+00:00","breadcrumb":{"@id":"https:\/\/gerodan.es\/en\/products\/akira-fixed-double\/#breadcrumb"},"inLanguage":"en-US","potentialAction":[{"@type":"ReadAction","target":["https:\/\/gerodan.es\/en\/products\/akira-fixed-double\/"]}]},{"@type":"ImageObject","inLanguage":"en-US","@id":"https:\/\/gerodan.es\/en\/products\/akira-fixed-double\/#primaryimage","url":"https:\/\/gerodan.es\/wp-content\/uploads\/2016\/04\/Butaca-AKIRA-fija-media-doble-1.jpg","contentUrl":"https:\/\/gerodan.es\/wp-content\/uploads\/2016\/04\/Butaca-AKIRA-fija-media-doble-1.jpg","width":800,"height":800},{"@type":"BreadcrumbList","@id":"https:\/\/gerodan.es\/en\/products\/akira-fixed-double\/#breadcrumb","itemListElement":[{"@type":"ListItem","position":1,"name":"Home","item":"https:\/\/gerodan.es\/en\/"},{"@type":"ListItem","position":2,"name":"Products for Residential Homes","item":"https:\/\/gerodan.es\/en\/residential-home-products\/"},{"@type":"ListItem","position":3,"name":"AKIRA Fixed Double"}]},{"@type":"WebSite","@id":"https:\/\/gerodan.es\/en\/#website","url":"https:\/\/gerodan.es\/en\/","name":"Gerodan","description":"Venta de mobiliario adaptado a personas mayores","potentialAction":[{"@type":"SearchAction","target":{"@type":"EntryPoint","urlTemplate":"https:\/\/gerodan.es\/en\/?s={search_term_string}"},"query-input":{"@type":"PropertyValueSpecification","valueRequired":true,"valueName":"search_term_string"}}],"inLanguage":"en-US"}]}},"_links":{"self":[{"href":"https:\/\/gerodan.es\/en\/wp-json\/wp\/v2\/product\/2725","targetHints":{"allow":["GET"]}}],"collection":[{"href":"https:\/\/gerodan.es\/en\/wp-json\/wp\/v2\/product"}],"about":[{"href":"https:\/\/gerodan.es\/en\/wp-json\/wp\/v2\/types\/product"}],"wp:featuredmedia":[{"embeddable":true,"href":"https:\/\/gerodan.es\/en\/wp-json\/wp\/v2\/media\/2727"}],"wp:attachment":[{"href":"https:\/\/gerodan.es\/en\/wp-json\/wp\/v2\/media?parent=2725"}],"wp:term":[{"taxonomy":"grado-de-dependencia","embeddable":true,"href":"https:\/\/gerodan.es\/en\/wp-json\/wp\/v2\/grado-de-dependencia?post=2725"},{"taxonomy":"product_brand","embeddable":true,"href":"https:\/\/gerodan.es\/en\/wp-json\/wp\/v2\/product_brand?post=2725"},{"taxonomy":"product_cat","embeddable":true,"href":"https:\/\/gerodan.es\/en\/wp-json\/wp\/v2\/product_cat?post=2725"},{"taxonomy":"product_tag","embeddable":true,"href":"https:\/\/gerodan.es\/en\/wp-json\/wp\/v2\/product_tag?post=2725"}],"curies":[{"name":"wp","href":"https:\/\/api.w.org\/{rel}","templated":true}]}}