{"id":2951,"date":"2016-05-02T09:34:17","date_gmt":"2016-05-02T09:34:17","guid":{"rendered":"https:\/\/gerodan.es\/nuevaweb\/productos\/silla-lorena\/"},"modified":"2019-09-17T14:50:03","modified_gmt":"2019-09-17T14:50:03","slug":"lorena-chair","status":"publish","type":"product","link":"https:\/\/gerodan.es\/en\/products\/lorena-chair\/","title":{"rendered":"LORENA Chair"},"content":{"rendered":"<p>LOUIS XVI style cabriolet armchair without arms. Beech structure of high quality dried at 9\u00ba of humidity and clean of knots. Foams of 25kg density in the seat. Upholstered with vinyl fabrics with antimicrobial protection, antibacterial, antifungal and abrasion resistant. Easy to clean and maintain, and insensitive to light.<\/p>\n<p><strong>Structure:<\/strong> Varnished solid beech<\/p>\n<p><strong>Additional Features:<\/strong> Upholstered vinyl textiles with high resistance to abrasion M2, M1. Possibility of bicolor back.<\/p>\n","protected":false},"excerpt":{"rendered":"<p>Sill\u00f3n NELY de l\u00edneas cuadradas para equipar zonas de lectura, habitaci\u00f3n o comedores. Dimensiones H86xF55xA57. Estructura de haya con brazos, asiento y respaldo tapizados. Suspensi\u00f3n cincha cubierta de alta calidad.<\/p>\n<p>Espumas de alta densidad en asiento. Tapizados con telas vin\u00edlicas con protecci\u00f3n antimicrobial, antibacterial, antimic\u00f3tica y resistente a la abrasi\u00f3n. F\u00e1ciles de limpiar y mantener. Insensibles a la luz.<\/p>\n","protected":false},"featured_media":2953,"template":"","meta":{"_acf_changed":false},"grado-de-dependencia":[479],"product_brand":[],"product_cat":[227,249],"product_tag":[],"class_list":{"0":"post-2951","1":"product","2":"type-product","3":"status-publish","4":"has-post-thumbnail","6":"grado-de-dependencia-moderate-assistance","7":"product_cat-chairs-and-armchairs","8":"product_cat-chairs-without-arms","10":"first","11":"instock","12":"shipping-taxable","13":"product-type-simple"},"acf":[],"yoast_head":"<!-- This site is optimized with the Yoast SEO plugin v27.4 - https:\/\/yoast.com\/product\/yoast-seo-wordpress\/ -->\n<title>LORENA Chair - Gerodan<\/title>\n<meta name=\"robots\" content=\"index, follow, max-snippet:-1, max-image-preview:large, max-video-preview:-1\" \/>\n<link rel=\"canonical\" href=\"https:\/\/gerodan.es\/en\/products\/lorena-chair\/\" \/>\n<meta property=\"og:locale\" content=\"en_US\" \/>\n<meta property=\"og:type\" content=\"article\" \/>\n<meta property=\"og:title\" content=\"LORENA Chair - Gerodan\" \/>\n<meta property=\"og:description\" content=\"Sill\u00f3n NELY de l\u00edneas cuadradas para equipar zonas de lectura, habitaci\u00f3n o comedores. Dimensiones H86xF55xA57. Estructura de haya con brazos, asiento y respaldo tapizados. Suspensi\u00f3n cincha cubierta de alta calidad.  Espumas de alta densidad en asiento. Tapizados con telas vin\u00edlicas con protecci\u00f3n antimicrobial, antibacterial, antimic\u00f3tica y resistente a la abrasi\u00f3n. F\u00e1ciles de limpiar y mantener. Insensibles a la luz.\" \/>\n<meta property=\"og:url\" content=\"https:\/\/gerodan.es\/en\/products\/lorena-chair\/\" \/>\n<meta property=\"og:site_name\" content=\"Gerodan\" \/>\n<meta property=\"article:modified_time\" content=\"2019-09-17T14:50:03+00:00\" \/>\n<meta property=\"og:image\" content=\"https:\/\/gerodan.es\/wp-content\/uploads\/2016\/05\/lorena.jpg\" \/>\n\t<meta property=\"og:image:width\" content=\"887\" \/>\n\t<meta property=\"og:image:height\" content=\"887\" \/>\n\t<meta property=\"og:image:type\" content=\"image\/jpeg\" \/>\n<meta name=\"twitter:card\" content=\"summary_large_image\" \/>\n<script type=\"application\/ld+json\" class=\"yoast-schema-graph\">{\"@context\":\"https:\\\/\\\/schema.org\",\"@graph\":[{\"@type\":\"WebPage\",\"@id\":\"https:\\\/\\\/gerodan.es\\\/en\\\/products\\\/lorena-chair\\\/\",\"url\":\"https:\\\/\\\/gerodan.es\\\/en\\\/products\\\/lorena-chair\\\/\",\"name\":\"LORENA Chair - Gerodan\",\"isPartOf\":{\"@id\":\"https:\\\/\\\/gerodan.es\\\/en\\\/#website\"},\"primaryImageOfPage\":{\"@id\":\"https:\\\/\\\/gerodan.es\\\/en\\\/products\\\/lorena-chair\\\/#primaryimage\"},\"image\":{\"@id\":\"https:\\\/\\\/gerodan.es\\\/en\\\/products\\\/lorena-chair\\\/#primaryimage\"},\"thumbnailUrl\":\"https:\\\/\\\/gerodan.es\\\/wp-content\\\/uploads\\\/2016\\\/05\\\/lorena.jpg\",\"datePublished\":\"2016-05-02T09:34:17+00:00\",\"dateModified\":\"2019-09-17T14:50:03+00:00\",\"breadcrumb\":{\"@id\":\"https:\\\/\\\/gerodan.es\\\/en\\\/products\\\/lorena-chair\\\/#breadcrumb\"},\"inLanguage\":\"en-US\",\"potentialAction\":[{\"@type\":\"ReadAction\",\"target\":[\"https:\\\/\\\/gerodan.es\\\/en\\\/products\\\/lorena-chair\\\/\"]}]},{\"@type\":\"ImageObject\",\"inLanguage\":\"en-US\",\"@id\":\"https:\\\/\\\/gerodan.es\\\/en\\\/products\\\/lorena-chair\\\/#primaryimage\",\"url\":\"https:\\\/\\\/gerodan.es\\\/wp-content\\\/uploads\\\/2016\\\/05\\\/lorena.jpg\",\"contentUrl\":\"https:\\\/\\\/gerodan.es\\\/wp-content\\\/uploads\\\/2016\\\/05\\\/lorena.jpg\",\"width\":887,\"height\":887},{\"@type\":\"BreadcrumbList\",\"@id\":\"https:\\\/\\\/gerodan.es\\\/en\\\/products\\\/lorena-chair\\\/#breadcrumb\",\"itemListElement\":[{\"@type\":\"ListItem\",\"position\":1,\"name\":\"Home\",\"item\":\"https:\\\/\\\/gerodan.es\\\/en\\\/\"},{\"@type\":\"ListItem\",\"position\":2,\"name\":\"Products for Residential Homes\",\"item\":\"https:\\\/\\\/gerodan.es\\\/en\\\/residential-home-products\\\/\"},{\"@type\":\"ListItem\",\"position\":3,\"name\":\"LORENA Chair\"}]},{\"@type\":\"WebSite\",\"@id\":\"https:\\\/\\\/gerodan.es\\\/en\\\/#website\",\"url\":\"https:\\\/\\\/gerodan.es\\\/en\\\/\",\"name\":\"Gerodan\",\"description\":\"Venta de mobiliario adaptado a personas mayores\",\"potentialAction\":[{\"@type\":\"SearchAction\",\"target\":{\"@type\":\"EntryPoint\",\"urlTemplate\":\"https:\\\/\\\/gerodan.es\\\/en\\\/?s={search_term_string}\"},\"query-input\":{\"@type\":\"PropertyValueSpecification\",\"valueRequired\":true,\"valueName\":\"search_term_string\"}}],\"inLanguage\":\"en-US\"}]}<\/script>\n<!-- \/ Yoast SEO plugin. -->","yoast_head_json":{"title":"LORENA Chair - Gerodan","robots":{"index":"index","follow":"follow","max-snippet":"max-snippet:-1","max-image-preview":"max-image-preview:large","max-video-preview":"max-video-preview:-1"},"canonical":"https:\/\/gerodan.es\/en\/products\/lorena-chair\/","og_locale":"en_US","og_type":"article","og_title":"LORENA Chair - Gerodan","og_description":"Sill\u00f3n NELY de l\u00edneas cuadradas para equipar zonas de lectura, habitaci\u00f3n o comedores. Dimensiones H86xF55xA57. Estructura de haya con brazos, asiento y respaldo tapizados. Suspensi\u00f3n cincha cubierta de alta calidad.  Espumas de alta densidad en asiento. Tapizados con telas vin\u00edlicas con protecci\u00f3n antimicrobial, antibacterial, antimic\u00f3tica y resistente a la abrasi\u00f3n. F\u00e1ciles de limpiar y mantener. Insensibles a la luz.","og_url":"https:\/\/gerodan.es\/en\/products\/lorena-chair\/","og_site_name":"Gerodan","article_modified_time":"2019-09-17T14:50:03+00:00","og_image":[{"width":887,"height":887,"url":"https:\/\/gerodan.es\/wp-content\/uploads\/2016\/05\/lorena.jpg","type":"image\/jpeg"}],"twitter_card":"summary_large_image","schema":{"@context":"https:\/\/schema.org","@graph":[{"@type":"WebPage","@id":"https:\/\/gerodan.es\/en\/products\/lorena-chair\/","url":"https:\/\/gerodan.es\/en\/products\/lorena-chair\/","name":"LORENA Chair - Gerodan","isPartOf":{"@id":"https:\/\/gerodan.es\/en\/#website"},"primaryImageOfPage":{"@id":"https:\/\/gerodan.es\/en\/products\/lorena-chair\/#primaryimage"},"image":{"@id":"https:\/\/gerodan.es\/en\/products\/lorena-chair\/#primaryimage"},"thumbnailUrl":"https:\/\/gerodan.es\/wp-content\/uploads\/2016\/05\/lorena.jpg","datePublished":"2016-05-02T09:34:17+00:00","dateModified":"2019-09-17T14:50:03+00:00","breadcrumb":{"@id":"https:\/\/gerodan.es\/en\/products\/lorena-chair\/#breadcrumb"},"inLanguage":"en-US","potentialAction":[{"@type":"ReadAction","target":["https:\/\/gerodan.es\/en\/products\/lorena-chair\/"]}]},{"@type":"ImageObject","inLanguage":"en-US","@id":"https:\/\/gerodan.es\/en\/products\/lorena-chair\/#primaryimage","url":"https:\/\/gerodan.es\/wp-content\/uploads\/2016\/05\/lorena.jpg","contentUrl":"https:\/\/gerodan.es\/wp-content\/uploads\/2016\/05\/lorena.jpg","width":887,"height":887},{"@type":"BreadcrumbList","@id":"https:\/\/gerodan.es\/en\/products\/lorena-chair\/#breadcrumb","itemListElement":[{"@type":"ListItem","position":1,"name":"Home","item":"https:\/\/gerodan.es\/en\/"},{"@type":"ListItem","position":2,"name":"Products for Residential Homes","item":"https:\/\/gerodan.es\/en\/residential-home-products\/"},{"@type":"ListItem","position":3,"name":"LORENA Chair"}]},{"@type":"WebSite","@id":"https:\/\/gerodan.es\/en\/#website","url":"https:\/\/gerodan.es\/en\/","name":"Gerodan","description":"Venta de mobiliario adaptado a personas mayores","potentialAction":[{"@type":"SearchAction","target":{"@type":"EntryPoint","urlTemplate":"https:\/\/gerodan.es\/en\/?s={search_term_string}"},"query-input":{"@type":"PropertyValueSpecification","valueRequired":true,"valueName":"search_term_string"}}],"inLanguage":"en-US"}]}},"_links":{"self":[{"href":"https:\/\/gerodan.es\/en\/wp-json\/wp\/v2\/product\/2951","targetHints":{"allow":["GET"]}}],"collection":[{"href":"https:\/\/gerodan.es\/en\/wp-json\/wp\/v2\/product"}],"about":[{"href":"https:\/\/gerodan.es\/en\/wp-json\/wp\/v2\/types\/product"}],"wp:featuredmedia":[{"embeddable":true,"href":"https:\/\/gerodan.es\/en\/wp-json\/wp\/v2\/media\/2953"}],"wp:attachment":[{"href":"https:\/\/gerodan.es\/en\/wp-json\/wp\/v2\/media?parent=2951"}],"wp:term":[{"taxonomy":"grado-de-dependencia","embeddable":true,"href":"https:\/\/gerodan.es\/en\/wp-json\/wp\/v2\/grado-de-dependencia?post=2951"},{"taxonomy":"product_brand","embeddable":true,"href":"https:\/\/gerodan.es\/en\/wp-json\/wp\/v2\/product_brand?post=2951"},{"taxonomy":"product_cat","embeddable":true,"href":"https:\/\/gerodan.es\/en\/wp-json\/wp\/v2\/product_cat?post=2951"},{"taxonomy":"product_tag","embeddable":true,"href":"https:\/\/gerodan.es\/en\/wp-json\/wp\/v2\/product_tag?post=2951"}],"curies":[{"name":"wp","href":"https:\/\/api.w.org\/{rel}","templated":true}]}}