{"id":2962,"date":"2016-05-02T09:21:00","date_gmt":"2016-05-02T09:21:00","guid":{"rendered":"https:\/\/gerodan.es\/nuevaweb\/productos\/sillon-zenta\/"},"modified":"2022-05-31T13:28:49","modified_gmt":"2022-05-31T13:28:49","slug":"upholstered-arms","status":"publish","type":"product","link":"https:\/\/gerodan.es\/en\/products\/upholstered-arms\/","title":{"rendered":"Upholstered arms"},"content":{"rendered":"<p><span style=\"font-weight: 400;\">Armchair with curved wooden arms and straight-line finishes.\u00a0 Curved seat and back for a better seat and support ergonomics, covered with high density polyurethane and fully upholstered. There is an option with backseat open for easy cleaning<\/span><span style=\"font-weight: 400;\"> (REF: 1834 H).<\/span><\/p>\n<p><span style=\"font-weight: 400;\">Wooden structure made of first quality beech wood, high rigidity with glued dovetail. Upholstered with vinyl fabrics with antimicrobial protection, antibacterial, antifungal and abrasion resistant, M1. Easy to clean and maintain. Insensitive to light.<\/span><\/p>\n<p><b>Structure:<\/b><span style=\"font-weight: 400;\">\u00a0Varnished solid beech wood with plywood board.<\/span><\/p>\n<p><b>Additional features: <\/b><span style=\"font-weight: 400;\">High density foamed seat. Upholstered with vinyl fabrics with high resistance to abrasion M2, M1. With two-colour backrest option.<\/span><\/p>\n","protected":false},"excerpt":{"rendered":"<p>Sill\u00f3n NELY de l\u00edneas cuadradas para equipar zonas de lectura, habitaci\u00f3n o comedores. Dimensiones H86xF55xA57. Estructura de haya con brazos, asiento y respaldo tapizados. Suspensi\u00f3n cincha cubierta de alta calidad.<\/p>\n<p>Espumas de alta densidad en asiento. Tapizados con telas vin\u00edlicas con protecci\u00f3n antimicrobial, antibacterial, antimic\u00f3tica y resistente a la abrasi\u00f3n. F\u00e1ciles de limpiar y mantener. Insensibles a la luz.<\/p>\n","protected":false},"featured_media":2965,"template":"","meta":{"_acf_changed":false},"grado-de-dependencia":[],"product_brand":[],"product_cat":[227,251],"product_tag":[],"class_list":{"0":"post-2962","1":"product","2":"type-product","3":"status-publish","4":"has-post-thumbnail","6":"product_cat-chairs-and-armchairs","7":"product_cat-nursing-armchairs","9":"first","10":"instock","11":"shipping-taxable","12":"product-type-simple"},"acf":[],"yoast_head":"<!-- This site is optimized with the Yoast SEO plugin v27.1.1 - https:\/\/yoast.com\/product\/yoast-seo-wordpress\/ -->\n<title>Upholstered arms - Gerodan<\/title>\n<meta name=\"robots\" content=\"index, follow, max-snippet:-1, max-image-preview:large, max-video-preview:-1\" \/>\n<link rel=\"canonical\" href=\"https:\/\/gerodan.es\/en\/products\/upholstered-arms\/\" \/>\n<meta property=\"og:locale\" content=\"en_US\" \/>\n<meta property=\"og:type\" content=\"article\" \/>\n<meta property=\"og:title\" content=\"Upholstered arms - Gerodan\" \/>\n<meta property=\"og:description\" content=\"Sill\u00f3n NELY de l\u00edneas cuadradas para equipar zonas de lectura, habitaci\u00f3n o comedores. Dimensiones H86xF55xA57. Estructura de haya con brazos, asiento y respaldo tapizados. Suspensi\u00f3n cincha cubierta de alta calidad.  Espumas de alta densidad en asiento. Tapizados con telas vin\u00edlicas con protecci\u00f3n antimicrobial, antibacterial, antimic\u00f3tica y resistente a la abrasi\u00f3n. F\u00e1ciles de limpiar y mantener. Insensibles a la luz.\" \/>\n<meta property=\"og:url\" content=\"https:\/\/gerodan.es\/en\/products\/upholstered-arms\/\" \/>\n<meta property=\"og:site_name\" content=\"Gerodan\" \/>\n<meta property=\"article:modified_time\" content=\"2022-05-31T13:28:49+00:00\" \/>\n<meta property=\"og:image\" content=\"https:\/\/gerodan.es\/wp-content\/uploads\/2016\/05\/Sillon-ZENTA-ok.png\" \/>\n\t<meta property=\"og:image:width\" content=\"800\" \/>\n\t<meta property=\"og:image:height\" content=\"800\" \/>\n\t<meta property=\"og:image:type\" content=\"image\/png\" \/>\n<meta name=\"twitter:card\" content=\"summary_large_image\" \/>\n<meta name=\"twitter:label1\" content=\"Est. reading time\" \/>\n\t<meta name=\"twitter:data1\" content=\"1 minute\" \/>\n<script type=\"application\/ld+json\" class=\"yoast-schema-graph\">{\"@context\":\"https:\/\/schema.org\",\"@graph\":[{\"@type\":\"WebPage\",\"@id\":\"https:\/\/gerodan.es\/en\/products\/upholstered-arms\/\",\"url\":\"https:\/\/gerodan.es\/en\/products\/upholstered-arms\/\",\"name\":\"Upholstered arms - Gerodan\",\"isPartOf\":{\"@id\":\"https:\/\/gerodan.es\/en\/#website\"},\"primaryImageOfPage\":{\"@id\":\"https:\/\/gerodan.es\/en\/products\/upholstered-arms\/#primaryimage\"},\"image\":{\"@id\":\"https:\/\/gerodan.es\/en\/products\/upholstered-arms\/#primaryimage\"},\"thumbnailUrl\":\"https:\/\/gerodan.es\/wp-content\/uploads\/2016\/05\/Sillon-ZENTA-ok.png\",\"datePublished\":\"2016-05-02T09:21:00+00:00\",\"dateModified\":\"2022-05-31T13:28:49+00:00\",\"breadcrumb\":{\"@id\":\"https:\/\/gerodan.es\/en\/products\/upholstered-arms\/#breadcrumb\"},\"inLanguage\":\"en-US\",\"potentialAction\":[{\"@type\":\"ReadAction\",\"target\":[\"https:\/\/gerodan.es\/en\/products\/upholstered-arms\/\"]}]},{\"@type\":\"ImageObject\",\"inLanguage\":\"en-US\",\"@id\":\"https:\/\/gerodan.es\/en\/products\/upholstered-arms\/#primaryimage\",\"url\":\"https:\/\/gerodan.es\/wp-content\/uploads\/2016\/05\/Sillon-ZENTA-ok.png\",\"contentUrl\":\"https:\/\/gerodan.es\/wp-content\/uploads\/2016\/05\/Sillon-ZENTA-ok.png\",\"width\":800,\"height\":800},{\"@type\":\"BreadcrumbList\",\"@id\":\"https:\/\/gerodan.es\/en\/products\/upholstered-arms\/#breadcrumb\",\"itemListElement\":[{\"@type\":\"ListItem\",\"position\":1,\"name\":\"Home\",\"item\":\"https:\/\/gerodan.es\/en\/\"},{\"@type\":\"ListItem\",\"position\":2,\"name\":\"Products for Residential Homes\",\"item\":\"https:\/\/gerodan.es\/en\/residential-home-products\/\"},{\"@type\":\"ListItem\",\"position\":3,\"name\":\"Upholstered arms\"}]},{\"@type\":\"WebSite\",\"@id\":\"https:\/\/gerodan.es\/en\/#website\",\"url\":\"https:\/\/gerodan.es\/en\/\",\"name\":\"Gerodan\",\"description\":\"Venta de mobiliario adaptado a personas mayores\",\"potentialAction\":[{\"@type\":\"SearchAction\",\"target\":{\"@type\":\"EntryPoint\",\"urlTemplate\":\"https:\/\/gerodan.es\/en\/?s={search_term_string}\"},\"query-input\":{\"@type\":\"PropertyValueSpecification\",\"valueRequired\":true,\"valueName\":\"search_term_string\"}}],\"inLanguage\":\"en-US\"}]}<\/script>\n<!-- \/ Yoast SEO plugin. -->","yoast_head_json":{"title":"Upholstered arms - Gerodan","robots":{"index":"index","follow":"follow","max-snippet":"max-snippet:-1","max-image-preview":"max-image-preview:large","max-video-preview":"max-video-preview:-1"},"canonical":"https:\/\/gerodan.es\/en\/products\/upholstered-arms\/","og_locale":"en_US","og_type":"article","og_title":"Upholstered arms - Gerodan","og_description":"Sill\u00f3n NELY de l\u00edneas cuadradas para equipar zonas de lectura, habitaci\u00f3n o comedores. Dimensiones H86xF55xA57. Estructura de haya con brazos, asiento y respaldo tapizados. Suspensi\u00f3n cincha cubierta de alta calidad.  Espumas de alta densidad en asiento. Tapizados con telas vin\u00edlicas con protecci\u00f3n antimicrobial, antibacterial, antimic\u00f3tica y resistente a la abrasi\u00f3n. F\u00e1ciles de limpiar y mantener. Insensibles a la luz.","og_url":"https:\/\/gerodan.es\/en\/products\/upholstered-arms\/","og_site_name":"Gerodan","article_modified_time":"2022-05-31T13:28:49+00:00","og_image":[{"width":800,"height":800,"url":"https:\/\/gerodan.es\/wp-content\/uploads\/2016\/05\/Sillon-ZENTA-ok.png","type":"image\/png"}],"twitter_card":"summary_large_image","twitter_misc":{"Est. reading time":"1 minute"},"schema":{"@context":"https:\/\/schema.org","@graph":[{"@type":"WebPage","@id":"https:\/\/gerodan.es\/en\/products\/upholstered-arms\/","url":"https:\/\/gerodan.es\/en\/products\/upholstered-arms\/","name":"Upholstered arms - Gerodan","isPartOf":{"@id":"https:\/\/gerodan.es\/en\/#website"},"primaryImageOfPage":{"@id":"https:\/\/gerodan.es\/en\/products\/upholstered-arms\/#primaryimage"},"image":{"@id":"https:\/\/gerodan.es\/en\/products\/upholstered-arms\/#primaryimage"},"thumbnailUrl":"https:\/\/gerodan.es\/wp-content\/uploads\/2016\/05\/Sillon-ZENTA-ok.png","datePublished":"2016-05-02T09:21:00+00:00","dateModified":"2022-05-31T13:28:49+00:00","breadcrumb":{"@id":"https:\/\/gerodan.es\/en\/products\/upholstered-arms\/#breadcrumb"},"inLanguage":"en-US","potentialAction":[{"@type":"ReadAction","target":["https:\/\/gerodan.es\/en\/products\/upholstered-arms\/"]}]},{"@type":"ImageObject","inLanguage":"en-US","@id":"https:\/\/gerodan.es\/en\/products\/upholstered-arms\/#primaryimage","url":"https:\/\/gerodan.es\/wp-content\/uploads\/2016\/05\/Sillon-ZENTA-ok.png","contentUrl":"https:\/\/gerodan.es\/wp-content\/uploads\/2016\/05\/Sillon-ZENTA-ok.png","width":800,"height":800},{"@type":"BreadcrumbList","@id":"https:\/\/gerodan.es\/en\/products\/upholstered-arms\/#breadcrumb","itemListElement":[{"@type":"ListItem","position":1,"name":"Home","item":"https:\/\/gerodan.es\/en\/"},{"@type":"ListItem","position":2,"name":"Products for Residential Homes","item":"https:\/\/gerodan.es\/en\/residential-home-products\/"},{"@type":"ListItem","position":3,"name":"Upholstered arms"}]},{"@type":"WebSite","@id":"https:\/\/gerodan.es\/en\/#website","url":"https:\/\/gerodan.es\/en\/","name":"Gerodan","description":"Venta de mobiliario adaptado a personas mayores","potentialAction":[{"@type":"SearchAction","target":{"@type":"EntryPoint","urlTemplate":"https:\/\/gerodan.es\/en\/?s={search_term_string}"},"query-input":{"@type":"PropertyValueSpecification","valueRequired":true,"valueName":"search_term_string"}}],"inLanguage":"en-US"}]}},"_links":{"self":[{"href":"https:\/\/gerodan.es\/en\/wp-json\/wp\/v2\/product\/2962","targetHints":{"allow":["GET"]}}],"collection":[{"href":"https:\/\/gerodan.es\/en\/wp-json\/wp\/v2\/product"}],"about":[{"href":"https:\/\/gerodan.es\/en\/wp-json\/wp\/v2\/types\/product"}],"wp:featuredmedia":[{"embeddable":true,"href":"https:\/\/gerodan.es\/en\/wp-json\/wp\/v2\/media\/2965"}],"wp:attachment":[{"href":"https:\/\/gerodan.es\/en\/wp-json\/wp\/v2\/media?parent=2962"}],"wp:term":[{"taxonomy":"grado-de-dependencia","embeddable":true,"href":"https:\/\/gerodan.es\/en\/wp-json\/wp\/v2\/grado-de-dependencia?post=2962"},{"taxonomy":"product_brand","embeddable":true,"href":"https:\/\/gerodan.es\/en\/wp-json\/wp\/v2\/product_brand?post=2962"},{"taxonomy":"product_cat","embeddable":true,"href":"https:\/\/gerodan.es\/en\/wp-json\/wp\/v2\/product_cat?post=2962"},{"taxonomy":"product_tag","embeddable":true,"href":"https:\/\/gerodan.es\/en\/wp-json\/wp\/v2\/product_tag?post=2962"}],"curies":[{"name":"wp","href":"https:\/\/api.w.org\/{rel}","templated":true}]}}