{"id":3046,"date":"2016-04-26T09:12:46","date_gmt":"2016-04-26T09:12:46","guid":{"rendered":"https:\/\/gerodan.es\/nuevaweb\/productos\/butaca-akira-fija-alta\/"},"modified":"2019-09-17T14:50:05","modified_gmt":"2019-09-17T14:50:05","slug":"akira-single-fixed-highback-rest","status":"publish","type":"product","link":"https:\/\/gerodan.es\/en\/products\/akira-single-fixed-highback-rest\/","title":{"rendered":"AKIRA SINGLE FIXED HIGHBACK REST"},"content":{"rendered":"<p>Single armchair, high fixed backrest, Solid beech wood structure and particle board. High density polyurethane.<\/p>\n<p>Sitting at 45 cm high. Structure made of premium quality beech wood, clean of knots and stains. Structure of great rigidity. Edges, edges and edges sanded and rounded.<\/p>\n<p>Backrest designed to facilitate support. Frontal nerves are avoided so as not to hinder the incorporation. Its design incorporates an ergonomic curved arm with great robustness and safety.<\/p>\n<p>The backrest is made up of an ergonomic plywood board covered with high density polyurethane.Taped with vinyl fabrics with antimicrobial, antibacterial, antifungal and abrasion resistant protection. Easy to clean and maintain. Insensitive to light.<\/p>\n<p><strong>Structure:<\/strong> Top quality solid beech varnished, the backrest consists of an ergonomic plywood board covered with high density polyurethane.<\/p>\n<p><strong>Additional Features:<\/strong> High density foam on the seat and backrest. Upholstered with vinyl fabrics with high resistance to abrasion M2, M1<\/p>\n","protected":false},"excerpt":{"rendered":"<p>Sill\u00f3n NELY de l\u00edneas cuadradas para equipar zonas de lectura, habitaci\u00f3n o comedores. Dimensiones H86xF55xA57. Estructura de haya con brazos, asiento y respaldo tapizados. Suspensi\u00f3n cincha cubierta de alta calidad.<\/p>\n<p>Espumas de alta densidad en asiento. Tapizados con telas vin\u00edlicas con protecci\u00f3n antimicrobial, antibacterial, antimic\u00f3tica y resistente a la abrasi\u00f3n. F\u00e1ciles de limpiar y mantener. Insensibles a la luz.<\/p>\n","protected":false},"featured_media":3047,"template":"","meta":{"_acf_changed":false},"grado-de-dependencia":[],"product_brand":[],"product_cat":[217,225],"product_tag":[],"class_list":{"0":"post-3046","1":"product","2":"type-product","3":"status-publish","4":"has-post-thumbnail","6":"product_cat-comfort-and-relaxation-systems","7":"product_cat-nursing-armchairs-2","9":"first","10":"instock","11":"shipping-taxable","12":"product-type-simple"},"acf":[],"yoast_head":"<!-- This site is optimized with the Yoast SEO plugin v27.4 - https:\/\/yoast.com\/product\/yoast-seo-wordpress\/ -->\n<title>AKIRA SINGLE FIXED HIGHBACK REST - Gerodan<\/title>\n<meta name=\"robots\" content=\"index, follow, max-snippet:-1, max-image-preview:large, max-video-preview:-1\" \/>\n<link rel=\"canonical\" href=\"https:\/\/gerodan.es\/en\/products\/akira-single-fixed-highback-rest\/\" \/>\n<meta property=\"og:locale\" content=\"en_US\" \/>\n<meta property=\"og:type\" content=\"article\" \/>\n<meta property=\"og:title\" content=\"AKIRA SINGLE FIXED HIGHBACK REST - Gerodan\" \/>\n<meta property=\"og:description\" content=\"Sill\u00f3n NELY de l\u00edneas cuadradas para equipar zonas de lectura, habitaci\u00f3n o comedores. Dimensiones H86xF55xA57. Estructura de haya con brazos, asiento y respaldo tapizados. Suspensi\u00f3n cincha cubierta de alta calidad.  Espumas de alta densidad en asiento. Tapizados con telas vin\u00edlicas con protecci\u00f3n antimicrobial, antibacterial, antimic\u00f3tica y resistente a la abrasi\u00f3n. F\u00e1ciles de limpiar y mantener. Insensibles a la luz.\" \/>\n<meta property=\"og:url\" content=\"https:\/\/gerodan.es\/en\/products\/akira-single-fixed-highback-rest\/\" \/>\n<meta property=\"og:site_name\" content=\"Gerodan\" \/>\n<meta property=\"article:modified_time\" content=\"2019-09-17T14:50:05+00:00\" \/>\n<meta property=\"og:image\" content=\"https:\/\/gerodan.es\/wp-content\/uploads\/2016\/04\/Butaca-AKIRA-fija-alta-individual-1.jpg\" \/>\n\t<meta property=\"og:image:width\" content=\"800\" \/>\n\t<meta property=\"og:image:height\" content=\"800\" \/>\n\t<meta property=\"og:image:type\" content=\"image\/jpeg\" \/>\n<meta name=\"twitter:card\" content=\"summary_large_image\" \/>\n<meta name=\"twitter:label1\" content=\"Est. reading time\" \/>\n\t<meta name=\"twitter:data1\" content=\"1 minute\" \/>\n<script type=\"application\/ld+json\" class=\"yoast-schema-graph\">{\"@context\":\"https:\\\/\\\/schema.org\",\"@graph\":[{\"@type\":\"WebPage\",\"@id\":\"https:\\\/\\\/gerodan.es\\\/en\\\/products\\\/akira-single-fixed-highback-rest\\\/\",\"url\":\"https:\\\/\\\/gerodan.es\\\/en\\\/products\\\/akira-single-fixed-highback-rest\\\/\",\"name\":\"AKIRA SINGLE FIXED HIGHBACK REST - Gerodan\",\"isPartOf\":{\"@id\":\"https:\\\/\\\/gerodan.es\\\/en\\\/#website\"},\"primaryImageOfPage\":{\"@id\":\"https:\\\/\\\/gerodan.es\\\/en\\\/products\\\/akira-single-fixed-highback-rest\\\/#primaryimage\"},\"image\":{\"@id\":\"https:\\\/\\\/gerodan.es\\\/en\\\/products\\\/akira-single-fixed-highback-rest\\\/#primaryimage\"},\"thumbnailUrl\":\"https:\\\/\\\/gerodan.es\\\/wp-content\\\/uploads\\\/2016\\\/04\\\/Butaca-AKIRA-fija-alta-individual-1.jpg\",\"datePublished\":\"2016-04-26T09:12:46+00:00\",\"dateModified\":\"2019-09-17T14:50:05+00:00\",\"breadcrumb\":{\"@id\":\"https:\\\/\\\/gerodan.es\\\/en\\\/products\\\/akira-single-fixed-highback-rest\\\/#breadcrumb\"},\"inLanguage\":\"en-US\",\"potentialAction\":[{\"@type\":\"ReadAction\",\"target\":[\"https:\\\/\\\/gerodan.es\\\/en\\\/products\\\/akira-single-fixed-highback-rest\\\/\"]}]},{\"@type\":\"ImageObject\",\"inLanguage\":\"en-US\",\"@id\":\"https:\\\/\\\/gerodan.es\\\/en\\\/products\\\/akira-single-fixed-highback-rest\\\/#primaryimage\",\"url\":\"https:\\\/\\\/gerodan.es\\\/wp-content\\\/uploads\\\/2016\\\/04\\\/Butaca-AKIRA-fija-alta-individual-1.jpg\",\"contentUrl\":\"https:\\\/\\\/gerodan.es\\\/wp-content\\\/uploads\\\/2016\\\/04\\\/Butaca-AKIRA-fija-alta-individual-1.jpg\",\"width\":800,\"height\":800},{\"@type\":\"BreadcrumbList\",\"@id\":\"https:\\\/\\\/gerodan.es\\\/en\\\/products\\\/akira-single-fixed-highback-rest\\\/#breadcrumb\",\"itemListElement\":[{\"@type\":\"ListItem\",\"position\":1,\"name\":\"Home\",\"item\":\"https:\\\/\\\/gerodan.es\\\/en\\\/\"},{\"@type\":\"ListItem\",\"position\":2,\"name\":\"Products for Residential Homes\",\"item\":\"https:\\\/\\\/gerodan.es\\\/en\\\/residential-home-products\\\/\"},{\"@type\":\"ListItem\",\"position\":3,\"name\":\"AKIRA SINGLE FIXED HIGHBACK REST\"}]},{\"@type\":\"WebSite\",\"@id\":\"https:\\\/\\\/gerodan.es\\\/en\\\/#website\",\"url\":\"https:\\\/\\\/gerodan.es\\\/en\\\/\",\"name\":\"Gerodan\",\"description\":\"Venta de mobiliario adaptado a personas mayores\",\"potentialAction\":[{\"@type\":\"SearchAction\",\"target\":{\"@type\":\"EntryPoint\",\"urlTemplate\":\"https:\\\/\\\/gerodan.es\\\/en\\\/?s={search_term_string}\"},\"query-input\":{\"@type\":\"PropertyValueSpecification\",\"valueRequired\":true,\"valueName\":\"search_term_string\"}}],\"inLanguage\":\"en-US\"}]}<\/script>\n<!-- \/ Yoast SEO plugin. -->","yoast_head_json":{"title":"AKIRA SINGLE FIXED HIGHBACK REST - Gerodan","robots":{"index":"index","follow":"follow","max-snippet":"max-snippet:-1","max-image-preview":"max-image-preview:large","max-video-preview":"max-video-preview:-1"},"canonical":"https:\/\/gerodan.es\/en\/products\/akira-single-fixed-highback-rest\/","og_locale":"en_US","og_type":"article","og_title":"AKIRA SINGLE FIXED HIGHBACK REST - Gerodan","og_description":"Sill\u00f3n NELY de l\u00edneas cuadradas para equipar zonas de lectura, habitaci\u00f3n o comedores. Dimensiones H86xF55xA57. Estructura de haya con brazos, asiento y respaldo tapizados. Suspensi\u00f3n cincha cubierta de alta calidad.  Espumas de alta densidad en asiento. Tapizados con telas vin\u00edlicas con protecci\u00f3n antimicrobial, antibacterial, antimic\u00f3tica y resistente a la abrasi\u00f3n. F\u00e1ciles de limpiar y mantener. Insensibles a la luz.","og_url":"https:\/\/gerodan.es\/en\/products\/akira-single-fixed-highback-rest\/","og_site_name":"Gerodan","article_modified_time":"2019-09-17T14:50:05+00:00","og_image":[{"width":800,"height":800,"url":"https:\/\/gerodan.es\/wp-content\/uploads\/2016\/04\/Butaca-AKIRA-fija-alta-individual-1.jpg","type":"image\/jpeg"}],"twitter_card":"summary_large_image","twitter_misc":{"Est. reading time":"1 minute"},"schema":{"@context":"https:\/\/schema.org","@graph":[{"@type":"WebPage","@id":"https:\/\/gerodan.es\/en\/products\/akira-single-fixed-highback-rest\/","url":"https:\/\/gerodan.es\/en\/products\/akira-single-fixed-highback-rest\/","name":"AKIRA SINGLE FIXED HIGHBACK REST - Gerodan","isPartOf":{"@id":"https:\/\/gerodan.es\/en\/#website"},"primaryImageOfPage":{"@id":"https:\/\/gerodan.es\/en\/products\/akira-single-fixed-highback-rest\/#primaryimage"},"image":{"@id":"https:\/\/gerodan.es\/en\/products\/akira-single-fixed-highback-rest\/#primaryimage"},"thumbnailUrl":"https:\/\/gerodan.es\/wp-content\/uploads\/2016\/04\/Butaca-AKIRA-fija-alta-individual-1.jpg","datePublished":"2016-04-26T09:12:46+00:00","dateModified":"2019-09-17T14:50:05+00:00","breadcrumb":{"@id":"https:\/\/gerodan.es\/en\/products\/akira-single-fixed-highback-rest\/#breadcrumb"},"inLanguage":"en-US","potentialAction":[{"@type":"ReadAction","target":["https:\/\/gerodan.es\/en\/products\/akira-single-fixed-highback-rest\/"]}]},{"@type":"ImageObject","inLanguage":"en-US","@id":"https:\/\/gerodan.es\/en\/products\/akira-single-fixed-highback-rest\/#primaryimage","url":"https:\/\/gerodan.es\/wp-content\/uploads\/2016\/04\/Butaca-AKIRA-fija-alta-individual-1.jpg","contentUrl":"https:\/\/gerodan.es\/wp-content\/uploads\/2016\/04\/Butaca-AKIRA-fija-alta-individual-1.jpg","width":800,"height":800},{"@type":"BreadcrumbList","@id":"https:\/\/gerodan.es\/en\/products\/akira-single-fixed-highback-rest\/#breadcrumb","itemListElement":[{"@type":"ListItem","position":1,"name":"Home","item":"https:\/\/gerodan.es\/en\/"},{"@type":"ListItem","position":2,"name":"Products for Residential Homes","item":"https:\/\/gerodan.es\/en\/residential-home-products\/"},{"@type":"ListItem","position":3,"name":"AKIRA SINGLE FIXED HIGHBACK REST"}]},{"@type":"WebSite","@id":"https:\/\/gerodan.es\/en\/#website","url":"https:\/\/gerodan.es\/en\/","name":"Gerodan","description":"Venta de mobiliario adaptado a personas mayores","potentialAction":[{"@type":"SearchAction","target":{"@type":"EntryPoint","urlTemplate":"https:\/\/gerodan.es\/en\/?s={search_term_string}"},"query-input":{"@type":"PropertyValueSpecification","valueRequired":true,"valueName":"search_term_string"}}],"inLanguage":"en-US"}]}},"_links":{"self":[{"href":"https:\/\/gerodan.es\/en\/wp-json\/wp\/v2\/product\/3046","targetHints":{"allow":["GET"]}}],"collection":[{"href":"https:\/\/gerodan.es\/en\/wp-json\/wp\/v2\/product"}],"about":[{"href":"https:\/\/gerodan.es\/en\/wp-json\/wp\/v2\/types\/product"}],"wp:featuredmedia":[{"embeddable":true,"href":"https:\/\/gerodan.es\/en\/wp-json\/wp\/v2\/media\/3047"}],"wp:attachment":[{"href":"https:\/\/gerodan.es\/en\/wp-json\/wp\/v2\/media?parent=3046"}],"wp:term":[{"taxonomy":"grado-de-dependencia","embeddable":true,"href":"https:\/\/gerodan.es\/en\/wp-json\/wp\/v2\/grado-de-dependencia?post=3046"},{"taxonomy":"product_brand","embeddable":true,"href":"https:\/\/gerodan.es\/en\/wp-json\/wp\/v2\/product_brand?post=3046"},{"taxonomy":"product_cat","embeddable":true,"href":"https:\/\/gerodan.es\/en\/wp-json\/wp\/v2\/product_cat?post=3046"},{"taxonomy":"product_tag","embeddable":true,"href":"https:\/\/gerodan.es\/en\/wp-json\/wp\/v2\/product_tag?post=3046"}],"curies":[{"name":"wp","href":"https:\/\/api.w.org\/{rel}","templated":true}]}}