{"id":3112,"date":"2016-04-22T07:53:08","date_gmt":"2016-04-22T07:53:08","guid":{"rendered":"https:\/\/gerodan.es\/nuevaweb\/productos\/sillon-spet\/"},"modified":"2019-09-17T14:50:55","modified_gmt":"2019-09-17T14:50:55","slug":"spet-armchair","status":"publish","type":"product","link":"https:\/\/gerodan.es\/en\/products\/spet-armchair\/","title":{"rendered":"SPET Armchair"},"content":{"rendered":"<p>Armchair with upholstered backrest and polypropylene seat Upholstered with vinyl fabrics with antimicrobial protection, antibacterial, antifungal and abrasion resistant, easy to clean and maintain, insensitive to light, lacquered steel structure. Stackable.<\/p>\n<p><strong>Structure:<\/strong> Lacquered steel structure. Steel finished in Epoxy gray, black or gloss chrome.<\/p>\n<p><strong>Additional Features:<\/strong> Polypropylene housing insensitive to light, stackable<\/p>\n","protected":false},"excerpt":{"rendered":"<p>Sill\u00f3n NELY de l\u00edneas cuadradas para equipar zonas de lectura, habitaci\u00f3n o comedores. Dimensiones H86xF55xA57. Estructura de haya con brazos, asiento y respaldo tapizados. Suspensi\u00f3n cincha cubierta de alta calidad.<\/p>\n<p>Espumas de alta densidad en asiento. Tapizados con telas vin\u00edlicas con protecci\u00f3n antimicrobial, antibacterial, antimic\u00f3tica y resistente a la abrasi\u00f3n. F\u00e1ciles de limpiar y mantener. Insensibles a la luz.<\/p>\n","protected":false},"featured_media":3114,"template":"","meta":{"_acf_changed":false},"grado-de-dependencia":[],"product_brand":[],"product_cat":[227,228],"product_tag":[],"class_list":{"0":"post-3112","1":"product","2":"type-product","3":"status-publish","4":"has-post-thumbnail","6":"product_cat-chairs-and-armchairs","7":"product_cat-chairs-with-arms","9":"first","10":"instock","11":"shipping-taxable","12":"product-type-simple"},"acf":[],"yoast_head":"<!-- This site is optimized with the Yoast SEO plugin v27.4 - https:\/\/yoast.com\/product\/yoast-seo-wordpress\/ -->\n<title>SPET Armchair - Gerodan<\/title>\n<meta name=\"robots\" content=\"index, follow, max-snippet:-1, max-image-preview:large, max-video-preview:-1\" \/>\n<link rel=\"canonical\" href=\"https:\/\/gerodan.es\/en\/products\/spet-armchair\/\" \/>\n<meta property=\"og:locale\" content=\"en_US\" \/>\n<meta property=\"og:type\" content=\"article\" \/>\n<meta property=\"og:title\" content=\"SPET Armchair - Gerodan\" \/>\n<meta property=\"og:description\" content=\"Sill\u00f3n NELY de l\u00edneas cuadradas para equipar zonas de lectura, habitaci\u00f3n o comedores. Dimensiones H86xF55xA57. Estructura de haya con brazos, asiento y respaldo tapizados. Suspensi\u00f3n cincha cubierta de alta calidad.  Espumas de alta densidad en asiento. Tapizados con telas vin\u00edlicas con protecci\u00f3n antimicrobial, antibacterial, antimic\u00f3tica y resistente a la abrasi\u00f3n. F\u00e1ciles de limpiar y mantener. Insensibles a la luz.\" \/>\n<meta property=\"og:url\" content=\"https:\/\/gerodan.es\/en\/products\/spet-armchair\/\" \/>\n<meta property=\"og:site_name\" content=\"Gerodan\" \/>\n<meta property=\"article:modified_time\" content=\"2019-09-17T14:50:55+00:00\" \/>\n<meta property=\"og:image\" content=\"https:\/\/gerodan.es\/wp-content\/uploads\/2016\/04\/silla_speti.jpg\" \/>\n\t<meta property=\"og:image:width\" content=\"887\" \/>\n\t<meta property=\"og:image:height\" content=\"887\" \/>\n\t<meta property=\"og:image:type\" content=\"image\/jpeg\" \/>\n<meta name=\"twitter:card\" content=\"summary_large_image\" \/>\n<script type=\"application\/ld+json\" class=\"yoast-schema-graph\">{\"@context\":\"https:\\\/\\\/schema.org\",\"@graph\":[{\"@type\":\"WebPage\",\"@id\":\"https:\\\/\\\/gerodan.es\\\/en\\\/products\\\/spet-armchair\\\/\",\"url\":\"https:\\\/\\\/gerodan.es\\\/en\\\/products\\\/spet-armchair\\\/\",\"name\":\"SPET Armchair - Gerodan\",\"isPartOf\":{\"@id\":\"https:\\\/\\\/gerodan.es\\\/en\\\/#website\"},\"primaryImageOfPage\":{\"@id\":\"https:\\\/\\\/gerodan.es\\\/en\\\/products\\\/spet-armchair\\\/#primaryimage\"},\"image\":{\"@id\":\"https:\\\/\\\/gerodan.es\\\/en\\\/products\\\/spet-armchair\\\/#primaryimage\"},\"thumbnailUrl\":\"https:\\\/\\\/gerodan.es\\\/wp-content\\\/uploads\\\/2016\\\/04\\\/silla_speti.jpg\",\"datePublished\":\"2016-04-22T07:53:08+00:00\",\"dateModified\":\"2019-09-17T14:50:55+00:00\",\"breadcrumb\":{\"@id\":\"https:\\\/\\\/gerodan.es\\\/en\\\/products\\\/spet-armchair\\\/#breadcrumb\"},\"inLanguage\":\"en-US\",\"potentialAction\":[{\"@type\":\"ReadAction\",\"target\":[\"https:\\\/\\\/gerodan.es\\\/en\\\/products\\\/spet-armchair\\\/\"]}]},{\"@type\":\"ImageObject\",\"inLanguage\":\"en-US\",\"@id\":\"https:\\\/\\\/gerodan.es\\\/en\\\/products\\\/spet-armchair\\\/#primaryimage\",\"url\":\"https:\\\/\\\/gerodan.es\\\/wp-content\\\/uploads\\\/2016\\\/04\\\/silla_speti.jpg\",\"contentUrl\":\"https:\\\/\\\/gerodan.es\\\/wp-content\\\/uploads\\\/2016\\\/04\\\/silla_speti.jpg\",\"width\":887,\"height\":887},{\"@type\":\"BreadcrumbList\",\"@id\":\"https:\\\/\\\/gerodan.es\\\/en\\\/products\\\/spet-armchair\\\/#breadcrumb\",\"itemListElement\":[{\"@type\":\"ListItem\",\"position\":1,\"name\":\"Home\",\"item\":\"https:\\\/\\\/gerodan.es\\\/en\\\/\"},{\"@type\":\"ListItem\",\"position\":2,\"name\":\"Products for Residential Homes\",\"item\":\"https:\\\/\\\/gerodan.es\\\/en\\\/residential-home-products\\\/\"},{\"@type\":\"ListItem\",\"position\":3,\"name\":\"SPET Armchair\"}]},{\"@type\":\"WebSite\",\"@id\":\"https:\\\/\\\/gerodan.es\\\/en\\\/#website\",\"url\":\"https:\\\/\\\/gerodan.es\\\/en\\\/\",\"name\":\"Gerodan\",\"description\":\"Venta de mobiliario adaptado a personas mayores\",\"potentialAction\":[{\"@type\":\"SearchAction\",\"target\":{\"@type\":\"EntryPoint\",\"urlTemplate\":\"https:\\\/\\\/gerodan.es\\\/en\\\/?s={search_term_string}\"},\"query-input\":{\"@type\":\"PropertyValueSpecification\",\"valueRequired\":true,\"valueName\":\"search_term_string\"}}],\"inLanguage\":\"en-US\"}]}<\/script>\n<!-- \/ Yoast SEO plugin. -->","yoast_head_json":{"title":"SPET Armchair - Gerodan","robots":{"index":"index","follow":"follow","max-snippet":"max-snippet:-1","max-image-preview":"max-image-preview:large","max-video-preview":"max-video-preview:-1"},"canonical":"https:\/\/gerodan.es\/en\/products\/spet-armchair\/","og_locale":"en_US","og_type":"article","og_title":"SPET Armchair - Gerodan","og_description":"Sill\u00f3n NELY de l\u00edneas cuadradas para equipar zonas de lectura, habitaci\u00f3n o comedores. Dimensiones H86xF55xA57. Estructura de haya con brazos, asiento y respaldo tapizados. Suspensi\u00f3n cincha cubierta de alta calidad.  Espumas de alta densidad en asiento. Tapizados con telas vin\u00edlicas con protecci\u00f3n antimicrobial, antibacterial, antimic\u00f3tica y resistente a la abrasi\u00f3n. F\u00e1ciles de limpiar y mantener. Insensibles a la luz.","og_url":"https:\/\/gerodan.es\/en\/products\/spet-armchair\/","og_site_name":"Gerodan","article_modified_time":"2019-09-17T14:50:55+00:00","og_image":[{"width":887,"height":887,"url":"https:\/\/gerodan.es\/wp-content\/uploads\/2016\/04\/silla_speti.jpg","type":"image\/jpeg"}],"twitter_card":"summary_large_image","schema":{"@context":"https:\/\/schema.org","@graph":[{"@type":"WebPage","@id":"https:\/\/gerodan.es\/en\/products\/spet-armchair\/","url":"https:\/\/gerodan.es\/en\/products\/spet-armchair\/","name":"SPET Armchair - Gerodan","isPartOf":{"@id":"https:\/\/gerodan.es\/en\/#website"},"primaryImageOfPage":{"@id":"https:\/\/gerodan.es\/en\/products\/spet-armchair\/#primaryimage"},"image":{"@id":"https:\/\/gerodan.es\/en\/products\/spet-armchair\/#primaryimage"},"thumbnailUrl":"https:\/\/gerodan.es\/wp-content\/uploads\/2016\/04\/silla_speti.jpg","datePublished":"2016-04-22T07:53:08+00:00","dateModified":"2019-09-17T14:50:55+00:00","breadcrumb":{"@id":"https:\/\/gerodan.es\/en\/products\/spet-armchair\/#breadcrumb"},"inLanguage":"en-US","potentialAction":[{"@type":"ReadAction","target":["https:\/\/gerodan.es\/en\/products\/spet-armchair\/"]}]},{"@type":"ImageObject","inLanguage":"en-US","@id":"https:\/\/gerodan.es\/en\/products\/spet-armchair\/#primaryimage","url":"https:\/\/gerodan.es\/wp-content\/uploads\/2016\/04\/silla_speti.jpg","contentUrl":"https:\/\/gerodan.es\/wp-content\/uploads\/2016\/04\/silla_speti.jpg","width":887,"height":887},{"@type":"BreadcrumbList","@id":"https:\/\/gerodan.es\/en\/products\/spet-armchair\/#breadcrumb","itemListElement":[{"@type":"ListItem","position":1,"name":"Home","item":"https:\/\/gerodan.es\/en\/"},{"@type":"ListItem","position":2,"name":"Products for Residential Homes","item":"https:\/\/gerodan.es\/en\/residential-home-products\/"},{"@type":"ListItem","position":3,"name":"SPET Armchair"}]},{"@type":"WebSite","@id":"https:\/\/gerodan.es\/en\/#website","url":"https:\/\/gerodan.es\/en\/","name":"Gerodan","description":"Venta de mobiliario adaptado a personas mayores","potentialAction":[{"@type":"SearchAction","target":{"@type":"EntryPoint","urlTemplate":"https:\/\/gerodan.es\/en\/?s={search_term_string}"},"query-input":{"@type":"PropertyValueSpecification","valueRequired":true,"valueName":"search_term_string"}}],"inLanguage":"en-US"}]}},"_links":{"self":[{"href":"https:\/\/gerodan.es\/en\/wp-json\/wp\/v2\/product\/3112","targetHints":{"allow":["GET"]}}],"collection":[{"href":"https:\/\/gerodan.es\/en\/wp-json\/wp\/v2\/product"}],"about":[{"href":"https:\/\/gerodan.es\/en\/wp-json\/wp\/v2\/types\/product"}],"wp:featuredmedia":[{"embeddable":true,"href":"https:\/\/gerodan.es\/en\/wp-json\/wp\/v2\/media\/3114"}],"wp:attachment":[{"href":"https:\/\/gerodan.es\/en\/wp-json\/wp\/v2\/media?parent=3112"}],"wp:term":[{"taxonomy":"grado-de-dependencia","embeddable":true,"href":"https:\/\/gerodan.es\/en\/wp-json\/wp\/v2\/grado-de-dependencia?post=3112"},{"taxonomy":"product_brand","embeddable":true,"href":"https:\/\/gerodan.es\/en\/wp-json\/wp\/v2\/product_brand?post=3112"},{"taxonomy":"product_cat","embeddable":true,"href":"https:\/\/gerodan.es\/en\/wp-json\/wp\/v2\/product_cat?post=3112"},{"taxonomy":"product_tag","embeddable":true,"href":"https:\/\/gerodan.es\/en\/wp-json\/wp\/v2\/product_tag?post=3112"}],"curies":[{"name":"wp","href":"https:\/\/api.w.org\/{rel}","templated":true}]}}