{"id":6043,"date":"2023-11-23T15:29:47","date_gmt":"2023-11-23T15:29:47","guid":{"rendered":"https:\/\/gerodan.es\/nuevaweb\/?post_type=product&#038;p=6043"},"modified":"2023-11-23T15:29:48","modified_gmt":"2023-11-23T15:29:48","slug":"le-01","status":"publish","type":"product","link":"https:\/\/gerodan.es\/en\/products\/le-01\/","title":{"rendered":"LE-01"},"content":{"rendered":"<p style=\"font-weight: 400;\">Este es un proyecto completamente personalizado, adapt\u00e1ndonos a huecos y espacios de trabajo. El mostrador est\u00e1 formado por una parte alta de 110&#215;100, un lateral accesible curvo de 136&#215;94, y un mostrador interior de fondo 60.<\/p>\n<p style=\"font-weight: 400;\">El reto pasaba por dar protagonismo a la recepci\u00f3n en un espacio con techos bajos. Trabajamos con un recubrimiento VESCOM en paredes reforzado con paliller\u00eda a medida e incrustaci\u00f3n de iluminaci\u00f3n LED en los encuentros con los techos. Las encimeras est\u00e1n fabricadas en MDF acabado lacado alta resistencia, parte inferior con acabado en tablillas a juego con las paredes y encimera interior en acabado laminado.<\/p>\n<p style=\"font-weight: 400;\">El dise\u00f1o es propiedad de <a href=\"https:\/\/gerodan.es\/\">Gerodan S.Coop<\/a>.<\/p>\n<p style=\"font-weight: 400;\">\n","protected":false},"excerpt":{"rendered":"<p>Este es un proyecto completamente personalizado, adapt\u00e1ndonos a huecos y  [&#8230;]<\/p>\n","protected":false},"featured_media":6044,"template":"","meta":{"_acf_changed":false},"grado-de-dependencia":[],"product_brand":[],"product_cat":[445],"product_tag":[],"class_list":{"0":"post-6043","1":"product","2":"type-product","3":"status-publish","4":"has-post-thumbnail","6":"product_cat-mostradores","8":"first","9":"instock","10":"shipping-taxable","11":"product-type-simple"},"acf":[],"yoast_head":"<!-- This site is optimized with the Yoast SEO plugin v27.1.1 - https:\/\/yoast.com\/product\/yoast-seo-wordpress\/ -->\n<title>LE-01 - Gerodan<\/title>\n<meta name=\"description\" content=\"Proyecto de mostrador completamente personalizado, adapt\u00e1ndonos a huecos y espacios de trabajo. Dise\u00f1o exclusivo de Gerodan.\" \/>\n<meta name=\"robots\" content=\"index, follow, max-snippet:-1, max-image-preview:large, max-video-preview:-1\" \/>\n<link rel=\"canonical\" href=\"https:\/\/gerodan.es\/en\/products\/le-01\/\" \/>\n<meta property=\"og:locale\" content=\"en_US\" \/>\n<meta property=\"og:type\" content=\"article\" \/>\n<meta property=\"og:title\" content=\"LE-01 - Gerodan\" \/>\n<meta property=\"og:description\" content=\"Proyecto de mostrador completamente personalizado, adapt\u00e1ndonos a huecos y espacios de trabajo. Dise\u00f1o exclusivo de Gerodan.\" \/>\n<meta property=\"og:url\" content=\"https:\/\/gerodan.es\/en\/products\/le-01\/\" \/>\n<meta property=\"og:site_name\" content=\"Gerodan\" \/>\n<meta property=\"article:modified_time\" content=\"2023-11-23T15:29:48+00:00\" \/>\n<meta property=\"og:image\" content=\"https:\/\/gerodan.es\/wp-content\/uploads\/2023\/11\/Cubillos-del-Sil.jpg\" \/>\n\t<meta property=\"og:image:width\" content=\"1550\" \/>\n\t<meta property=\"og:image:height\" content=\"1046\" \/>\n\t<meta property=\"og:image:type\" content=\"image\/jpeg\" \/>\n<meta name=\"twitter:card\" content=\"summary_large_image\" \/>\n<meta name=\"twitter:label1\" content=\"Est. reading time\" \/>\n\t<meta name=\"twitter:data1\" content=\"1 minute\" \/>\n<script type=\"application\/ld+json\" class=\"yoast-schema-graph\">{\"@context\":\"https:\/\/schema.org\",\"@graph\":[{\"@type\":\"WebPage\",\"@id\":\"https:\/\/gerodan.es\/en\/products\/le-01\/\",\"url\":\"https:\/\/gerodan.es\/en\/products\/le-01\/\",\"name\":\"LE-01 - Gerodan\",\"isPartOf\":{\"@id\":\"https:\/\/gerodan.es\/en\/#website\"},\"primaryImageOfPage\":{\"@id\":\"https:\/\/gerodan.es\/en\/products\/le-01\/#primaryimage\"},\"image\":{\"@id\":\"https:\/\/gerodan.es\/en\/products\/le-01\/#primaryimage\"},\"thumbnailUrl\":\"https:\/\/gerodan.es\/wp-content\/uploads\/2023\/11\/Cubillos-del-Sil.jpg\",\"datePublished\":\"2023-11-23T15:29:47+00:00\",\"dateModified\":\"2023-11-23T15:29:48+00:00\",\"description\":\"Proyecto de mostrador completamente personalizado, adapt\u00e1ndonos a huecos y espacios de trabajo. Dise\u00f1o exclusivo de Gerodan.\",\"breadcrumb\":{\"@id\":\"https:\/\/gerodan.es\/en\/products\/le-01\/#breadcrumb\"},\"inLanguage\":\"en-US\",\"potentialAction\":[{\"@type\":\"ReadAction\",\"target\":[\"https:\/\/gerodan.es\/en\/products\/le-01\/\"]}]},{\"@type\":\"ImageObject\",\"inLanguage\":\"en-US\",\"@id\":\"https:\/\/gerodan.es\/en\/products\/le-01\/#primaryimage\",\"url\":\"https:\/\/gerodan.es\/wp-content\/uploads\/2023\/11\/Cubillos-del-Sil.jpg\",\"contentUrl\":\"https:\/\/gerodan.es\/wp-content\/uploads\/2023\/11\/Cubillos-del-Sil.jpg\",\"width\":1550,\"height\":1046,\"caption\":\"Mostradores. Gerodan\"},{\"@type\":\"BreadcrumbList\",\"@id\":\"https:\/\/gerodan.es\/en\/products\/le-01\/#breadcrumb\",\"itemListElement\":[{\"@type\":\"ListItem\",\"position\":1,\"name\":\"Home\",\"item\":\"https:\/\/gerodan.es\/en\/\"},{\"@type\":\"ListItem\",\"position\":2,\"name\":\"Products for Residential Homes\",\"item\":\"https:\/\/gerodan.es\/en\/residential-home-products\/\"},{\"@type\":\"ListItem\",\"position\":3,\"name\":\"LE-01\"}]},{\"@type\":\"WebSite\",\"@id\":\"https:\/\/gerodan.es\/en\/#website\",\"url\":\"https:\/\/gerodan.es\/en\/\",\"name\":\"Gerodan\",\"description\":\"Venta de mobiliario adaptado a personas mayores\",\"potentialAction\":[{\"@type\":\"SearchAction\",\"target\":{\"@type\":\"EntryPoint\",\"urlTemplate\":\"https:\/\/gerodan.es\/en\/?s={search_term_string}\"},\"query-input\":{\"@type\":\"PropertyValueSpecification\",\"valueRequired\":true,\"valueName\":\"search_term_string\"}}],\"inLanguage\":\"en-US\"}]}<\/script>\n<!-- \/ Yoast SEO plugin. -->","yoast_head_json":{"title":"LE-01 - Gerodan","description":"Proyecto de mostrador completamente personalizado, adapt\u00e1ndonos a huecos y espacios de trabajo. Dise\u00f1o exclusivo de Gerodan.","robots":{"index":"index","follow":"follow","max-snippet":"max-snippet:-1","max-image-preview":"max-image-preview:large","max-video-preview":"max-video-preview:-1"},"canonical":"https:\/\/gerodan.es\/en\/products\/le-01\/","og_locale":"en_US","og_type":"article","og_title":"LE-01 - Gerodan","og_description":"Proyecto de mostrador completamente personalizado, adapt\u00e1ndonos a huecos y espacios de trabajo. Dise\u00f1o exclusivo de Gerodan.","og_url":"https:\/\/gerodan.es\/en\/products\/le-01\/","og_site_name":"Gerodan","article_modified_time":"2023-11-23T15:29:48+00:00","og_image":[{"width":1550,"height":1046,"url":"https:\/\/gerodan.es\/wp-content\/uploads\/2023\/11\/Cubillos-del-Sil.jpg","type":"image\/jpeg"}],"twitter_card":"summary_large_image","twitter_misc":{"Est. reading time":"1 minute"},"schema":{"@context":"https:\/\/schema.org","@graph":[{"@type":"WebPage","@id":"https:\/\/gerodan.es\/en\/products\/le-01\/","url":"https:\/\/gerodan.es\/en\/products\/le-01\/","name":"LE-01 - Gerodan","isPartOf":{"@id":"https:\/\/gerodan.es\/en\/#website"},"primaryImageOfPage":{"@id":"https:\/\/gerodan.es\/en\/products\/le-01\/#primaryimage"},"image":{"@id":"https:\/\/gerodan.es\/en\/products\/le-01\/#primaryimage"},"thumbnailUrl":"https:\/\/gerodan.es\/wp-content\/uploads\/2023\/11\/Cubillos-del-Sil.jpg","datePublished":"2023-11-23T15:29:47+00:00","dateModified":"2023-11-23T15:29:48+00:00","description":"Proyecto de mostrador completamente personalizado, adapt\u00e1ndonos a huecos y espacios de trabajo. Dise\u00f1o exclusivo de Gerodan.","breadcrumb":{"@id":"https:\/\/gerodan.es\/en\/products\/le-01\/#breadcrumb"},"inLanguage":"en-US","potentialAction":[{"@type":"ReadAction","target":["https:\/\/gerodan.es\/en\/products\/le-01\/"]}]},{"@type":"ImageObject","inLanguage":"en-US","@id":"https:\/\/gerodan.es\/en\/products\/le-01\/#primaryimage","url":"https:\/\/gerodan.es\/wp-content\/uploads\/2023\/11\/Cubillos-del-Sil.jpg","contentUrl":"https:\/\/gerodan.es\/wp-content\/uploads\/2023\/11\/Cubillos-del-Sil.jpg","width":1550,"height":1046,"caption":"Mostradores. Gerodan"},{"@type":"BreadcrumbList","@id":"https:\/\/gerodan.es\/en\/products\/le-01\/#breadcrumb","itemListElement":[{"@type":"ListItem","position":1,"name":"Home","item":"https:\/\/gerodan.es\/en\/"},{"@type":"ListItem","position":2,"name":"Products for Residential Homes","item":"https:\/\/gerodan.es\/en\/residential-home-products\/"},{"@type":"ListItem","position":3,"name":"LE-01"}]},{"@type":"WebSite","@id":"https:\/\/gerodan.es\/en\/#website","url":"https:\/\/gerodan.es\/en\/","name":"Gerodan","description":"Venta de mobiliario adaptado a personas mayores","potentialAction":[{"@type":"SearchAction","target":{"@type":"EntryPoint","urlTemplate":"https:\/\/gerodan.es\/en\/?s={search_term_string}"},"query-input":{"@type":"PropertyValueSpecification","valueRequired":true,"valueName":"search_term_string"}}],"inLanguage":"en-US"}]}},"_links":{"self":[{"href":"https:\/\/gerodan.es\/en\/wp-json\/wp\/v2\/product\/6043","targetHints":{"allow":["GET"]}}],"collection":[{"href":"https:\/\/gerodan.es\/en\/wp-json\/wp\/v2\/product"}],"about":[{"href":"https:\/\/gerodan.es\/en\/wp-json\/wp\/v2\/types\/product"}],"wp:featuredmedia":[{"embeddable":true,"href":"https:\/\/gerodan.es\/en\/wp-json\/wp\/v2\/media\/6044"}],"wp:attachment":[{"href":"https:\/\/gerodan.es\/en\/wp-json\/wp\/v2\/media?parent=6043"}],"wp:term":[{"taxonomy":"grado-de-dependencia","embeddable":true,"href":"https:\/\/gerodan.es\/en\/wp-json\/wp\/v2\/grado-de-dependencia?post=6043"},{"taxonomy":"product_brand","embeddable":true,"href":"https:\/\/gerodan.es\/en\/wp-json\/wp\/v2\/product_brand?post=6043"},{"taxonomy":"product_cat","embeddable":true,"href":"https:\/\/gerodan.es\/en\/wp-json\/wp\/v2\/product_cat?post=6043"},{"taxonomy":"product_tag","embeddable":true,"href":"https:\/\/gerodan.es\/en\/wp-json\/wp\/v2\/product_tag?post=6043"}],"curies":[{"name":"wp","href":"https:\/\/api.w.org\/{rel}","templated":true}]}}