{"id":6047,"date":"2023-11-23T15:34:59","date_gmt":"2023-11-23T15:34:59","guid":{"rendered":"https:\/\/gerodan.es\/nuevaweb\/?post_type=product&#038;p=6047"},"modified":"2023-11-23T15:34:59","modified_gmt":"2023-11-23T15:34:59","slug":"te-02","status":"publish","type":"product","link":"https:\/\/gerodan.es\/en\/products\/te-02\/","title":{"rendered":"TE-02"},"content":{"rendered":"<p>Mostrador realizado a medida de hueco disponible con salva columnas, de dimensiones totales 300-380x107x80cms.<\/p>\n<p>Mostrador fabricado en tres alturas, con zona de acceso para discapacidad, zona de atenci\u00f3n y dos zonas de trabajo.<\/p>\n<p>Fabricado en material MDF lacado en color blanco con resinas de poliuretano, de alta resistencia al tr\u00e1nsito y a la abrasi\u00f3n, complementado con soportes en madera de haya natural y serigraf\u00edas corporativas, iluminaci\u00f3n led indirecta y rodapi\u00e9s de aluminio.<\/p>\n<p>Dise\u00f1o propiedad de nuestro cliente.<\/p>\n","protected":false},"excerpt":{"rendered":"<p>Mostrador realizado a medida de hueco disponible con salva columnas,  [&#8230;]<\/p>\n","protected":false},"featured_media":6048,"template":"","meta":{"_acf_changed":false},"grado-de-dependencia":[],"product_brand":[],"product_cat":[445],"product_tag":[],"class_list":{"0":"post-6047","1":"product","2":"type-product","3":"status-publish","4":"has-post-thumbnail","6":"product_cat-mostradores","8":"first","9":"instock","10":"shipping-taxable","11":"product-type-simple"},"acf":[],"yoast_head":"<!-- This site is optimized with the Yoast SEO plugin v27.1.1 - https:\/\/yoast.com\/product\/yoast-seo-wordpress\/ -->\n<title>TE-02 - Gerodan<\/title>\n<meta name=\"description\" content=\"Mostrador realizado a medida de hueco disponible con salva columnas.\" \/>\n<meta name=\"robots\" content=\"index, follow, max-snippet:-1, max-image-preview:large, max-video-preview:-1\" \/>\n<link rel=\"canonical\" href=\"https:\/\/gerodan.es\/en\/products\/te-02\/\" \/>\n<meta property=\"og:locale\" content=\"en_US\" \/>\n<meta property=\"og:type\" content=\"article\" \/>\n<meta property=\"og:title\" content=\"TE-02 - Gerodan\" \/>\n<meta property=\"og:description\" content=\"Mostrador realizado a medida de hueco disponible con salva columnas.\" \/>\n<meta property=\"og:url\" content=\"https:\/\/gerodan.es\/en\/products\/te-02\/\" \/>\n<meta property=\"og:site_name\" content=\"Gerodan\" \/>\n<meta property=\"og:image\" content=\"https:\/\/gerodan.es\/wp-content\/uploads\/2023\/11\/VITAL-TENERIFE-resi.jpg\" \/>\n\t<meta property=\"og:image:width\" content=\"887\" \/>\n\t<meta property=\"og:image:height\" content=\"1088\" \/>\n\t<meta property=\"og:image:type\" content=\"image\/jpeg\" \/>\n<meta name=\"twitter:card\" content=\"summary_large_image\" \/>\n<meta name=\"twitter:label1\" content=\"Est. reading time\" \/>\n\t<meta name=\"twitter:data1\" content=\"1 minute\" \/>\n<script type=\"application\/ld+json\" class=\"yoast-schema-graph\">{\"@context\":\"https:\/\/schema.org\",\"@graph\":[{\"@type\":\"WebPage\",\"@id\":\"https:\/\/gerodan.es\/en\/products\/te-02\/\",\"url\":\"https:\/\/gerodan.es\/en\/products\/te-02\/\",\"name\":\"TE-02 - Gerodan\",\"isPartOf\":{\"@id\":\"https:\/\/gerodan.es\/en\/#website\"},\"primaryImageOfPage\":{\"@id\":\"https:\/\/gerodan.es\/en\/products\/te-02\/#primaryimage\"},\"image\":{\"@id\":\"https:\/\/gerodan.es\/en\/products\/te-02\/#primaryimage\"},\"thumbnailUrl\":\"https:\/\/gerodan.es\/wp-content\/uploads\/2023\/11\/VITAL-TENERIFE-resi.jpg\",\"datePublished\":\"2023-11-23T15:34:59+00:00\",\"description\":\"Mostrador realizado a medida de hueco disponible con salva columnas.\",\"breadcrumb\":{\"@id\":\"https:\/\/gerodan.es\/en\/products\/te-02\/#breadcrumb\"},\"inLanguage\":\"en-US\",\"potentialAction\":[{\"@type\":\"ReadAction\",\"target\":[\"https:\/\/gerodan.es\/en\/products\/te-02\/\"]}]},{\"@type\":\"ImageObject\",\"inLanguage\":\"en-US\",\"@id\":\"https:\/\/gerodan.es\/en\/products\/te-02\/#primaryimage\",\"url\":\"https:\/\/gerodan.es\/wp-content\/uploads\/2023\/11\/VITAL-TENERIFE-resi.jpg\",\"contentUrl\":\"https:\/\/gerodan.es\/wp-content\/uploads\/2023\/11\/VITAL-TENERIFE-resi.jpg\",\"width\":887,\"height\":1088,\"caption\":\"Mostradores. Gerodan\"},{\"@type\":\"BreadcrumbList\",\"@id\":\"https:\/\/gerodan.es\/en\/products\/te-02\/#breadcrumb\",\"itemListElement\":[{\"@type\":\"ListItem\",\"position\":1,\"name\":\"Home\",\"item\":\"https:\/\/gerodan.es\/en\/\"},{\"@type\":\"ListItem\",\"position\":2,\"name\":\"Products for Residential Homes\",\"item\":\"https:\/\/gerodan.es\/en\/residential-home-products\/\"},{\"@type\":\"ListItem\",\"position\":3,\"name\":\"TE-02\"}]},{\"@type\":\"WebSite\",\"@id\":\"https:\/\/gerodan.es\/en\/#website\",\"url\":\"https:\/\/gerodan.es\/en\/\",\"name\":\"Gerodan\",\"description\":\"Venta de mobiliario adaptado a personas mayores\",\"potentialAction\":[{\"@type\":\"SearchAction\",\"target\":{\"@type\":\"EntryPoint\",\"urlTemplate\":\"https:\/\/gerodan.es\/en\/?s={search_term_string}\"},\"query-input\":{\"@type\":\"PropertyValueSpecification\",\"valueRequired\":true,\"valueName\":\"search_term_string\"}}],\"inLanguage\":\"en-US\"}]}<\/script>\n<!-- \/ Yoast SEO plugin. -->","yoast_head_json":{"title":"TE-02 - Gerodan","description":"Mostrador realizado a medida de hueco disponible con salva columnas.","robots":{"index":"index","follow":"follow","max-snippet":"max-snippet:-1","max-image-preview":"max-image-preview:large","max-video-preview":"max-video-preview:-1"},"canonical":"https:\/\/gerodan.es\/en\/products\/te-02\/","og_locale":"en_US","og_type":"article","og_title":"TE-02 - Gerodan","og_description":"Mostrador realizado a medida de hueco disponible con salva columnas.","og_url":"https:\/\/gerodan.es\/en\/products\/te-02\/","og_site_name":"Gerodan","og_image":[{"width":887,"height":1088,"url":"https:\/\/gerodan.es\/wp-content\/uploads\/2023\/11\/VITAL-TENERIFE-resi.jpg","type":"image\/jpeg"}],"twitter_card":"summary_large_image","twitter_misc":{"Est. reading time":"1 minute"},"schema":{"@context":"https:\/\/schema.org","@graph":[{"@type":"WebPage","@id":"https:\/\/gerodan.es\/en\/products\/te-02\/","url":"https:\/\/gerodan.es\/en\/products\/te-02\/","name":"TE-02 - Gerodan","isPartOf":{"@id":"https:\/\/gerodan.es\/en\/#website"},"primaryImageOfPage":{"@id":"https:\/\/gerodan.es\/en\/products\/te-02\/#primaryimage"},"image":{"@id":"https:\/\/gerodan.es\/en\/products\/te-02\/#primaryimage"},"thumbnailUrl":"https:\/\/gerodan.es\/wp-content\/uploads\/2023\/11\/VITAL-TENERIFE-resi.jpg","datePublished":"2023-11-23T15:34:59+00:00","description":"Mostrador realizado a medida de hueco disponible con salva columnas.","breadcrumb":{"@id":"https:\/\/gerodan.es\/en\/products\/te-02\/#breadcrumb"},"inLanguage":"en-US","potentialAction":[{"@type":"ReadAction","target":["https:\/\/gerodan.es\/en\/products\/te-02\/"]}]},{"@type":"ImageObject","inLanguage":"en-US","@id":"https:\/\/gerodan.es\/en\/products\/te-02\/#primaryimage","url":"https:\/\/gerodan.es\/wp-content\/uploads\/2023\/11\/VITAL-TENERIFE-resi.jpg","contentUrl":"https:\/\/gerodan.es\/wp-content\/uploads\/2023\/11\/VITAL-TENERIFE-resi.jpg","width":887,"height":1088,"caption":"Mostradores. Gerodan"},{"@type":"BreadcrumbList","@id":"https:\/\/gerodan.es\/en\/products\/te-02\/#breadcrumb","itemListElement":[{"@type":"ListItem","position":1,"name":"Home","item":"https:\/\/gerodan.es\/en\/"},{"@type":"ListItem","position":2,"name":"Products for Residential Homes","item":"https:\/\/gerodan.es\/en\/residential-home-products\/"},{"@type":"ListItem","position":3,"name":"TE-02"}]},{"@type":"WebSite","@id":"https:\/\/gerodan.es\/en\/#website","url":"https:\/\/gerodan.es\/en\/","name":"Gerodan","description":"Venta de mobiliario adaptado a personas mayores","potentialAction":[{"@type":"SearchAction","target":{"@type":"EntryPoint","urlTemplate":"https:\/\/gerodan.es\/en\/?s={search_term_string}"},"query-input":{"@type":"PropertyValueSpecification","valueRequired":true,"valueName":"search_term_string"}}],"inLanguage":"en-US"}]}},"_links":{"self":[{"href":"https:\/\/gerodan.es\/en\/wp-json\/wp\/v2\/product\/6047","targetHints":{"allow":["GET"]}}],"collection":[{"href":"https:\/\/gerodan.es\/en\/wp-json\/wp\/v2\/product"}],"about":[{"href":"https:\/\/gerodan.es\/en\/wp-json\/wp\/v2\/types\/product"}],"wp:featuredmedia":[{"embeddable":true,"href":"https:\/\/gerodan.es\/en\/wp-json\/wp\/v2\/media\/6048"}],"wp:attachment":[{"href":"https:\/\/gerodan.es\/en\/wp-json\/wp\/v2\/media?parent=6047"}],"wp:term":[{"taxonomy":"grado-de-dependencia","embeddable":true,"href":"https:\/\/gerodan.es\/en\/wp-json\/wp\/v2\/grado-de-dependencia?post=6047"},{"taxonomy":"product_brand","embeddable":true,"href":"https:\/\/gerodan.es\/en\/wp-json\/wp\/v2\/product_brand?post=6047"},{"taxonomy":"product_cat","embeddable":true,"href":"https:\/\/gerodan.es\/en\/wp-json\/wp\/v2\/product_cat?post=6047"},{"taxonomy":"product_tag","embeddable":true,"href":"https:\/\/gerodan.es\/en\/wp-json\/wp\/v2\/product_tag?post=6047"}],"curies":[{"name":"wp","href":"https:\/\/api.w.org\/{rel}","templated":true}]}}