{"id":8375,"date":"2025-04-15T14:21:40","date_gmt":"2025-04-15T14:21:40","guid":{"rendered":"https:\/\/gerodan.es\/nuevaweb\/?post_type=product&#038;p=8375"},"modified":"2025-09-18T08:24:38","modified_gmt":"2025-09-18T08:24:38","slug":"cama-ultralow-formidable-15-80","status":"publish","type":"product","link":"https:\/\/gerodan.es\/en\/products\/cama-ultralow-formidable-15-80\/","title":{"rendered":"Cama Ultralow Formidable 15\/80"},"content":{"rendered":"<p><strong>Protecci\u00f3n lateral \u00fanica<\/strong>: protecci\u00f3n y movilidad sin FEM*. La mayor libertad posible, la mayor protecci\u00f3n necesaria. A diferencia de las barandillas de seguridad convencionales, la barandilla de seguridad \u00fanica Unique ofrece soluciones variables en tan solo unos sencillos pasos sin necesidad de herramientas.<\/p>\n<p>Dependiendo de la situaci\u00f3n asistencial, los elementos se pueden fijar a la cama en diferentes combinaciones. Paneles laterales si no se requiere protecci\u00f3n lateral, elementos de protecci\u00f3n lateral para residentes que necesitan protecci\u00f3n. La altura del elemento se puede ajustar de forma continua mediante un extensor telesc\u00f3pico, de modo que se puede colocar en el cabecero para evitar que las personas se caigan o para ayudarlas a levantarse.<\/p>\n<p><strong>Extensi\u00f3n de cama integrada: <\/strong>La superficie de descanso se puede extender f\u00e1cilmente a 210 cm o 220 cm sin necesidad de herramientas mediante el mecanismo de liberaci\u00f3n r\u00e1pida<\/p>\n<p><strong>Ajuste de altura<\/strong>: El estable mecanismo de la Ultralow Formidable ofrece un amplio rango de ajuste de 15 a 80cm.<\/p>\n<p><strong>Ruedas dobles de 50 mm\u00a0<\/strong>con atractivas fundas para una apariencia acogedora. La cama est\u00e1 bloqueada en cada eje. Los pedales de freno son f\u00e1cilmente accesibles desde todos los lados.<\/p>\n<p><strong>Cabecero y pie de cama con decoraci\u00f3n de madera: <\/strong>Las superficies con decoraci\u00f3n de madera forman la base de la gama y satisfacen de forma \u00f3ptima todas las necesidades de los cuidadores en cuanto a funcionalidad y limpieza.<\/p>\n","protected":false},"excerpt":{"rendered":"<p>Protecci\u00f3n lateral \u00fanica: protecci\u00f3n y movilidad sin FEM*. La mayor  [&#8230;]<\/p>\n","protected":false},"featured_media":8377,"template":"","meta":{"_acf_changed":false},"grado-de-dependencia":[478],"product_brand":[],"product_cat":[155],"product_tag":[],"class_list":{"0":"post-8375","1":"product","2":"type-product","3":"status-publish","4":"has-post-thumbnail","6":"grado-de-dependencia-gran-dependencia","7":"product_cat-camas-ultralow","9":"first","10":"instock","11":"shipping-taxable","12":"product-type-simple"},"acf":[],"yoast_head":"<!-- This site is optimized with the Yoast SEO plugin v27.4 - https:\/\/yoast.com\/product\/yoast-seo-wordpress\/ -->\n<title>Cama Ultralow Formidable 15\/80<\/title>\n<meta name=\"description\" content=\"Cama Ultralow Formidable 15\/80 Gerodan. Protecci\u00f3n y movilidad sin FEM*. La mayor libertad posible, la mayor protecci\u00f3n necesaria.\" \/>\n<meta name=\"robots\" content=\"index, follow, max-snippet:-1, max-image-preview:large, max-video-preview:-1\" \/>\n<link rel=\"canonical\" href=\"https:\/\/gerodan.es\/en\/products\/cama-ultralow-formidable-15-80\/\" \/>\n<meta property=\"og:locale\" content=\"en_US\" \/>\n<meta property=\"og:type\" content=\"article\" \/>\n<meta property=\"og:title\" content=\"Cama Ultralow Formidable 15\/80\" \/>\n<meta property=\"og:description\" content=\"Cama Ultralow Formidable 15\/80 Gerodan. Protecci\u00f3n y movilidad sin FEM*. La mayor libertad posible, la mayor protecci\u00f3n necesaria.\" \/>\n<meta property=\"og:url\" content=\"https:\/\/gerodan.es\/en\/products\/cama-ultralow-formidable-15-80\/\" \/>\n<meta property=\"og:site_name\" content=\"Gerodan\" \/>\n<meta property=\"article:modified_time\" content=\"2025-09-18T08:24:38+00:00\" \/>\n<meta property=\"og:image\" content=\"https:\/\/gerodan.es\/wp-content\/uploads\/2025\/04\/gerodan-cama-ultralow-formidable-15-80.png\" \/>\n\t<meta property=\"og:image:width\" content=\"989\" \/>\n\t<meta property=\"og:image:height\" content=\"635\" \/>\n\t<meta property=\"og:image:type\" content=\"image\/png\" \/>\n<meta name=\"twitter:card\" content=\"summary_large_image\" \/>\n<meta name=\"twitter:label1\" content=\"Est. reading time\" \/>\n\t<meta name=\"twitter:data1\" content=\"2 minutes\" \/>\n<script type=\"application\/ld+json\" class=\"yoast-schema-graph\">{\"@context\":\"https:\\\/\\\/schema.org\",\"@graph\":[{\"@type\":\"WebPage\",\"@id\":\"https:\\\/\\\/gerodan.es\\\/en\\\/products\\\/cama-ultralow-formidable-15-80\\\/\",\"url\":\"https:\\\/\\\/gerodan.es\\\/en\\\/products\\\/cama-ultralow-formidable-15-80\\\/\",\"name\":\"Cama Ultralow Formidable 15\\\/80\",\"isPartOf\":{\"@id\":\"https:\\\/\\\/gerodan.es\\\/en\\\/#website\"},\"primaryImageOfPage\":{\"@id\":\"https:\\\/\\\/gerodan.es\\\/en\\\/products\\\/cama-ultralow-formidable-15-80\\\/#primaryimage\"},\"image\":{\"@id\":\"https:\\\/\\\/gerodan.es\\\/en\\\/products\\\/cama-ultralow-formidable-15-80\\\/#primaryimage\"},\"thumbnailUrl\":\"https:\\\/\\\/gerodan.es\\\/wp-content\\\/uploads\\\/2025\\\/04\\\/gerodan-cama-ultralow-formidable-15-80.png\",\"datePublished\":\"2025-04-15T14:21:40+00:00\",\"dateModified\":\"2025-09-18T08:24:38+00:00\",\"description\":\"Cama Ultralow Formidable 15\\\/80 Gerodan. Protecci\u00f3n y movilidad sin FEM*. La mayor libertad posible, la mayor protecci\u00f3n necesaria.\",\"breadcrumb\":{\"@id\":\"https:\\\/\\\/gerodan.es\\\/en\\\/products\\\/cama-ultralow-formidable-15-80\\\/#breadcrumb\"},\"inLanguage\":\"en-US\",\"potentialAction\":[{\"@type\":\"ReadAction\",\"target\":[\"https:\\\/\\\/gerodan.es\\\/en\\\/products\\\/cama-ultralow-formidable-15-80\\\/\"]}]},{\"@type\":\"ImageObject\",\"inLanguage\":\"en-US\",\"@id\":\"https:\\\/\\\/gerodan.es\\\/en\\\/products\\\/cama-ultralow-formidable-15-80\\\/#primaryimage\",\"url\":\"https:\\\/\\\/gerodan.es\\\/wp-content\\\/uploads\\\/2025\\\/04\\\/gerodan-cama-ultralow-formidable-15-80.png\",\"contentUrl\":\"https:\\\/\\\/gerodan.es\\\/wp-content\\\/uploads\\\/2025\\\/04\\\/gerodan-cama-ultralow-formidable-15-80.png\",\"width\":989,\"height\":635},{\"@type\":\"BreadcrumbList\",\"@id\":\"https:\\\/\\\/gerodan.es\\\/en\\\/products\\\/cama-ultralow-formidable-15-80\\\/#breadcrumb\",\"itemListElement\":[{\"@type\":\"ListItem\",\"position\":1,\"name\":\"Home\",\"item\":\"https:\\\/\\\/gerodan.es\\\/en\\\/\"},{\"@type\":\"ListItem\",\"position\":2,\"name\":\"Products for Residential Homes\",\"item\":\"https:\\\/\\\/gerodan.es\\\/en\\\/residential-home-products\\\/\"},{\"@type\":\"ListItem\",\"position\":3,\"name\":\"Cama Ultralow Formidable 15\\\/80\"}]},{\"@type\":\"WebSite\",\"@id\":\"https:\\\/\\\/gerodan.es\\\/en\\\/#website\",\"url\":\"https:\\\/\\\/gerodan.es\\\/en\\\/\",\"name\":\"Gerodan\",\"description\":\"Venta de mobiliario adaptado a personas mayores\",\"potentialAction\":[{\"@type\":\"SearchAction\",\"target\":{\"@type\":\"EntryPoint\",\"urlTemplate\":\"https:\\\/\\\/gerodan.es\\\/en\\\/?s={search_term_string}\"},\"query-input\":{\"@type\":\"PropertyValueSpecification\",\"valueRequired\":true,\"valueName\":\"search_term_string\"}}],\"inLanguage\":\"en-US\"}]}<\/script>\n<!-- \/ Yoast SEO plugin. -->","yoast_head_json":{"title":"Cama Ultralow Formidable 15\/80","description":"Cama Ultralow Formidable 15\/80 Gerodan. Protecci\u00f3n y movilidad sin FEM*. La mayor libertad posible, la mayor protecci\u00f3n necesaria.","robots":{"index":"index","follow":"follow","max-snippet":"max-snippet:-1","max-image-preview":"max-image-preview:large","max-video-preview":"max-video-preview:-1"},"canonical":"https:\/\/gerodan.es\/en\/products\/cama-ultralow-formidable-15-80\/","og_locale":"en_US","og_type":"article","og_title":"Cama Ultralow Formidable 15\/80","og_description":"Cama Ultralow Formidable 15\/80 Gerodan. Protecci\u00f3n y movilidad sin FEM*. La mayor libertad posible, la mayor protecci\u00f3n necesaria.","og_url":"https:\/\/gerodan.es\/en\/products\/cama-ultralow-formidable-15-80\/","og_site_name":"Gerodan","article_modified_time":"2025-09-18T08:24:38+00:00","og_image":[{"width":989,"height":635,"url":"https:\/\/gerodan.es\/wp-content\/uploads\/2025\/04\/gerodan-cama-ultralow-formidable-15-80.png","type":"image\/png"}],"twitter_card":"summary_large_image","twitter_misc":{"Est. reading time":"2 minutes"},"schema":{"@context":"https:\/\/schema.org","@graph":[{"@type":"WebPage","@id":"https:\/\/gerodan.es\/en\/products\/cama-ultralow-formidable-15-80\/","url":"https:\/\/gerodan.es\/en\/products\/cama-ultralow-formidable-15-80\/","name":"Cama Ultralow Formidable 15\/80","isPartOf":{"@id":"https:\/\/gerodan.es\/en\/#website"},"primaryImageOfPage":{"@id":"https:\/\/gerodan.es\/en\/products\/cama-ultralow-formidable-15-80\/#primaryimage"},"image":{"@id":"https:\/\/gerodan.es\/en\/products\/cama-ultralow-formidable-15-80\/#primaryimage"},"thumbnailUrl":"https:\/\/gerodan.es\/wp-content\/uploads\/2025\/04\/gerodan-cama-ultralow-formidable-15-80.png","datePublished":"2025-04-15T14:21:40+00:00","dateModified":"2025-09-18T08:24:38+00:00","description":"Cama Ultralow Formidable 15\/80 Gerodan. Protecci\u00f3n y movilidad sin FEM*. La mayor libertad posible, la mayor protecci\u00f3n necesaria.","breadcrumb":{"@id":"https:\/\/gerodan.es\/en\/products\/cama-ultralow-formidable-15-80\/#breadcrumb"},"inLanguage":"en-US","potentialAction":[{"@type":"ReadAction","target":["https:\/\/gerodan.es\/en\/products\/cama-ultralow-formidable-15-80\/"]}]},{"@type":"ImageObject","inLanguage":"en-US","@id":"https:\/\/gerodan.es\/en\/products\/cama-ultralow-formidable-15-80\/#primaryimage","url":"https:\/\/gerodan.es\/wp-content\/uploads\/2025\/04\/gerodan-cama-ultralow-formidable-15-80.png","contentUrl":"https:\/\/gerodan.es\/wp-content\/uploads\/2025\/04\/gerodan-cama-ultralow-formidable-15-80.png","width":989,"height":635},{"@type":"BreadcrumbList","@id":"https:\/\/gerodan.es\/en\/products\/cama-ultralow-formidable-15-80\/#breadcrumb","itemListElement":[{"@type":"ListItem","position":1,"name":"Home","item":"https:\/\/gerodan.es\/en\/"},{"@type":"ListItem","position":2,"name":"Products for Residential Homes","item":"https:\/\/gerodan.es\/en\/residential-home-products\/"},{"@type":"ListItem","position":3,"name":"Cama Ultralow Formidable 15\/80"}]},{"@type":"WebSite","@id":"https:\/\/gerodan.es\/en\/#website","url":"https:\/\/gerodan.es\/en\/","name":"Gerodan","description":"Venta de mobiliario adaptado a personas mayores","potentialAction":[{"@type":"SearchAction","target":{"@type":"EntryPoint","urlTemplate":"https:\/\/gerodan.es\/en\/?s={search_term_string}"},"query-input":{"@type":"PropertyValueSpecification","valueRequired":true,"valueName":"search_term_string"}}],"inLanguage":"en-US"}]}},"_links":{"self":[{"href":"https:\/\/gerodan.es\/en\/wp-json\/wp\/v2\/product\/8375","targetHints":{"allow":["GET"]}}],"collection":[{"href":"https:\/\/gerodan.es\/en\/wp-json\/wp\/v2\/product"}],"about":[{"href":"https:\/\/gerodan.es\/en\/wp-json\/wp\/v2\/types\/product"}],"wp:featuredmedia":[{"embeddable":true,"href":"https:\/\/gerodan.es\/en\/wp-json\/wp\/v2\/media\/8377"}],"wp:attachment":[{"href":"https:\/\/gerodan.es\/en\/wp-json\/wp\/v2\/media?parent=8375"}],"wp:term":[{"taxonomy":"grado-de-dependencia","embeddable":true,"href":"https:\/\/gerodan.es\/en\/wp-json\/wp\/v2\/grado-de-dependencia?post=8375"},{"taxonomy":"product_brand","embeddable":true,"href":"https:\/\/gerodan.es\/en\/wp-json\/wp\/v2\/product_brand?post=8375"},{"taxonomy":"product_cat","embeddable":true,"href":"https:\/\/gerodan.es\/en\/wp-json\/wp\/v2\/product_cat?post=8375"},{"taxonomy":"product_tag","embeddable":true,"href":"https:\/\/gerodan.es\/en\/wp-json\/wp\/v2\/product_tag?post=8375"}],"curies":[{"name":"wp","href":"https:\/\/api.w.org\/{rel}","templated":true}]}}