{"id":8923,"date":"2025-10-24T09:41:20","date_gmt":"2025-10-24T09:41:20","guid":{"rendered":"https:\/\/gerodan.es\/?post_type=product&#038;p=8923"},"modified":"2025-10-24T09:42:37","modified_gmt":"2025-10-24T09:42:37","slug":"grua-de-techo-gh1f","status":"publish","type":"product","link":"https:\/\/gerodan.es\/en\/products\/grua-de-techo-gh1f\/","title":{"rendered":"Gr\u00faa de techo GH1F"},"content":{"rendered":"<p>El GH1 F es un m\u00f3dulo de elevaci\u00f3n vers\u00e1til que se traslada f\u00e1cilmente de una habitaci\u00f3n a otra mediante el carro de transporte y almacenamiento correspondiente.\u00a0El m\u00f3dulo se acopla y se desacopla autom\u00e1ticamente del sistema de ra\u00edles, por lo que los cuidadores evitan tener que levantar, estirar y soportar cargas pesadas al mover y colocar la gr\u00faa de techo.<\/p>\n<ul style=\"font-weight: 400;\" data-v-01e4766a=\"\">\n<li data-v-01e4766a=\"\">Satisface la mayor\u00eda de las necesidades y requisitos de elevaci\u00f3n<\/li>\n<li data-v-01e4766a=\"\">Alta capacidad de carga de hasta 255 kg<\/li>\n<li data-v-01e4766a=\"\">M\u00f3dulo de elevaci\u00f3n autoajustable<\/li>\n<\/ul>\n","protected":false},"excerpt":{"rendered":"<p>El GH1 F es un m\u00f3dulo de elevaci\u00f3n vers\u00e1til que  [&#8230;]<\/p>\n","protected":false},"featured_media":8927,"template":"","meta":{"_acf_changed":false},"grado-de-dependencia":[],"product_brand":[],"product_cat":[171],"product_tag":[],"class_list":{"0":"post-8923","1":"product","2":"type-product","3":"status-publish","4":"has-post-thumbnail","6":"product_cat-gruas-de-techo","8":"first","9":"instock","10":"shipping-taxable","11":"product-type-simple"},"acf":[],"yoast_head":"<!-- This site is optimized with the Yoast SEO plugin v27.4 - https:\/\/yoast.com\/product\/yoast-seo-wordpress\/ -->\n<title>Gr\u00faa de techo GH1F - Gerodan<\/title>\n<meta name=\"robots\" content=\"index, follow, max-snippet:-1, max-image-preview:large, max-video-preview:-1\" \/>\n<link rel=\"canonical\" href=\"https:\/\/gerodan.es\/en\/products\/grua-de-techo-gh1f\/\" \/>\n<meta property=\"og:locale\" content=\"en_US\" \/>\n<meta property=\"og:type\" content=\"article\" \/>\n<meta property=\"og:title\" content=\"Gr\u00faa de techo GH1F - Gerodan\" \/>\n<meta property=\"og:description\" content=\"El GH1 F es un m\u00f3dulo de elevaci\u00f3n vers\u00e1til que [...]\" \/>\n<meta property=\"og:url\" content=\"https:\/\/gerodan.es\/en\/products\/grua-de-techo-gh1f\/\" \/>\n<meta property=\"og:site_name\" content=\"Gerodan\" \/>\n<meta property=\"article:modified_time\" content=\"2025-10-24T09:42:37+00:00\" \/>\n<meta property=\"og:image\" content=\"https:\/\/gerodan.es\/wp-content\/uploads\/2025\/10\/2223-02-gh1f-2017-frit.webp\" \/>\n\t<meta property=\"og:image:width\" content=\"1200\" \/>\n\t<meta property=\"og:image:height\" content=\"1800\" \/>\n\t<meta property=\"og:image:type\" content=\"image\/webp\" \/>\n<meta name=\"twitter:card\" content=\"summary_large_image\" \/>\n<meta name=\"twitter:label1\" content=\"Est. reading time\" \/>\n\t<meta name=\"twitter:data1\" content=\"1 minute\" \/>\n<script type=\"application\/ld+json\" class=\"yoast-schema-graph\">{\"@context\":\"https:\\\/\\\/schema.org\",\"@graph\":[{\"@type\":\"WebPage\",\"@id\":\"https:\\\/\\\/gerodan.es\\\/en\\\/products\\\/grua-de-techo-gh1f\\\/\",\"url\":\"https:\\\/\\\/gerodan.es\\\/en\\\/products\\\/grua-de-techo-gh1f\\\/\",\"name\":\"Gr\u00faa de techo GH1F - Gerodan\",\"isPartOf\":{\"@id\":\"https:\\\/\\\/gerodan.es\\\/en\\\/#website\"},\"primaryImageOfPage\":{\"@id\":\"https:\\\/\\\/gerodan.es\\\/en\\\/products\\\/grua-de-techo-gh1f\\\/#primaryimage\"},\"image\":{\"@id\":\"https:\\\/\\\/gerodan.es\\\/en\\\/products\\\/grua-de-techo-gh1f\\\/#primaryimage\"},\"thumbnailUrl\":\"https:\\\/\\\/gerodan.es\\\/wp-content\\\/uploads\\\/2025\\\/10\\\/2223-02-gh1f-2017-frit.webp\",\"datePublished\":\"2025-10-24T09:41:20+00:00\",\"dateModified\":\"2025-10-24T09:42:37+00:00\",\"breadcrumb\":{\"@id\":\"https:\\\/\\\/gerodan.es\\\/en\\\/products\\\/grua-de-techo-gh1f\\\/#breadcrumb\"},\"inLanguage\":\"en-US\",\"potentialAction\":[{\"@type\":\"ReadAction\",\"target\":[\"https:\\\/\\\/gerodan.es\\\/en\\\/products\\\/grua-de-techo-gh1f\\\/\"]}]},{\"@type\":\"ImageObject\",\"inLanguage\":\"en-US\",\"@id\":\"https:\\\/\\\/gerodan.es\\\/en\\\/products\\\/grua-de-techo-gh1f\\\/#primaryimage\",\"url\":\"https:\\\/\\\/gerodan.es\\\/wp-content\\\/uploads\\\/2025\\\/10\\\/2223-02-gh1f-2017-frit.webp\",\"contentUrl\":\"https:\\\/\\\/gerodan.es\\\/wp-content\\\/uploads\\\/2025\\\/10\\\/2223-02-gh1f-2017-frit.webp\",\"width\":1200,\"height\":1800},{\"@type\":\"BreadcrumbList\",\"@id\":\"https:\\\/\\\/gerodan.es\\\/en\\\/products\\\/grua-de-techo-gh1f\\\/#breadcrumb\",\"itemListElement\":[{\"@type\":\"ListItem\",\"position\":1,\"name\":\"Home\",\"item\":\"https:\\\/\\\/gerodan.es\\\/en\\\/\"},{\"@type\":\"ListItem\",\"position\":2,\"name\":\"Products for Residential Homes\",\"item\":\"https:\\\/\\\/gerodan.es\\\/en\\\/residential-home-products\\\/\"},{\"@type\":\"ListItem\",\"position\":3,\"name\":\"Gr\u00faa de techo GH1F\"}]},{\"@type\":\"WebSite\",\"@id\":\"https:\\\/\\\/gerodan.es\\\/en\\\/#website\",\"url\":\"https:\\\/\\\/gerodan.es\\\/en\\\/\",\"name\":\"Gerodan\",\"description\":\"Venta de mobiliario adaptado a personas mayores\",\"potentialAction\":[{\"@type\":\"SearchAction\",\"target\":{\"@type\":\"EntryPoint\",\"urlTemplate\":\"https:\\\/\\\/gerodan.es\\\/en\\\/?s={search_term_string}\"},\"query-input\":{\"@type\":\"PropertyValueSpecification\",\"valueRequired\":true,\"valueName\":\"search_term_string\"}}],\"inLanguage\":\"en-US\"}]}<\/script>\n<!-- \/ Yoast SEO plugin. -->","yoast_head_json":{"title":"Gr\u00faa de techo GH1F - Gerodan","robots":{"index":"index","follow":"follow","max-snippet":"max-snippet:-1","max-image-preview":"max-image-preview:large","max-video-preview":"max-video-preview:-1"},"canonical":"https:\/\/gerodan.es\/en\/products\/grua-de-techo-gh1f\/","og_locale":"en_US","og_type":"article","og_title":"Gr\u00faa de techo GH1F - Gerodan","og_description":"El GH1 F es un m\u00f3dulo de elevaci\u00f3n vers\u00e1til que [...]","og_url":"https:\/\/gerodan.es\/en\/products\/grua-de-techo-gh1f\/","og_site_name":"Gerodan","article_modified_time":"2025-10-24T09:42:37+00:00","og_image":[{"width":1200,"height":1800,"url":"https:\/\/gerodan.es\/wp-content\/uploads\/2025\/10\/2223-02-gh1f-2017-frit.webp","type":"image\/webp"}],"twitter_card":"summary_large_image","twitter_misc":{"Est. reading time":"1 minute"},"schema":{"@context":"https:\/\/schema.org","@graph":[{"@type":"WebPage","@id":"https:\/\/gerodan.es\/en\/products\/grua-de-techo-gh1f\/","url":"https:\/\/gerodan.es\/en\/products\/grua-de-techo-gh1f\/","name":"Gr\u00faa de techo GH1F - Gerodan","isPartOf":{"@id":"https:\/\/gerodan.es\/en\/#website"},"primaryImageOfPage":{"@id":"https:\/\/gerodan.es\/en\/products\/grua-de-techo-gh1f\/#primaryimage"},"image":{"@id":"https:\/\/gerodan.es\/en\/products\/grua-de-techo-gh1f\/#primaryimage"},"thumbnailUrl":"https:\/\/gerodan.es\/wp-content\/uploads\/2025\/10\/2223-02-gh1f-2017-frit.webp","datePublished":"2025-10-24T09:41:20+00:00","dateModified":"2025-10-24T09:42:37+00:00","breadcrumb":{"@id":"https:\/\/gerodan.es\/en\/products\/grua-de-techo-gh1f\/#breadcrumb"},"inLanguage":"en-US","potentialAction":[{"@type":"ReadAction","target":["https:\/\/gerodan.es\/en\/products\/grua-de-techo-gh1f\/"]}]},{"@type":"ImageObject","inLanguage":"en-US","@id":"https:\/\/gerodan.es\/en\/products\/grua-de-techo-gh1f\/#primaryimage","url":"https:\/\/gerodan.es\/wp-content\/uploads\/2025\/10\/2223-02-gh1f-2017-frit.webp","contentUrl":"https:\/\/gerodan.es\/wp-content\/uploads\/2025\/10\/2223-02-gh1f-2017-frit.webp","width":1200,"height":1800},{"@type":"BreadcrumbList","@id":"https:\/\/gerodan.es\/en\/products\/grua-de-techo-gh1f\/#breadcrumb","itemListElement":[{"@type":"ListItem","position":1,"name":"Home","item":"https:\/\/gerodan.es\/en\/"},{"@type":"ListItem","position":2,"name":"Products for Residential Homes","item":"https:\/\/gerodan.es\/en\/residential-home-products\/"},{"@type":"ListItem","position":3,"name":"Gr\u00faa de techo GH1F"}]},{"@type":"WebSite","@id":"https:\/\/gerodan.es\/en\/#website","url":"https:\/\/gerodan.es\/en\/","name":"Gerodan","description":"Venta de mobiliario adaptado a personas mayores","potentialAction":[{"@type":"SearchAction","target":{"@type":"EntryPoint","urlTemplate":"https:\/\/gerodan.es\/en\/?s={search_term_string}"},"query-input":{"@type":"PropertyValueSpecification","valueRequired":true,"valueName":"search_term_string"}}],"inLanguage":"en-US"}]}},"_links":{"self":[{"href":"https:\/\/gerodan.es\/en\/wp-json\/wp\/v2\/product\/8923","targetHints":{"allow":["GET"]}}],"collection":[{"href":"https:\/\/gerodan.es\/en\/wp-json\/wp\/v2\/product"}],"about":[{"href":"https:\/\/gerodan.es\/en\/wp-json\/wp\/v2\/types\/product"}],"wp:featuredmedia":[{"embeddable":true,"href":"https:\/\/gerodan.es\/en\/wp-json\/wp\/v2\/media\/8927"}],"wp:attachment":[{"href":"https:\/\/gerodan.es\/en\/wp-json\/wp\/v2\/media?parent=8923"}],"wp:term":[{"taxonomy":"grado-de-dependencia","embeddable":true,"href":"https:\/\/gerodan.es\/en\/wp-json\/wp\/v2\/grado-de-dependencia?post=8923"},{"taxonomy":"product_brand","embeddable":true,"href":"https:\/\/gerodan.es\/en\/wp-json\/wp\/v2\/product_brand?post=8923"},{"taxonomy":"product_cat","embeddable":true,"href":"https:\/\/gerodan.es\/en\/wp-json\/wp\/v2\/product_cat?post=8923"},{"taxonomy":"product_tag","embeddable":true,"href":"https:\/\/gerodan.es\/en\/wp-json\/wp\/v2\/product_tag?post=8923"}],"curies":[{"name":"wp","href":"https:\/\/api.w.org\/{rel}","templated":true}]}}