{"id":3724,"date":"2016-01-18T07:31:57","date_gmt":"2016-01-18T07:31:57","guid":{"rendered":"https:\/\/gerodan.es\/nuevaweb\/nosotros\/"},"modified":"2019-06-11T14:49:06","modified_gmt":"2019-06-11T14:49:06","slug":"nous","status":"publish","type":"page","link":"https:\/\/gerodan.es\/fr\/nous\/","title":{"rendered":"Nous"},"content":{"rendered":"<p>[vc_row][vc_column][section_header use_decoration=\u00a0\u00bb0&Prime; main_heading=\u00a0\u00bb\u00c2 propos de gerodan\u00a0\u00bb text_align=\u00a0\u00bbleft\u00a0\u00bb spy=\u00a0\u00bbuk-animation-slide-left\u00a0\u00bb][vc_row_inner][vc_column_inner][vc_column_text css_animation=\u00a0\u00bbleft-to-right\u00a0\u00bb]<\/p>\n<h3>Soci\u00e9t\u00e9 coop\u00e9rative, con\u00e7ue pour l\u2019\u00e9quipement m\u00e9dico-social et h\u00f4telier.<\/h3>\n<p>[\/vc_column_text][vc_column_text css_animation=\u00a0\u00bbleft-to-right\u00a0\u00bb]<a href=\"http:\/\/gerodan.wpengine.com\/wp-content\/uploads\/2016\/01\/fachada-gerodan.jpg\"><img decoding=\"async\" class=\"alignright wp-image-593 size-full\" style=\"margin-bottom: 20px;\" src=\"http:\/\/gerodan.wpengine.com\/wp-content\/uploads\/2016\/01\/fachada-gerodan.jpg\" alt=\"fachada-gerodan\" width=\"338\" height=\"600\" srcset=\"https:\/\/gerodan.es\/wp-content\/uploads\/2016\/01\/fachada-gerodan-85x150.jpg 85w, https:\/\/gerodan.es\/wp-content\/uploads\/2016\/01\/fachada-gerodan-169x300.jpg 169w, https:\/\/gerodan.es\/wp-content\/uploads\/2016\/01\/fachada-gerodan.jpg 338w\" sizes=\"(max-width: 338px) 100vw, 338px\" \/><\/a><\/p>\n<p>Nous sommes concepteurs du mobilier adapt\u00e9 aux seniors pour r\u00e9pondre aux besoins en \u00e9quipements des r\u00e9sidences et des centres m\u00e9dico-sociaux, (EHPAD, Maisons de Retraite,\u2026), ainsi que des meubles sur mesure afin de fournir des solutions d&rsquo;\u00e9quipement compl\u00e8tes pour l&rsquo;\u00e9quipement des h\u00f4tels et des r\u00e9sidences d&rsquo;\u00e9tudiants.<\/p>\n<p>Nous travaillons en collaboration avec des designers, architectes, d\u00e9coratrices, int\u00e9rieuristes, ergoth\u00e9rapeutes et partenaires internationaux de premi\u00e8re ligne, ce qui nous permet d&rsquo;innover et d&rsquo;int\u00e9grer des \u00e9l\u00e9ments uniques \u00e0 notre offre, toujours con\u00e7us pour s&rsquo;adapter aux personnes et aux environnements.<\/p>\n<p>Notre appartenance \u00e0 Mondrag\u00f3n Corporation et \u00e0 la division \u00c9quipement nous permet d\u2019adapter et de fournir des solutions int\u00e9grales en ma\u00eetrisant diff\u00e9rents processus de production et de fabrication, o\u00f9 nous produisons des meubles, des stratifi\u00e9s, des solutions de bureau, des solutions tapiss\u00e9es et des syst\u00e8mes de repos et de confort.[\/vc_column_text][\/vc_column_inner][\/vc_row_inner][\/vc_column][\/vc_row][vc_row equal_height=\u00a0\u00bbyes\u00a0\u00bb content_placement=\u00a0\u00bbmiddle\u00a0\u00bb][vc_column width=\u00a0\u00bb1\/2&Prime;][vc_single_image image=\u00a0\u00bb3746&Prime; img_size=\u00a0\u00bblarge\u00a0\u00bb][\/vc_column][vc_column width=\u00a0\u00bb1\/2&Prime;][vc_single_image image=\u00a0\u00bb2677&Prime; img_size=\u00a0\u00bblarge\u00a0\u00bb][\/vc_column][\/vc_row]<\/p>\n","protected":false},"excerpt":{"rendered":"<p>[vc_row][vc_column][section_header use_decoration=\u00a0\u00bb0&Prime; main_heading=\u00a0\u00bb\u00c2 propos de gerodan\u00a0\u00bb text_align=\u00a0\u00bbleft\u00a0\u00bb spy=\u00a0\u00bbuk-animation-slide-left\u00a0\u00bb][vc_row_inner][vc_column_inner][vc_column_text css_animation=\u00a0\u00bbleft-to-right\u00a0\u00bb] Soci\u00e9t\u00e9  [&#8230;]<\/p>\n","protected":false},"author":5,"featured_media":0,"parent":0,"menu_order":0,"comment_status":"closed","ping_status":"closed","template":"","meta":{"_acf_changed":false,"footnotes":""},"class_list":["post-3724","page","type-page","status-publish","hentry"],"acf":[],"yoast_head":"<!-- This site is optimized with the Yoast SEO plugin v27.1.1 - https:\/\/yoast.com\/product\/yoast-seo-wordpress\/ -->\n<title>\u00c2 propos de Gerodan | \u00c9quipement m\u00e9dico-social et h\u00f4telier<\/title>\n<meta name=\"description\" content=\"Soci\u00e9t\u00e9 coop\u00e9rative, con\u00e7ue pour l\u2019\u00e9quipement m\u00e9dico-social et h\u00f4telier. Mobilier pour Ehpad et maison de retraite.\" \/>\n<meta name=\"robots\" content=\"index, follow, max-snippet:-1, max-image-preview:large, max-video-preview:-1\" \/>\n<link rel=\"canonical\" href=\"https:\/\/gerodan.es\/fr\/nous\/\" \/>\n<meta property=\"og:locale\" content=\"fr_FR\" \/>\n<meta property=\"og:type\" content=\"article\" \/>\n<meta property=\"og:title\" content=\"\u00c2 propos de Gerodan | \u00c9quipement m\u00e9dico-social et h\u00f4telier\" \/>\n<meta property=\"og:description\" content=\"Soci\u00e9t\u00e9 coop\u00e9rative, con\u00e7ue pour l\u2019\u00e9quipement m\u00e9dico-social et h\u00f4telier. Mobilier pour Ehpad et maison de retraite.\" \/>\n<meta property=\"og:url\" content=\"https:\/\/gerodan.es\/fr\/nous\/\" \/>\n<meta property=\"og:site_name\" content=\"Gerodan\" \/>\n<meta property=\"article:modified_time\" content=\"2019-06-11T14:49:06+00:00\" \/>\n<meta property=\"og:image\" content=\"http:\/\/gerodan.wpengine.com\/wp-content\/uploads\/2016\/01\/fachada-gerodan.jpg\" \/>\n<meta name=\"twitter:card\" content=\"summary_large_image\" \/>\n<meta name=\"twitter:label1\" content=\"Dur\u00e9e de lecture estim\u00e9e\" \/>\n\t<meta name=\"twitter:data1\" content=\"1 minute\" \/>\n<script type=\"application\/ld+json\" class=\"yoast-schema-graph\">{\"@context\":\"https:\/\/schema.org\",\"@graph\":[{\"@type\":\"WebPage\",\"@id\":\"https:\/\/gerodan.es\/fr\/nous\/\",\"url\":\"https:\/\/gerodan.es\/fr\/nous\/\",\"name\":\"\u00c2 propos de Gerodan | \u00c9quipement m\u00e9dico-social et h\u00f4telier\",\"isPartOf\":{\"@id\":\"https:\/\/gerodan.es\/fr\/#website\"},\"primaryImageOfPage\":{\"@id\":\"https:\/\/gerodan.es\/fr\/nous\/#primaryimage\"},\"image\":{\"@id\":\"https:\/\/gerodan.es\/fr\/nous\/#primaryimage\"},\"thumbnailUrl\":\"http:\/\/gerodan.wpengine.com\/wp-content\/uploads\/2016\/01\/fachada-gerodan.jpg\",\"datePublished\":\"2016-01-18T07:31:57+00:00\",\"dateModified\":\"2019-06-11T14:49:06+00:00\",\"description\":\"Soci\u00e9t\u00e9 coop\u00e9rative, con\u00e7ue pour l\u2019\u00e9quipement m\u00e9dico-social et h\u00f4telier. Mobilier pour Ehpad et maison de retraite.\",\"breadcrumb\":{\"@id\":\"https:\/\/gerodan.es\/fr\/nous\/#breadcrumb\"},\"inLanguage\":\"fr-FR\",\"potentialAction\":[{\"@type\":\"ReadAction\",\"target\":[\"https:\/\/gerodan.es\/fr\/nous\/\"]}]},{\"@type\":\"ImageObject\",\"inLanguage\":\"fr-FR\",\"@id\":\"https:\/\/gerodan.es\/fr\/nous\/#primaryimage\",\"url\":\"http:\/\/gerodan.wpengine.com\/wp-content\/uploads\/2016\/01\/fachada-gerodan.jpg\",\"contentUrl\":\"http:\/\/gerodan.wpengine.com\/wp-content\/uploads\/2016\/01\/fachada-gerodan.jpg\"},{\"@type\":\"BreadcrumbList\",\"@id\":\"https:\/\/gerodan.es\/fr\/nous\/#breadcrumb\",\"itemListElement\":[{\"@type\":\"ListItem\",\"position\":1,\"name\":\"Home\",\"item\":\"https:\/\/gerodan.es\/fr\/\"},{\"@type\":\"ListItem\",\"position\":2,\"name\":\"Nous\"}]},{\"@type\":\"WebSite\",\"@id\":\"https:\/\/gerodan.es\/fr\/#website\",\"url\":\"https:\/\/gerodan.es\/fr\/\",\"name\":\"Gerodan\",\"description\":\"Venta de mobiliario adaptado a personas mayores\",\"potentialAction\":[{\"@type\":\"SearchAction\",\"target\":{\"@type\":\"EntryPoint\",\"urlTemplate\":\"https:\/\/gerodan.es\/fr\/?s={search_term_string}\"},\"query-input\":{\"@type\":\"PropertyValueSpecification\",\"valueRequired\":true,\"valueName\":\"search_term_string\"}}],\"inLanguage\":\"fr-FR\"}]}<\/script>\n<!-- \/ Yoast SEO plugin. -->","yoast_head_json":{"title":"\u00c2 propos de Gerodan | \u00c9quipement m\u00e9dico-social et h\u00f4telier","description":"Soci\u00e9t\u00e9 coop\u00e9rative, con\u00e7ue pour l\u2019\u00e9quipement m\u00e9dico-social et h\u00f4telier. Mobilier pour Ehpad et maison de retraite.","robots":{"index":"index","follow":"follow","max-snippet":"max-snippet:-1","max-image-preview":"max-image-preview:large","max-video-preview":"max-video-preview:-1"},"canonical":"https:\/\/gerodan.es\/fr\/nous\/","og_locale":"fr_FR","og_type":"article","og_title":"\u00c2 propos de Gerodan | \u00c9quipement m\u00e9dico-social et h\u00f4telier","og_description":"Soci\u00e9t\u00e9 coop\u00e9rative, con\u00e7ue pour l\u2019\u00e9quipement m\u00e9dico-social et h\u00f4telier. Mobilier pour Ehpad et maison de retraite.","og_url":"https:\/\/gerodan.es\/fr\/nous\/","og_site_name":"Gerodan","article_modified_time":"2019-06-11T14:49:06+00:00","og_image":[{"url":"http:\/\/gerodan.wpengine.com\/wp-content\/uploads\/2016\/01\/fachada-gerodan.jpg","type":"","width":"","height":""}],"twitter_card":"summary_large_image","twitter_misc":{"Dur\u00e9e de lecture estim\u00e9e":"1 minute"},"schema":{"@context":"https:\/\/schema.org","@graph":[{"@type":"WebPage","@id":"https:\/\/gerodan.es\/fr\/nous\/","url":"https:\/\/gerodan.es\/fr\/nous\/","name":"\u00c2 propos de Gerodan | \u00c9quipement m\u00e9dico-social et h\u00f4telier","isPartOf":{"@id":"https:\/\/gerodan.es\/fr\/#website"},"primaryImageOfPage":{"@id":"https:\/\/gerodan.es\/fr\/nous\/#primaryimage"},"image":{"@id":"https:\/\/gerodan.es\/fr\/nous\/#primaryimage"},"thumbnailUrl":"http:\/\/gerodan.wpengine.com\/wp-content\/uploads\/2016\/01\/fachada-gerodan.jpg","datePublished":"2016-01-18T07:31:57+00:00","dateModified":"2019-06-11T14:49:06+00:00","description":"Soci\u00e9t\u00e9 coop\u00e9rative, con\u00e7ue pour l\u2019\u00e9quipement m\u00e9dico-social et h\u00f4telier. Mobilier pour Ehpad et maison de retraite.","breadcrumb":{"@id":"https:\/\/gerodan.es\/fr\/nous\/#breadcrumb"},"inLanguage":"fr-FR","potentialAction":[{"@type":"ReadAction","target":["https:\/\/gerodan.es\/fr\/nous\/"]}]},{"@type":"ImageObject","inLanguage":"fr-FR","@id":"https:\/\/gerodan.es\/fr\/nous\/#primaryimage","url":"http:\/\/gerodan.wpengine.com\/wp-content\/uploads\/2016\/01\/fachada-gerodan.jpg","contentUrl":"http:\/\/gerodan.wpengine.com\/wp-content\/uploads\/2016\/01\/fachada-gerodan.jpg"},{"@type":"BreadcrumbList","@id":"https:\/\/gerodan.es\/fr\/nous\/#breadcrumb","itemListElement":[{"@type":"ListItem","position":1,"name":"Home","item":"https:\/\/gerodan.es\/fr\/"},{"@type":"ListItem","position":2,"name":"Nous"}]},{"@type":"WebSite","@id":"https:\/\/gerodan.es\/fr\/#website","url":"https:\/\/gerodan.es\/fr\/","name":"Gerodan","description":"Venta de mobiliario adaptado a personas mayores","potentialAction":[{"@type":"SearchAction","target":{"@type":"EntryPoint","urlTemplate":"https:\/\/gerodan.es\/fr\/?s={search_term_string}"},"query-input":{"@type":"PropertyValueSpecification","valueRequired":true,"valueName":"search_term_string"}}],"inLanguage":"fr-FR"}]}},"_links":{"self":[{"href":"https:\/\/gerodan.es\/fr\/wp-json\/wp\/v2\/pages\/3724","targetHints":{"allow":["GET"]}}],"collection":[{"href":"https:\/\/gerodan.es\/fr\/wp-json\/wp\/v2\/pages"}],"about":[{"href":"https:\/\/gerodan.es\/fr\/wp-json\/wp\/v2\/types\/page"}],"author":[{"embeddable":true,"href":"https:\/\/gerodan.es\/fr\/wp-json\/wp\/v2\/users\/5"}],"replies":[{"embeddable":true,"href":"https:\/\/gerodan.es\/fr\/wp-json\/wp\/v2\/comments?post=3724"}],"version-history":[{"count":0,"href":"https:\/\/gerodan.es\/fr\/wp-json\/wp\/v2\/pages\/3724\/revisions"}],"wp:attachment":[{"href":"https:\/\/gerodan.es\/fr\/wp-json\/wp\/v2\/media?parent=3724"}],"curies":[{"name":"wp","href":"https:\/\/api.w.org\/{rel}","templated":true}]}}