{"id":3936,"date":"2017-12-19T11:34:18","date_gmt":"2017-12-19T11:34:18","guid":{"rendered":"https:\/\/gerodan.es\/nuevaweb\/productos\/butaca-fama-fija\/"},"modified":"2022-02-24T15:08:20","modified_gmt":"2022-02-24T15:08:20","slug":"butaca-fama-fija","status":"publish","type":"product","link":"https:\/\/gerodan.es\/fr\/produits\/butaca-fama-fija\/","title":{"rendered":"Butaca FAMA FIJA"},"content":{"rendered":"<p>Con poliuretano de alta densidad. Estructura de madera maciza de pino. Respaldo fijo con orejeras.\u00a0 Con patas est\u00e9ticas de madera. Permite la accesibilidad con una gr\u00faa de transferencia. Tapizados con telas vin\u00edlicas con protecci\u00f3n antimicrobial, antibacterial, antimic\u00f3tica y resistente a la abrasi\u00f3n. F\u00e1ciles de limpiar y mantener. Insensibles a la luz. Tapizados con tejidos vin\u00edlicos.<\/p>\n<p><strong>Estructura:<\/strong> De madera maciza y tablero de part\u00edculas<\/p>\n<p><strong>Caracter\u00edsticas adicionales: <\/strong>Espuma de alta densidad en el asiento y respaldo. Tapizado con telas vin\u00edlicas de alta resistencia a la abrasi\u00f3n M2, M1,\u00a0serie VALENCIA, GEMINI, ACUA<\/p>\n<p>&nbsp;<\/p>\n","protected":false},"excerpt":{"rendered":"<p>Sill\u00f3n NELY de l\u00edneas cuadradas para equipar zonas de lectura, habitaci\u00f3n o comedores. Dimensiones H86xF55xA57. Estructura de haya con brazos, asiento y respaldo tapizados. Suspensi\u00f3n cincha cubierta de alta calidad.<\/p>\n<p>Espumas de alta densidad en asiento. Tapizados con telas vin\u00edlicas con protecci\u00f3n antimicrobial, antibacterial, antimic\u00f3tica y resistente a la abrasi\u00f3n. F\u00e1ciles de limpiar y mantener. Insensibles a la luz.<\/p>\n","protected":false},"featured_media":3939,"template":"","meta":{"_acf_changed":false},"grado-de-dependencia":[],"product_brand":[],"product_cat":[348,341],"product_tag":[],"class_list":{"0":"post-3936","1":"product","2":"type-product","3":"status-publish","4":"has-post-thumbnail","6":"product_cat-butacas-fr","7":"product_cat-systemes-de-confort-et-de-relax","9":"first","10":"instock","11":"shipping-taxable","12":"product-type-simple"},"acf":[],"yoast_head":"<!-- This site is optimized with the Yoast SEO plugin v27.4 - https:\/\/yoast.com\/product\/yoast-seo-wordpress\/ -->\n<title>Butaca FAMA Relax - Gerodan<\/title>\n<meta name=\"description\" content=\"Gerodan ofrece la butaca FAMA Relax. Butaca individual FAMA RELAX o FAMA FIJA con respaldo alto reclinable en cuatro posiciones y asiento elevable.\" \/>\n<meta name=\"robots\" content=\"index, follow, max-snippet:-1, max-image-preview:large, max-video-preview:-1\" \/>\n<link rel=\"canonical\" href=\"https:\/\/gerodan.es\/fr\/produits\/butaca-fama-fija\/\" \/>\n<meta property=\"og:locale\" content=\"fr_FR\" \/>\n<meta property=\"og:type\" content=\"article\" \/>\n<meta property=\"og:title\" content=\"Butaca FAMA Relax - Gerodan\" \/>\n<meta property=\"og:description\" content=\"Gerodan ofrece la butaca FAMA Relax. Butaca individual FAMA RELAX o FAMA FIJA con respaldo alto reclinable en cuatro posiciones y asiento elevable.\" \/>\n<meta property=\"og:url\" content=\"https:\/\/gerodan.es\/fr\/produits\/butaca-fama-fija\/\" \/>\n<meta property=\"og:site_name\" content=\"Gerodan\" \/>\n<meta property=\"article:modified_time\" content=\"2022-02-24T15:08:20+00:00\" \/>\n<meta property=\"og:image\" content=\"https:\/\/gerodan.es\/wp-content\/uploads\/2016\/04\/fama0-1.jpg\" \/>\n\t<meta property=\"og:image:width\" content=\"800\" \/>\n\t<meta property=\"og:image:height\" content=\"800\" \/>\n\t<meta property=\"og:image:type\" content=\"image\/jpeg\" \/>\n<meta name=\"twitter:card\" content=\"summary_large_image\" \/>\n<meta name=\"twitter:label1\" content=\"Dur\u00e9e de lecture estim\u00e9e\" \/>\n\t<meta name=\"twitter:data1\" content=\"1 minute\" \/>\n<script type=\"application\/ld+json\" class=\"yoast-schema-graph\">{\"@context\":\"https:\\\/\\\/schema.org\",\"@graph\":[{\"@type\":\"WebPage\",\"@id\":\"https:\\\/\\\/gerodan.es\\\/fr\\\/produits\\\/butaca-fama-fija\\\/\",\"url\":\"https:\\\/\\\/gerodan.es\\\/fr\\\/produits\\\/butaca-fama-fija\\\/\",\"name\":\"Butaca FAMA Relax - Gerodan\",\"isPartOf\":{\"@id\":\"https:\\\/\\\/gerodan.es\\\/fr\\\/#website\"},\"primaryImageOfPage\":{\"@id\":\"https:\\\/\\\/gerodan.es\\\/fr\\\/produits\\\/butaca-fama-fija\\\/#primaryimage\"},\"image\":{\"@id\":\"https:\\\/\\\/gerodan.es\\\/fr\\\/produits\\\/butaca-fama-fija\\\/#primaryimage\"},\"thumbnailUrl\":\"https:\\\/\\\/gerodan.es\\\/wp-content\\\/uploads\\\/2016\\\/04\\\/fama0-1.jpg\",\"datePublished\":\"2017-12-19T11:34:18+00:00\",\"dateModified\":\"2022-02-24T15:08:20+00:00\",\"description\":\"Gerodan ofrece la butaca FAMA Relax. Butaca individual FAMA RELAX o FAMA FIJA con respaldo alto reclinable en cuatro posiciones y asiento elevable.\",\"breadcrumb\":{\"@id\":\"https:\\\/\\\/gerodan.es\\\/fr\\\/produits\\\/butaca-fama-fija\\\/#breadcrumb\"},\"inLanguage\":\"fr-FR\",\"potentialAction\":[{\"@type\":\"ReadAction\",\"target\":[\"https:\\\/\\\/gerodan.es\\\/fr\\\/produits\\\/butaca-fama-fija\\\/\"]}]},{\"@type\":\"ImageObject\",\"inLanguage\":\"fr-FR\",\"@id\":\"https:\\\/\\\/gerodan.es\\\/fr\\\/produits\\\/butaca-fama-fija\\\/#primaryimage\",\"url\":\"https:\\\/\\\/gerodan.es\\\/wp-content\\\/uploads\\\/2016\\\/04\\\/fama0-1.jpg\",\"contentUrl\":\"https:\\\/\\\/gerodan.es\\\/wp-content\\\/uploads\\\/2016\\\/04\\\/fama0-1.jpg\",\"width\":800,\"height\":800},{\"@type\":\"BreadcrumbList\",\"@id\":\"https:\\\/\\\/gerodan.es\\\/fr\\\/produits\\\/butaca-fama-fija\\\/#breadcrumb\",\"itemListElement\":[{\"@type\":\"ListItem\",\"position\":1,\"name\":\"Home\",\"item\":\"https:\\\/\\\/gerodan.es\\\/fr\\\/\"},{\"@type\":\"ListItem\",\"position\":2,\"name\":\"Produits\",\"item\":\"https:\\\/\\\/gerodan.es\\\/fr\\\/produits\\\/\"},{\"@type\":\"ListItem\",\"position\":3,\"name\":\"Butaca FAMA FIJA\"}]},{\"@type\":\"WebSite\",\"@id\":\"https:\\\/\\\/gerodan.es\\\/fr\\\/#website\",\"url\":\"https:\\\/\\\/gerodan.es\\\/fr\\\/\",\"name\":\"Gerodan\",\"description\":\"Venta de mobiliario adaptado a personas mayores\",\"potentialAction\":[{\"@type\":\"SearchAction\",\"target\":{\"@type\":\"EntryPoint\",\"urlTemplate\":\"https:\\\/\\\/gerodan.es\\\/fr\\\/?s={search_term_string}\"},\"query-input\":{\"@type\":\"PropertyValueSpecification\",\"valueRequired\":true,\"valueName\":\"search_term_string\"}}],\"inLanguage\":\"fr-FR\"}]}<\/script>\n<!-- \/ Yoast SEO plugin. -->","yoast_head_json":{"title":"Butaca FAMA Relax - Gerodan","description":"Gerodan ofrece la butaca FAMA Relax. Butaca individual FAMA RELAX o FAMA FIJA con respaldo alto reclinable en cuatro posiciones y asiento elevable.","robots":{"index":"index","follow":"follow","max-snippet":"max-snippet:-1","max-image-preview":"max-image-preview:large","max-video-preview":"max-video-preview:-1"},"canonical":"https:\/\/gerodan.es\/fr\/produits\/butaca-fama-fija\/","og_locale":"fr_FR","og_type":"article","og_title":"Butaca FAMA Relax - Gerodan","og_description":"Gerodan ofrece la butaca FAMA Relax. Butaca individual FAMA RELAX o FAMA FIJA con respaldo alto reclinable en cuatro posiciones y asiento elevable.","og_url":"https:\/\/gerodan.es\/fr\/produits\/butaca-fama-fija\/","og_site_name":"Gerodan","article_modified_time":"2022-02-24T15:08:20+00:00","og_image":[{"width":800,"height":800,"url":"https:\/\/gerodan.es\/wp-content\/uploads\/2016\/04\/fama0-1.jpg","type":"image\/jpeg"}],"twitter_card":"summary_large_image","twitter_misc":{"Dur\u00e9e de lecture estim\u00e9e":"1 minute"},"schema":{"@context":"https:\/\/schema.org","@graph":[{"@type":"WebPage","@id":"https:\/\/gerodan.es\/fr\/produits\/butaca-fama-fija\/","url":"https:\/\/gerodan.es\/fr\/produits\/butaca-fama-fija\/","name":"Butaca FAMA Relax - Gerodan","isPartOf":{"@id":"https:\/\/gerodan.es\/fr\/#website"},"primaryImageOfPage":{"@id":"https:\/\/gerodan.es\/fr\/produits\/butaca-fama-fija\/#primaryimage"},"image":{"@id":"https:\/\/gerodan.es\/fr\/produits\/butaca-fama-fija\/#primaryimage"},"thumbnailUrl":"https:\/\/gerodan.es\/wp-content\/uploads\/2016\/04\/fama0-1.jpg","datePublished":"2017-12-19T11:34:18+00:00","dateModified":"2022-02-24T15:08:20+00:00","description":"Gerodan ofrece la butaca FAMA Relax. Butaca individual FAMA RELAX o FAMA FIJA con respaldo alto reclinable en cuatro posiciones y asiento elevable.","breadcrumb":{"@id":"https:\/\/gerodan.es\/fr\/produits\/butaca-fama-fija\/#breadcrumb"},"inLanguage":"fr-FR","potentialAction":[{"@type":"ReadAction","target":["https:\/\/gerodan.es\/fr\/produits\/butaca-fama-fija\/"]}]},{"@type":"ImageObject","inLanguage":"fr-FR","@id":"https:\/\/gerodan.es\/fr\/produits\/butaca-fama-fija\/#primaryimage","url":"https:\/\/gerodan.es\/wp-content\/uploads\/2016\/04\/fama0-1.jpg","contentUrl":"https:\/\/gerodan.es\/wp-content\/uploads\/2016\/04\/fama0-1.jpg","width":800,"height":800},{"@type":"BreadcrumbList","@id":"https:\/\/gerodan.es\/fr\/produits\/butaca-fama-fija\/#breadcrumb","itemListElement":[{"@type":"ListItem","position":1,"name":"Home","item":"https:\/\/gerodan.es\/fr\/"},{"@type":"ListItem","position":2,"name":"Produits","item":"https:\/\/gerodan.es\/fr\/produits\/"},{"@type":"ListItem","position":3,"name":"Butaca FAMA FIJA"}]},{"@type":"WebSite","@id":"https:\/\/gerodan.es\/fr\/#website","url":"https:\/\/gerodan.es\/fr\/","name":"Gerodan","description":"Venta de mobiliario adaptado a personas mayores","potentialAction":[{"@type":"SearchAction","target":{"@type":"EntryPoint","urlTemplate":"https:\/\/gerodan.es\/fr\/?s={search_term_string}"},"query-input":{"@type":"PropertyValueSpecification","valueRequired":true,"valueName":"search_term_string"}}],"inLanguage":"fr-FR"}]}},"_links":{"self":[{"href":"https:\/\/gerodan.es\/fr\/wp-json\/wp\/v2\/product\/3936","targetHints":{"allow":["GET"]}}],"collection":[{"href":"https:\/\/gerodan.es\/fr\/wp-json\/wp\/v2\/product"}],"about":[{"href":"https:\/\/gerodan.es\/fr\/wp-json\/wp\/v2\/types\/product"}],"wp:featuredmedia":[{"embeddable":true,"href":"https:\/\/gerodan.es\/fr\/wp-json\/wp\/v2\/media\/3939"}],"wp:attachment":[{"href":"https:\/\/gerodan.es\/fr\/wp-json\/wp\/v2\/media?parent=3936"}],"wp:term":[{"taxonomy":"grado-de-dependencia","embeddable":true,"href":"https:\/\/gerodan.es\/fr\/wp-json\/wp\/v2\/grado-de-dependencia?post=3936"},{"taxonomy":"product_brand","embeddable":true,"href":"https:\/\/gerodan.es\/fr\/wp-json\/wp\/v2\/product_brand?post=3936"},{"taxonomy":"product_cat","embeddable":true,"href":"https:\/\/gerodan.es\/fr\/wp-json\/wp\/v2\/product_cat?post=3936"},{"taxonomy":"product_tag","embeddable":true,"href":"https:\/\/gerodan.es\/fr\/wp-json\/wp\/v2\/product_tag?post=3936"}],"curies":[{"name":"wp","href":"https:\/\/api.w.org\/{rel}","templated":true}]}}