{"id":3945,"date":"2017-12-14T10:43:30","date_gmt":"2017-12-14T10:43:30","guid":{"rendered":"https:\/\/gerodan.es\/nuevaweb\/productos\/atlas-patas-sin-orejeras\/"},"modified":"2019-06-11T13:45:27","modified_gmt":"2019-06-11T13:45:27","slug":"atlas-patas-sin-orejeras","status":"publish","type":"product","link":"https:\/\/gerodan.es\/fr\/produits\/atlas-patas-sin-orejeras\/","title":{"rendered":"ATLAS RELAX CON PATAS"},"content":{"rendered":"<p>Butaca con estructura fabricada \u00edntegramente en acero, con soldaduras y acabado epoxy, con movimientos apalancados, de gran robusted, gran estabilidad y m\u00e1ximo confort. Permite varias posiciones hasta alcanzar un plano completamente horizontal. Puede accionarse manualmente la butaca por personal asistente, contando con articulaci\u00f3n mec\u00e1nica sincronizada. Para pacientes convulsos, la butaca se recoge al detectar la incorporaci\u00f3n de la persona tumbada, eliminando la posibilidad de introducir los pies entre los planos inferiores de la butaca. Butaca tapizada con tejidos vin\u00edlicos, y partes tapizadas de los brazos desmontables y sustituibles, de f\u00e1cil mantenimiento.<\/p>\n<p><strong>Estructura:<\/strong> Fabricada en tubo de acero esmaltado en epoxi. Armadura reforzada.<\/p>\n<p><strong>Caracter\u00edsticas adicionales:<\/strong> Tapicer\u00eda acolchada con interior de goma espuma iyectada de alta densidad. Reclinaci\u00f3n manual, regulaci\u00f3n del respalfo hasta 170\u00ba. Tapicer\u00eda vin\u00edlica de alta resistencia a la abrasi\u00f3n M2,M1<\/p>\n","protected":false},"excerpt":{"rendered":"<p>Butaca con estructura fabricada \u00edntegramente en acero, con soldaduras y  [&#8230;]<\/p>\n","protected":false},"featured_media":3947,"template":"","meta":{"_acf_changed":false},"grado-de-dependencia":[],"product_brand":[],"product_cat":[342],"product_tag":[],"class_list":{"0":"post-3945","1":"product","2":"type-product","3":"status-publish","4":"has-post-thumbnail","6":"product_cat-fauteuils-de-repos","8":"first","9":"instock","10":"shipping-taxable","11":"product-type-simple"},"acf":[],"yoast_head":"<!-- This site is optimized with the Yoast SEO plugin v27.4 - https:\/\/yoast.com\/product\/yoast-seo-wordpress\/ -->\n<title>ATLAS RELAX CON PATAS - Gerodan<\/title>\n<meta name=\"description\" content=\"Atlas con patas sin orejeras, una butaca con soldaduras y acabado epoxy, con movimientos apalancados, gran robustez y con gran estabilidad y m\u00e1ximo confort.\" \/>\n<meta name=\"robots\" content=\"index, follow, max-snippet:-1, max-image-preview:large, max-video-preview:-1\" \/>\n<link rel=\"canonical\" href=\"https:\/\/gerodan.es\/fr\/produits\/atlas-patas-sin-orejeras\/\" \/>\n<meta property=\"og:locale\" content=\"fr_FR\" \/>\n<meta property=\"og:type\" content=\"article\" \/>\n<meta property=\"og:title\" content=\"ATLAS RELAX CON PATAS - Gerodan\" \/>\n<meta property=\"og:description\" content=\"Atlas con patas sin orejeras, una butaca con soldaduras y acabado epoxy, con movimientos apalancados, gran robustez y con gran estabilidad y m\u00e1ximo confort.\" \/>\n<meta property=\"og:url\" content=\"https:\/\/gerodan.es\/fr\/produits\/atlas-patas-sin-orejeras\/\" \/>\n<meta property=\"og:site_name\" content=\"Gerodan\" \/>\n<meta property=\"article:modified_time\" content=\"2019-06-11T13:45:27+00:00\" \/>\n<meta property=\"og:image\" content=\"https:\/\/gerodan.es\/wp-content\/uploads\/2017\/12\/1-5.jpg\" \/>\n\t<meta property=\"og:image:width\" content=\"800\" \/>\n\t<meta property=\"og:image:height\" content=\"800\" \/>\n\t<meta property=\"og:image:type\" content=\"image\/jpeg\" \/>\n<meta name=\"twitter:card\" content=\"summary_large_image\" \/>\n<meta name=\"twitter:label1\" content=\"Dur\u00e9e de lecture estim\u00e9e\" \/>\n\t<meta name=\"twitter:data1\" content=\"1 minute\" \/>\n<script type=\"application\/ld+json\" class=\"yoast-schema-graph\">{\"@context\":\"https:\\\/\\\/schema.org\",\"@graph\":[{\"@type\":\"WebPage\",\"@id\":\"https:\\\/\\\/gerodan.es\\\/fr\\\/produits\\\/atlas-patas-sin-orejeras\\\/\",\"url\":\"https:\\\/\\\/gerodan.es\\\/fr\\\/produits\\\/atlas-patas-sin-orejeras\\\/\",\"name\":\"ATLAS RELAX CON PATAS - Gerodan\",\"isPartOf\":{\"@id\":\"https:\\\/\\\/gerodan.es\\\/fr\\\/#website\"},\"primaryImageOfPage\":{\"@id\":\"https:\\\/\\\/gerodan.es\\\/fr\\\/produits\\\/atlas-patas-sin-orejeras\\\/#primaryimage\"},\"image\":{\"@id\":\"https:\\\/\\\/gerodan.es\\\/fr\\\/produits\\\/atlas-patas-sin-orejeras\\\/#primaryimage\"},\"thumbnailUrl\":\"https:\\\/\\\/gerodan.es\\\/wp-content\\\/uploads\\\/2017\\\/12\\\/1-5.jpg\",\"datePublished\":\"2017-12-14T10:43:30+00:00\",\"dateModified\":\"2019-06-11T13:45:27+00:00\",\"description\":\"Atlas con patas sin orejeras, una butaca con soldaduras y acabado epoxy, con movimientos apalancados, gran robustez y con gran estabilidad y m\u00e1ximo confort.\",\"breadcrumb\":{\"@id\":\"https:\\\/\\\/gerodan.es\\\/fr\\\/produits\\\/atlas-patas-sin-orejeras\\\/#breadcrumb\"},\"inLanguage\":\"fr-FR\",\"potentialAction\":[{\"@type\":\"ReadAction\",\"target\":[\"https:\\\/\\\/gerodan.es\\\/fr\\\/produits\\\/atlas-patas-sin-orejeras\\\/\"]}]},{\"@type\":\"ImageObject\",\"inLanguage\":\"fr-FR\",\"@id\":\"https:\\\/\\\/gerodan.es\\\/fr\\\/produits\\\/atlas-patas-sin-orejeras\\\/#primaryimage\",\"url\":\"https:\\\/\\\/gerodan.es\\\/wp-content\\\/uploads\\\/2017\\\/12\\\/1-5.jpg\",\"contentUrl\":\"https:\\\/\\\/gerodan.es\\\/wp-content\\\/uploads\\\/2017\\\/12\\\/1-5.jpg\",\"width\":800,\"height\":800},{\"@type\":\"BreadcrumbList\",\"@id\":\"https:\\\/\\\/gerodan.es\\\/fr\\\/produits\\\/atlas-patas-sin-orejeras\\\/#breadcrumb\",\"itemListElement\":[{\"@type\":\"ListItem\",\"position\":1,\"name\":\"Home\",\"item\":\"https:\\\/\\\/gerodan.es\\\/fr\\\/\"},{\"@type\":\"ListItem\",\"position\":2,\"name\":\"Produits\",\"item\":\"https:\\\/\\\/gerodan.es\\\/fr\\\/produits\\\/\"},{\"@type\":\"ListItem\",\"position\":3,\"name\":\"ATLAS RELAX CON PATAS\"}]},{\"@type\":\"WebSite\",\"@id\":\"https:\\\/\\\/gerodan.es\\\/fr\\\/#website\",\"url\":\"https:\\\/\\\/gerodan.es\\\/fr\\\/\",\"name\":\"Gerodan\",\"description\":\"Venta de mobiliario adaptado a personas mayores\",\"potentialAction\":[{\"@type\":\"SearchAction\",\"target\":{\"@type\":\"EntryPoint\",\"urlTemplate\":\"https:\\\/\\\/gerodan.es\\\/fr\\\/?s={search_term_string}\"},\"query-input\":{\"@type\":\"PropertyValueSpecification\",\"valueRequired\":true,\"valueName\":\"search_term_string\"}}],\"inLanguage\":\"fr-FR\"}]}<\/script>\n<!-- \/ Yoast SEO plugin. -->","yoast_head_json":{"title":"ATLAS RELAX CON PATAS - Gerodan","description":"Atlas con patas sin orejeras, una butaca con soldaduras y acabado epoxy, con movimientos apalancados, gran robustez y con gran estabilidad y m\u00e1ximo confort.","robots":{"index":"index","follow":"follow","max-snippet":"max-snippet:-1","max-image-preview":"max-image-preview:large","max-video-preview":"max-video-preview:-1"},"canonical":"https:\/\/gerodan.es\/fr\/produits\/atlas-patas-sin-orejeras\/","og_locale":"fr_FR","og_type":"article","og_title":"ATLAS RELAX CON PATAS - Gerodan","og_description":"Atlas con patas sin orejeras, una butaca con soldaduras y acabado epoxy, con movimientos apalancados, gran robustez y con gran estabilidad y m\u00e1ximo confort.","og_url":"https:\/\/gerodan.es\/fr\/produits\/atlas-patas-sin-orejeras\/","og_site_name":"Gerodan","article_modified_time":"2019-06-11T13:45:27+00:00","og_image":[{"width":800,"height":800,"url":"https:\/\/gerodan.es\/wp-content\/uploads\/2017\/12\/1-5.jpg","type":"image\/jpeg"}],"twitter_card":"summary_large_image","twitter_misc":{"Dur\u00e9e de lecture estim\u00e9e":"1 minute"},"schema":{"@context":"https:\/\/schema.org","@graph":[{"@type":"WebPage","@id":"https:\/\/gerodan.es\/fr\/produits\/atlas-patas-sin-orejeras\/","url":"https:\/\/gerodan.es\/fr\/produits\/atlas-patas-sin-orejeras\/","name":"ATLAS RELAX CON PATAS - Gerodan","isPartOf":{"@id":"https:\/\/gerodan.es\/fr\/#website"},"primaryImageOfPage":{"@id":"https:\/\/gerodan.es\/fr\/produits\/atlas-patas-sin-orejeras\/#primaryimage"},"image":{"@id":"https:\/\/gerodan.es\/fr\/produits\/atlas-patas-sin-orejeras\/#primaryimage"},"thumbnailUrl":"https:\/\/gerodan.es\/wp-content\/uploads\/2017\/12\/1-5.jpg","datePublished":"2017-12-14T10:43:30+00:00","dateModified":"2019-06-11T13:45:27+00:00","description":"Atlas con patas sin orejeras, una butaca con soldaduras y acabado epoxy, con movimientos apalancados, gran robustez y con gran estabilidad y m\u00e1ximo confort.","breadcrumb":{"@id":"https:\/\/gerodan.es\/fr\/produits\/atlas-patas-sin-orejeras\/#breadcrumb"},"inLanguage":"fr-FR","potentialAction":[{"@type":"ReadAction","target":["https:\/\/gerodan.es\/fr\/produits\/atlas-patas-sin-orejeras\/"]}]},{"@type":"ImageObject","inLanguage":"fr-FR","@id":"https:\/\/gerodan.es\/fr\/produits\/atlas-patas-sin-orejeras\/#primaryimage","url":"https:\/\/gerodan.es\/wp-content\/uploads\/2017\/12\/1-5.jpg","contentUrl":"https:\/\/gerodan.es\/wp-content\/uploads\/2017\/12\/1-5.jpg","width":800,"height":800},{"@type":"BreadcrumbList","@id":"https:\/\/gerodan.es\/fr\/produits\/atlas-patas-sin-orejeras\/#breadcrumb","itemListElement":[{"@type":"ListItem","position":1,"name":"Home","item":"https:\/\/gerodan.es\/fr\/"},{"@type":"ListItem","position":2,"name":"Produits","item":"https:\/\/gerodan.es\/fr\/produits\/"},{"@type":"ListItem","position":3,"name":"ATLAS RELAX CON PATAS"}]},{"@type":"WebSite","@id":"https:\/\/gerodan.es\/fr\/#website","url":"https:\/\/gerodan.es\/fr\/","name":"Gerodan","description":"Venta de mobiliario adaptado a personas mayores","potentialAction":[{"@type":"SearchAction","target":{"@type":"EntryPoint","urlTemplate":"https:\/\/gerodan.es\/fr\/?s={search_term_string}"},"query-input":{"@type":"PropertyValueSpecification","valueRequired":true,"valueName":"search_term_string"}}],"inLanguage":"fr-FR"}]}},"_links":{"self":[{"href":"https:\/\/gerodan.es\/fr\/wp-json\/wp\/v2\/product\/3945","targetHints":{"allow":["GET"]}}],"collection":[{"href":"https:\/\/gerodan.es\/fr\/wp-json\/wp\/v2\/product"}],"about":[{"href":"https:\/\/gerodan.es\/fr\/wp-json\/wp\/v2\/types\/product"}],"wp:featuredmedia":[{"embeddable":true,"href":"https:\/\/gerodan.es\/fr\/wp-json\/wp\/v2\/media\/3947"}],"wp:attachment":[{"href":"https:\/\/gerodan.es\/fr\/wp-json\/wp\/v2\/media?parent=3945"}],"wp:term":[{"taxonomy":"grado-de-dependencia","embeddable":true,"href":"https:\/\/gerodan.es\/fr\/wp-json\/wp\/v2\/grado-de-dependencia?post=3945"},{"taxonomy":"product_brand","embeddable":true,"href":"https:\/\/gerodan.es\/fr\/wp-json\/wp\/v2\/product_brand?post=3945"},{"taxonomy":"product_cat","embeddable":true,"href":"https:\/\/gerodan.es\/fr\/wp-json\/wp\/v2\/product_cat?post=3945"},{"taxonomy":"product_tag","embeddable":true,"href":"https:\/\/gerodan.es\/fr\/wp-json\/wp\/v2\/product_tag?post=3945"}],"curies":[{"name":"wp","href":"https:\/\/api.w.org\/{rel}","templated":true}]}}