{"id":3959,"date":"2017-11-23T08:57:22","date_gmt":"2017-11-23T08:57:22","guid":{"rendered":"https:\/\/gerodan.es\/nuevaweb\/productos\/sillo-oikos\/"},"modified":"2019-09-16T11:00:23","modified_gmt":"2019-09-16T11:00:23","slug":"sillo-oikos","status":"publish","type":"product","link":"https:\/\/gerodan.es\/fr\/produits\/sillo-oikos\/","title":{"rendered":"Sill\u00f3n  oikos"},"content":{"rendered":"<p>Basado en referencias formales atemporales, caracterizado por sus l\u00edneas rectas y sobrias, sus vol\u00famenes exteriores, Ioko explora nuevas f\u00f3rmulas culturales dentro de una l\u00f3gica funcionalidad novedosa que ofrece un nivel de acabado excelente y un confort de asiento sorprendente. Pensado para zonas colectivas de alto nivel.<br \/>\nEl programa se propone en colores cl\u00e1sicos: gris antracita (RAL 7021) y gris perla (RAL 7004) que combinan con estructura 4 pies, acabado en epoxy aluminio o epoxy negro, pero a su vez existen colores actuales.<\/p>\n<p>&nbsp;<\/p>\n<p><strong>Estructura:<\/strong> Acero acabado en Epoxy gris<\/p>\n<p><strong>Caracter\u00edsticas adicionales:<\/strong> Carcasa de polipropileno<\/p>\n","protected":false},"excerpt":{"rendered":"<p>Basado en referencias formales atemporales, caracterizado por sus l\u00edneas rectas  [&#8230;]<\/p>\n","protected":false},"featured_media":3960,"template":"","meta":{"_acf_changed":false},"grado-de-dependencia":[],"product_brand":[],"product_cat":[352,351],"product_tag":[],"class_list":{"0":"post-3959","1":"product","2":"type-product","3":"status-publish","4":"has-post-thumbnail","6":"product_cat-chaises-avec-accoudoirs","7":"product_cat-chaises-et-fauteuils","9":"first","10":"instock","11":"shipping-taxable","12":"product-type-simple"},"acf":[],"yoast_head":"<!-- This site is optimized with the Yoast SEO plugin v27.4 - https:\/\/yoast.com\/product\/yoast-seo-wordpress\/ -->\n<title>Sill\u00f3n oikos - Gerodan<\/title>\n<meta name=\"description\" content=\"El sill\u00f3n Oikos, est\u00e1 pensado para zonas colectivas de alto nivel, proporcionando al paciente un confort sorprendente y con un acabado excelente.\" \/>\n<meta name=\"robots\" content=\"index, follow, max-snippet:-1, max-image-preview:large, max-video-preview:-1\" \/>\n<link rel=\"canonical\" href=\"https:\/\/gerodan.es\/fr\/produits\/sillo-oikos\/\" \/>\n<meta property=\"og:locale\" content=\"fr_FR\" \/>\n<meta property=\"og:type\" content=\"article\" \/>\n<meta property=\"og:title\" content=\"Sill\u00f3n oikos - Gerodan\" \/>\n<meta property=\"og:description\" content=\"El sill\u00f3n Oikos, est\u00e1 pensado para zonas colectivas de alto nivel, proporcionando al paciente un confort sorprendente y con un acabado excelente.\" \/>\n<meta property=\"og:url\" content=\"https:\/\/gerodan.es\/fr\/produits\/sillo-oikos\/\" \/>\n<meta property=\"og:site_name\" content=\"Gerodan\" \/>\n<meta property=\"article:modified_time\" content=\"2019-09-16T11:00:23+00:00\" \/>\n<meta property=\"og:image\" content=\"https:\/\/gerodan.es\/wp-content\/uploads\/2017\/11\/oikos.jpg\" \/>\n\t<meta property=\"og:image:width\" content=\"800\" \/>\n\t<meta property=\"og:image:height\" content=\"800\" \/>\n\t<meta property=\"og:image:type\" content=\"image\/jpeg\" \/>\n<meta name=\"twitter:card\" content=\"summary_large_image\" \/>\n<script type=\"application\/ld+json\" class=\"yoast-schema-graph\">{\"@context\":\"https:\\\/\\\/schema.org\",\"@graph\":[{\"@type\":\"WebPage\",\"@id\":\"https:\\\/\\\/gerodan.es\\\/fr\\\/produits\\\/sillo-oikos\\\/\",\"url\":\"https:\\\/\\\/gerodan.es\\\/fr\\\/produits\\\/sillo-oikos\\\/\",\"name\":\"Sill\u00f3n oikos - Gerodan\",\"isPartOf\":{\"@id\":\"https:\\\/\\\/gerodan.es\\\/fr\\\/#website\"},\"primaryImageOfPage\":{\"@id\":\"https:\\\/\\\/gerodan.es\\\/fr\\\/produits\\\/sillo-oikos\\\/#primaryimage\"},\"image\":{\"@id\":\"https:\\\/\\\/gerodan.es\\\/fr\\\/produits\\\/sillo-oikos\\\/#primaryimage\"},\"thumbnailUrl\":\"https:\\\/\\\/gerodan.es\\\/wp-content\\\/uploads\\\/2017\\\/11\\\/oikos.jpg\",\"datePublished\":\"2017-11-23T08:57:22+00:00\",\"dateModified\":\"2019-09-16T11:00:23+00:00\",\"description\":\"El sill\u00f3n Oikos, est\u00e1 pensado para zonas colectivas de alto nivel, proporcionando al paciente un confort sorprendente y con un acabado excelente.\",\"breadcrumb\":{\"@id\":\"https:\\\/\\\/gerodan.es\\\/fr\\\/produits\\\/sillo-oikos\\\/#breadcrumb\"},\"inLanguage\":\"fr-FR\",\"potentialAction\":[{\"@type\":\"ReadAction\",\"target\":[\"https:\\\/\\\/gerodan.es\\\/fr\\\/produits\\\/sillo-oikos\\\/\"]}]},{\"@type\":\"ImageObject\",\"inLanguage\":\"fr-FR\",\"@id\":\"https:\\\/\\\/gerodan.es\\\/fr\\\/produits\\\/sillo-oikos\\\/#primaryimage\",\"url\":\"https:\\\/\\\/gerodan.es\\\/wp-content\\\/uploads\\\/2017\\\/11\\\/oikos.jpg\",\"contentUrl\":\"https:\\\/\\\/gerodan.es\\\/wp-content\\\/uploads\\\/2017\\\/11\\\/oikos.jpg\",\"width\":800,\"height\":800},{\"@type\":\"BreadcrumbList\",\"@id\":\"https:\\\/\\\/gerodan.es\\\/fr\\\/produits\\\/sillo-oikos\\\/#breadcrumb\",\"itemListElement\":[{\"@type\":\"ListItem\",\"position\":1,\"name\":\"Home\",\"item\":\"https:\\\/\\\/gerodan.es\\\/fr\\\/\"},{\"@type\":\"ListItem\",\"position\":2,\"name\":\"Produits\",\"item\":\"https:\\\/\\\/gerodan.es\\\/fr\\\/produits\\\/\"},{\"@type\":\"ListItem\",\"position\":3,\"name\":\"Sill\u00f3n oikos\"}]},{\"@type\":\"WebSite\",\"@id\":\"https:\\\/\\\/gerodan.es\\\/fr\\\/#website\",\"url\":\"https:\\\/\\\/gerodan.es\\\/fr\\\/\",\"name\":\"Gerodan\",\"description\":\"Venta de mobiliario adaptado a personas mayores\",\"potentialAction\":[{\"@type\":\"SearchAction\",\"target\":{\"@type\":\"EntryPoint\",\"urlTemplate\":\"https:\\\/\\\/gerodan.es\\\/fr\\\/?s={search_term_string}\"},\"query-input\":{\"@type\":\"PropertyValueSpecification\",\"valueRequired\":true,\"valueName\":\"search_term_string\"}}],\"inLanguage\":\"fr-FR\"}]}<\/script>\n<!-- \/ Yoast SEO plugin. -->","yoast_head_json":{"title":"Sill\u00f3n oikos - Gerodan","description":"El sill\u00f3n Oikos, est\u00e1 pensado para zonas colectivas de alto nivel, proporcionando al paciente un confort sorprendente y con un acabado excelente.","robots":{"index":"index","follow":"follow","max-snippet":"max-snippet:-1","max-image-preview":"max-image-preview:large","max-video-preview":"max-video-preview:-1"},"canonical":"https:\/\/gerodan.es\/fr\/produits\/sillo-oikos\/","og_locale":"fr_FR","og_type":"article","og_title":"Sill\u00f3n oikos - Gerodan","og_description":"El sill\u00f3n Oikos, est\u00e1 pensado para zonas colectivas de alto nivel, proporcionando al paciente un confort sorprendente y con un acabado excelente.","og_url":"https:\/\/gerodan.es\/fr\/produits\/sillo-oikos\/","og_site_name":"Gerodan","article_modified_time":"2019-09-16T11:00:23+00:00","og_image":[{"width":800,"height":800,"url":"https:\/\/gerodan.es\/wp-content\/uploads\/2017\/11\/oikos.jpg","type":"image\/jpeg"}],"twitter_card":"summary_large_image","schema":{"@context":"https:\/\/schema.org","@graph":[{"@type":"WebPage","@id":"https:\/\/gerodan.es\/fr\/produits\/sillo-oikos\/","url":"https:\/\/gerodan.es\/fr\/produits\/sillo-oikos\/","name":"Sill\u00f3n oikos - Gerodan","isPartOf":{"@id":"https:\/\/gerodan.es\/fr\/#website"},"primaryImageOfPage":{"@id":"https:\/\/gerodan.es\/fr\/produits\/sillo-oikos\/#primaryimage"},"image":{"@id":"https:\/\/gerodan.es\/fr\/produits\/sillo-oikos\/#primaryimage"},"thumbnailUrl":"https:\/\/gerodan.es\/wp-content\/uploads\/2017\/11\/oikos.jpg","datePublished":"2017-11-23T08:57:22+00:00","dateModified":"2019-09-16T11:00:23+00:00","description":"El sill\u00f3n Oikos, est\u00e1 pensado para zonas colectivas de alto nivel, proporcionando al paciente un confort sorprendente y con un acabado excelente.","breadcrumb":{"@id":"https:\/\/gerodan.es\/fr\/produits\/sillo-oikos\/#breadcrumb"},"inLanguage":"fr-FR","potentialAction":[{"@type":"ReadAction","target":["https:\/\/gerodan.es\/fr\/produits\/sillo-oikos\/"]}]},{"@type":"ImageObject","inLanguage":"fr-FR","@id":"https:\/\/gerodan.es\/fr\/produits\/sillo-oikos\/#primaryimage","url":"https:\/\/gerodan.es\/wp-content\/uploads\/2017\/11\/oikos.jpg","contentUrl":"https:\/\/gerodan.es\/wp-content\/uploads\/2017\/11\/oikos.jpg","width":800,"height":800},{"@type":"BreadcrumbList","@id":"https:\/\/gerodan.es\/fr\/produits\/sillo-oikos\/#breadcrumb","itemListElement":[{"@type":"ListItem","position":1,"name":"Home","item":"https:\/\/gerodan.es\/fr\/"},{"@type":"ListItem","position":2,"name":"Produits","item":"https:\/\/gerodan.es\/fr\/produits\/"},{"@type":"ListItem","position":3,"name":"Sill\u00f3n oikos"}]},{"@type":"WebSite","@id":"https:\/\/gerodan.es\/fr\/#website","url":"https:\/\/gerodan.es\/fr\/","name":"Gerodan","description":"Venta de mobiliario adaptado a personas mayores","potentialAction":[{"@type":"SearchAction","target":{"@type":"EntryPoint","urlTemplate":"https:\/\/gerodan.es\/fr\/?s={search_term_string}"},"query-input":{"@type":"PropertyValueSpecification","valueRequired":true,"valueName":"search_term_string"}}],"inLanguage":"fr-FR"}]}},"_links":{"self":[{"href":"https:\/\/gerodan.es\/fr\/wp-json\/wp\/v2\/product\/3959","targetHints":{"allow":["GET"]}}],"collection":[{"href":"https:\/\/gerodan.es\/fr\/wp-json\/wp\/v2\/product"}],"about":[{"href":"https:\/\/gerodan.es\/fr\/wp-json\/wp\/v2\/types\/product"}],"wp:featuredmedia":[{"embeddable":true,"href":"https:\/\/gerodan.es\/fr\/wp-json\/wp\/v2\/media\/3960"}],"wp:attachment":[{"href":"https:\/\/gerodan.es\/fr\/wp-json\/wp\/v2\/media?parent=3959"}],"wp:term":[{"taxonomy":"grado-de-dependencia","embeddable":true,"href":"https:\/\/gerodan.es\/fr\/wp-json\/wp\/v2\/grado-de-dependencia?post=3959"},{"taxonomy":"product_brand","embeddable":true,"href":"https:\/\/gerodan.es\/fr\/wp-json\/wp\/v2\/product_brand?post=3959"},{"taxonomy":"product_cat","embeddable":true,"href":"https:\/\/gerodan.es\/fr\/wp-json\/wp\/v2\/product_cat?post=3959"},{"taxonomy":"product_tag","embeddable":true,"href":"https:\/\/gerodan.es\/fr\/wp-json\/wp\/v2\/product_tag?post=3959"}],"curies":[{"name":"wp","href":"https:\/\/api.w.org\/{rel}","templated":true}]}}