{"id":3970,"date":"2017-11-13T11:42:10","date_gmt":"2017-11-13T11:42:10","guid":{"rendered":"https:\/\/gerodan.es\/nuevaweb\/productos\/mesilla-excell-hueco\/"},"modified":"2019-09-10T09:47:08","modified_gmt":"2019-09-10T09:47:08","slug":"mesilla-excell-hueco","status":"publish","type":"product","link":"https:\/\/gerodan.es\/fr\/produits\/mesilla-excell-hueco\/","title":{"rendered":"mesilla EXCELL con hueco"},"content":{"rendered":"<p>Mesita de noche con tapa postformada curvada. Dispone de caj\u00f3n superior y puerta inferior reversible derecha\/izquierda, entre estos un hueco f\u00e1cil de limpiar. Cajon con correderas tipo gacela y facilidad de desmontaje. Puertas con bisagras de 90\u00ba. Estructura melaminizada en color haya. Patas pvc acabado metalizado, antihumedad.<\/p>\n","protected":false},"excerpt":{"rendered":"<p>Mesita de noche con tapa postformada curvada. Dispone de caj\u00f3n  [&#8230;]<\/p>\n","protected":false},"featured_media":3971,"template":"","meta":{"_acf_changed":false},"grado-de-dependencia":[],"product_brand":[],"product_cat":[355,353],"product_tag":[],"class_list":{"0":"post-3970","1":"product","2":"type-product","3":"status-publish","4":"has-post-thumbnail","6":"product_cat-chevets","7":"product_cat-meubles-adaptes","9":"first","10":"instock","11":"shipping-taxable","12":"product-type-simple"},"acf":[],"yoast_head":"<!-- This site is optimized with the Yoast SEO plugin v27.4 - https:\/\/yoast.com\/product\/yoast-seo-wordpress\/ -->\n<title>Mesita de noche Excell<\/title>\n<meta name=\"description\" content=\"La mesilla Excell de noche tiene un caj\u00f3n superior y una puerta inferior reversible, lo que hace que sea m\u00e1s c\u00f3moda y tiene gran capacidad de almacenaje.\" \/>\n<meta name=\"robots\" content=\"index, follow, max-snippet:-1, max-image-preview:large, max-video-preview:-1\" \/>\n<link rel=\"canonical\" href=\"https:\/\/gerodan.es\/fr\/produits\/mesilla-excell-hueco\/\" \/>\n<meta property=\"og:locale\" content=\"fr_FR\" \/>\n<meta property=\"og:type\" content=\"article\" \/>\n<meta property=\"og:title\" content=\"Mesita de noche Excell\" \/>\n<meta property=\"og:description\" content=\"La mesilla Excell de noche tiene un caj\u00f3n superior y una puerta inferior reversible, lo que hace que sea m\u00e1s c\u00f3moda y tiene gran capacidad de almacenaje.\" \/>\n<meta property=\"og:url\" content=\"https:\/\/gerodan.es\/fr\/produits\/mesilla-excell-hueco\/\" \/>\n<meta property=\"og:site_name\" content=\"Gerodan\" \/>\n<meta property=\"article:modified_time\" content=\"2019-09-10T09:47:08+00:00\" \/>\n<meta property=\"og:image\" content=\"https:\/\/gerodan.es\/wp-content\/uploads\/2017\/11\/MESILA_EXCELL_hueco.jpg\" \/>\n\t<meta property=\"og:image:width\" content=\"887\" \/>\n\t<meta property=\"og:image:height\" content=\"887\" \/>\n\t<meta property=\"og:image:type\" content=\"image\/jpeg\" \/>\n<meta name=\"twitter:card\" content=\"summary_large_image\" \/>\n<script type=\"application\/ld+json\" class=\"yoast-schema-graph\">{\"@context\":\"https:\\\/\\\/schema.org\",\"@graph\":[{\"@type\":\"WebPage\",\"@id\":\"https:\\\/\\\/gerodan.es\\\/fr\\\/produits\\\/mesilla-excell-hueco\\\/\",\"url\":\"https:\\\/\\\/gerodan.es\\\/fr\\\/produits\\\/mesilla-excell-hueco\\\/\",\"name\":\"Mesita de noche Excell\",\"isPartOf\":{\"@id\":\"https:\\\/\\\/gerodan.es\\\/fr\\\/#website\"},\"primaryImageOfPage\":{\"@id\":\"https:\\\/\\\/gerodan.es\\\/fr\\\/produits\\\/mesilla-excell-hueco\\\/#primaryimage\"},\"image\":{\"@id\":\"https:\\\/\\\/gerodan.es\\\/fr\\\/produits\\\/mesilla-excell-hueco\\\/#primaryimage\"},\"thumbnailUrl\":\"https:\\\/\\\/gerodan.es\\\/wp-content\\\/uploads\\\/2017\\\/11\\\/MESILA_EXCELL_hueco.jpg\",\"datePublished\":\"2017-11-13T11:42:10+00:00\",\"dateModified\":\"2019-09-10T09:47:08+00:00\",\"description\":\"La mesilla Excell de noche tiene un caj\u00f3n superior y una puerta inferior reversible, lo que hace que sea m\u00e1s c\u00f3moda y tiene gran capacidad de almacenaje.\",\"breadcrumb\":{\"@id\":\"https:\\\/\\\/gerodan.es\\\/fr\\\/produits\\\/mesilla-excell-hueco\\\/#breadcrumb\"},\"inLanguage\":\"fr-FR\",\"potentialAction\":[{\"@type\":\"ReadAction\",\"target\":[\"https:\\\/\\\/gerodan.es\\\/fr\\\/produits\\\/mesilla-excell-hueco\\\/\"]}]},{\"@type\":\"ImageObject\",\"inLanguage\":\"fr-FR\",\"@id\":\"https:\\\/\\\/gerodan.es\\\/fr\\\/produits\\\/mesilla-excell-hueco\\\/#primaryimage\",\"url\":\"https:\\\/\\\/gerodan.es\\\/wp-content\\\/uploads\\\/2017\\\/11\\\/MESILA_EXCELL_hueco.jpg\",\"contentUrl\":\"https:\\\/\\\/gerodan.es\\\/wp-content\\\/uploads\\\/2017\\\/11\\\/MESILA_EXCELL_hueco.jpg\",\"width\":887,\"height\":887},{\"@type\":\"BreadcrumbList\",\"@id\":\"https:\\\/\\\/gerodan.es\\\/fr\\\/produits\\\/mesilla-excell-hueco\\\/#breadcrumb\",\"itemListElement\":[{\"@type\":\"ListItem\",\"position\":1,\"name\":\"Home\",\"item\":\"https:\\\/\\\/gerodan.es\\\/fr\\\/\"},{\"@type\":\"ListItem\",\"position\":2,\"name\":\"Produits\",\"item\":\"https:\\\/\\\/gerodan.es\\\/fr\\\/produits\\\/\"},{\"@type\":\"ListItem\",\"position\":3,\"name\":\"mesilla EXCELL con hueco\"}]},{\"@type\":\"WebSite\",\"@id\":\"https:\\\/\\\/gerodan.es\\\/fr\\\/#website\",\"url\":\"https:\\\/\\\/gerodan.es\\\/fr\\\/\",\"name\":\"Gerodan\",\"description\":\"Venta de mobiliario adaptado a personas mayores\",\"potentialAction\":[{\"@type\":\"SearchAction\",\"target\":{\"@type\":\"EntryPoint\",\"urlTemplate\":\"https:\\\/\\\/gerodan.es\\\/fr\\\/?s={search_term_string}\"},\"query-input\":{\"@type\":\"PropertyValueSpecification\",\"valueRequired\":true,\"valueName\":\"search_term_string\"}}],\"inLanguage\":\"fr-FR\"}]}<\/script>\n<!-- \/ Yoast SEO plugin. -->","yoast_head_json":{"title":"Mesita de noche Excell","description":"La mesilla Excell de noche tiene un caj\u00f3n superior y una puerta inferior reversible, lo que hace que sea m\u00e1s c\u00f3moda y tiene gran capacidad de almacenaje.","robots":{"index":"index","follow":"follow","max-snippet":"max-snippet:-1","max-image-preview":"max-image-preview:large","max-video-preview":"max-video-preview:-1"},"canonical":"https:\/\/gerodan.es\/fr\/produits\/mesilla-excell-hueco\/","og_locale":"fr_FR","og_type":"article","og_title":"Mesita de noche Excell","og_description":"La mesilla Excell de noche tiene un caj\u00f3n superior y una puerta inferior reversible, lo que hace que sea m\u00e1s c\u00f3moda y tiene gran capacidad de almacenaje.","og_url":"https:\/\/gerodan.es\/fr\/produits\/mesilla-excell-hueco\/","og_site_name":"Gerodan","article_modified_time":"2019-09-10T09:47:08+00:00","og_image":[{"width":887,"height":887,"url":"https:\/\/gerodan.es\/wp-content\/uploads\/2017\/11\/MESILA_EXCELL_hueco.jpg","type":"image\/jpeg"}],"twitter_card":"summary_large_image","schema":{"@context":"https:\/\/schema.org","@graph":[{"@type":"WebPage","@id":"https:\/\/gerodan.es\/fr\/produits\/mesilla-excell-hueco\/","url":"https:\/\/gerodan.es\/fr\/produits\/mesilla-excell-hueco\/","name":"Mesita de noche Excell","isPartOf":{"@id":"https:\/\/gerodan.es\/fr\/#website"},"primaryImageOfPage":{"@id":"https:\/\/gerodan.es\/fr\/produits\/mesilla-excell-hueco\/#primaryimage"},"image":{"@id":"https:\/\/gerodan.es\/fr\/produits\/mesilla-excell-hueco\/#primaryimage"},"thumbnailUrl":"https:\/\/gerodan.es\/wp-content\/uploads\/2017\/11\/MESILA_EXCELL_hueco.jpg","datePublished":"2017-11-13T11:42:10+00:00","dateModified":"2019-09-10T09:47:08+00:00","description":"La mesilla Excell de noche tiene un caj\u00f3n superior y una puerta inferior reversible, lo que hace que sea m\u00e1s c\u00f3moda y tiene gran capacidad de almacenaje.","breadcrumb":{"@id":"https:\/\/gerodan.es\/fr\/produits\/mesilla-excell-hueco\/#breadcrumb"},"inLanguage":"fr-FR","potentialAction":[{"@type":"ReadAction","target":["https:\/\/gerodan.es\/fr\/produits\/mesilla-excell-hueco\/"]}]},{"@type":"ImageObject","inLanguage":"fr-FR","@id":"https:\/\/gerodan.es\/fr\/produits\/mesilla-excell-hueco\/#primaryimage","url":"https:\/\/gerodan.es\/wp-content\/uploads\/2017\/11\/MESILA_EXCELL_hueco.jpg","contentUrl":"https:\/\/gerodan.es\/wp-content\/uploads\/2017\/11\/MESILA_EXCELL_hueco.jpg","width":887,"height":887},{"@type":"BreadcrumbList","@id":"https:\/\/gerodan.es\/fr\/produits\/mesilla-excell-hueco\/#breadcrumb","itemListElement":[{"@type":"ListItem","position":1,"name":"Home","item":"https:\/\/gerodan.es\/fr\/"},{"@type":"ListItem","position":2,"name":"Produits","item":"https:\/\/gerodan.es\/fr\/produits\/"},{"@type":"ListItem","position":3,"name":"mesilla EXCELL con hueco"}]},{"@type":"WebSite","@id":"https:\/\/gerodan.es\/fr\/#website","url":"https:\/\/gerodan.es\/fr\/","name":"Gerodan","description":"Venta de mobiliario adaptado a personas mayores","potentialAction":[{"@type":"SearchAction","target":{"@type":"EntryPoint","urlTemplate":"https:\/\/gerodan.es\/fr\/?s={search_term_string}"},"query-input":{"@type":"PropertyValueSpecification","valueRequired":true,"valueName":"search_term_string"}}],"inLanguage":"fr-FR"}]}},"_links":{"self":[{"href":"https:\/\/gerodan.es\/fr\/wp-json\/wp\/v2\/product\/3970","targetHints":{"allow":["GET"]}}],"collection":[{"href":"https:\/\/gerodan.es\/fr\/wp-json\/wp\/v2\/product"}],"about":[{"href":"https:\/\/gerodan.es\/fr\/wp-json\/wp\/v2\/types\/product"}],"wp:featuredmedia":[{"embeddable":true,"href":"https:\/\/gerodan.es\/fr\/wp-json\/wp\/v2\/media\/3971"}],"wp:attachment":[{"href":"https:\/\/gerodan.es\/fr\/wp-json\/wp\/v2\/media?parent=3970"}],"wp:term":[{"taxonomy":"grado-de-dependencia","embeddable":true,"href":"https:\/\/gerodan.es\/fr\/wp-json\/wp\/v2\/grado-de-dependencia?post=3970"},{"taxonomy":"product_brand","embeddable":true,"href":"https:\/\/gerodan.es\/fr\/wp-json\/wp\/v2\/product_brand?post=3970"},{"taxonomy":"product_cat","embeddable":true,"href":"https:\/\/gerodan.es\/fr\/wp-json\/wp\/v2\/product_cat?post=3970"},{"taxonomy":"product_tag","embeddable":true,"href":"https:\/\/gerodan.es\/fr\/wp-json\/wp\/v2\/product_tag?post=3970"}],"curies":[{"name":"wp","href":"https:\/\/api.w.org\/{rel}","templated":true}]}}