{"id":3976,"date":"2017-11-08T10:41:33","date_gmt":"2017-11-08T10:41:33","guid":{"rendered":"https:\/\/gerodan.es\/nuevaweb\/productos\/aparador-maurice\/"},"modified":"2019-06-19T08:12:39","modified_gmt":"2019-06-19T08:12:39","slug":"aparador-maurice","status":"publish","type":"product","link":"https:\/\/gerodan.es\/fr\/produits\/aparador-maurice\/","title":{"rendered":"Aparador maurice"},"content":{"rendered":"<p>Buffete MAURICE recoge una colecci\u00f3n de aparadores y buffetes donde los conceptos cl\u00e1sicos se interpretan de una forma muy actual, con l\u00edneas m\u00e1s rectas. Los enmarcados se construyen a testa y, opcionalmente, pueden presentarse distintos tipos de tiradores.<\/p>\n<p>El mueble en su conjunto se fabrica en madera maciza de haya, y se presenta en distintos acabados barnizados, lacados o patinados sobre muestra.<\/p>\n<p>Opcionalmente tambi\u00e9n puede fabricarse en madera maciza de pino. Otros materiales bajo consulta.<\/p>\n<p>En un ancho de 180 y 150cm presenta tres puertas frontales<\/p>\n<p>Buffete MAURICE presenta soluciones como:<\/p>\n<p>-Mueble de entrada, recepci\u00f3n, admite el complemento de cuadros, l\u00e1mparas de sobremesa y objetos decorativos en su hueco inferior,<\/p>\n<p>&#8211; Mueble soporte de TV para salas de estar,<\/p>\n<p>-Aparador para despachos de visita de clientes, si buscamos espacios con alto valor.<\/p>\n<p>-Bufette para comedores<\/p>\n","protected":false},"excerpt":{"rendered":"<p>Buffete MAURICE recoge una colecci\u00f3n de aparadores y buffetes donde  [&#8230;]<\/p>\n","protected":false},"featured_media":3977,"template":"","meta":{"_acf_changed":false},"grado-de-dependencia":[],"product_brand":[],"product_cat":[362,353],"product_tag":[],"class_list":{"0":"post-3976","1":"product","2":"type-product","3":"status-publish","4":"has-post-thumbnail","6":"product_cat-aparadores-fr","7":"product_cat-meubles-adaptes","9":"first","10":"instock","11":"shipping-taxable","12":"product-type-simple"},"acf":[],"yoast_head":"<!-- This site is optimized with the Yoast SEO plugin v27.4 - https:\/\/yoast.com\/product\/yoast-seo-wordpress\/ -->\n<title>Aparador maurice - Gerodan<\/title>\n<meta name=\"description\" content=\"El aparador Maurice es un concepto cl\u00e1sico que se interpreta de una forma muy actual, ideal como mueble de entrada, recepci\u00f3n, mueble soporte...\" \/>\n<meta name=\"robots\" content=\"index, follow, max-snippet:-1, max-image-preview:large, max-video-preview:-1\" \/>\n<link rel=\"canonical\" href=\"https:\/\/gerodan.es\/fr\/produits\/aparador-maurice\/\" \/>\n<meta property=\"og:locale\" content=\"fr_FR\" \/>\n<meta property=\"og:type\" content=\"article\" \/>\n<meta property=\"og:title\" content=\"Aparador maurice - Gerodan\" \/>\n<meta property=\"og:description\" content=\"El aparador Maurice es un concepto cl\u00e1sico que se interpreta de una forma muy actual, ideal como mueble de entrada, recepci\u00f3n, mueble soporte...\" \/>\n<meta property=\"og:url\" content=\"https:\/\/gerodan.es\/fr\/produits\/aparador-maurice\/\" \/>\n<meta property=\"og:site_name\" content=\"Gerodan\" \/>\n<meta property=\"article:modified_time\" content=\"2019-06-19T08:12:39+00:00\" \/>\n<meta property=\"og:image\" content=\"https:\/\/gerodan.es\/wp-content\/uploads\/2017\/11\/Sin-ccccc1-1.jpg\" \/>\n\t<meta property=\"og:image:width\" content=\"1654\" \/>\n\t<meta property=\"og:image:height\" content=\"2362\" \/>\n\t<meta property=\"og:image:type\" content=\"image\/jpeg\" \/>\n<meta name=\"twitter:card\" content=\"summary_large_image\" \/>\n<meta name=\"twitter:label1\" content=\"Dur\u00e9e de lecture estim\u00e9e\" \/>\n\t<meta name=\"twitter:data1\" content=\"1 minute\" \/>\n<script type=\"application\/ld+json\" class=\"yoast-schema-graph\">{\"@context\":\"https:\\\/\\\/schema.org\",\"@graph\":[{\"@type\":\"WebPage\",\"@id\":\"https:\\\/\\\/gerodan.es\\\/fr\\\/produits\\\/aparador-maurice\\\/\",\"url\":\"https:\\\/\\\/gerodan.es\\\/fr\\\/produits\\\/aparador-maurice\\\/\",\"name\":\"Aparador maurice - Gerodan\",\"isPartOf\":{\"@id\":\"https:\\\/\\\/gerodan.es\\\/fr\\\/#website\"},\"primaryImageOfPage\":{\"@id\":\"https:\\\/\\\/gerodan.es\\\/fr\\\/produits\\\/aparador-maurice\\\/#primaryimage\"},\"image\":{\"@id\":\"https:\\\/\\\/gerodan.es\\\/fr\\\/produits\\\/aparador-maurice\\\/#primaryimage\"},\"thumbnailUrl\":\"https:\\\/\\\/gerodan.es\\\/wp-content\\\/uploads\\\/2017\\\/11\\\/Sin-ccccc1-1.jpg\",\"datePublished\":\"2017-11-08T10:41:33+00:00\",\"dateModified\":\"2019-06-19T08:12:39+00:00\",\"description\":\"El aparador Maurice es un concepto cl\u00e1sico que se interpreta de una forma muy actual, ideal como mueble de entrada, recepci\u00f3n, mueble soporte...\",\"breadcrumb\":{\"@id\":\"https:\\\/\\\/gerodan.es\\\/fr\\\/produits\\\/aparador-maurice\\\/#breadcrumb\"},\"inLanguage\":\"fr-FR\",\"potentialAction\":[{\"@type\":\"ReadAction\",\"target\":[\"https:\\\/\\\/gerodan.es\\\/fr\\\/produits\\\/aparador-maurice\\\/\"]}]},{\"@type\":\"ImageObject\",\"inLanguage\":\"fr-FR\",\"@id\":\"https:\\\/\\\/gerodan.es\\\/fr\\\/produits\\\/aparador-maurice\\\/#primaryimage\",\"url\":\"https:\\\/\\\/gerodan.es\\\/wp-content\\\/uploads\\\/2017\\\/11\\\/Sin-ccccc1-1.jpg\",\"contentUrl\":\"https:\\\/\\\/gerodan.es\\\/wp-content\\\/uploads\\\/2017\\\/11\\\/Sin-ccccc1-1.jpg\",\"width\":1654,\"height\":2362},{\"@type\":\"BreadcrumbList\",\"@id\":\"https:\\\/\\\/gerodan.es\\\/fr\\\/produits\\\/aparador-maurice\\\/#breadcrumb\",\"itemListElement\":[{\"@type\":\"ListItem\",\"position\":1,\"name\":\"Home\",\"item\":\"https:\\\/\\\/gerodan.es\\\/fr\\\/\"},{\"@type\":\"ListItem\",\"position\":2,\"name\":\"Produits\",\"item\":\"https:\\\/\\\/gerodan.es\\\/fr\\\/produits\\\/\"},{\"@type\":\"ListItem\",\"position\":3,\"name\":\"Aparador maurice\"}]},{\"@type\":\"WebSite\",\"@id\":\"https:\\\/\\\/gerodan.es\\\/fr\\\/#website\",\"url\":\"https:\\\/\\\/gerodan.es\\\/fr\\\/\",\"name\":\"Gerodan\",\"description\":\"Venta de mobiliario adaptado a personas mayores\",\"potentialAction\":[{\"@type\":\"SearchAction\",\"target\":{\"@type\":\"EntryPoint\",\"urlTemplate\":\"https:\\\/\\\/gerodan.es\\\/fr\\\/?s={search_term_string}\"},\"query-input\":{\"@type\":\"PropertyValueSpecification\",\"valueRequired\":true,\"valueName\":\"search_term_string\"}}],\"inLanguage\":\"fr-FR\"}]}<\/script>\n<!-- \/ Yoast SEO plugin. -->","yoast_head_json":{"title":"Aparador maurice - Gerodan","description":"El aparador Maurice es un concepto cl\u00e1sico que se interpreta de una forma muy actual, ideal como mueble de entrada, recepci\u00f3n, mueble soporte...","robots":{"index":"index","follow":"follow","max-snippet":"max-snippet:-1","max-image-preview":"max-image-preview:large","max-video-preview":"max-video-preview:-1"},"canonical":"https:\/\/gerodan.es\/fr\/produits\/aparador-maurice\/","og_locale":"fr_FR","og_type":"article","og_title":"Aparador maurice - Gerodan","og_description":"El aparador Maurice es un concepto cl\u00e1sico que se interpreta de una forma muy actual, ideal como mueble de entrada, recepci\u00f3n, mueble soporte...","og_url":"https:\/\/gerodan.es\/fr\/produits\/aparador-maurice\/","og_site_name":"Gerodan","article_modified_time":"2019-06-19T08:12:39+00:00","og_image":[{"width":1654,"height":2362,"url":"https:\/\/gerodan.es\/wp-content\/uploads\/2017\/11\/Sin-ccccc1-1.jpg","type":"image\/jpeg"}],"twitter_card":"summary_large_image","twitter_misc":{"Dur\u00e9e de lecture estim\u00e9e":"1 minute"},"schema":{"@context":"https:\/\/schema.org","@graph":[{"@type":"WebPage","@id":"https:\/\/gerodan.es\/fr\/produits\/aparador-maurice\/","url":"https:\/\/gerodan.es\/fr\/produits\/aparador-maurice\/","name":"Aparador maurice - Gerodan","isPartOf":{"@id":"https:\/\/gerodan.es\/fr\/#website"},"primaryImageOfPage":{"@id":"https:\/\/gerodan.es\/fr\/produits\/aparador-maurice\/#primaryimage"},"image":{"@id":"https:\/\/gerodan.es\/fr\/produits\/aparador-maurice\/#primaryimage"},"thumbnailUrl":"https:\/\/gerodan.es\/wp-content\/uploads\/2017\/11\/Sin-ccccc1-1.jpg","datePublished":"2017-11-08T10:41:33+00:00","dateModified":"2019-06-19T08:12:39+00:00","description":"El aparador Maurice es un concepto cl\u00e1sico que se interpreta de una forma muy actual, ideal como mueble de entrada, recepci\u00f3n, mueble soporte...","breadcrumb":{"@id":"https:\/\/gerodan.es\/fr\/produits\/aparador-maurice\/#breadcrumb"},"inLanguage":"fr-FR","potentialAction":[{"@type":"ReadAction","target":["https:\/\/gerodan.es\/fr\/produits\/aparador-maurice\/"]}]},{"@type":"ImageObject","inLanguage":"fr-FR","@id":"https:\/\/gerodan.es\/fr\/produits\/aparador-maurice\/#primaryimage","url":"https:\/\/gerodan.es\/wp-content\/uploads\/2017\/11\/Sin-ccccc1-1.jpg","contentUrl":"https:\/\/gerodan.es\/wp-content\/uploads\/2017\/11\/Sin-ccccc1-1.jpg","width":1654,"height":2362},{"@type":"BreadcrumbList","@id":"https:\/\/gerodan.es\/fr\/produits\/aparador-maurice\/#breadcrumb","itemListElement":[{"@type":"ListItem","position":1,"name":"Home","item":"https:\/\/gerodan.es\/fr\/"},{"@type":"ListItem","position":2,"name":"Produits","item":"https:\/\/gerodan.es\/fr\/produits\/"},{"@type":"ListItem","position":3,"name":"Aparador maurice"}]},{"@type":"WebSite","@id":"https:\/\/gerodan.es\/fr\/#website","url":"https:\/\/gerodan.es\/fr\/","name":"Gerodan","description":"Venta de mobiliario adaptado a personas mayores","potentialAction":[{"@type":"SearchAction","target":{"@type":"EntryPoint","urlTemplate":"https:\/\/gerodan.es\/fr\/?s={search_term_string}"},"query-input":{"@type":"PropertyValueSpecification","valueRequired":true,"valueName":"search_term_string"}}],"inLanguage":"fr-FR"}]}},"_links":{"self":[{"href":"https:\/\/gerodan.es\/fr\/wp-json\/wp\/v2\/product\/3976","targetHints":{"allow":["GET"]}}],"collection":[{"href":"https:\/\/gerodan.es\/fr\/wp-json\/wp\/v2\/product"}],"about":[{"href":"https:\/\/gerodan.es\/fr\/wp-json\/wp\/v2\/types\/product"}],"wp:featuredmedia":[{"embeddable":true,"href":"https:\/\/gerodan.es\/fr\/wp-json\/wp\/v2\/media\/3977"}],"wp:attachment":[{"href":"https:\/\/gerodan.es\/fr\/wp-json\/wp\/v2\/media?parent=3976"}],"wp:term":[{"taxonomy":"grado-de-dependencia","embeddable":true,"href":"https:\/\/gerodan.es\/fr\/wp-json\/wp\/v2\/grado-de-dependencia?post=3976"},{"taxonomy":"product_brand","embeddable":true,"href":"https:\/\/gerodan.es\/fr\/wp-json\/wp\/v2\/product_brand?post=3976"},{"taxonomy":"product_cat","embeddable":true,"href":"https:\/\/gerodan.es\/fr\/wp-json\/wp\/v2\/product_cat?post=3976"},{"taxonomy":"product_tag","embeddable":true,"href":"https:\/\/gerodan.es\/fr\/wp-json\/wp\/v2\/product_tag?post=3976"}],"curies":[{"name":"wp","href":"https:\/\/api.w.org\/{rel}","templated":true}]}}