{"id":3978,"date":"2017-11-08T10:14:11","date_gmt":"2017-11-08T10:14:11","guid":{"rendered":"https:\/\/gerodan.es\/nuevaweb\/productos\/comoda-onda\/"},"modified":"2019-06-11T13:45:45","modified_gmt":"2019-06-11T13:45:45","slug":"comoda-onda","status":"publish","type":"product","link":"https:\/\/gerodan.es\/fr\/produits\/comoda-onda\/","title":{"rendered":"Comoda adour"},"content":{"rendered":"<p>Mueble aparador fabricado en tablero laminado acabado HAYA u otro est\u00e1ndar. Diferentes anchos y opciones. Fabricado con estructura, cuerpos y bases de 19mm. Encimera con asitas redondeadas. Tiradores ergon\u00f3micos y gu\u00edas correderas tipo gacela.<\/p>\n","protected":false},"excerpt":{"rendered":"<p>Mueble aparador fabricado en tablero laminado acabado HAYA u otro  [&#8230;]<\/p>\n","protected":false},"featured_media":3981,"template":"","meta":{"_acf_changed":false},"grado-de-dependencia":[],"product_brand":[],"product_cat":[362,353],"product_tag":[],"class_list":{"0":"post-3978","1":"product","2":"type-product","3":"status-publish","4":"has-post-thumbnail","6":"product_cat-aparadores-fr","7":"product_cat-meubles-adaptes","9":"first","10":"instock","11":"shipping-taxable","12":"product-type-simple"},"acf":[],"yoast_head":"<!-- This site is optimized with the Yoast SEO plugin v27.1.1 - https:\/\/yoast.com\/product\/yoast-seo-wordpress\/ -->\n<title>Comoda adour - Gerodan<\/title>\n<meta name=\"description\" content=\"La comoda Adour, es un mueble aparador con la posibilidad de ponerle diferentes anchos y opciones, adem\u00e1s tiene tiradores ergon\u00f3micos y gu\u00edas correderas.\" \/>\n<meta name=\"robots\" content=\"index, follow, max-snippet:-1, max-image-preview:large, max-video-preview:-1\" \/>\n<link rel=\"canonical\" href=\"https:\/\/gerodan.es\/fr\/produits\/comoda-onda\/\" \/>\n<meta property=\"og:locale\" content=\"fr_FR\" \/>\n<meta property=\"og:type\" content=\"article\" \/>\n<meta property=\"og:title\" content=\"Comoda adour - Gerodan\" \/>\n<meta property=\"og:description\" content=\"La comoda Adour, es un mueble aparador con la posibilidad de ponerle diferentes anchos y opciones, adem\u00e1s tiene tiradores ergon\u00f3micos y gu\u00edas correderas.\" \/>\n<meta property=\"og:url\" content=\"https:\/\/gerodan.es\/fr\/produits\/comoda-onda\/\" \/>\n<meta property=\"og:site_name\" content=\"Gerodan\" \/>\n<meta property=\"article:modified_time\" content=\"2019-06-11T13:45:45+00:00\" \/>\n<meta property=\"og:image\" content=\"https:\/\/gerodan.es\/wp-content\/uploads\/2017\/11\/comoda_doble_conpatas-scaled.jpg\" \/>\n\t<meta property=\"og:image:width\" content=\"1810\" \/>\n\t<meta property=\"og:image:height\" content=\"2560\" \/>\n\t<meta property=\"og:image:type\" content=\"image\/jpeg\" \/>\n<meta name=\"twitter:card\" content=\"summary_large_image\" \/>\n<script type=\"application\/ld+json\" class=\"yoast-schema-graph\">{\"@context\":\"https:\/\/schema.org\",\"@graph\":[{\"@type\":\"WebPage\",\"@id\":\"https:\/\/gerodan.es\/fr\/produits\/comoda-onda\/\",\"url\":\"https:\/\/gerodan.es\/fr\/produits\/comoda-onda\/\",\"name\":\"Comoda adour - Gerodan\",\"isPartOf\":{\"@id\":\"https:\/\/gerodan.es\/fr\/#website\"},\"primaryImageOfPage\":{\"@id\":\"https:\/\/gerodan.es\/fr\/produits\/comoda-onda\/#primaryimage\"},\"image\":{\"@id\":\"https:\/\/gerodan.es\/fr\/produits\/comoda-onda\/#primaryimage\"},\"thumbnailUrl\":\"https:\/\/gerodan.es\/wp-content\/uploads\/2017\/11\/comoda_doble_conpatas-scaled.jpg\",\"datePublished\":\"2017-11-08T10:14:11+00:00\",\"dateModified\":\"2019-06-11T13:45:45+00:00\",\"description\":\"La comoda Adour, es un mueble aparador con la posibilidad de ponerle diferentes anchos y opciones, adem\u00e1s tiene tiradores ergon\u00f3micos y gu\u00edas correderas.\",\"breadcrumb\":{\"@id\":\"https:\/\/gerodan.es\/fr\/produits\/comoda-onda\/#breadcrumb\"},\"inLanguage\":\"fr-FR\",\"potentialAction\":[{\"@type\":\"ReadAction\",\"target\":[\"https:\/\/gerodan.es\/fr\/produits\/comoda-onda\/\"]}]},{\"@type\":\"ImageObject\",\"inLanguage\":\"fr-FR\",\"@id\":\"https:\/\/gerodan.es\/fr\/produits\/comoda-onda\/#primaryimage\",\"url\":\"https:\/\/gerodan.es\/wp-content\/uploads\/2017\/11\/comoda_doble_conpatas-scaled.jpg\",\"contentUrl\":\"https:\/\/gerodan.es\/wp-content\/uploads\/2017\/11\/comoda_doble_conpatas-scaled.jpg\",\"width\":1810,\"height\":2560},{\"@type\":\"BreadcrumbList\",\"@id\":\"https:\/\/gerodan.es\/fr\/produits\/comoda-onda\/#breadcrumb\",\"itemListElement\":[{\"@type\":\"ListItem\",\"position\":1,\"name\":\"Home\",\"item\":\"https:\/\/gerodan.es\/fr\/\"},{\"@type\":\"ListItem\",\"position\":2,\"name\":\"Produits\",\"item\":\"https:\/\/gerodan.es\/fr\/produits\/\"},{\"@type\":\"ListItem\",\"position\":3,\"name\":\"Comoda adour\"}]},{\"@type\":\"WebSite\",\"@id\":\"https:\/\/gerodan.es\/fr\/#website\",\"url\":\"https:\/\/gerodan.es\/fr\/\",\"name\":\"Gerodan\",\"description\":\"Venta de mobiliario adaptado a personas mayores\",\"potentialAction\":[{\"@type\":\"SearchAction\",\"target\":{\"@type\":\"EntryPoint\",\"urlTemplate\":\"https:\/\/gerodan.es\/fr\/?s={search_term_string}\"},\"query-input\":{\"@type\":\"PropertyValueSpecification\",\"valueRequired\":true,\"valueName\":\"search_term_string\"}}],\"inLanguage\":\"fr-FR\"}]}<\/script>\n<!-- \/ Yoast SEO plugin. -->","yoast_head_json":{"title":"Comoda adour - Gerodan","description":"La comoda Adour, es un mueble aparador con la posibilidad de ponerle diferentes anchos y opciones, adem\u00e1s tiene tiradores ergon\u00f3micos y gu\u00edas correderas.","robots":{"index":"index","follow":"follow","max-snippet":"max-snippet:-1","max-image-preview":"max-image-preview:large","max-video-preview":"max-video-preview:-1"},"canonical":"https:\/\/gerodan.es\/fr\/produits\/comoda-onda\/","og_locale":"fr_FR","og_type":"article","og_title":"Comoda adour - Gerodan","og_description":"La comoda Adour, es un mueble aparador con la posibilidad de ponerle diferentes anchos y opciones, adem\u00e1s tiene tiradores ergon\u00f3micos y gu\u00edas correderas.","og_url":"https:\/\/gerodan.es\/fr\/produits\/comoda-onda\/","og_site_name":"Gerodan","article_modified_time":"2019-06-11T13:45:45+00:00","og_image":[{"width":1810,"height":2560,"url":"https:\/\/gerodan.es\/wp-content\/uploads\/2017\/11\/comoda_doble_conpatas-scaled.jpg","type":"image\/jpeg"}],"twitter_card":"summary_large_image","schema":{"@context":"https:\/\/schema.org","@graph":[{"@type":"WebPage","@id":"https:\/\/gerodan.es\/fr\/produits\/comoda-onda\/","url":"https:\/\/gerodan.es\/fr\/produits\/comoda-onda\/","name":"Comoda adour - Gerodan","isPartOf":{"@id":"https:\/\/gerodan.es\/fr\/#website"},"primaryImageOfPage":{"@id":"https:\/\/gerodan.es\/fr\/produits\/comoda-onda\/#primaryimage"},"image":{"@id":"https:\/\/gerodan.es\/fr\/produits\/comoda-onda\/#primaryimage"},"thumbnailUrl":"https:\/\/gerodan.es\/wp-content\/uploads\/2017\/11\/comoda_doble_conpatas-scaled.jpg","datePublished":"2017-11-08T10:14:11+00:00","dateModified":"2019-06-11T13:45:45+00:00","description":"La comoda Adour, es un mueble aparador con la posibilidad de ponerle diferentes anchos y opciones, adem\u00e1s tiene tiradores ergon\u00f3micos y gu\u00edas correderas.","breadcrumb":{"@id":"https:\/\/gerodan.es\/fr\/produits\/comoda-onda\/#breadcrumb"},"inLanguage":"fr-FR","potentialAction":[{"@type":"ReadAction","target":["https:\/\/gerodan.es\/fr\/produits\/comoda-onda\/"]}]},{"@type":"ImageObject","inLanguage":"fr-FR","@id":"https:\/\/gerodan.es\/fr\/produits\/comoda-onda\/#primaryimage","url":"https:\/\/gerodan.es\/wp-content\/uploads\/2017\/11\/comoda_doble_conpatas-scaled.jpg","contentUrl":"https:\/\/gerodan.es\/wp-content\/uploads\/2017\/11\/comoda_doble_conpatas-scaled.jpg","width":1810,"height":2560},{"@type":"BreadcrumbList","@id":"https:\/\/gerodan.es\/fr\/produits\/comoda-onda\/#breadcrumb","itemListElement":[{"@type":"ListItem","position":1,"name":"Home","item":"https:\/\/gerodan.es\/fr\/"},{"@type":"ListItem","position":2,"name":"Produits","item":"https:\/\/gerodan.es\/fr\/produits\/"},{"@type":"ListItem","position":3,"name":"Comoda adour"}]},{"@type":"WebSite","@id":"https:\/\/gerodan.es\/fr\/#website","url":"https:\/\/gerodan.es\/fr\/","name":"Gerodan","description":"Venta de mobiliario adaptado a personas mayores","potentialAction":[{"@type":"SearchAction","target":{"@type":"EntryPoint","urlTemplate":"https:\/\/gerodan.es\/fr\/?s={search_term_string}"},"query-input":{"@type":"PropertyValueSpecification","valueRequired":true,"valueName":"search_term_string"}}],"inLanguage":"fr-FR"}]}},"_links":{"self":[{"href":"https:\/\/gerodan.es\/fr\/wp-json\/wp\/v2\/product\/3978","targetHints":{"allow":["GET"]}}],"collection":[{"href":"https:\/\/gerodan.es\/fr\/wp-json\/wp\/v2\/product"}],"about":[{"href":"https:\/\/gerodan.es\/fr\/wp-json\/wp\/v2\/types\/product"}],"wp:featuredmedia":[{"embeddable":true,"href":"https:\/\/gerodan.es\/fr\/wp-json\/wp\/v2\/media\/3981"}],"wp:attachment":[{"href":"https:\/\/gerodan.es\/fr\/wp-json\/wp\/v2\/media?parent=3978"}],"wp:term":[{"taxonomy":"grado-de-dependencia","embeddable":true,"href":"https:\/\/gerodan.es\/fr\/wp-json\/wp\/v2\/grado-de-dependencia?post=3978"},{"taxonomy":"product_brand","embeddable":true,"href":"https:\/\/gerodan.es\/fr\/wp-json\/wp\/v2\/product_brand?post=3978"},{"taxonomy":"product_cat","embeddable":true,"href":"https:\/\/gerodan.es\/fr\/wp-json\/wp\/v2\/product_cat?post=3978"},{"taxonomy":"product_tag","embeddable":true,"href":"https:\/\/gerodan.es\/fr\/wp-json\/wp\/v2\/product_tag?post=3978"}],"curies":[{"name":"wp","href":"https:\/\/api.w.org\/{rel}","templated":true}]}}