{"id":3987,"date":"2017-11-07T11:54:27","date_gmt":"2017-11-07T11:54:27","guid":{"rendered":"https:\/\/gerodan.es\/nuevaweb\/productos\/libreria-ronda\/"},"modified":"2019-09-16T09:13:13","modified_gmt":"2019-09-16T09:13:13","slug":"libreria-ronda","status":"publish","type":"product","link":"https:\/\/gerodan.es\/fr\/produits\/libreria-ronda\/","title":{"rendered":"LIBRERIA RONDA"},"content":{"rendered":"<p>Librer\u00eda RONDA interpreta de una forma muy actual los valores de las cl\u00e1sicas librer\u00edas para integrarse en entornos de dise\u00f1o contempor\u00e1neo, con acabados barnizados o patinados a poro cerrado. Se dan cita pilastras insinuadas y capiteles rectos para rescatar los valores cl\u00e1sicos en entornos actuales.<\/p>\n<p>El mueble en su conjunto se fabrica en madera maciza de haya, y se presenta en distintos acabados barnizados, lacados o patinados sobre muestra.<\/p>\n<p>Opcionalmente tambi\u00e9n puede fabricarse en madera maciza de pino. Otros materiales bajo consulta.<\/p>\n<p>Se presenta en dimensiones aproximadas de 190x100x40 con cinco estantes y seis huecos.<\/p>\n<p>Librer\u00eda RONDA presenta soluciones como:<\/p>\n<p>-Mueble de entrada, recepci\u00f3n, admite el complemento de cuadros, l\u00e1mparas de sobremesa y objetos decorativos en su hueco inferior,<\/p>\n<p>&#8211; Mueble Librer\u00eda en estancias de lectura,<\/p>\n<p>Mueble de apoyo en despachos, si buscamos espacios con alto valor.<\/p>\n","protected":false},"excerpt":{"rendered":"<p>Librer\u00eda RONDA interpreta de una forma muy actual los valores  [&#8230;]<\/p>\n","protected":false},"featured_media":3988,"template":"","meta":{"_acf_changed":false},"grado-de-dependencia":[],"product_brand":[],"product_cat":[363,353],"product_tag":[],"class_list":{"0":"post-3987","1":"product","2":"type-product","3":"status-publish","4":"has-post-thumbnail","6":"product_cat-etageres","7":"product_cat-meubles-adaptes","9":"first","10":"instock","11":"shipping-taxable","12":"product-type-simple"},"acf":[],"yoast_head":"<!-- This site is optimized with the Yoast SEO plugin v27.1.1 - https:\/\/yoast.com\/product\/yoast-seo-wordpress\/ -->\n<title>LIBRERIA RONDA - Gerodan<\/title>\n<meta name=\"description\" content=\"La librer\u00eda Ronda es el producto estrella para interpretar y presentar de una forma actual los valores de las librer\u00edas cl\u00e1sicas con dise\u00f1os contempor\u00e1neos.\" \/>\n<meta name=\"robots\" content=\"index, follow, max-snippet:-1, max-image-preview:large, max-video-preview:-1\" \/>\n<link rel=\"canonical\" href=\"https:\/\/gerodan.es\/fr\/produits\/libreria-ronda\/\" \/>\n<meta property=\"og:locale\" content=\"fr_FR\" \/>\n<meta property=\"og:type\" content=\"article\" \/>\n<meta property=\"og:title\" content=\"LIBRERIA RONDA - Gerodan\" \/>\n<meta property=\"og:description\" content=\"La librer\u00eda Ronda es el producto estrella para interpretar y presentar de una forma actual los valores de las librer\u00edas cl\u00e1sicas con dise\u00f1os contempor\u00e1neos.\" \/>\n<meta property=\"og:url\" content=\"https:\/\/gerodan.es\/fr\/produits\/libreria-ronda\/\" \/>\n<meta property=\"og:site_name\" content=\"Gerodan\" \/>\n<meta property=\"article:modified_time\" content=\"2019-09-16T09:13:13+00:00\" \/>\n<meta property=\"og:image\" content=\"https:\/\/gerodan.es\/wp-content\/uploads\/2017\/11\/Sin-t\u00edtuddddlo-1.jpg\" \/>\n\t<meta property=\"og:image:width\" content=\"1654\" \/>\n\t<meta property=\"og:image:height\" content=\"2362\" \/>\n\t<meta property=\"og:image:type\" content=\"image\/jpeg\" \/>\n<meta name=\"twitter:card\" content=\"summary_large_image\" \/>\n<meta name=\"twitter:label1\" content=\"Dur\u00e9e de lecture estim\u00e9e\" \/>\n\t<meta name=\"twitter:data1\" content=\"1 minute\" \/>\n<script type=\"application\/ld+json\" class=\"yoast-schema-graph\">{\"@context\":\"https:\/\/schema.org\",\"@graph\":[{\"@type\":\"WebPage\",\"@id\":\"https:\/\/gerodan.es\/fr\/produits\/libreria-ronda\/\",\"url\":\"https:\/\/gerodan.es\/fr\/produits\/libreria-ronda\/\",\"name\":\"LIBRERIA RONDA - Gerodan\",\"isPartOf\":{\"@id\":\"https:\/\/gerodan.es\/fr\/#website\"},\"primaryImageOfPage\":{\"@id\":\"https:\/\/gerodan.es\/fr\/produits\/libreria-ronda\/#primaryimage\"},\"image\":{\"@id\":\"https:\/\/gerodan.es\/fr\/produits\/libreria-ronda\/#primaryimage\"},\"thumbnailUrl\":\"https:\/\/gerodan.es\/wp-content\/uploads\/2017\/11\/Sin-t\u00edtuddddlo-1.jpg\",\"datePublished\":\"2017-11-07T11:54:27+00:00\",\"dateModified\":\"2019-09-16T09:13:13+00:00\",\"description\":\"La librer\u00eda Ronda es el producto estrella para interpretar y presentar de una forma actual los valores de las librer\u00edas cl\u00e1sicas con dise\u00f1os contempor\u00e1neos.\",\"breadcrumb\":{\"@id\":\"https:\/\/gerodan.es\/fr\/produits\/libreria-ronda\/#breadcrumb\"},\"inLanguage\":\"fr-FR\",\"potentialAction\":[{\"@type\":\"ReadAction\",\"target\":[\"https:\/\/gerodan.es\/fr\/produits\/libreria-ronda\/\"]}]},{\"@type\":\"ImageObject\",\"inLanguage\":\"fr-FR\",\"@id\":\"https:\/\/gerodan.es\/fr\/produits\/libreria-ronda\/#primaryimage\",\"url\":\"https:\/\/gerodan.es\/wp-content\/uploads\/2017\/11\/Sin-t\u00edtuddddlo-1.jpg\",\"contentUrl\":\"https:\/\/gerodan.es\/wp-content\/uploads\/2017\/11\/Sin-t\u00edtuddddlo-1.jpg\",\"width\":1654,\"height\":2362},{\"@type\":\"BreadcrumbList\",\"@id\":\"https:\/\/gerodan.es\/fr\/produits\/libreria-ronda\/#breadcrumb\",\"itemListElement\":[{\"@type\":\"ListItem\",\"position\":1,\"name\":\"Home\",\"item\":\"https:\/\/gerodan.es\/fr\/\"},{\"@type\":\"ListItem\",\"position\":2,\"name\":\"Produits\",\"item\":\"https:\/\/gerodan.es\/fr\/produits\/\"},{\"@type\":\"ListItem\",\"position\":3,\"name\":\"LIBRERIA RONDA\"}]},{\"@type\":\"WebSite\",\"@id\":\"https:\/\/gerodan.es\/fr\/#website\",\"url\":\"https:\/\/gerodan.es\/fr\/\",\"name\":\"Gerodan\",\"description\":\"Venta de mobiliario adaptado a personas mayores\",\"potentialAction\":[{\"@type\":\"SearchAction\",\"target\":{\"@type\":\"EntryPoint\",\"urlTemplate\":\"https:\/\/gerodan.es\/fr\/?s={search_term_string}\"},\"query-input\":{\"@type\":\"PropertyValueSpecification\",\"valueRequired\":true,\"valueName\":\"search_term_string\"}}],\"inLanguage\":\"fr-FR\"}]}<\/script>\n<!-- \/ Yoast SEO plugin. -->","yoast_head_json":{"title":"LIBRERIA RONDA - Gerodan","description":"La librer\u00eda Ronda es el producto estrella para interpretar y presentar de una forma actual los valores de las librer\u00edas cl\u00e1sicas con dise\u00f1os contempor\u00e1neos.","robots":{"index":"index","follow":"follow","max-snippet":"max-snippet:-1","max-image-preview":"max-image-preview:large","max-video-preview":"max-video-preview:-1"},"canonical":"https:\/\/gerodan.es\/fr\/produits\/libreria-ronda\/","og_locale":"fr_FR","og_type":"article","og_title":"LIBRERIA RONDA - Gerodan","og_description":"La librer\u00eda Ronda es el producto estrella para interpretar y presentar de una forma actual los valores de las librer\u00edas cl\u00e1sicas con dise\u00f1os contempor\u00e1neos.","og_url":"https:\/\/gerodan.es\/fr\/produits\/libreria-ronda\/","og_site_name":"Gerodan","article_modified_time":"2019-09-16T09:13:13+00:00","og_image":[{"width":1654,"height":2362,"url":"https:\/\/gerodan.es\/wp-content\/uploads\/2017\/11\/Sin-t\u00edtuddddlo-1.jpg","type":"image\/jpeg"}],"twitter_card":"summary_large_image","twitter_misc":{"Dur\u00e9e de lecture estim\u00e9e":"1 minute"},"schema":{"@context":"https:\/\/schema.org","@graph":[{"@type":"WebPage","@id":"https:\/\/gerodan.es\/fr\/produits\/libreria-ronda\/","url":"https:\/\/gerodan.es\/fr\/produits\/libreria-ronda\/","name":"LIBRERIA RONDA - Gerodan","isPartOf":{"@id":"https:\/\/gerodan.es\/fr\/#website"},"primaryImageOfPage":{"@id":"https:\/\/gerodan.es\/fr\/produits\/libreria-ronda\/#primaryimage"},"image":{"@id":"https:\/\/gerodan.es\/fr\/produits\/libreria-ronda\/#primaryimage"},"thumbnailUrl":"https:\/\/gerodan.es\/wp-content\/uploads\/2017\/11\/Sin-t\u00edtuddddlo-1.jpg","datePublished":"2017-11-07T11:54:27+00:00","dateModified":"2019-09-16T09:13:13+00:00","description":"La librer\u00eda Ronda es el producto estrella para interpretar y presentar de una forma actual los valores de las librer\u00edas cl\u00e1sicas con dise\u00f1os contempor\u00e1neos.","breadcrumb":{"@id":"https:\/\/gerodan.es\/fr\/produits\/libreria-ronda\/#breadcrumb"},"inLanguage":"fr-FR","potentialAction":[{"@type":"ReadAction","target":["https:\/\/gerodan.es\/fr\/produits\/libreria-ronda\/"]}]},{"@type":"ImageObject","inLanguage":"fr-FR","@id":"https:\/\/gerodan.es\/fr\/produits\/libreria-ronda\/#primaryimage","url":"https:\/\/gerodan.es\/wp-content\/uploads\/2017\/11\/Sin-t\u00edtuddddlo-1.jpg","contentUrl":"https:\/\/gerodan.es\/wp-content\/uploads\/2017\/11\/Sin-t\u00edtuddddlo-1.jpg","width":1654,"height":2362},{"@type":"BreadcrumbList","@id":"https:\/\/gerodan.es\/fr\/produits\/libreria-ronda\/#breadcrumb","itemListElement":[{"@type":"ListItem","position":1,"name":"Home","item":"https:\/\/gerodan.es\/fr\/"},{"@type":"ListItem","position":2,"name":"Produits","item":"https:\/\/gerodan.es\/fr\/produits\/"},{"@type":"ListItem","position":3,"name":"LIBRERIA RONDA"}]},{"@type":"WebSite","@id":"https:\/\/gerodan.es\/fr\/#website","url":"https:\/\/gerodan.es\/fr\/","name":"Gerodan","description":"Venta de mobiliario adaptado a personas mayores","potentialAction":[{"@type":"SearchAction","target":{"@type":"EntryPoint","urlTemplate":"https:\/\/gerodan.es\/fr\/?s={search_term_string}"},"query-input":{"@type":"PropertyValueSpecification","valueRequired":true,"valueName":"search_term_string"}}],"inLanguage":"fr-FR"}]}},"_links":{"self":[{"href":"https:\/\/gerodan.es\/fr\/wp-json\/wp\/v2\/product\/3987","targetHints":{"allow":["GET"]}}],"collection":[{"href":"https:\/\/gerodan.es\/fr\/wp-json\/wp\/v2\/product"}],"about":[{"href":"https:\/\/gerodan.es\/fr\/wp-json\/wp\/v2\/types\/product"}],"wp:featuredmedia":[{"embeddable":true,"href":"https:\/\/gerodan.es\/fr\/wp-json\/wp\/v2\/media\/3988"}],"wp:attachment":[{"href":"https:\/\/gerodan.es\/fr\/wp-json\/wp\/v2\/media?parent=3987"}],"wp:term":[{"taxonomy":"grado-de-dependencia","embeddable":true,"href":"https:\/\/gerodan.es\/fr\/wp-json\/wp\/v2\/grado-de-dependencia?post=3987"},{"taxonomy":"product_brand","embeddable":true,"href":"https:\/\/gerodan.es\/fr\/wp-json\/wp\/v2\/product_brand?post=3987"},{"taxonomy":"product_cat","embeddable":true,"href":"https:\/\/gerodan.es\/fr\/wp-json\/wp\/v2\/product_cat?post=3987"},{"taxonomy":"product_tag","embeddable":true,"href":"https:\/\/gerodan.es\/fr\/wp-json\/wp\/v2\/product_tag?post=3987"}],"curies":[{"name":"wp","href":"https:\/\/api.w.org\/{rel}","templated":true}]}}