{"id":4001,"date":"2017-10-20T08:32:38","date_gmt":"2017-10-20T08:32:38","guid":{"rendered":"https:\/\/gerodan.es\/nuevaweb\/productos\/viking-m\/"},"modified":"2019-06-11T13:45:56","modified_gmt":"2019-06-11T13:45:56","slug":"viking-m","status":"publish","type":"product","link":"https:\/\/gerodan.es\/fr\/produits\/viking-m\/","title":{"rendered":"Viking M"},"content":{"rendered":"<p>Fabricada en aluminio (el aluminio tiene muchas ventajas medioambientales), pesa 35Kg, lo que hace que la gr\u00faa sea muy ligera y f\u00e1cil de manejar cuando hay usuario en elevaci\u00f3n. Carga m\u00e1xima que soporta 205Kg. La gr\u00faa permite elevaciones directamente desde el suelo, elevaciones desde la cama, traslados de cama a silla, transferencias entre sillones, ejercicios de movilidad si se equipa con apoya brazos, subir o bajar del aseo con el chaleco adecuado, y elevaciones horizontales.<\/p>\n<p>Las bater\u00edas no tienen efecto memoria y puede interrumpirse su carga cuantas veces sea necesario. Incorpora cuatro ruedas giratorias tipo monoblock, dos con freno, m\u00e1stil regulable en tres posiciones de altura, recorrido de la percha desde 41 hasta 181cm. Accionamiento de elevaci\u00f3n y apertura de patas mediante mando con cable. Panel de control aut\u00f3nomo con avisador luminoso de sobrepeso.<\/p>\n","protected":false},"excerpt":{"rendered":"<p>Fabricada en aluminio (el aluminio tiene muchas ventajas medioambientales), pesa  [&#8230;]<\/p>\n","protected":false},"featured_media":4004,"template":"","meta":{"_acf_changed":false},"grado-de-dependencia":[],"product_brand":[],"product_cat":[440],"product_tag":[],"class_list":{"0":"post-4001","1":"product","2":"type-product","3":"status-publish","4":"has-post-thumbnail","6":"product_cat-mesas-especiales","8":"first","9":"instock","10":"shipping-taxable","11":"product-type-simple"},"acf":[],"yoast_head":"<!-- This site is optimized with the Yoast SEO plugin v27.4 - https:\/\/yoast.com\/product\/yoast-seo-wordpress\/ -->\n<title>Viking M - Gerodan<\/title>\n<meta name=\"description\" content=\"Viking M es una gr\u00faa ligera y f\u00e1cil de manejar cuando hay un paciente en elevaci\u00f3n. Permite elevaciones tanto desde el suelo como de la cama o la silla.\" \/>\n<meta name=\"robots\" content=\"index, follow, max-snippet:-1, max-image-preview:large, max-video-preview:-1\" \/>\n<link rel=\"canonical\" href=\"https:\/\/gerodan.es\/fr\/produits\/viking-m\/\" \/>\n<meta property=\"og:locale\" content=\"fr_FR\" \/>\n<meta property=\"og:type\" content=\"article\" \/>\n<meta property=\"og:title\" content=\"Viking M - Gerodan\" \/>\n<meta property=\"og:description\" content=\"Viking M es una gr\u00faa ligera y f\u00e1cil de manejar cuando hay un paciente en elevaci\u00f3n. Permite elevaciones tanto desde el suelo como de la cama o la silla.\" \/>\n<meta property=\"og:url\" content=\"https:\/\/gerodan.es\/fr\/produits\/viking-m\/\" \/>\n<meta property=\"og:site_name\" content=\"Gerodan\" \/>\n<meta property=\"article:modified_time\" content=\"2019-06-11T13:45:56+00:00\" \/>\n<meta property=\"og:image\" content=\"https:\/\/gerodan.es\/wp-content\/uploads\/2017\/10\/viking-m-1.jpg\" \/>\n\t<meta property=\"og:image:width\" content=\"639\" \/>\n\t<meta property=\"og:image:height\" content=\"639\" \/>\n\t<meta property=\"og:image:type\" content=\"image\/jpeg\" \/>\n<meta name=\"twitter:card\" content=\"summary_large_image\" \/>\n<meta name=\"twitter:label1\" content=\"Dur\u00e9e de lecture estim\u00e9e\" \/>\n\t<meta name=\"twitter:data1\" content=\"1 minute\" \/>\n<script type=\"application\/ld+json\" class=\"yoast-schema-graph\">{\"@context\":\"https:\\\/\\\/schema.org\",\"@graph\":[{\"@type\":\"WebPage\",\"@id\":\"https:\\\/\\\/gerodan.es\\\/fr\\\/produits\\\/viking-m\\\/\",\"url\":\"https:\\\/\\\/gerodan.es\\\/fr\\\/produits\\\/viking-m\\\/\",\"name\":\"Viking M - Gerodan\",\"isPartOf\":{\"@id\":\"https:\\\/\\\/gerodan.es\\\/fr\\\/#website\"},\"primaryImageOfPage\":{\"@id\":\"https:\\\/\\\/gerodan.es\\\/fr\\\/produits\\\/viking-m\\\/#primaryimage\"},\"image\":{\"@id\":\"https:\\\/\\\/gerodan.es\\\/fr\\\/produits\\\/viking-m\\\/#primaryimage\"},\"thumbnailUrl\":\"https:\\\/\\\/gerodan.es\\\/wp-content\\\/uploads\\\/2017\\\/10\\\/viking-m-1.jpg\",\"datePublished\":\"2017-10-20T08:32:38+00:00\",\"dateModified\":\"2019-06-11T13:45:56+00:00\",\"description\":\"Viking M es una gr\u00faa ligera y f\u00e1cil de manejar cuando hay un paciente en elevaci\u00f3n. Permite elevaciones tanto desde el suelo como de la cama o la silla.\",\"breadcrumb\":{\"@id\":\"https:\\\/\\\/gerodan.es\\\/fr\\\/produits\\\/viking-m\\\/#breadcrumb\"},\"inLanguage\":\"fr-FR\",\"potentialAction\":[{\"@type\":\"ReadAction\",\"target\":[\"https:\\\/\\\/gerodan.es\\\/fr\\\/produits\\\/viking-m\\\/\"]}]},{\"@type\":\"ImageObject\",\"inLanguage\":\"fr-FR\",\"@id\":\"https:\\\/\\\/gerodan.es\\\/fr\\\/produits\\\/viking-m\\\/#primaryimage\",\"url\":\"https:\\\/\\\/gerodan.es\\\/wp-content\\\/uploads\\\/2017\\\/10\\\/viking-m-1.jpg\",\"contentUrl\":\"https:\\\/\\\/gerodan.es\\\/wp-content\\\/uploads\\\/2017\\\/10\\\/viking-m-1.jpg\",\"width\":639,\"height\":639},{\"@type\":\"BreadcrumbList\",\"@id\":\"https:\\\/\\\/gerodan.es\\\/fr\\\/produits\\\/viking-m\\\/#breadcrumb\",\"itemListElement\":[{\"@type\":\"ListItem\",\"position\":1,\"name\":\"Home\",\"item\":\"https:\\\/\\\/gerodan.es\\\/fr\\\/\"},{\"@type\":\"ListItem\",\"position\":2,\"name\":\"Produits\",\"item\":\"https:\\\/\\\/gerodan.es\\\/fr\\\/produits\\\/\"},{\"@type\":\"ListItem\",\"position\":3,\"name\":\"Viking M\"}]},{\"@type\":\"WebSite\",\"@id\":\"https:\\\/\\\/gerodan.es\\\/fr\\\/#website\",\"url\":\"https:\\\/\\\/gerodan.es\\\/fr\\\/\",\"name\":\"Gerodan\",\"description\":\"Venta de mobiliario adaptado a personas mayores\",\"potentialAction\":[{\"@type\":\"SearchAction\",\"target\":{\"@type\":\"EntryPoint\",\"urlTemplate\":\"https:\\\/\\\/gerodan.es\\\/fr\\\/?s={search_term_string}\"},\"query-input\":{\"@type\":\"PropertyValueSpecification\",\"valueRequired\":true,\"valueName\":\"search_term_string\"}}],\"inLanguage\":\"fr-FR\"}]}<\/script>\n<!-- \/ Yoast SEO plugin. -->","yoast_head_json":{"title":"Viking M - Gerodan","description":"Viking M es una gr\u00faa ligera y f\u00e1cil de manejar cuando hay un paciente en elevaci\u00f3n. Permite elevaciones tanto desde el suelo como de la cama o la silla.","robots":{"index":"index","follow":"follow","max-snippet":"max-snippet:-1","max-image-preview":"max-image-preview:large","max-video-preview":"max-video-preview:-1"},"canonical":"https:\/\/gerodan.es\/fr\/produits\/viking-m\/","og_locale":"fr_FR","og_type":"article","og_title":"Viking M - Gerodan","og_description":"Viking M es una gr\u00faa ligera y f\u00e1cil de manejar cuando hay un paciente en elevaci\u00f3n. Permite elevaciones tanto desde el suelo como de la cama o la silla.","og_url":"https:\/\/gerodan.es\/fr\/produits\/viking-m\/","og_site_name":"Gerodan","article_modified_time":"2019-06-11T13:45:56+00:00","og_image":[{"width":639,"height":639,"url":"https:\/\/gerodan.es\/wp-content\/uploads\/2017\/10\/viking-m-1.jpg","type":"image\/jpeg"}],"twitter_card":"summary_large_image","twitter_misc":{"Dur\u00e9e de lecture estim\u00e9e":"1 minute"},"schema":{"@context":"https:\/\/schema.org","@graph":[{"@type":"WebPage","@id":"https:\/\/gerodan.es\/fr\/produits\/viking-m\/","url":"https:\/\/gerodan.es\/fr\/produits\/viking-m\/","name":"Viking M - Gerodan","isPartOf":{"@id":"https:\/\/gerodan.es\/fr\/#website"},"primaryImageOfPage":{"@id":"https:\/\/gerodan.es\/fr\/produits\/viking-m\/#primaryimage"},"image":{"@id":"https:\/\/gerodan.es\/fr\/produits\/viking-m\/#primaryimage"},"thumbnailUrl":"https:\/\/gerodan.es\/wp-content\/uploads\/2017\/10\/viking-m-1.jpg","datePublished":"2017-10-20T08:32:38+00:00","dateModified":"2019-06-11T13:45:56+00:00","description":"Viking M es una gr\u00faa ligera y f\u00e1cil de manejar cuando hay un paciente en elevaci\u00f3n. Permite elevaciones tanto desde el suelo como de la cama o la silla.","breadcrumb":{"@id":"https:\/\/gerodan.es\/fr\/produits\/viking-m\/#breadcrumb"},"inLanguage":"fr-FR","potentialAction":[{"@type":"ReadAction","target":["https:\/\/gerodan.es\/fr\/produits\/viking-m\/"]}]},{"@type":"ImageObject","inLanguage":"fr-FR","@id":"https:\/\/gerodan.es\/fr\/produits\/viking-m\/#primaryimage","url":"https:\/\/gerodan.es\/wp-content\/uploads\/2017\/10\/viking-m-1.jpg","contentUrl":"https:\/\/gerodan.es\/wp-content\/uploads\/2017\/10\/viking-m-1.jpg","width":639,"height":639},{"@type":"BreadcrumbList","@id":"https:\/\/gerodan.es\/fr\/produits\/viking-m\/#breadcrumb","itemListElement":[{"@type":"ListItem","position":1,"name":"Home","item":"https:\/\/gerodan.es\/fr\/"},{"@type":"ListItem","position":2,"name":"Produits","item":"https:\/\/gerodan.es\/fr\/produits\/"},{"@type":"ListItem","position":3,"name":"Viking M"}]},{"@type":"WebSite","@id":"https:\/\/gerodan.es\/fr\/#website","url":"https:\/\/gerodan.es\/fr\/","name":"Gerodan","description":"Venta de mobiliario adaptado a personas mayores","potentialAction":[{"@type":"SearchAction","target":{"@type":"EntryPoint","urlTemplate":"https:\/\/gerodan.es\/fr\/?s={search_term_string}"},"query-input":{"@type":"PropertyValueSpecification","valueRequired":true,"valueName":"search_term_string"}}],"inLanguage":"fr-FR"}]}},"_links":{"self":[{"href":"https:\/\/gerodan.es\/fr\/wp-json\/wp\/v2\/product\/4001","targetHints":{"allow":["GET"]}}],"collection":[{"href":"https:\/\/gerodan.es\/fr\/wp-json\/wp\/v2\/product"}],"about":[{"href":"https:\/\/gerodan.es\/fr\/wp-json\/wp\/v2\/types\/product"}],"wp:featuredmedia":[{"embeddable":true,"href":"https:\/\/gerodan.es\/fr\/wp-json\/wp\/v2\/media\/4004"}],"wp:attachment":[{"href":"https:\/\/gerodan.es\/fr\/wp-json\/wp\/v2\/media?parent=4001"}],"wp:term":[{"taxonomy":"grado-de-dependencia","embeddable":true,"href":"https:\/\/gerodan.es\/fr\/wp-json\/wp\/v2\/grado-de-dependencia?post=4001"},{"taxonomy":"product_brand","embeddable":true,"href":"https:\/\/gerodan.es\/fr\/wp-json\/wp\/v2\/product_brand?post=4001"},{"taxonomy":"product_cat","embeddable":true,"href":"https:\/\/gerodan.es\/fr\/wp-json\/wp\/v2\/product_cat?post=4001"},{"taxonomy":"product_tag","embeddable":true,"href":"https:\/\/gerodan.es\/fr\/wp-json\/wp\/v2\/product_tag?post=4001"}],"curies":[{"name":"wp","href":"https:\/\/api.w.org\/{rel}","templated":true}]}}