{"id":4009,"date":"2017-10-18T11:00:49","date_gmt":"2017-10-18T11:00:49","guid":{"rendered":"https:\/\/gerodan.es\/nuevaweb\/productos\/sabina-200\/"},"modified":"2019-06-11T13:45:59","modified_gmt":"2019-06-11T13:45:59","slug":"sabina-200","status":"publish","type":"product","link":"https:\/\/gerodan.es\/fr\/produits\/sabina-200\/","title":{"rendered":"sabina 200"},"content":{"rendered":"<p>La gr\u00faa Sabina es una gr\u00faa de bipedestaci\u00f3n, f\u00e1cil de usar, vers\u00e1til destinada a pacientes capaces de participar activamente en procedimientos de elevaci\u00f3n. Una vez que los pacientes est\u00e1n de pie, se les puede trasladar a una silla de ruedas o al ba\u00f1o, lo que les proporciona una pr\u00e1ctica de bipedestaci\u00f3n en relaci\u00f3n al traslado.<\/p>\n<p>La elevaci\u00f3n se realiza con ayuda de un chaleco de soporte que eleva la parte superior del cuerpo del paciente. Hay disponibles varios tipos diferentes de chalecos para satisfacer las necesidades de los distintos pacientes, ya que, Sabina tiene una gama amplia de diferentes modelos de chalecos y accesorios.<\/p>\n","protected":false},"excerpt":{"rendered":"<p>La gr\u00faa Sabina es una gr\u00faa de bipedestaci\u00f3n, f\u00e1cil de  [&#8230;]<\/p>\n","protected":false},"featured_media":4010,"template":"","meta":{"_acf_changed":false},"grado-de-dependencia":[],"product_brand":[],"product_cat":[440],"product_tag":[],"class_list":{"0":"post-4009","1":"product","2":"type-product","3":"status-publish","4":"has-post-thumbnail","6":"product_cat-mesas-especiales","8":"first","9":"instock","10":"shipping-taxable","11":"product-type-simple"},"acf":[],"yoast_head":"<!-- This site is optimized with the Yoast SEO plugin v27.4 - https:\/\/yoast.com\/product\/yoast-seo-wordpress\/ -->\n<title>sabina 200 - Gerodan<\/title>\n<meta name=\"description\" content=\"La gr\u00faa Sabina 200 es f\u00e1cil de usar, vers\u00e1til y es ideal para los pacientes capaces de participar activamente en procedimientos de elevaci\u00f3n.\" \/>\n<meta name=\"robots\" content=\"index, follow, max-snippet:-1, max-image-preview:large, max-video-preview:-1\" \/>\n<link rel=\"canonical\" href=\"https:\/\/gerodan.es\/fr\/produits\/sabina-200\/\" \/>\n<meta property=\"og:locale\" content=\"fr_FR\" \/>\n<meta property=\"og:type\" content=\"article\" \/>\n<meta property=\"og:title\" content=\"sabina 200 - Gerodan\" \/>\n<meta property=\"og:description\" content=\"La gr\u00faa Sabina 200 es f\u00e1cil de usar, vers\u00e1til y es ideal para los pacientes capaces de participar activamente en procedimientos de elevaci\u00f3n.\" \/>\n<meta property=\"og:url\" content=\"https:\/\/gerodan.es\/fr\/produits\/sabina-200\/\" \/>\n<meta property=\"og:site_name\" content=\"Gerodan\" \/>\n<meta property=\"article:modified_time\" content=\"2019-06-11T13:45:59+00:00\" \/>\n<meta property=\"og:image\" content=\"https:\/\/gerodan.es\/wp-content\/uploads\/2017\/10\/sabina200-1.jpg\" \/>\n\t<meta property=\"og:image:width\" content=\"639\" \/>\n\t<meta property=\"og:image:height\" content=\"639\" \/>\n\t<meta property=\"og:image:type\" content=\"image\/jpeg\" \/>\n<meta name=\"twitter:card\" content=\"summary_large_image\" \/>\n<meta name=\"twitter:label1\" content=\"Dur\u00e9e de lecture estim\u00e9e\" \/>\n\t<meta name=\"twitter:data1\" content=\"1 minute\" \/>\n<script type=\"application\/ld+json\" class=\"yoast-schema-graph\">{\"@context\":\"https:\\\/\\\/schema.org\",\"@graph\":[{\"@type\":\"WebPage\",\"@id\":\"https:\\\/\\\/gerodan.es\\\/fr\\\/produits\\\/sabina-200\\\/\",\"url\":\"https:\\\/\\\/gerodan.es\\\/fr\\\/produits\\\/sabina-200\\\/\",\"name\":\"sabina 200 - Gerodan\",\"isPartOf\":{\"@id\":\"https:\\\/\\\/gerodan.es\\\/fr\\\/#website\"},\"primaryImageOfPage\":{\"@id\":\"https:\\\/\\\/gerodan.es\\\/fr\\\/produits\\\/sabina-200\\\/#primaryimage\"},\"image\":{\"@id\":\"https:\\\/\\\/gerodan.es\\\/fr\\\/produits\\\/sabina-200\\\/#primaryimage\"},\"thumbnailUrl\":\"https:\\\/\\\/gerodan.es\\\/wp-content\\\/uploads\\\/2017\\\/10\\\/sabina200-1.jpg\",\"datePublished\":\"2017-10-18T11:00:49+00:00\",\"dateModified\":\"2019-06-11T13:45:59+00:00\",\"description\":\"La gr\u00faa Sabina 200 es f\u00e1cil de usar, vers\u00e1til y es ideal para los pacientes capaces de participar activamente en procedimientos de elevaci\u00f3n.\",\"breadcrumb\":{\"@id\":\"https:\\\/\\\/gerodan.es\\\/fr\\\/produits\\\/sabina-200\\\/#breadcrumb\"},\"inLanguage\":\"fr-FR\",\"potentialAction\":[{\"@type\":\"ReadAction\",\"target\":[\"https:\\\/\\\/gerodan.es\\\/fr\\\/produits\\\/sabina-200\\\/\"]}]},{\"@type\":\"ImageObject\",\"inLanguage\":\"fr-FR\",\"@id\":\"https:\\\/\\\/gerodan.es\\\/fr\\\/produits\\\/sabina-200\\\/#primaryimage\",\"url\":\"https:\\\/\\\/gerodan.es\\\/wp-content\\\/uploads\\\/2017\\\/10\\\/sabina200-1.jpg\",\"contentUrl\":\"https:\\\/\\\/gerodan.es\\\/wp-content\\\/uploads\\\/2017\\\/10\\\/sabina200-1.jpg\",\"width\":639,\"height\":639},{\"@type\":\"BreadcrumbList\",\"@id\":\"https:\\\/\\\/gerodan.es\\\/fr\\\/produits\\\/sabina-200\\\/#breadcrumb\",\"itemListElement\":[{\"@type\":\"ListItem\",\"position\":1,\"name\":\"Home\",\"item\":\"https:\\\/\\\/gerodan.es\\\/fr\\\/\"},{\"@type\":\"ListItem\",\"position\":2,\"name\":\"Produits\",\"item\":\"https:\\\/\\\/gerodan.es\\\/fr\\\/produits\\\/\"},{\"@type\":\"ListItem\",\"position\":3,\"name\":\"sabina 200\"}]},{\"@type\":\"WebSite\",\"@id\":\"https:\\\/\\\/gerodan.es\\\/fr\\\/#website\",\"url\":\"https:\\\/\\\/gerodan.es\\\/fr\\\/\",\"name\":\"Gerodan\",\"description\":\"Venta de mobiliario adaptado a personas mayores\",\"potentialAction\":[{\"@type\":\"SearchAction\",\"target\":{\"@type\":\"EntryPoint\",\"urlTemplate\":\"https:\\\/\\\/gerodan.es\\\/fr\\\/?s={search_term_string}\"},\"query-input\":{\"@type\":\"PropertyValueSpecification\",\"valueRequired\":true,\"valueName\":\"search_term_string\"}}],\"inLanguage\":\"fr-FR\"}]}<\/script>\n<!-- \/ Yoast SEO plugin. -->","yoast_head_json":{"title":"sabina 200 - Gerodan","description":"La gr\u00faa Sabina 200 es f\u00e1cil de usar, vers\u00e1til y es ideal para los pacientes capaces de participar activamente en procedimientos de elevaci\u00f3n.","robots":{"index":"index","follow":"follow","max-snippet":"max-snippet:-1","max-image-preview":"max-image-preview:large","max-video-preview":"max-video-preview:-1"},"canonical":"https:\/\/gerodan.es\/fr\/produits\/sabina-200\/","og_locale":"fr_FR","og_type":"article","og_title":"sabina 200 - Gerodan","og_description":"La gr\u00faa Sabina 200 es f\u00e1cil de usar, vers\u00e1til y es ideal para los pacientes capaces de participar activamente en procedimientos de elevaci\u00f3n.","og_url":"https:\/\/gerodan.es\/fr\/produits\/sabina-200\/","og_site_name":"Gerodan","article_modified_time":"2019-06-11T13:45:59+00:00","og_image":[{"width":639,"height":639,"url":"https:\/\/gerodan.es\/wp-content\/uploads\/2017\/10\/sabina200-1.jpg","type":"image\/jpeg"}],"twitter_card":"summary_large_image","twitter_misc":{"Dur\u00e9e de lecture estim\u00e9e":"1 minute"},"schema":{"@context":"https:\/\/schema.org","@graph":[{"@type":"WebPage","@id":"https:\/\/gerodan.es\/fr\/produits\/sabina-200\/","url":"https:\/\/gerodan.es\/fr\/produits\/sabina-200\/","name":"sabina 200 - Gerodan","isPartOf":{"@id":"https:\/\/gerodan.es\/fr\/#website"},"primaryImageOfPage":{"@id":"https:\/\/gerodan.es\/fr\/produits\/sabina-200\/#primaryimage"},"image":{"@id":"https:\/\/gerodan.es\/fr\/produits\/sabina-200\/#primaryimage"},"thumbnailUrl":"https:\/\/gerodan.es\/wp-content\/uploads\/2017\/10\/sabina200-1.jpg","datePublished":"2017-10-18T11:00:49+00:00","dateModified":"2019-06-11T13:45:59+00:00","description":"La gr\u00faa Sabina 200 es f\u00e1cil de usar, vers\u00e1til y es ideal para los pacientes capaces de participar activamente en procedimientos de elevaci\u00f3n.","breadcrumb":{"@id":"https:\/\/gerodan.es\/fr\/produits\/sabina-200\/#breadcrumb"},"inLanguage":"fr-FR","potentialAction":[{"@type":"ReadAction","target":["https:\/\/gerodan.es\/fr\/produits\/sabina-200\/"]}]},{"@type":"ImageObject","inLanguage":"fr-FR","@id":"https:\/\/gerodan.es\/fr\/produits\/sabina-200\/#primaryimage","url":"https:\/\/gerodan.es\/wp-content\/uploads\/2017\/10\/sabina200-1.jpg","contentUrl":"https:\/\/gerodan.es\/wp-content\/uploads\/2017\/10\/sabina200-1.jpg","width":639,"height":639},{"@type":"BreadcrumbList","@id":"https:\/\/gerodan.es\/fr\/produits\/sabina-200\/#breadcrumb","itemListElement":[{"@type":"ListItem","position":1,"name":"Home","item":"https:\/\/gerodan.es\/fr\/"},{"@type":"ListItem","position":2,"name":"Produits","item":"https:\/\/gerodan.es\/fr\/produits\/"},{"@type":"ListItem","position":3,"name":"sabina 200"}]},{"@type":"WebSite","@id":"https:\/\/gerodan.es\/fr\/#website","url":"https:\/\/gerodan.es\/fr\/","name":"Gerodan","description":"Venta de mobiliario adaptado a personas mayores","potentialAction":[{"@type":"SearchAction","target":{"@type":"EntryPoint","urlTemplate":"https:\/\/gerodan.es\/fr\/?s={search_term_string}"},"query-input":{"@type":"PropertyValueSpecification","valueRequired":true,"valueName":"search_term_string"}}],"inLanguage":"fr-FR"}]}},"_links":{"self":[{"href":"https:\/\/gerodan.es\/fr\/wp-json\/wp\/v2\/product\/4009","targetHints":{"allow":["GET"]}}],"collection":[{"href":"https:\/\/gerodan.es\/fr\/wp-json\/wp\/v2\/product"}],"about":[{"href":"https:\/\/gerodan.es\/fr\/wp-json\/wp\/v2\/types\/product"}],"wp:featuredmedia":[{"embeddable":true,"href":"https:\/\/gerodan.es\/fr\/wp-json\/wp\/v2\/media\/4010"}],"wp:attachment":[{"href":"https:\/\/gerodan.es\/fr\/wp-json\/wp\/v2\/media?parent=4009"}],"wp:term":[{"taxonomy":"grado-de-dependencia","embeddable":true,"href":"https:\/\/gerodan.es\/fr\/wp-json\/wp\/v2\/grado-de-dependencia?post=4009"},{"taxonomy":"product_brand","embeddable":true,"href":"https:\/\/gerodan.es\/fr\/wp-json\/wp\/v2\/product_brand?post=4009"},{"taxonomy":"product_cat","embeddable":true,"href":"https:\/\/gerodan.es\/fr\/wp-json\/wp\/v2\/product_cat?post=4009"},{"taxonomy":"product_tag","embeddable":true,"href":"https:\/\/gerodan.es\/fr\/wp-json\/wp\/v2\/product_tag?post=4009"}],"curies":[{"name":"wp","href":"https:\/\/api.w.org\/{rel}","templated":true}]}}