{"id":4086,"date":"2017-09-28T09:57:20","date_gmt":"2017-09-28T09:57:20","guid":{"rendered":"https:\/\/gerodan.es\/nuevaweb\/productos\/grua-de-traslado\/"},"modified":"2019-06-11T13:46:38","modified_gmt":"2019-06-11T13:46:38","slug":"grua-de-traslado","status":"publish","type":"product","link":"https:\/\/gerodan.es\/fr\/produits\/grua-de-traslado\/","title":{"rendered":"Gr\u00faas de traslado"},"content":{"rendered":"<p><strong>Viking M<\/strong><\/p>\n<p>Gr\u00faa Transferencia VIKING M. Carga m\u00e1xima 205 kg, fabricada integramente en aluminio, material<br \/>\nrespetuoso con el medio ambiente. Peso 34 kg con gran facilidad para el manejo de pacientes.<br \/>\nDise\u00f1ada especialmente para efectuar transferencias vers\u00e1tiles de pacientes que pueden participar<br \/>\nde forma activa en la operaci\u00f3n de elevaci\u00f3n, o para paciente sin tono muscular. Permite la recogida<br \/>\nde pacientes en posici\u00f3n suelo. Ajuste de tres alturas regulables para pacientes de diferentes tallas.<br \/>\nApertura de patas motorizada desde el mando.. Bater\u00eda con memoria, de f\u00e1cil mantenimiento.<br \/>\nEl aluminio fue la elecci\u00f3n natural al dise\u00f1ar y construir la gr\u00faa viking. Es el material que m\u00e1s facilita<br \/>\nlas labores de elevaci\u00f3n, adem\u00e1s de las ventajas de tipo meioambiental que proporciona y el f\u00e1cil<br \/>\nmantenimiento que requiere.<\/p>\n","protected":false},"excerpt":{"rendered":"<p>Viking M Gr\u00faa Transferencia VIKING M. Carga m\u00e1xima 205 kg,  [&#8230;]<\/p>\n","protected":false},"featured_media":4088,"template":"","meta":{"_acf_changed":false},"grado-de-dependencia":[],"product_brand":[],"product_cat":[442],"product_tag":[],"class_list":{"0":"post-4086","1":"product","2":"type-product","3":"status-publish","4":"has-post-thumbnail","6":"product_cat-sans-categorie","8":"first","9":"instock","10":"shipping-taxable","11":"product-type-simple"},"acf":[],"yoast_head":"<!-- This site is optimized with the Yoast SEO plugin v27.4 - https:\/\/yoast.com\/product\/yoast-seo-wordpress\/ -->\n<title>Gr\u00faa de traslado | Movilizaci\u00f3n de pacientes<\/title>\n<meta name=\"description\" content=\"Gr\u00faa de Transferencia VIKING M. Dise\u00f1ada para pacientes que pueden participar de forma activa en la operaci\u00f3n de elevaci\u00f3n, o para paciente sin tono muscular.\" \/>\n<meta name=\"robots\" content=\"index, follow, max-snippet:-1, max-image-preview:large, max-video-preview:-1\" \/>\n<link rel=\"canonical\" href=\"https:\/\/gerodan.es\/fr\/produits\/grua-de-traslado\/\" \/>\n<meta property=\"og:locale\" content=\"fr_FR\" \/>\n<meta property=\"og:type\" content=\"article\" \/>\n<meta property=\"og:title\" content=\"Gr\u00faa de traslado | Movilizaci\u00f3n de pacientes\" \/>\n<meta property=\"og:description\" content=\"Gr\u00faa de Transferencia VIKING M. Dise\u00f1ada para pacientes que pueden participar de forma activa en la operaci\u00f3n de elevaci\u00f3n, o para paciente sin tono muscular.\" \/>\n<meta property=\"og:url\" content=\"https:\/\/gerodan.es\/fr\/produits\/grua-de-traslado\/\" \/>\n<meta property=\"og:site_name\" content=\"Gerodan\" \/>\n<meta property=\"article:modified_time\" content=\"2019-06-11T13:46:38+00:00\" \/>\n<meta property=\"og:image\" content=\"https:\/\/gerodan.es\/wp-content\/uploads\/2017\/09\/Viking_XL-0032_F-800x600.jpg\" \/>\n\t<meta property=\"og:image:width\" content=\"800\" \/>\n\t<meta property=\"og:image:height\" content=\"600\" \/>\n\t<meta property=\"og:image:type\" content=\"image\/jpeg\" \/>\n<meta name=\"twitter:card\" content=\"summary_large_image\" \/>\n<meta name=\"twitter:label1\" content=\"Dur\u00e9e de lecture estim\u00e9e\" \/>\n\t<meta name=\"twitter:data1\" content=\"1 minute\" \/>\n<script type=\"application\/ld+json\" class=\"yoast-schema-graph\">{\"@context\":\"https:\\\/\\\/schema.org\",\"@graph\":[{\"@type\":\"WebPage\",\"@id\":\"https:\\\/\\\/gerodan.es\\\/fr\\\/produits\\\/grua-de-traslado\\\/\",\"url\":\"https:\\\/\\\/gerodan.es\\\/fr\\\/produits\\\/grua-de-traslado\\\/\",\"name\":\"Gr\u00faa de traslado | Movilizaci\u00f3n de pacientes\",\"isPartOf\":{\"@id\":\"https:\\\/\\\/gerodan.es\\\/fr\\\/#website\"},\"primaryImageOfPage\":{\"@id\":\"https:\\\/\\\/gerodan.es\\\/fr\\\/produits\\\/grua-de-traslado\\\/#primaryimage\"},\"image\":{\"@id\":\"https:\\\/\\\/gerodan.es\\\/fr\\\/produits\\\/grua-de-traslado\\\/#primaryimage\"},\"thumbnailUrl\":\"https:\\\/\\\/gerodan.es\\\/wp-content\\\/uploads\\\/2017\\\/09\\\/Viking_XL-0032_F-800x600.jpg\",\"datePublished\":\"2017-09-28T09:57:20+00:00\",\"dateModified\":\"2019-06-11T13:46:38+00:00\",\"description\":\"Gr\u00faa de Transferencia VIKING M. Dise\u00f1ada para pacientes que pueden participar de forma activa en la operaci\u00f3n de elevaci\u00f3n, o para paciente sin tono muscular.\",\"breadcrumb\":{\"@id\":\"https:\\\/\\\/gerodan.es\\\/fr\\\/produits\\\/grua-de-traslado\\\/#breadcrumb\"},\"inLanguage\":\"fr-FR\",\"potentialAction\":[{\"@type\":\"ReadAction\",\"target\":[\"https:\\\/\\\/gerodan.es\\\/fr\\\/produits\\\/grua-de-traslado\\\/\"]}]},{\"@type\":\"ImageObject\",\"inLanguage\":\"fr-FR\",\"@id\":\"https:\\\/\\\/gerodan.es\\\/fr\\\/produits\\\/grua-de-traslado\\\/#primaryimage\",\"url\":\"https:\\\/\\\/gerodan.es\\\/wp-content\\\/uploads\\\/2017\\\/09\\\/Viking_XL-0032_F-800x600.jpg\",\"contentUrl\":\"https:\\\/\\\/gerodan.es\\\/wp-content\\\/uploads\\\/2017\\\/09\\\/Viking_XL-0032_F-800x600.jpg\",\"width\":800,\"height\":600},{\"@type\":\"BreadcrumbList\",\"@id\":\"https:\\\/\\\/gerodan.es\\\/fr\\\/produits\\\/grua-de-traslado\\\/#breadcrumb\",\"itemListElement\":[{\"@type\":\"ListItem\",\"position\":1,\"name\":\"Home\",\"item\":\"https:\\\/\\\/gerodan.es\\\/fr\\\/\"},{\"@type\":\"ListItem\",\"position\":2,\"name\":\"Produits\",\"item\":\"https:\\\/\\\/gerodan.es\\\/fr\\\/produits\\\/\"},{\"@type\":\"ListItem\",\"position\":3,\"name\":\"Gr\u00faas de traslado\"}]},{\"@type\":\"WebSite\",\"@id\":\"https:\\\/\\\/gerodan.es\\\/fr\\\/#website\",\"url\":\"https:\\\/\\\/gerodan.es\\\/fr\\\/\",\"name\":\"Gerodan\",\"description\":\"Venta de mobiliario adaptado a personas mayores\",\"potentialAction\":[{\"@type\":\"SearchAction\",\"target\":{\"@type\":\"EntryPoint\",\"urlTemplate\":\"https:\\\/\\\/gerodan.es\\\/fr\\\/?s={search_term_string}\"},\"query-input\":{\"@type\":\"PropertyValueSpecification\",\"valueRequired\":true,\"valueName\":\"search_term_string\"}}],\"inLanguage\":\"fr-FR\"}]}<\/script>\n<!-- \/ Yoast SEO plugin. -->","yoast_head_json":{"title":"Gr\u00faa de traslado | Movilizaci\u00f3n de pacientes","description":"Gr\u00faa de Transferencia VIKING M. Dise\u00f1ada para pacientes que pueden participar de forma activa en la operaci\u00f3n de elevaci\u00f3n, o para paciente sin tono muscular.","robots":{"index":"index","follow":"follow","max-snippet":"max-snippet:-1","max-image-preview":"max-image-preview:large","max-video-preview":"max-video-preview:-1"},"canonical":"https:\/\/gerodan.es\/fr\/produits\/grua-de-traslado\/","og_locale":"fr_FR","og_type":"article","og_title":"Gr\u00faa de traslado | Movilizaci\u00f3n de pacientes","og_description":"Gr\u00faa de Transferencia VIKING M. Dise\u00f1ada para pacientes que pueden participar de forma activa en la operaci\u00f3n de elevaci\u00f3n, o para paciente sin tono muscular.","og_url":"https:\/\/gerodan.es\/fr\/produits\/grua-de-traslado\/","og_site_name":"Gerodan","article_modified_time":"2019-06-11T13:46:38+00:00","og_image":[{"width":800,"height":600,"url":"https:\/\/gerodan.es\/wp-content\/uploads\/2017\/09\/Viking_XL-0032_F-800x600.jpg","type":"image\/jpeg"}],"twitter_card":"summary_large_image","twitter_misc":{"Dur\u00e9e de lecture estim\u00e9e":"1 minute"},"schema":{"@context":"https:\/\/schema.org","@graph":[{"@type":"WebPage","@id":"https:\/\/gerodan.es\/fr\/produits\/grua-de-traslado\/","url":"https:\/\/gerodan.es\/fr\/produits\/grua-de-traslado\/","name":"Gr\u00faa de traslado | Movilizaci\u00f3n de pacientes","isPartOf":{"@id":"https:\/\/gerodan.es\/fr\/#website"},"primaryImageOfPage":{"@id":"https:\/\/gerodan.es\/fr\/produits\/grua-de-traslado\/#primaryimage"},"image":{"@id":"https:\/\/gerodan.es\/fr\/produits\/grua-de-traslado\/#primaryimage"},"thumbnailUrl":"https:\/\/gerodan.es\/wp-content\/uploads\/2017\/09\/Viking_XL-0032_F-800x600.jpg","datePublished":"2017-09-28T09:57:20+00:00","dateModified":"2019-06-11T13:46:38+00:00","description":"Gr\u00faa de Transferencia VIKING M. Dise\u00f1ada para pacientes que pueden participar de forma activa en la operaci\u00f3n de elevaci\u00f3n, o para paciente sin tono muscular.","breadcrumb":{"@id":"https:\/\/gerodan.es\/fr\/produits\/grua-de-traslado\/#breadcrumb"},"inLanguage":"fr-FR","potentialAction":[{"@type":"ReadAction","target":["https:\/\/gerodan.es\/fr\/produits\/grua-de-traslado\/"]}]},{"@type":"ImageObject","inLanguage":"fr-FR","@id":"https:\/\/gerodan.es\/fr\/produits\/grua-de-traslado\/#primaryimage","url":"https:\/\/gerodan.es\/wp-content\/uploads\/2017\/09\/Viking_XL-0032_F-800x600.jpg","contentUrl":"https:\/\/gerodan.es\/wp-content\/uploads\/2017\/09\/Viking_XL-0032_F-800x600.jpg","width":800,"height":600},{"@type":"BreadcrumbList","@id":"https:\/\/gerodan.es\/fr\/produits\/grua-de-traslado\/#breadcrumb","itemListElement":[{"@type":"ListItem","position":1,"name":"Home","item":"https:\/\/gerodan.es\/fr\/"},{"@type":"ListItem","position":2,"name":"Produits","item":"https:\/\/gerodan.es\/fr\/produits\/"},{"@type":"ListItem","position":3,"name":"Gr\u00faas de traslado"}]},{"@type":"WebSite","@id":"https:\/\/gerodan.es\/fr\/#website","url":"https:\/\/gerodan.es\/fr\/","name":"Gerodan","description":"Venta de mobiliario adaptado a personas mayores","potentialAction":[{"@type":"SearchAction","target":{"@type":"EntryPoint","urlTemplate":"https:\/\/gerodan.es\/fr\/?s={search_term_string}"},"query-input":{"@type":"PropertyValueSpecification","valueRequired":true,"valueName":"search_term_string"}}],"inLanguage":"fr-FR"}]}},"_links":{"self":[{"href":"https:\/\/gerodan.es\/fr\/wp-json\/wp\/v2\/product\/4086","targetHints":{"allow":["GET"]}}],"collection":[{"href":"https:\/\/gerodan.es\/fr\/wp-json\/wp\/v2\/product"}],"about":[{"href":"https:\/\/gerodan.es\/fr\/wp-json\/wp\/v2\/types\/product"}],"wp:featuredmedia":[{"embeddable":true,"href":"https:\/\/gerodan.es\/fr\/wp-json\/wp\/v2\/media\/4088"}],"wp:attachment":[{"href":"https:\/\/gerodan.es\/fr\/wp-json\/wp\/v2\/media?parent=4086"}],"wp:term":[{"taxonomy":"grado-de-dependencia","embeddable":true,"href":"https:\/\/gerodan.es\/fr\/wp-json\/wp\/v2\/grado-de-dependencia?post=4086"},{"taxonomy":"product_brand","embeddable":true,"href":"https:\/\/gerodan.es\/fr\/wp-json\/wp\/v2\/product_brand?post=4086"},{"taxonomy":"product_cat","embeddable":true,"href":"https:\/\/gerodan.es\/fr\/wp-json\/wp\/v2\/product_cat?post=4086"},{"taxonomy":"product_tag","embeddable":true,"href":"https:\/\/gerodan.es\/fr\/wp-json\/wp\/v2\/product_tag?post=4086"}],"curies":[{"name":"wp","href":"https:\/\/api.w.org\/{rel}","templated":true}]}}