{"id":4089,"date":"2017-09-28T09:40:20","date_gmt":"2017-09-28T09:40:20","guid":{"rendered":"https:\/\/gerodan.es\/nuevaweb\/productos\/grua-de-bipedestacion\/"},"modified":"2019-06-11T13:46:39","modified_gmt":"2019-06-11T13:46:39","slug":"grua-de-bipedestacion","status":"publish","type":"product","link":"https:\/\/gerodan.es\/fr\/produits\/grua-de-bipedestacion\/","title":{"rendered":"Gr\u00faas de Bipedestaci\u00f3n"},"content":{"rendered":"<p>Gr\u00faa Bipedestaci\u00f3n El\u00e9ctrica SABINA II con percha 350. Carga m\u00e1xima 200 kg, fabricada en acero<br \/>\ncon acabado epoxy, peso 44 kg. Ayuda mec\u00e1nica de elevaci\u00f3n que permite la puesta en pi\u00e9<br \/>\nmediante banda auxiliar y apoyo de miembros inferiores a nivel de las rodillas y pies . Dise\u00f1ada<br \/>\nespecialmente para efectuar transferencias vers\u00e1tiles de pacientes que pueden participar de forma<br \/>\nactiva en la operaci\u00f3n de elevaci\u00f3n. Sabina II es un modelo que ofrece una c\u00f3moda elevaci\u00f3n,<br \/>\ncorrecta, segura y ergon\u00f3mica. Ajuste de altura regulable para pacientes de diferentes tallas. El<br \/>\nsoporte de piernas inferior y el reposapi\u00e9s pueden quitarse f\u00e1cilmente cuando sea necesario.<br \/>\nApertura de patas motorizada.<br \/>\nArn\u00e9s de Bipedestaci\u00f3n Safetyvest mod 93. Fabricado en nylon, tallas M y L. Permite una perfecta<br \/>\nsujecci\u00f3n de pacientes sin tono muscular, evitando sufrimiento en las axilas.<\/p>\n<p>&nbsp;<\/p>\n<p>&nbsp;<\/p>\n","protected":false},"excerpt":{"rendered":"<p>Gr\u00faa Bipedestaci\u00f3n El\u00e9ctrica SABINA II con percha 350. Carga m\u00e1xima  [&#8230;]<\/p>\n","protected":false},"featured_media":3698,"template":"","meta":{"_acf_changed":false},"grado-de-dependencia":[],"product_brand":[],"product_cat":[442],"product_tag":[372],"class_list":{"0":"post-4089","1":"product","2":"type-product","3":"status-publish","4":"has-post-thumbnail","6":"product_cat-sans-categorie","7":"product_tag-grua-de-bipedestacion-fr","9":"first","10":"instock","11":"shipping-taxable","12":"product-type-simple"},"acf":[],"yoast_head":"<!-- This site is optimized with the Yoast SEO plugin v27.4 - https:\/\/yoast.com\/product\/yoast-seo-wordpress\/ -->\n<title>Gr\u00faas de Bipedestaci\u00f3n | Movilizaci\u00f3n de pacientes Gerodan<\/title>\n<meta name=\"description\" content=\"Gr\u00faa Bipedestaci\u00f3n El\u00e9ctrica SABINA II con percha 350. Ayuda mec\u00e1nica de elevaci\u00f3n que permite la puesta en pi\u00e9 mediante banda auxiliar y apoyo de miembros inferiores a nivel de las rodillas y pies.\" \/>\n<meta name=\"robots\" content=\"index, follow, max-snippet:-1, max-image-preview:large, max-video-preview:-1\" \/>\n<link rel=\"canonical\" href=\"https:\/\/gerodan.es\/fr\/produits\/grua-de-bipedestacion\/\" \/>\n<meta property=\"og:locale\" content=\"fr_FR\" \/>\n<meta property=\"og:type\" content=\"article\" \/>\n<meta property=\"og:title\" content=\"Gr\u00faas de Bipedestaci\u00f3n | Movilizaci\u00f3n de pacientes Gerodan\" \/>\n<meta property=\"og:description\" content=\"Gr\u00faa Bipedestaci\u00f3n El\u00e9ctrica SABINA II con percha 350. Ayuda mec\u00e1nica de elevaci\u00f3n que permite la puesta en pi\u00e9 mediante banda auxiliar y apoyo de miembros inferiores a nivel de las rodillas y pies.\" \/>\n<meta property=\"og:url\" content=\"https:\/\/gerodan.es\/fr\/produits\/grua-de-bipedestacion\/\" \/>\n<meta property=\"og:site_name\" content=\"Gerodan\" \/>\n<meta property=\"article:modified_time\" content=\"2019-06-11T13:46:39+00:00\" \/>\n<meta property=\"og:image\" content=\"https:\/\/gerodan.es\/wp-content\/uploads\/2017\/09\/SABINA200-1.jpg\" \/>\n\t<meta property=\"og:image:width\" content=\"1417\" \/>\n\t<meta property=\"og:image:height\" content=\"1276\" \/>\n\t<meta property=\"og:image:type\" content=\"image\/jpeg\" \/>\n<meta name=\"twitter:card\" content=\"summary_large_image\" \/>\n<meta name=\"twitter:label1\" content=\"Dur\u00e9e de lecture estim\u00e9e\" \/>\n\t<meta name=\"twitter:data1\" content=\"1 minute\" \/>\n<script type=\"application\/ld+json\" class=\"yoast-schema-graph\">{\"@context\":\"https:\\\/\\\/schema.org\",\"@graph\":[{\"@type\":\"WebPage\",\"@id\":\"https:\\\/\\\/gerodan.es\\\/fr\\\/produits\\\/grua-de-bipedestacion\\\/\",\"url\":\"https:\\\/\\\/gerodan.es\\\/fr\\\/produits\\\/grua-de-bipedestacion\\\/\",\"name\":\"Gr\u00faas de Bipedestaci\u00f3n | Movilizaci\u00f3n de pacientes Gerodan\",\"isPartOf\":{\"@id\":\"https:\\\/\\\/gerodan.es\\\/fr\\\/#website\"},\"primaryImageOfPage\":{\"@id\":\"https:\\\/\\\/gerodan.es\\\/fr\\\/produits\\\/grua-de-bipedestacion\\\/#primaryimage\"},\"image\":{\"@id\":\"https:\\\/\\\/gerodan.es\\\/fr\\\/produits\\\/grua-de-bipedestacion\\\/#primaryimage\"},\"thumbnailUrl\":\"https:\\\/\\\/gerodan.es\\\/wp-content\\\/uploads\\\/2017\\\/09\\\/SABINA200-1.jpg\",\"datePublished\":\"2017-09-28T09:40:20+00:00\",\"dateModified\":\"2019-06-11T13:46:39+00:00\",\"description\":\"Gr\u00faa Bipedestaci\u00f3n El\u00e9ctrica SABINA II con percha 350. Ayuda mec\u00e1nica de elevaci\u00f3n que permite la puesta en pi\u00e9 mediante banda auxiliar y apoyo de miembros inferiores a nivel de las rodillas y pies.\",\"breadcrumb\":{\"@id\":\"https:\\\/\\\/gerodan.es\\\/fr\\\/produits\\\/grua-de-bipedestacion\\\/#breadcrumb\"},\"inLanguage\":\"fr-FR\",\"potentialAction\":[{\"@type\":\"ReadAction\",\"target\":[\"https:\\\/\\\/gerodan.es\\\/fr\\\/produits\\\/grua-de-bipedestacion\\\/\"]}]},{\"@type\":\"ImageObject\",\"inLanguage\":\"fr-FR\",\"@id\":\"https:\\\/\\\/gerodan.es\\\/fr\\\/produits\\\/grua-de-bipedestacion\\\/#primaryimage\",\"url\":\"https:\\\/\\\/gerodan.es\\\/wp-content\\\/uploads\\\/2017\\\/09\\\/SABINA200-1.jpg\",\"contentUrl\":\"https:\\\/\\\/gerodan.es\\\/wp-content\\\/uploads\\\/2017\\\/09\\\/SABINA200-1.jpg\",\"width\":1417,\"height\":1276},{\"@type\":\"BreadcrumbList\",\"@id\":\"https:\\\/\\\/gerodan.es\\\/fr\\\/produits\\\/grua-de-bipedestacion\\\/#breadcrumb\",\"itemListElement\":[{\"@type\":\"ListItem\",\"position\":1,\"name\":\"Home\",\"item\":\"https:\\\/\\\/gerodan.es\\\/fr\\\/\"},{\"@type\":\"ListItem\",\"position\":2,\"name\":\"Produits\",\"item\":\"https:\\\/\\\/gerodan.es\\\/fr\\\/produits\\\/\"},{\"@type\":\"ListItem\",\"position\":3,\"name\":\"Gr\u00faas de Bipedestaci\u00f3n\"}]},{\"@type\":\"WebSite\",\"@id\":\"https:\\\/\\\/gerodan.es\\\/fr\\\/#website\",\"url\":\"https:\\\/\\\/gerodan.es\\\/fr\\\/\",\"name\":\"Gerodan\",\"description\":\"Venta de mobiliario adaptado a personas mayores\",\"potentialAction\":[{\"@type\":\"SearchAction\",\"target\":{\"@type\":\"EntryPoint\",\"urlTemplate\":\"https:\\\/\\\/gerodan.es\\\/fr\\\/?s={search_term_string}\"},\"query-input\":{\"@type\":\"PropertyValueSpecification\",\"valueRequired\":true,\"valueName\":\"search_term_string\"}}],\"inLanguage\":\"fr-FR\"}]}<\/script>\n<!-- \/ Yoast SEO plugin. -->","yoast_head_json":{"title":"Gr\u00faas de Bipedestaci\u00f3n | Movilizaci\u00f3n de pacientes Gerodan","description":"Gr\u00faa Bipedestaci\u00f3n El\u00e9ctrica SABINA II con percha 350. Ayuda mec\u00e1nica de elevaci\u00f3n que permite la puesta en pi\u00e9 mediante banda auxiliar y apoyo de miembros inferiores a nivel de las rodillas y pies.","robots":{"index":"index","follow":"follow","max-snippet":"max-snippet:-1","max-image-preview":"max-image-preview:large","max-video-preview":"max-video-preview:-1"},"canonical":"https:\/\/gerodan.es\/fr\/produits\/grua-de-bipedestacion\/","og_locale":"fr_FR","og_type":"article","og_title":"Gr\u00faas de Bipedestaci\u00f3n | Movilizaci\u00f3n de pacientes Gerodan","og_description":"Gr\u00faa Bipedestaci\u00f3n El\u00e9ctrica SABINA II con percha 350. Ayuda mec\u00e1nica de elevaci\u00f3n que permite la puesta en pi\u00e9 mediante banda auxiliar y apoyo de miembros inferiores a nivel de las rodillas y pies.","og_url":"https:\/\/gerodan.es\/fr\/produits\/grua-de-bipedestacion\/","og_site_name":"Gerodan","article_modified_time":"2019-06-11T13:46:39+00:00","og_image":[{"width":1417,"height":1276,"url":"https:\/\/gerodan.es\/wp-content\/uploads\/2017\/09\/SABINA200-1.jpg","type":"image\/jpeg"}],"twitter_card":"summary_large_image","twitter_misc":{"Dur\u00e9e de lecture estim\u00e9e":"1 minute"},"schema":{"@context":"https:\/\/schema.org","@graph":[{"@type":"WebPage","@id":"https:\/\/gerodan.es\/fr\/produits\/grua-de-bipedestacion\/","url":"https:\/\/gerodan.es\/fr\/produits\/grua-de-bipedestacion\/","name":"Gr\u00faas de Bipedestaci\u00f3n | Movilizaci\u00f3n de pacientes Gerodan","isPartOf":{"@id":"https:\/\/gerodan.es\/fr\/#website"},"primaryImageOfPage":{"@id":"https:\/\/gerodan.es\/fr\/produits\/grua-de-bipedestacion\/#primaryimage"},"image":{"@id":"https:\/\/gerodan.es\/fr\/produits\/grua-de-bipedestacion\/#primaryimage"},"thumbnailUrl":"https:\/\/gerodan.es\/wp-content\/uploads\/2017\/09\/SABINA200-1.jpg","datePublished":"2017-09-28T09:40:20+00:00","dateModified":"2019-06-11T13:46:39+00:00","description":"Gr\u00faa Bipedestaci\u00f3n El\u00e9ctrica SABINA II con percha 350. Ayuda mec\u00e1nica de elevaci\u00f3n que permite la puesta en pi\u00e9 mediante banda auxiliar y apoyo de miembros inferiores a nivel de las rodillas y pies.","breadcrumb":{"@id":"https:\/\/gerodan.es\/fr\/produits\/grua-de-bipedestacion\/#breadcrumb"},"inLanguage":"fr-FR","potentialAction":[{"@type":"ReadAction","target":["https:\/\/gerodan.es\/fr\/produits\/grua-de-bipedestacion\/"]}]},{"@type":"ImageObject","inLanguage":"fr-FR","@id":"https:\/\/gerodan.es\/fr\/produits\/grua-de-bipedestacion\/#primaryimage","url":"https:\/\/gerodan.es\/wp-content\/uploads\/2017\/09\/SABINA200-1.jpg","contentUrl":"https:\/\/gerodan.es\/wp-content\/uploads\/2017\/09\/SABINA200-1.jpg","width":1417,"height":1276},{"@type":"BreadcrumbList","@id":"https:\/\/gerodan.es\/fr\/produits\/grua-de-bipedestacion\/#breadcrumb","itemListElement":[{"@type":"ListItem","position":1,"name":"Home","item":"https:\/\/gerodan.es\/fr\/"},{"@type":"ListItem","position":2,"name":"Produits","item":"https:\/\/gerodan.es\/fr\/produits\/"},{"@type":"ListItem","position":3,"name":"Gr\u00faas de Bipedestaci\u00f3n"}]},{"@type":"WebSite","@id":"https:\/\/gerodan.es\/fr\/#website","url":"https:\/\/gerodan.es\/fr\/","name":"Gerodan","description":"Venta de mobiliario adaptado a personas mayores","potentialAction":[{"@type":"SearchAction","target":{"@type":"EntryPoint","urlTemplate":"https:\/\/gerodan.es\/fr\/?s={search_term_string}"},"query-input":{"@type":"PropertyValueSpecification","valueRequired":true,"valueName":"search_term_string"}}],"inLanguage":"fr-FR"}]}},"_links":{"self":[{"href":"https:\/\/gerodan.es\/fr\/wp-json\/wp\/v2\/product\/4089","targetHints":{"allow":["GET"]}}],"collection":[{"href":"https:\/\/gerodan.es\/fr\/wp-json\/wp\/v2\/product"}],"about":[{"href":"https:\/\/gerodan.es\/fr\/wp-json\/wp\/v2\/types\/product"}],"wp:featuredmedia":[{"embeddable":true,"href":"https:\/\/gerodan.es\/fr\/wp-json\/wp\/v2\/media\/3698"}],"wp:attachment":[{"href":"https:\/\/gerodan.es\/fr\/wp-json\/wp\/v2\/media?parent=4089"}],"wp:term":[{"taxonomy":"grado-de-dependencia","embeddable":true,"href":"https:\/\/gerodan.es\/fr\/wp-json\/wp\/v2\/grado-de-dependencia?post=4089"},{"taxonomy":"product_brand","embeddable":true,"href":"https:\/\/gerodan.es\/fr\/wp-json\/wp\/v2\/product_brand?post=4089"},{"taxonomy":"product_cat","embeddable":true,"href":"https:\/\/gerodan.es\/fr\/wp-json\/wp\/v2\/product_cat?post=4089"},{"taxonomy":"product_tag","embeddable":true,"href":"https:\/\/gerodan.es\/fr\/wp-json\/wp\/v2\/product_tag?post=4089"}],"curies":[{"name":"wp","href":"https:\/\/api.w.org\/{rel}","templated":true}]}}