{"id":4120,"date":"2016-06-29T12:12:02","date_gmt":"2016-06-29T12:12:02","guid":{"rendered":"https:\/\/gerodan.es\/nuevaweb\/productos\/escritorio-individual\/"},"modified":"2019-06-11T13:47:00","modified_gmt":"2019-06-11T13:47:00","slug":"escritorio-individual","status":"publish","type":"product","link":"https:\/\/gerodan.es\/fr\/produits\/escritorio-individual\/","title":{"rendered":"Escritorio Landes"},"content":{"rendered":"<p>Escritorio individual con un caj\u00f3n central. Fabricado en madera maciza de pino. Tiradores de madera.<\/p>\n","protected":false},"excerpt":{"rendered":"<p>Sill\u00f3n NELY de l\u00edneas cuadradas para equipar zonas de lectura, habitaci\u00f3n o comedores. Dimensiones H86xF55xA57. Estructura de haya con brazos, asiento y respaldo tapizados. Suspensi\u00f3n cincha cubierta de alta calidad.<\/p>\n<p>Espumas de alta densidad en asiento. Tapizados con telas vin\u00edlicas con protecci\u00f3n antimicrobial, antibacterial, antimic\u00f3tica y resistente a la abrasi\u00f3n. F\u00e1ciles de limpiar y mantener. Insensibles a la luz.<\/p>\n","protected":false},"featured_media":4122,"template":"","meta":{"_acf_changed":false},"grado-de-dependencia":[],"product_brand":[],"product_cat":[354,353],"product_tag":[],"class_list":{"0":"post-4120","1":"product","2":"type-product","3":"status-publish","4":"has-post-thumbnail","6":"product_cat-bureaux-et-etageres","7":"product_cat-meubles-adaptes","9":"first","10":"instock","11":"shipping-taxable","12":"product-type-simple"},"acf":[],"yoast_head":"<!-- This site is optimized with the Yoast SEO plugin v27.1.1 - https:\/\/yoast.com\/product\/yoast-seo-wordpress\/ -->\n<title>Escritorio individual - Gerodan<\/title>\n<meta name=\"description\" content=\"Gerodan ofrece su escritorio individual. Escritorio individual con un caj\u00f3n central. Fabricado en madera maciza de pino. Tiradores de madera.\" \/>\n<meta name=\"robots\" content=\"index, follow, max-snippet:-1, max-image-preview:large, max-video-preview:-1\" \/>\n<link rel=\"canonical\" href=\"https:\/\/gerodan.es\/fr\/produits\/escritorio-individual\/\" \/>\n<meta property=\"og:locale\" content=\"fr_FR\" \/>\n<meta property=\"og:type\" content=\"article\" \/>\n<meta property=\"og:title\" content=\"Escritorio individual - Gerodan\" \/>\n<meta property=\"og:description\" content=\"Gerodan ofrece su escritorio individual. Escritorio individual con un caj\u00f3n central. Fabricado en madera maciza de pino. Tiradores de madera.\" \/>\n<meta property=\"og:url\" content=\"https:\/\/gerodan.es\/fr\/produits\/escritorio-individual\/\" \/>\n<meta property=\"og:site_name\" content=\"Gerodan\" \/>\n<meta property=\"article:modified_time\" content=\"2019-06-11T13:47:00+00:00\" \/>\n<meta property=\"og:image\" content=\"https:\/\/gerodan.es\/wp-content\/uploads\/2016\/06\/Escritorio-Individual-600x600-1.jpg\" \/>\n\t<meta property=\"og:image:width\" content=\"887\" \/>\n\t<meta property=\"og:image:height\" content=\"887\" \/>\n\t<meta property=\"og:image:type\" content=\"image\/jpeg\" \/>\n<meta name=\"twitter:card\" content=\"summary_large_image\" \/>\n<script type=\"application\/ld+json\" class=\"yoast-schema-graph\">{\"@context\":\"https:\/\/schema.org\",\"@graph\":[{\"@type\":\"WebPage\",\"@id\":\"https:\/\/gerodan.es\/fr\/produits\/escritorio-individual\/\",\"url\":\"https:\/\/gerodan.es\/fr\/produits\/escritorio-individual\/\",\"name\":\"Escritorio individual - Gerodan\",\"isPartOf\":{\"@id\":\"https:\/\/gerodan.es\/fr\/#website\"},\"primaryImageOfPage\":{\"@id\":\"https:\/\/gerodan.es\/fr\/produits\/escritorio-individual\/#primaryimage\"},\"image\":{\"@id\":\"https:\/\/gerodan.es\/fr\/produits\/escritorio-individual\/#primaryimage\"},\"thumbnailUrl\":\"https:\/\/gerodan.es\/wp-content\/uploads\/2016\/06\/Escritorio-Individual-600x600-1.jpg\",\"datePublished\":\"2016-06-29T12:12:02+00:00\",\"dateModified\":\"2019-06-11T13:47:00+00:00\",\"description\":\"Gerodan ofrece su escritorio individual. Escritorio individual con un caj\u00f3n central. Fabricado en madera maciza de pino. Tiradores de madera.\",\"breadcrumb\":{\"@id\":\"https:\/\/gerodan.es\/fr\/produits\/escritorio-individual\/#breadcrumb\"},\"inLanguage\":\"fr-FR\",\"potentialAction\":[{\"@type\":\"ReadAction\",\"target\":[\"https:\/\/gerodan.es\/fr\/produits\/escritorio-individual\/\"]}]},{\"@type\":\"ImageObject\",\"inLanguage\":\"fr-FR\",\"@id\":\"https:\/\/gerodan.es\/fr\/produits\/escritorio-individual\/#primaryimage\",\"url\":\"https:\/\/gerodan.es\/wp-content\/uploads\/2016\/06\/Escritorio-Individual-600x600-1.jpg\",\"contentUrl\":\"https:\/\/gerodan.es\/wp-content\/uploads\/2016\/06\/Escritorio-Individual-600x600-1.jpg\",\"width\":887,\"height\":887},{\"@type\":\"BreadcrumbList\",\"@id\":\"https:\/\/gerodan.es\/fr\/produits\/escritorio-individual\/#breadcrumb\",\"itemListElement\":[{\"@type\":\"ListItem\",\"position\":1,\"name\":\"Home\",\"item\":\"https:\/\/gerodan.es\/fr\/\"},{\"@type\":\"ListItem\",\"position\":2,\"name\":\"Produits\",\"item\":\"https:\/\/gerodan.es\/fr\/produits\/\"},{\"@type\":\"ListItem\",\"position\":3,\"name\":\"Escritorio Landes\"}]},{\"@type\":\"WebSite\",\"@id\":\"https:\/\/gerodan.es\/fr\/#website\",\"url\":\"https:\/\/gerodan.es\/fr\/\",\"name\":\"Gerodan\",\"description\":\"Venta de mobiliario adaptado a personas mayores\",\"potentialAction\":[{\"@type\":\"SearchAction\",\"target\":{\"@type\":\"EntryPoint\",\"urlTemplate\":\"https:\/\/gerodan.es\/fr\/?s={search_term_string}\"},\"query-input\":{\"@type\":\"PropertyValueSpecification\",\"valueRequired\":true,\"valueName\":\"search_term_string\"}}],\"inLanguage\":\"fr-FR\"}]}<\/script>\n<!-- \/ Yoast SEO plugin. -->","yoast_head_json":{"title":"Escritorio individual - Gerodan","description":"Gerodan ofrece su escritorio individual. Escritorio individual con un caj\u00f3n central. Fabricado en madera maciza de pino. Tiradores de madera.","robots":{"index":"index","follow":"follow","max-snippet":"max-snippet:-1","max-image-preview":"max-image-preview:large","max-video-preview":"max-video-preview:-1"},"canonical":"https:\/\/gerodan.es\/fr\/produits\/escritorio-individual\/","og_locale":"fr_FR","og_type":"article","og_title":"Escritorio individual - Gerodan","og_description":"Gerodan ofrece su escritorio individual. Escritorio individual con un caj\u00f3n central. Fabricado en madera maciza de pino. Tiradores de madera.","og_url":"https:\/\/gerodan.es\/fr\/produits\/escritorio-individual\/","og_site_name":"Gerodan","article_modified_time":"2019-06-11T13:47:00+00:00","og_image":[{"width":887,"height":887,"url":"https:\/\/gerodan.es\/wp-content\/uploads\/2016\/06\/Escritorio-Individual-600x600-1.jpg","type":"image\/jpeg"}],"twitter_card":"summary_large_image","schema":{"@context":"https:\/\/schema.org","@graph":[{"@type":"WebPage","@id":"https:\/\/gerodan.es\/fr\/produits\/escritorio-individual\/","url":"https:\/\/gerodan.es\/fr\/produits\/escritorio-individual\/","name":"Escritorio individual - Gerodan","isPartOf":{"@id":"https:\/\/gerodan.es\/fr\/#website"},"primaryImageOfPage":{"@id":"https:\/\/gerodan.es\/fr\/produits\/escritorio-individual\/#primaryimage"},"image":{"@id":"https:\/\/gerodan.es\/fr\/produits\/escritorio-individual\/#primaryimage"},"thumbnailUrl":"https:\/\/gerodan.es\/wp-content\/uploads\/2016\/06\/Escritorio-Individual-600x600-1.jpg","datePublished":"2016-06-29T12:12:02+00:00","dateModified":"2019-06-11T13:47:00+00:00","description":"Gerodan ofrece su escritorio individual. Escritorio individual con un caj\u00f3n central. Fabricado en madera maciza de pino. Tiradores de madera.","breadcrumb":{"@id":"https:\/\/gerodan.es\/fr\/produits\/escritorio-individual\/#breadcrumb"},"inLanguage":"fr-FR","potentialAction":[{"@type":"ReadAction","target":["https:\/\/gerodan.es\/fr\/produits\/escritorio-individual\/"]}]},{"@type":"ImageObject","inLanguage":"fr-FR","@id":"https:\/\/gerodan.es\/fr\/produits\/escritorio-individual\/#primaryimage","url":"https:\/\/gerodan.es\/wp-content\/uploads\/2016\/06\/Escritorio-Individual-600x600-1.jpg","contentUrl":"https:\/\/gerodan.es\/wp-content\/uploads\/2016\/06\/Escritorio-Individual-600x600-1.jpg","width":887,"height":887},{"@type":"BreadcrumbList","@id":"https:\/\/gerodan.es\/fr\/produits\/escritorio-individual\/#breadcrumb","itemListElement":[{"@type":"ListItem","position":1,"name":"Home","item":"https:\/\/gerodan.es\/fr\/"},{"@type":"ListItem","position":2,"name":"Produits","item":"https:\/\/gerodan.es\/fr\/produits\/"},{"@type":"ListItem","position":3,"name":"Escritorio Landes"}]},{"@type":"WebSite","@id":"https:\/\/gerodan.es\/fr\/#website","url":"https:\/\/gerodan.es\/fr\/","name":"Gerodan","description":"Venta de mobiliario adaptado a personas mayores","potentialAction":[{"@type":"SearchAction","target":{"@type":"EntryPoint","urlTemplate":"https:\/\/gerodan.es\/fr\/?s={search_term_string}"},"query-input":{"@type":"PropertyValueSpecification","valueRequired":true,"valueName":"search_term_string"}}],"inLanguage":"fr-FR"}]}},"_links":{"self":[{"href":"https:\/\/gerodan.es\/fr\/wp-json\/wp\/v2\/product\/4120","targetHints":{"allow":["GET"]}}],"collection":[{"href":"https:\/\/gerodan.es\/fr\/wp-json\/wp\/v2\/product"}],"about":[{"href":"https:\/\/gerodan.es\/fr\/wp-json\/wp\/v2\/types\/product"}],"wp:featuredmedia":[{"embeddable":true,"href":"https:\/\/gerodan.es\/fr\/wp-json\/wp\/v2\/media\/4122"}],"wp:attachment":[{"href":"https:\/\/gerodan.es\/fr\/wp-json\/wp\/v2\/media?parent=4120"}],"wp:term":[{"taxonomy":"grado-de-dependencia","embeddable":true,"href":"https:\/\/gerodan.es\/fr\/wp-json\/wp\/v2\/grado-de-dependencia?post=4120"},{"taxonomy":"product_brand","embeddable":true,"href":"https:\/\/gerodan.es\/fr\/wp-json\/wp\/v2\/product_brand?post=4120"},{"taxonomy":"product_cat","embeddable":true,"href":"https:\/\/gerodan.es\/fr\/wp-json\/wp\/v2\/product_cat?post=4120"},{"taxonomy":"product_tag","embeddable":true,"href":"https:\/\/gerodan.es\/fr\/wp-json\/wp\/v2\/product_tag?post=4120"}],"curies":[{"name":"wp","href":"https:\/\/api.w.org\/{rel}","templated":true}]}}