{"id":4158,"date":"2016-05-02T10:17:26","date_gmt":"2016-05-02T10:17:26","guid":{"rendered":"https:\/\/gerodan.es\/nuevaweb\/productos\/mesas-redondas\/"},"modified":"2019-09-17T08:48:28","modified_gmt":"2019-09-17T08:48:28","slug":"mesas-redondas","status":"publish","type":"product","link":"https:\/\/gerodan.es\/fr\/produits\/mesas-redondas\/","title":{"rendered":"Mesas redondas"},"content":{"rendered":"<p>Las <strong>tapas de las mesas<\/strong> pueden ser de:<\/p>\n<ul>\n<li>madera de haya con canto de haya maciza<\/li>\n<li>material estratificado con canto de haya o canto de pvc<\/li>\n<li>material polilaminado termoconformado sin juntas de uni\u00f3n.<\/li>\n<\/ul>\n<p>Las <strong>patas<\/strong> pueden ser:<\/p>\n<ul>\n<li>1 pie central met\u00e1lico con base redonda o cuadrada<\/li>\n<li>4 patas de madera maciza de haya<\/li>\n<li>4 patas cil\u00edndricas met\u00e1licas.<\/li>\n<\/ul>\n","protected":false},"excerpt":{"rendered":"<p>Sill\u00f3n NELY de l\u00edneas cuadradas para equipar zonas de lectura, habitaci\u00f3n o comedores. Dimensiones H86xF55xA57. Estructura de haya con brazos, asiento y respaldo tapizados. Suspensi\u00f3n cincha cubierta de alta calidad.<\/p>\n<p>Espumas de alta densidad en asiento. Tapizados con telas vin\u00edlicas con protecci\u00f3n antimicrobial, antibacterial, antimic\u00f3tica y resistente a la abrasi\u00f3n. F\u00e1ciles de limpiar y mantener. Insensibles a la luz.<\/p>\n","protected":false},"featured_media":4159,"template":"","meta":{"_acf_changed":false},"grado-de-dependencia":[],"product_brand":[],"product_cat":[379,387],"product_tag":[],"class_list":{"0":"post-4158","1":"product","2":"type-product","3":"status-publish","4":"has-post-thumbnail","6":"product_cat-tables-fr","7":"product_cat-tables-salle-a-manger","9":"first","10":"instock","11":"shipping-taxable","12":"product-type-simple"},"acf":[],"yoast_head":"<!-- This site is optimized with the Yoast SEO plugin v27.4 - https:\/\/yoast.com\/product\/yoast-seo-wordpress\/ -->\n<title>Mesas redondas - Gerodan<\/title>\n<meta name=\"description\" content=\"Gerodan ofrece mesas redondas. Las mesas pueden ser de: madera de haya con canto macizo, estratificado pvc, polilaminado termoconformado sin juntas de uni\u00f3n\" \/>\n<meta name=\"robots\" content=\"index, follow, max-snippet:-1, max-image-preview:large, max-video-preview:-1\" \/>\n<link rel=\"canonical\" href=\"https:\/\/gerodan.es\/fr\/produits\/mesas-redondas\/\" \/>\n<meta property=\"og:locale\" content=\"fr_FR\" \/>\n<meta property=\"og:type\" content=\"article\" \/>\n<meta property=\"og:title\" content=\"Mesas redondas - Gerodan\" \/>\n<meta property=\"og:description\" content=\"Gerodan ofrece mesas redondas. Las mesas pueden ser de: madera de haya con canto macizo, estratificado pvc, polilaminado termoconformado sin juntas de uni\u00f3n\" \/>\n<meta property=\"og:url\" content=\"https:\/\/gerodan.es\/fr\/produits\/mesas-redondas\/\" \/>\n<meta property=\"og:site_name\" content=\"Gerodan\" \/>\n<meta property=\"article:modified_time\" content=\"2019-09-17T08:48:28+00:00\" \/>\n<meta property=\"og:image\" content=\"https:\/\/gerodan.es\/wp-content\/uploads\/2016\/05\/Mesa-redonda-pie-central-1.jpg\" \/>\n\t<meta property=\"og:image:width\" content=\"320\" \/>\n\t<meta property=\"og:image:height\" content=\"320\" \/>\n\t<meta property=\"og:image:type\" content=\"image\/jpeg\" \/>\n<meta name=\"twitter:card\" content=\"summary_large_image\" \/>\n<script type=\"application\/ld+json\" class=\"yoast-schema-graph\">{\"@context\":\"https:\\\/\\\/schema.org\",\"@graph\":[{\"@type\":\"WebPage\",\"@id\":\"https:\\\/\\\/gerodan.es\\\/fr\\\/produits\\\/mesas-redondas\\\/\",\"url\":\"https:\\\/\\\/gerodan.es\\\/fr\\\/produits\\\/mesas-redondas\\\/\",\"name\":\"Mesas redondas - Gerodan\",\"isPartOf\":{\"@id\":\"https:\\\/\\\/gerodan.es\\\/fr\\\/#website\"},\"primaryImageOfPage\":{\"@id\":\"https:\\\/\\\/gerodan.es\\\/fr\\\/produits\\\/mesas-redondas\\\/#primaryimage\"},\"image\":{\"@id\":\"https:\\\/\\\/gerodan.es\\\/fr\\\/produits\\\/mesas-redondas\\\/#primaryimage\"},\"thumbnailUrl\":\"https:\\\/\\\/gerodan.es\\\/wp-content\\\/uploads\\\/2016\\\/05\\\/Mesa-redonda-pie-central-1.jpg\",\"datePublished\":\"2016-05-02T10:17:26+00:00\",\"dateModified\":\"2019-09-17T08:48:28+00:00\",\"description\":\"Gerodan ofrece mesas redondas. Las mesas pueden ser de: madera de haya con canto macizo, estratificado pvc, polilaminado termoconformado sin juntas de uni\u00f3n\",\"breadcrumb\":{\"@id\":\"https:\\\/\\\/gerodan.es\\\/fr\\\/produits\\\/mesas-redondas\\\/#breadcrumb\"},\"inLanguage\":\"fr-FR\",\"potentialAction\":[{\"@type\":\"ReadAction\",\"target\":[\"https:\\\/\\\/gerodan.es\\\/fr\\\/produits\\\/mesas-redondas\\\/\"]}]},{\"@type\":\"ImageObject\",\"inLanguage\":\"fr-FR\",\"@id\":\"https:\\\/\\\/gerodan.es\\\/fr\\\/produits\\\/mesas-redondas\\\/#primaryimage\",\"url\":\"https:\\\/\\\/gerodan.es\\\/wp-content\\\/uploads\\\/2016\\\/05\\\/Mesa-redonda-pie-central-1.jpg\",\"contentUrl\":\"https:\\\/\\\/gerodan.es\\\/wp-content\\\/uploads\\\/2016\\\/05\\\/Mesa-redonda-pie-central-1.jpg\",\"width\":320,\"height\":320},{\"@type\":\"BreadcrumbList\",\"@id\":\"https:\\\/\\\/gerodan.es\\\/fr\\\/produits\\\/mesas-redondas\\\/#breadcrumb\",\"itemListElement\":[{\"@type\":\"ListItem\",\"position\":1,\"name\":\"Home\",\"item\":\"https:\\\/\\\/gerodan.es\\\/fr\\\/\"},{\"@type\":\"ListItem\",\"position\":2,\"name\":\"Produits\",\"item\":\"https:\\\/\\\/gerodan.es\\\/fr\\\/produits\\\/\"},{\"@type\":\"ListItem\",\"position\":3,\"name\":\"Mesas redondas\"}]},{\"@type\":\"WebSite\",\"@id\":\"https:\\\/\\\/gerodan.es\\\/fr\\\/#website\",\"url\":\"https:\\\/\\\/gerodan.es\\\/fr\\\/\",\"name\":\"Gerodan\",\"description\":\"Venta de mobiliario adaptado a personas mayores\",\"potentialAction\":[{\"@type\":\"SearchAction\",\"target\":{\"@type\":\"EntryPoint\",\"urlTemplate\":\"https:\\\/\\\/gerodan.es\\\/fr\\\/?s={search_term_string}\"},\"query-input\":{\"@type\":\"PropertyValueSpecification\",\"valueRequired\":true,\"valueName\":\"search_term_string\"}}],\"inLanguage\":\"fr-FR\"}]}<\/script>\n<!-- \/ Yoast SEO plugin. -->","yoast_head_json":{"title":"Mesas redondas - Gerodan","description":"Gerodan ofrece mesas redondas. Las mesas pueden ser de: madera de haya con canto macizo, estratificado pvc, polilaminado termoconformado sin juntas de uni\u00f3n","robots":{"index":"index","follow":"follow","max-snippet":"max-snippet:-1","max-image-preview":"max-image-preview:large","max-video-preview":"max-video-preview:-1"},"canonical":"https:\/\/gerodan.es\/fr\/produits\/mesas-redondas\/","og_locale":"fr_FR","og_type":"article","og_title":"Mesas redondas - Gerodan","og_description":"Gerodan ofrece mesas redondas. Las mesas pueden ser de: madera de haya con canto macizo, estratificado pvc, polilaminado termoconformado sin juntas de uni\u00f3n","og_url":"https:\/\/gerodan.es\/fr\/produits\/mesas-redondas\/","og_site_name":"Gerodan","article_modified_time":"2019-09-17T08:48:28+00:00","og_image":[{"width":320,"height":320,"url":"https:\/\/gerodan.es\/wp-content\/uploads\/2016\/05\/Mesa-redonda-pie-central-1.jpg","type":"image\/jpeg"}],"twitter_card":"summary_large_image","schema":{"@context":"https:\/\/schema.org","@graph":[{"@type":"WebPage","@id":"https:\/\/gerodan.es\/fr\/produits\/mesas-redondas\/","url":"https:\/\/gerodan.es\/fr\/produits\/mesas-redondas\/","name":"Mesas redondas - Gerodan","isPartOf":{"@id":"https:\/\/gerodan.es\/fr\/#website"},"primaryImageOfPage":{"@id":"https:\/\/gerodan.es\/fr\/produits\/mesas-redondas\/#primaryimage"},"image":{"@id":"https:\/\/gerodan.es\/fr\/produits\/mesas-redondas\/#primaryimage"},"thumbnailUrl":"https:\/\/gerodan.es\/wp-content\/uploads\/2016\/05\/Mesa-redonda-pie-central-1.jpg","datePublished":"2016-05-02T10:17:26+00:00","dateModified":"2019-09-17T08:48:28+00:00","description":"Gerodan ofrece mesas redondas. Las mesas pueden ser de: madera de haya con canto macizo, estratificado pvc, polilaminado termoconformado sin juntas de uni\u00f3n","breadcrumb":{"@id":"https:\/\/gerodan.es\/fr\/produits\/mesas-redondas\/#breadcrumb"},"inLanguage":"fr-FR","potentialAction":[{"@type":"ReadAction","target":["https:\/\/gerodan.es\/fr\/produits\/mesas-redondas\/"]}]},{"@type":"ImageObject","inLanguage":"fr-FR","@id":"https:\/\/gerodan.es\/fr\/produits\/mesas-redondas\/#primaryimage","url":"https:\/\/gerodan.es\/wp-content\/uploads\/2016\/05\/Mesa-redonda-pie-central-1.jpg","contentUrl":"https:\/\/gerodan.es\/wp-content\/uploads\/2016\/05\/Mesa-redonda-pie-central-1.jpg","width":320,"height":320},{"@type":"BreadcrumbList","@id":"https:\/\/gerodan.es\/fr\/produits\/mesas-redondas\/#breadcrumb","itemListElement":[{"@type":"ListItem","position":1,"name":"Home","item":"https:\/\/gerodan.es\/fr\/"},{"@type":"ListItem","position":2,"name":"Produits","item":"https:\/\/gerodan.es\/fr\/produits\/"},{"@type":"ListItem","position":3,"name":"Mesas redondas"}]},{"@type":"WebSite","@id":"https:\/\/gerodan.es\/fr\/#website","url":"https:\/\/gerodan.es\/fr\/","name":"Gerodan","description":"Venta de mobiliario adaptado a personas mayores","potentialAction":[{"@type":"SearchAction","target":{"@type":"EntryPoint","urlTemplate":"https:\/\/gerodan.es\/fr\/?s={search_term_string}"},"query-input":{"@type":"PropertyValueSpecification","valueRequired":true,"valueName":"search_term_string"}}],"inLanguage":"fr-FR"}]}},"_links":{"self":[{"href":"https:\/\/gerodan.es\/fr\/wp-json\/wp\/v2\/product\/4158","targetHints":{"allow":["GET"]}}],"collection":[{"href":"https:\/\/gerodan.es\/fr\/wp-json\/wp\/v2\/product"}],"about":[{"href":"https:\/\/gerodan.es\/fr\/wp-json\/wp\/v2\/types\/product"}],"wp:featuredmedia":[{"embeddable":true,"href":"https:\/\/gerodan.es\/fr\/wp-json\/wp\/v2\/media\/4159"}],"wp:attachment":[{"href":"https:\/\/gerodan.es\/fr\/wp-json\/wp\/v2\/media?parent=4158"}],"wp:term":[{"taxonomy":"grado-de-dependencia","embeddable":true,"href":"https:\/\/gerodan.es\/fr\/wp-json\/wp\/v2\/grado-de-dependencia?post=4158"},{"taxonomy":"product_brand","embeddable":true,"href":"https:\/\/gerodan.es\/fr\/wp-json\/wp\/v2\/product_brand?post=4158"},{"taxonomy":"product_cat","embeddable":true,"href":"https:\/\/gerodan.es\/fr\/wp-json\/wp\/v2\/product_cat?post=4158"},{"taxonomy":"product_tag","embeddable":true,"href":"https:\/\/gerodan.es\/fr\/wp-json\/wp\/v2\/product_tag?post=4158"}],"curies":[{"name":"wp","href":"https:\/\/api.w.org\/{rel}","templated":true}]}}