{"id":4188,"date":"2016-05-02T09:29:13","date_gmt":"2016-05-02T09:29:13","guid":{"rendered":"https:\/\/gerodan.es\/nuevaweb\/productos\/sillon-cami\/"},"modified":"2026-03-27T09:14:18","modified_gmt":"2026-03-27T09:14:18","slug":"fauteuil-cami26","status":"publish","type":"product","link":"https:\/\/gerodan.es\/fr\/produits\/fauteuil-cami26\/","title":{"rendered":"Fauteuil CAMI26"},"content":{"rendered":"<p>Sill\u00f3n lectura-vest\u00edbulo. Estructura de madera maciza y tablero de part\u00edculas. Tapizado<\/p>\n<p><strong>Estructura:<\/strong>\u00a0De Haya maciza barnizada con tablero contrachapado.<\/p>\n<p><strong>Caracter\u00edsticas Adicionales:<\/strong>Espumas de alta densidad en asiento. Tapizados con telas vin\u00edlicas de alta resistencia a la abrasi\u00f3n M2,M1. Con opci\u00f3n de respaldo bicolor.<\/p>\n","protected":false},"excerpt":{"rendered":"<p>Sill\u00f3n NELY de l\u00edneas cuadradas para equipar zonas de lectura, habitaci\u00f3n o comedores. Dimensiones H86xF55xA57. Estructura de haya con brazos, asiento y respaldo tapizados. Suspensi\u00f3n cincha cubierta de alta calidad.<\/p>\n<p>Espumas de alta densidad en asiento. Tapizados con telas vin\u00edlicas con protecci\u00f3n antimicrobial, antibacterial, antimic\u00f3tica y resistente a la abrasi\u00f3n. F\u00e1ciles de limpiar y mantener. Insensibles a la luz.<\/p>\n","protected":false},"featured_media":9053,"template":"","meta":{"_acf_changed":false},"grado-de-dependencia":[],"product_brand":[],"product_cat":[351,375],"product_tag":[],"class_list":{"0":"post-4188","1":"product","2":"type-product","3":"status-publish","4":"has-post-thumbnail","6":"product_cat-chaises-et-fauteuils","7":"product_cat-sillones-geriatricos-fr","9":"first","10":"instock","11":"shipping-taxable","12":"product-type-simple"},"acf":[],"yoast_head":"<!-- This site is optimized with the Yoast SEO plugin v27.4 - https:\/\/yoast.com\/product\/yoast-seo-wordpress\/ -->\n<title>Sill\u00f3n CAMI26B - Gerodan<\/title>\n<meta name=\"description\" content=\"El sill\u00f3n Cami26 est\u00e1 compuesto por haya maciza barnizada y tiene la opci\u00f3n de poner u respaldo bicolor, lo que hace que sea un sill\u00f3n robusto y con dise\u00f1o.\" \/>\n<meta name=\"robots\" content=\"index, follow, max-snippet:-1, max-image-preview:large, max-video-preview:-1\" \/>\n<link rel=\"canonical\" href=\"https:\/\/gerodan.es\/fr\/produits\/fauteuil-cami26\/\" \/>\n<meta property=\"og:locale\" content=\"fr_FR\" \/>\n<meta property=\"og:type\" content=\"article\" \/>\n<meta property=\"og:title\" content=\"Sill\u00f3n CAMI26B - Gerodan\" \/>\n<meta property=\"og:description\" content=\"El sill\u00f3n Cami26 est\u00e1 compuesto por haya maciza barnizada y tiene la opci\u00f3n de poner u respaldo bicolor, lo que hace que sea un sill\u00f3n robusto y con dise\u00f1o.\" \/>\n<meta property=\"og:url\" content=\"https:\/\/gerodan.es\/fr\/produits\/fauteuil-cami26\/\" \/>\n<meta property=\"og:site_name\" content=\"Gerodan\" \/>\n<meta property=\"article:modified_time\" content=\"2026-03-27T09:14:18+00:00\" \/>\n<meta property=\"og:image\" content=\"https:\/\/gerodan.es\/wp-content\/uploads\/2016\/05\/cami26.jpg\" \/>\n\t<meta property=\"og:image:width\" content=\"567\" \/>\n\t<meta property=\"og:image:height\" content=\"567\" \/>\n\t<meta property=\"og:image:type\" content=\"image\/jpeg\" \/>\n<meta name=\"twitter:card\" content=\"summary_large_image\" \/>\n<meta name=\"twitter:label1\" content=\"Dur\u00e9e de lecture estim\u00e9e\" \/>\n\t<meta name=\"twitter:data1\" content=\"1 minute\" \/>\n<script type=\"application\/ld+json\" class=\"yoast-schema-graph\">{\"@context\":\"https:\\\/\\\/schema.org\",\"@graph\":[{\"@type\":\"WebPage\",\"@id\":\"https:\\\/\\\/gerodan.es\\\/fr\\\/produits\\\/fauteuil-cami26\\\/\",\"url\":\"https:\\\/\\\/gerodan.es\\\/fr\\\/produits\\\/fauteuil-cami26\\\/\",\"name\":\"Sill\u00f3n CAMI26B - Gerodan\",\"isPartOf\":{\"@id\":\"https:\\\/\\\/gerodan.es\\\/fr\\\/#website\"},\"primaryImageOfPage\":{\"@id\":\"https:\\\/\\\/gerodan.es\\\/fr\\\/produits\\\/fauteuil-cami26\\\/#primaryimage\"},\"image\":{\"@id\":\"https:\\\/\\\/gerodan.es\\\/fr\\\/produits\\\/fauteuil-cami26\\\/#primaryimage\"},\"thumbnailUrl\":\"https:\\\/\\\/gerodan.es\\\/wp-content\\\/uploads\\\/2016\\\/05\\\/cami26.jpg\",\"datePublished\":\"2016-05-02T09:29:13+00:00\",\"dateModified\":\"2026-03-27T09:14:18+00:00\",\"description\":\"El sill\u00f3n Cami26 est\u00e1 compuesto por haya maciza barnizada y tiene la opci\u00f3n de poner u respaldo bicolor, lo que hace que sea un sill\u00f3n robusto y con dise\u00f1o.\",\"breadcrumb\":{\"@id\":\"https:\\\/\\\/gerodan.es\\\/fr\\\/produits\\\/fauteuil-cami26\\\/#breadcrumb\"},\"inLanguage\":\"fr-FR\",\"potentialAction\":[{\"@type\":\"ReadAction\",\"target\":[\"https:\\\/\\\/gerodan.es\\\/fr\\\/produits\\\/fauteuil-cami26\\\/\"]}]},{\"@type\":\"ImageObject\",\"inLanguage\":\"fr-FR\",\"@id\":\"https:\\\/\\\/gerodan.es\\\/fr\\\/produits\\\/fauteuil-cami26\\\/#primaryimage\",\"url\":\"https:\\\/\\\/gerodan.es\\\/wp-content\\\/uploads\\\/2016\\\/05\\\/cami26.jpg\",\"contentUrl\":\"https:\\\/\\\/gerodan.es\\\/wp-content\\\/uploads\\\/2016\\\/05\\\/cami26.jpg\",\"width\":567,\"height\":567},{\"@type\":\"BreadcrumbList\",\"@id\":\"https:\\\/\\\/gerodan.es\\\/fr\\\/produits\\\/fauteuil-cami26\\\/#breadcrumb\",\"itemListElement\":[{\"@type\":\"ListItem\",\"position\":1,\"name\":\"Home\",\"item\":\"https:\\\/\\\/gerodan.es\\\/fr\\\/\"},{\"@type\":\"ListItem\",\"position\":2,\"name\":\"Produits\",\"item\":\"https:\\\/\\\/gerodan.es\\\/fr\\\/produits\\\/\"},{\"@type\":\"ListItem\",\"position\":3,\"name\":\"Fauteuil CAMI26\"}]},{\"@type\":\"WebSite\",\"@id\":\"https:\\\/\\\/gerodan.es\\\/fr\\\/#website\",\"url\":\"https:\\\/\\\/gerodan.es\\\/fr\\\/\",\"name\":\"Gerodan\",\"description\":\"Venta de mobiliario adaptado a personas mayores\",\"potentialAction\":[{\"@type\":\"SearchAction\",\"target\":{\"@type\":\"EntryPoint\",\"urlTemplate\":\"https:\\\/\\\/gerodan.es\\\/fr\\\/?s={search_term_string}\"},\"query-input\":{\"@type\":\"PropertyValueSpecification\",\"valueRequired\":true,\"valueName\":\"search_term_string\"}}],\"inLanguage\":\"fr-FR\"}]}<\/script>\n<!-- \/ Yoast SEO plugin. -->","yoast_head_json":{"title":"Sill\u00f3n CAMI26B - Gerodan","description":"El sill\u00f3n Cami26 est\u00e1 compuesto por haya maciza barnizada y tiene la opci\u00f3n de poner u respaldo bicolor, lo que hace que sea un sill\u00f3n robusto y con dise\u00f1o.","robots":{"index":"index","follow":"follow","max-snippet":"max-snippet:-1","max-image-preview":"max-image-preview:large","max-video-preview":"max-video-preview:-1"},"canonical":"https:\/\/gerodan.es\/fr\/produits\/fauteuil-cami26\/","og_locale":"fr_FR","og_type":"article","og_title":"Sill\u00f3n CAMI26B - Gerodan","og_description":"El sill\u00f3n Cami26 est\u00e1 compuesto por haya maciza barnizada y tiene la opci\u00f3n de poner u respaldo bicolor, lo que hace que sea un sill\u00f3n robusto y con dise\u00f1o.","og_url":"https:\/\/gerodan.es\/fr\/produits\/fauteuil-cami26\/","og_site_name":"Gerodan","article_modified_time":"2026-03-27T09:14:18+00:00","og_image":[{"width":567,"height":567,"url":"https:\/\/gerodan.es\/wp-content\/uploads\/2016\/05\/cami26.jpg","type":"image\/jpeg"}],"twitter_card":"summary_large_image","twitter_misc":{"Dur\u00e9e de lecture estim\u00e9e":"1 minute"},"schema":{"@context":"https:\/\/schema.org","@graph":[{"@type":"WebPage","@id":"https:\/\/gerodan.es\/fr\/produits\/fauteuil-cami26\/","url":"https:\/\/gerodan.es\/fr\/produits\/fauteuil-cami26\/","name":"Sill\u00f3n CAMI26B - Gerodan","isPartOf":{"@id":"https:\/\/gerodan.es\/fr\/#website"},"primaryImageOfPage":{"@id":"https:\/\/gerodan.es\/fr\/produits\/fauteuil-cami26\/#primaryimage"},"image":{"@id":"https:\/\/gerodan.es\/fr\/produits\/fauteuil-cami26\/#primaryimage"},"thumbnailUrl":"https:\/\/gerodan.es\/wp-content\/uploads\/2016\/05\/cami26.jpg","datePublished":"2016-05-02T09:29:13+00:00","dateModified":"2026-03-27T09:14:18+00:00","description":"El sill\u00f3n Cami26 est\u00e1 compuesto por haya maciza barnizada y tiene la opci\u00f3n de poner u respaldo bicolor, lo que hace que sea un sill\u00f3n robusto y con dise\u00f1o.","breadcrumb":{"@id":"https:\/\/gerodan.es\/fr\/produits\/fauteuil-cami26\/#breadcrumb"},"inLanguage":"fr-FR","potentialAction":[{"@type":"ReadAction","target":["https:\/\/gerodan.es\/fr\/produits\/fauteuil-cami26\/"]}]},{"@type":"ImageObject","inLanguage":"fr-FR","@id":"https:\/\/gerodan.es\/fr\/produits\/fauteuil-cami26\/#primaryimage","url":"https:\/\/gerodan.es\/wp-content\/uploads\/2016\/05\/cami26.jpg","contentUrl":"https:\/\/gerodan.es\/wp-content\/uploads\/2016\/05\/cami26.jpg","width":567,"height":567},{"@type":"BreadcrumbList","@id":"https:\/\/gerodan.es\/fr\/produits\/fauteuil-cami26\/#breadcrumb","itemListElement":[{"@type":"ListItem","position":1,"name":"Home","item":"https:\/\/gerodan.es\/fr\/"},{"@type":"ListItem","position":2,"name":"Produits","item":"https:\/\/gerodan.es\/fr\/produits\/"},{"@type":"ListItem","position":3,"name":"Fauteuil CAMI26"}]},{"@type":"WebSite","@id":"https:\/\/gerodan.es\/fr\/#website","url":"https:\/\/gerodan.es\/fr\/","name":"Gerodan","description":"Venta de mobiliario adaptado a personas mayores","potentialAction":[{"@type":"SearchAction","target":{"@type":"EntryPoint","urlTemplate":"https:\/\/gerodan.es\/fr\/?s={search_term_string}"},"query-input":{"@type":"PropertyValueSpecification","valueRequired":true,"valueName":"search_term_string"}}],"inLanguage":"fr-FR"}]}},"_links":{"self":[{"href":"https:\/\/gerodan.es\/fr\/wp-json\/wp\/v2\/product\/4188","targetHints":{"allow":["GET"]}}],"collection":[{"href":"https:\/\/gerodan.es\/fr\/wp-json\/wp\/v2\/product"}],"about":[{"href":"https:\/\/gerodan.es\/fr\/wp-json\/wp\/v2\/types\/product"}],"wp:featuredmedia":[{"embeddable":true,"href":"https:\/\/gerodan.es\/fr\/wp-json\/wp\/v2\/media\/9053"}],"wp:attachment":[{"href":"https:\/\/gerodan.es\/fr\/wp-json\/wp\/v2\/media?parent=4188"}],"wp:term":[{"taxonomy":"grado-de-dependencia","embeddable":true,"href":"https:\/\/gerodan.es\/fr\/wp-json\/wp\/v2\/grado-de-dependencia?post=4188"},{"taxonomy":"product_brand","embeddable":true,"href":"https:\/\/gerodan.es\/fr\/wp-json\/wp\/v2\/product_brand?post=4188"},{"taxonomy":"product_cat","embeddable":true,"href":"https:\/\/gerodan.es\/fr\/wp-json\/wp\/v2\/product_cat?post=4188"},{"taxonomy":"product_tag","embeddable":true,"href":"https:\/\/gerodan.es\/fr\/wp-json\/wp\/v2\/product_tag?post=4188"}],"curies":[{"name":"wp","href":"https:\/\/api.w.org\/{rel}","templated":true}]}}