{"id":4222,"date":"2016-04-26T14:26:29","date_gmt":"2016-04-26T14:26:29","guid":{"rendered":"https:\/\/gerodan.es\/nuevaweb\/productos\/mesa-de-centro-lisbon\/"},"modified":"2019-09-16T09:22:26","modified_gmt":"2019-09-16T09:22:26","slug":"mesa-de-centro-lisbon","status":"publish","type":"product","link":"https:\/\/gerodan.es\/fr\/produits\/mesa-de-centro-lisbon\/","title":{"rendered":"Mesa de centro LISBON"},"content":{"rendered":"<p>Mesa TELEFONERA Redonda LISBON de D50x60. Encimera con superficie acabada en chapa de haya barnizada por proceso de rodillo. Los bordes se realizan con un canto de haya barnizada. La pata es rectangular (4) con disminuci\u00f3n c\u00f3nica unida a la mesa mediante crucetas y travesa\u00f1os laterales. Incorpora estante central.<\/p>\n","protected":false},"excerpt":{"rendered":"<p>Sill\u00f3n NELY de l\u00edneas cuadradas para equipar zonas de lectura, habitaci\u00f3n o comedores. Dimensiones H86xF55xA57. Estructura de haya con brazos, asiento y respaldo tapizados. Suspensi\u00f3n cincha cubierta de alta calidad.<\/p>\n<p>Espumas de alta densidad en asiento. Tapizados con telas vin\u00edlicas con protecci\u00f3n antimicrobial, antibacterial, antimic\u00f3tica y resistente a la abrasi\u00f3n. F\u00e1ciles de limpiar y mantener. Insensibles a la luz.<\/p>\n","protected":false},"featured_media":6238,"template":"","meta":{"_acf_changed":false},"grado-de-dependencia":[],"product_brand":[],"product_cat":[379,403],"product_tag":[],"class_list":{"0":"post-4222","1":"product","2":"type-product","3":"status-publish","4":"has-post-thumbnail","6":"product_cat-tables-fr","7":"product_cat-tables-basses","9":"first","10":"instock","11":"shipping-taxable","12":"product-type-simple"},"acf":[],"yoast_head":"<!-- This site is optimized with the Yoast SEO plugin v27.4 - https:\/\/yoast.com\/product\/yoast-seo-wordpress\/ -->\n<title>Mesa de centro LISBON - Gerodan<\/title>\n<meta name=\"description\" content=\"Gerodan ofrece mesa de centro LISBON. Mesa TELEFONERA Redonda LISBON de D50x60. Encimera con superficie acabada en chapa de haya.\" \/>\n<meta name=\"robots\" content=\"index, follow, max-snippet:-1, max-image-preview:large, max-video-preview:-1\" \/>\n<link rel=\"canonical\" href=\"https:\/\/gerodan.es\/fr\/produits\/mesa-de-centro-lisbon\/\" \/>\n<meta property=\"og:locale\" content=\"fr_FR\" \/>\n<meta property=\"og:type\" content=\"article\" \/>\n<meta property=\"og:title\" content=\"Mesa de centro LISBON - Gerodan\" \/>\n<meta property=\"og:description\" content=\"Gerodan ofrece mesa de centro LISBON. Mesa TELEFONERA Redonda LISBON de D50x60. Encimera con superficie acabada en chapa de haya.\" \/>\n<meta property=\"og:url\" content=\"https:\/\/gerodan.es\/fr\/produits\/mesa-de-centro-lisbon\/\" \/>\n<meta property=\"og:site_name\" content=\"Gerodan\" \/>\n<meta property=\"article:modified_time\" content=\"2019-09-16T09:22:26+00:00\" \/>\n<meta property=\"og:image\" content=\"https:\/\/gerodan.es\/wp-content\/uploads\/2016\/04\/Mesa-de-centro-Lisbon-Gerodan.jpg\" \/>\n\t<meta property=\"og:image:width\" content=\"1200\" \/>\n\t<meta property=\"og:image:height\" content=\"1200\" \/>\n\t<meta property=\"og:image:type\" content=\"image\/jpeg\" \/>\n<meta name=\"twitter:card\" content=\"summary_large_image\" \/>\n<script type=\"application\/ld+json\" class=\"yoast-schema-graph\">{\"@context\":\"https:\\\/\\\/schema.org\",\"@graph\":[{\"@type\":\"WebPage\",\"@id\":\"https:\\\/\\\/gerodan.es\\\/fr\\\/produits\\\/mesa-de-centro-lisbon\\\/\",\"url\":\"https:\\\/\\\/gerodan.es\\\/fr\\\/produits\\\/mesa-de-centro-lisbon\\\/\",\"name\":\"Mesa de centro LISBON - Gerodan\",\"isPartOf\":{\"@id\":\"https:\\\/\\\/gerodan.es\\\/fr\\\/#website\"},\"primaryImageOfPage\":{\"@id\":\"https:\\\/\\\/gerodan.es\\\/fr\\\/produits\\\/mesa-de-centro-lisbon\\\/#primaryimage\"},\"image\":{\"@id\":\"https:\\\/\\\/gerodan.es\\\/fr\\\/produits\\\/mesa-de-centro-lisbon\\\/#primaryimage\"},\"thumbnailUrl\":\"https:\\\/\\\/gerodan.es\\\/wp-content\\\/uploads\\\/2016\\\/04\\\/Mesa-de-centro-Lisbon-Gerodan.jpg\",\"datePublished\":\"2016-04-26T14:26:29+00:00\",\"dateModified\":\"2019-09-16T09:22:26+00:00\",\"description\":\"Gerodan ofrece mesa de centro LISBON. Mesa TELEFONERA Redonda LISBON de D50x60. Encimera con superficie acabada en chapa de haya.\",\"breadcrumb\":{\"@id\":\"https:\\\/\\\/gerodan.es\\\/fr\\\/produits\\\/mesa-de-centro-lisbon\\\/#breadcrumb\"},\"inLanguage\":\"fr-FR\",\"potentialAction\":[{\"@type\":\"ReadAction\",\"target\":[\"https:\\\/\\\/gerodan.es\\\/fr\\\/produits\\\/mesa-de-centro-lisbon\\\/\"]}]},{\"@type\":\"ImageObject\",\"inLanguage\":\"fr-FR\",\"@id\":\"https:\\\/\\\/gerodan.es\\\/fr\\\/produits\\\/mesa-de-centro-lisbon\\\/#primaryimage\",\"url\":\"https:\\\/\\\/gerodan.es\\\/wp-content\\\/uploads\\\/2016\\\/04\\\/Mesa-de-centro-Lisbon-Gerodan.jpg\",\"contentUrl\":\"https:\\\/\\\/gerodan.es\\\/wp-content\\\/uploads\\\/2016\\\/04\\\/Mesa-de-centro-Lisbon-Gerodan.jpg\",\"width\":1200,\"height\":1200,\"caption\":\"Mesa de centro Lisbon. Gerodan\"},{\"@type\":\"BreadcrumbList\",\"@id\":\"https:\\\/\\\/gerodan.es\\\/fr\\\/produits\\\/mesa-de-centro-lisbon\\\/#breadcrumb\",\"itemListElement\":[{\"@type\":\"ListItem\",\"position\":1,\"name\":\"Home\",\"item\":\"https:\\\/\\\/gerodan.es\\\/fr\\\/\"},{\"@type\":\"ListItem\",\"position\":2,\"name\":\"Produits\",\"item\":\"https:\\\/\\\/gerodan.es\\\/fr\\\/produits\\\/\"},{\"@type\":\"ListItem\",\"position\":3,\"name\":\"Mesa de centro LISBON\"}]},{\"@type\":\"WebSite\",\"@id\":\"https:\\\/\\\/gerodan.es\\\/fr\\\/#website\",\"url\":\"https:\\\/\\\/gerodan.es\\\/fr\\\/\",\"name\":\"Gerodan\",\"description\":\"Venta de mobiliario adaptado a personas mayores\",\"potentialAction\":[{\"@type\":\"SearchAction\",\"target\":{\"@type\":\"EntryPoint\",\"urlTemplate\":\"https:\\\/\\\/gerodan.es\\\/fr\\\/?s={search_term_string}\"},\"query-input\":{\"@type\":\"PropertyValueSpecification\",\"valueRequired\":true,\"valueName\":\"search_term_string\"}}],\"inLanguage\":\"fr-FR\"}]}<\/script>\n<!-- \/ Yoast SEO plugin. -->","yoast_head_json":{"title":"Mesa de centro LISBON - Gerodan","description":"Gerodan ofrece mesa de centro LISBON. Mesa TELEFONERA Redonda LISBON de D50x60. Encimera con superficie acabada en chapa de haya.","robots":{"index":"index","follow":"follow","max-snippet":"max-snippet:-1","max-image-preview":"max-image-preview:large","max-video-preview":"max-video-preview:-1"},"canonical":"https:\/\/gerodan.es\/fr\/produits\/mesa-de-centro-lisbon\/","og_locale":"fr_FR","og_type":"article","og_title":"Mesa de centro LISBON - Gerodan","og_description":"Gerodan ofrece mesa de centro LISBON. Mesa TELEFONERA Redonda LISBON de D50x60. Encimera con superficie acabada en chapa de haya.","og_url":"https:\/\/gerodan.es\/fr\/produits\/mesa-de-centro-lisbon\/","og_site_name":"Gerodan","article_modified_time":"2019-09-16T09:22:26+00:00","og_image":[{"width":1200,"height":1200,"url":"https:\/\/gerodan.es\/wp-content\/uploads\/2016\/04\/Mesa-de-centro-Lisbon-Gerodan.jpg","type":"image\/jpeg"}],"twitter_card":"summary_large_image","schema":{"@context":"https:\/\/schema.org","@graph":[{"@type":"WebPage","@id":"https:\/\/gerodan.es\/fr\/produits\/mesa-de-centro-lisbon\/","url":"https:\/\/gerodan.es\/fr\/produits\/mesa-de-centro-lisbon\/","name":"Mesa de centro LISBON - Gerodan","isPartOf":{"@id":"https:\/\/gerodan.es\/fr\/#website"},"primaryImageOfPage":{"@id":"https:\/\/gerodan.es\/fr\/produits\/mesa-de-centro-lisbon\/#primaryimage"},"image":{"@id":"https:\/\/gerodan.es\/fr\/produits\/mesa-de-centro-lisbon\/#primaryimage"},"thumbnailUrl":"https:\/\/gerodan.es\/wp-content\/uploads\/2016\/04\/Mesa-de-centro-Lisbon-Gerodan.jpg","datePublished":"2016-04-26T14:26:29+00:00","dateModified":"2019-09-16T09:22:26+00:00","description":"Gerodan ofrece mesa de centro LISBON. Mesa TELEFONERA Redonda LISBON de D50x60. Encimera con superficie acabada en chapa de haya.","breadcrumb":{"@id":"https:\/\/gerodan.es\/fr\/produits\/mesa-de-centro-lisbon\/#breadcrumb"},"inLanguage":"fr-FR","potentialAction":[{"@type":"ReadAction","target":["https:\/\/gerodan.es\/fr\/produits\/mesa-de-centro-lisbon\/"]}]},{"@type":"ImageObject","inLanguage":"fr-FR","@id":"https:\/\/gerodan.es\/fr\/produits\/mesa-de-centro-lisbon\/#primaryimage","url":"https:\/\/gerodan.es\/wp-content\/uploads\/2016\/04\/Mesa-de-centro-Lisbon-Gerodan.jpg","contentUrl":"https:\/\/gerodan.es\/wp-content\/uploads\/2016\/04\/Mesa-de-centro-Lisbon-Gerodan.jpg","width":1200,"height":1200,"caption":"Mesa de centro Lisbon. Gerodan"},{"@type":"BreadcrumbList","@id":"https:\/\/gerodan.es\/fr\/produits\/mesa-de-centro-lisbon\/#breadcrumb","itemListElement":[{"@type":"ListItem","position":1,"name":"Home","item":"https:\/\/gerodan.es\/fr\/"},{"@type":"ListItem","position":2,"name":"Produits","item":"https:\/\/gerodan.es\/fr\/produits\/"},{"@type":"ListItem","position":3,"name":"Mesa de centro LISBON"}]},{"@type":"WebSite","@id":"https:\/\/gerodan.es\/fr\/#website","url":"https:\/\/gerodan.es\/fr\/","name":"Gerodan","description":"Venta de mobiliario adaptado a personas mayores","potentialAction":[{"@type":"SearchAction","target":{"@type":"EntryPoint","urlTemplate":"https:\/\/gerodan.es\/fr\/?s={search_term_string}"},"query-input":{"@type":"PropertyValueSpecification","valueRequired":true,"valueName":"search_term_string"}}],"inLanguage":"fr-FR"}]}},"_links":{"self":[{"href":"https:\/\/gerodan.es\/fr\/wp-json\/wp\/v2\/product\/4222","targetHints":{"allow":["GET"]}}],"collection":[{"href":"https:\/\/gerodan.es\/fr\/wp-json\/wp\/v2\/product"}],"about":[{"href":"https:\/\/gerodan.es\/fr\/wp-json\/wp\/v2\/types\/product"}],"wp:featuredmedia":[{"embeddable":true,"href":"https:\/\/gerodan.es\/fr\/wp-json\/wp\/v2\/media\/6238"}],"wp:attachment":[{"href":"https:\/\/gerodan.es\/fr\/wp-json\/wp\/v2\/media?parent=4222"}],"wp:term":[{"taxonomy":"grado-de-dependencia","embeddable":true,"href":"https:\/\/gerodan.es\/fr\/wp-json\/wp\/v2\/grado-de-dependencia?post=4222"},{"taxonomy":"product_brand","embeddable":true,"href":"https:\/\/gerodan.es\/fr\/wp-json\/wp\/v2\/product_brand?post=4222"},{"taxonomy":"product_cat","embeddable":true,"href":"https:\/\/gerodan.es\/fr\/wp-json\/wp\/v2\/product_cat?post=4222"},{"taxonomy":"product_tag","embeddable":true,"href":"https:\/\/gerodan.es\/fr\/wp-json\/wp\/v2\/product_tag?post=4222"}],"curies":[{"name":"wp","href":"https:\/\/api.w.org\/{rel}","templated":true}]}}