{"id":4254,"date":"2016-04-26T10:41:33","date_gmt":"2016-04-26T10:41:33","guid":{"rendered":"https:\/\/gerodan.es\/nuevaweb\/productos\/butaca-fama\/"},"modified":"2019-06-11T13:48:14","modified_gmt":"2019-06-11T13:48:14","slug":"butaca-fama","status":"publish","type":"product","link":"https:\/\/gerodan.es\/fr\/produits\/butaca-fama\/","title":{"rendered":"FAMA RELAX CON PATAS"},"content":{"rendered":"<div class=\"video-shortcode\"><iframe title=\"Informaci\u00f3n Butaca Fama\" width=\"1200\" height=\"675\" src=\"https:\/\/www.youtube.com\/embed\/pX0wIu3iw_8?start=14&#038;feature=oembed\" frameborder=\"0\" allow=\"accelerometer; autoplay; clipboard-write; encrypted-media; gyroscope; picture-in-picture; web-share\" referrerpolicy=\"strict-origin-when-cross-origin\" allowfullscreen><\/iframe><\/div>\n<p>&nbsp;<\/p>\n<p>Butaca individual FAMA RELAX con asiento partido, asiento continuo y con asiento motorizado. El respaldo es alto y reclinable en cuatro posiciones y con asiento elevable . Estructura de madera de haya\u00a0 maciza y tablero de part\u00edculas. Poliuretano alta densidad. Tapizado.<\/p>\n<p><strong>Estructura:<\/strong> De madera maciza y tablero de part\u00edculas<\/p>\n<p><strong>Caracter\u00edsticas adicionales: <\/strong>Reclinable manualmente.\u00a0Espuma de alta densidad en el asiento y respaldo. Tapizado con telas vin\u00edlicas de alta resistencia a la abrasi\u00f3n M2, M1<\/p>\n","protected":false},"excerpt":{"rendered":"<p>Sill\u00f3n NELY de l\u00edneas cuadradas para equipar zonas de lectura, habitaci\u00f3n o comedores. Dimensiones H86xF55xA57. Estructura de haya con brazos, asiento y respaldo tapizados. Suspensi\u00f3n cincha cubierta de alta calidad.<\/p>\n<p>Espumas de alta densidad en asiento. Tapizados con telas vin\u00edlicas con protecci\u00f3n antimicrobial, antibacterial, antimic\u00f3tica y resistente a la abrasi\u00f3n. F\u00e1ciles de limpiar y mantener. Insensibles a la luz.<\/p>\n","protected":false},"featured_media":5896,"template":"","meta":{"_acf_changed":false},"grado-de-dependencia":[],"product_brand":[],"product_cat":[342,341],"product_tag":[],"class_list":{"0":"post-4254","1":"product","2":"type-product","3":"status-publish","4":"has-post-thumbnail","6":"product_cat-fauteuils-de-repos","7":"product_cat-systemes-de-confort-et-de-relax","9":"first","10":"instock","11":"shipping-taxable","12":"product-type-simple"},"acf":[],"yoast_head":"<!-- This site is optimized with the Yoast SEO plugin v27.4 - https:\/\/yoast.com\/product\/yoast-seo-wordpress\/ -->\n<title>Butaca FAMA Relax - Gerodan<\/title>\n<meta name=\"description\" content=\"Gerodan ofrece la butaca FAMA Relax con patas. Butaca individual FAMA RELAX o FAMA FIJA con respaldo alto reclinable en cuatro posiciones y asiento elevable\" \/>\n<meta name=\"robots\" content=\"index, follow, max-snippet:-1, max-image-preview:large, max-video-preview:-1\" \/>\n<link rel=\"canonical\" href=\"https:\/\/gerodan.es\/fr\/produits\/butaca-fama\/\" \/>\n<meta property=\"og:locale\" content=\"fr_FR\" \/>\n<meta property=\"og:type\" content=\"article\" \/>\n<meta property=\"og:title\" content=\"Butaca FAMA Relax - Gerodan\" \/>\n<meta property=\"og:description\" content=\"Gerodan ofrece la butaca FAMA Relax con patas. Butaca individual FAMA RELAX o FAMA FIJA con respaldo alto reclinable en cuatro posiciones y asiento elevable\" \/>\n<meta property=\"og:url\" content=\"https:\/\/gerodan.es\/fr\/produits\/butaca-fama\/\" \/>\n<meta property=\"og:site_name\" content=\"Gerodan\" \/>\n<meta property=\"article:modified_time\" content=\"2019-06-11T13:48:14+00:00\" \/>\n<meta property=\"og:image\" content=\"https:\/\/gerodan.es\/wp-content\/uploads\/2016\/04\/Fama-Relax-Con-PatasGerodan.jpg\" \/>\n\t<meta property=\"og:image:width\" content=\"1200\" \/>\n\t<meta property=\"og:image:height\" content=\"1200\" \/>\n\t<meta property=\"og:image:type\" content=\"image\/jpeg\" \/>\n<meta name=\"twitter:card\" content=\"summary_large_image\" \/>\n<script type=\"application\/ld+json\" class=\"yoast-schema-graph\">{\"@context\":\"https:\\\/\\\/schema.org\",\"@graph\":[{\"@type\":\"WebPage\",\"@id\":\"https:\\\/\\\/gerodan.es\\\/fr\\\/produits\\\/butaca-fama\\\/\",\"url\":\"https:\\\/\\\/gerodan.es\\\/fr\\\/produits\\\/butaca-fama\\\/\",\"name\":\"Butaca FAMA Relax - Gerodan\",\"isPartOf\":{\"@id\":\"https:\\\/\\\/gerodan.es\\\/fr\\\/#website\"},\"primaryImageOfPage\":{\"@id\":\"https:\\\/\\\/gerodan.es\\\/fr\\\/produits\\\/butaca-fama\\\/#primaryimage\"},\"image\":{\"@id\":\"https:\\\/\\\/gerodan.es\\\/fr\\\/produits\\\/butaca-fama\\\/#primaryimage\"},\"thumbnailUrl\":\"https:\\\/\\\/gerodan.es\\\/wp-content\\\/uploads\\\/2016\\\/04\\\/Fama-Relax-Con-PatasGerodan.jpg\",\"datePublished\":\"2016-04-26T10:41:33+00:00\",\"dateModified\":\"2019-06-11T13:48:14+00:00\",\"description\":\"Gerodan ofrece la butaca FAMA Relax con patas. Butaca individual FAMA RELAX o FAMA FIJA con respaldo alto reclinable en cuatro posiciones y asiento elevable\",\"breadcrumb\":{\"@id\":\"https:\\\/\\\/gerodan.es\\\/fr\\\/produits\\\/butaca-fama\\\/#breadcrumb\"},\"inLanguage\":\"fr-FR\",\"potentialAction\":[{\"@type\":\"ReadAction\",\"target\":[\"https:\\\/\\\/gerodan.es\\\/fr\\\/produits\\\/butaca-fama\\\/\"]}]},{\"@type\":\"ImageObject\",\"inLanguage\":\"fr-FR\",\"@id\":\"https:\\\/\\\/gerodan.es\\\/fr\\\/produits\\\/butaca-fama\\\/#primaryimage\",\"url\":\"https:\\\/\\\/gerodan.es\\\/wp-content\\\/uploads\\\/2016\\\/04\\\/Fama-Relax-Con-PatasGerodan.jpg\",\"contentUrl\":\"https:\\\/\\\/gerodan.es\\\/wp-content\\\/uploads\\\/2016\\\/04\\\/Fama-Relax-Con-PatasGerodan.jpg\",\"width\":1200,\"height\":1200,\"caption\":\"Fama Relax con patas. Gerodan\"},{\"@type\":\"BreadcrumbList\",\"@id\":\"https:\\\/\\\/gerodan.es\\\/fr\\\/produits\\\/butaca-fama\\\/#breadcrumb\",\"itemListElement\":[{\"@type\":\"ListItem\",\"position\":1,\"name\":\"Home\",\"item\":\"https:\\\/\\\/gerodan.es\\\/fr\\\/\"},{\"@type\":\"ListItem\",\"position\":2,\"name\":\"Produits\",\"item\":\"https:\\\/\\\/gerodan.es\\\/fr\\\/produits\\\/\"},{\"@type\":\"ListItem\",\"position\":3,\"name\":\"FAMA RELAX CON PATAS\"}]},{\"@type\":\"WebSite\",\"@id\":\"https:\\\/\\\/gerodan.es\\\/fr\\\/#website\",\"url\":\"https:\\\/\\\/gerodan.es\\\/fr\\\/\",\"name\":\"Gerodan\",\"description\":\"Venta de mobiliario adaptado a personas mayores\",\"potentialAction\":[{\"@type\":\"SearchAction\",\"target\":{\"@type\":\"EntryPoint\",\"urlTemplate\":\"https:\\\/\\\/gerodan.es\\\/fr\\\/?s={search_term_string}\"},\"query-input\":{\"@type\":\"PropertyValueSpecification\",\"valueRequired\":true,\"valueName\":\"search_term_string\"}}],\"inLanguage\":\"fr-FR\"}]}<\/script>\n<!-- \/ Yoast SEO plugin. -->","yoast_head_json":{"title":"Butaca FAMA Relax - Gerodan","description":"Gerodan ofrece la butaca FAMA Relax con patas. Butaca individual FAMA RELAX o FAMA FIJA con respaldo alto reclinable en cuatro posiciones y asiento elevable","robots":{"index":"index","follow":"follow","max-snippet":"max-snippet:-1","max-image-preview":"max-image-preview:large","max-video-preview":"max-video-preview:-1"},"canonical":"https:\/\/gerodan.es\/fr\/produits\/butaca-fama\/","og_locale":"fr_FR","og_type":"article","og_title":"Butaca FAMA Relax - Gerodan","og_description":"Gerodan ofrece la butaca FAMA Relax con patas. Butaca individual FAMA RELAX o FAMA FIJA con respaldo alto reclinable en cuatro posiciones y asiento elevable","og_url":"https:\/\/gerodan.es\/fr\/produits\/butaca-fama\/","og_site_name":"Gerodan","article_modified_time":"2019-06-11T13:48:14+00:00","og_image":[{"width":1200,"height":1200,"url":"https:\/\/gerodan.es\/wp-content\/uploads\/2016\/04\/Fama-Relax-Con-PatasGerodan.jpg","type":"image\/jpeg"}],"twitter_card":"summary_large_image","schema":{"@context":"https:\/\/schema.org","@graph":[{"@type":"WebPage","@id":"https:\/\/gerodan.es\/fr\/produits\/butaca-fama\/","url":"https:\/\/gerodan.es\/fr\/produits\/butaca-fama\/","name":"Butaca FAMA Relax - Gerodan","isPartOf":{"@id":"https:\/\/gerodan.es\/fr\/#website"},"primaryImageOfPage":{"@id":"https:\/\/gerodan.es\/fr\/produits\/butaca-fama\/#primaryimage"},"image":{"@id":"https:\/\/gerodan.es\/fr\/produits\/butaca-fama\/#primaryimage"},"thumbnailUrl":"https:\/\/gerodan.es\/wp-content\/uploads\/2016\/04\/Fama-Relax-Con-PatasGerodan.jpg","datePublished":"2016-04-26T10:41:33+00:00","dateModified":"2019-06-11T13:48:14+00:00","description":"Gerodan ofrece la butaca FAMA Relax con patas. Butaca individual FAMA RELAX o FAMA FIJA con respaldo alto reclinable en cuatro posiciones y asiento elevable","breadcrumb":{"@id":"https:\/\/gerodan.es\/fr\/produits\/butaca-fama\/#breadcrumb"},"inLanguage":"fr-FR","potentialAction":[{"@type":"ReadAction","target":["https:\/\/gerodan.es\/fr\/produits\/butaca-fama\/"]}]},{"@type":"ImageObject","inLanguage":"fr-FR","@id":"https:\/\/gerodan.es\/fr\/produits\/butaca-fama\/#primaryimage","url":"https:\/\/gerodan.es\/wp-content\/uploads\/2016\/04\/Fama-Relax-Con-PatasGerodan.jpg","contentUrl":"https:\/\/gerodan.es\/wp-content\/uploads\/2016\/04\/Fama-Relax-Con-PatasGerodan.jpg","width":1200,"height":1200,"caption":"Fama Relax con patas. Gerodan"},{"@type":"BreadcrumbList","@id":"https:\/\/gerodan.es\/fr\/produits\/butaca-fama\/#breadcrumb","itemListElement":[{"@type":"ListItem","position":1,"name":"Home","item":"https:\/\/gerodan.es\/fr\/"},{"@type":"ListItem","position":2,"name":"Produits","item":"https:\/\/gerodan.es\/fr\/produits\/"},{"@type":"ListItem","position":3,"name":"FAMA RELAX CON PATAS"}]},{"@type":"WebSite","@id":"https:\/\/gerodan.es\/fr\/#website","url":"https:\/\/gerodan.es\/fr\/","name":"Gerodan","description":"Venta de mobiliario adaptado a personas mayores","potentialAction":[{"@type":"SearchAction","target":{"@type":"EntryPoint","urlTemplate":"https:\/\/gerodan.es\/fr\/?s={search_term_string}"},"query-input":{"@type":"PropertyValueSpecification","valueRequired":true,"valueName":"search_term_string"}}],"inLanguage":"fr-FR"}]}},"_links":{"self":[{"href":"https:\/\/gerodan.es\/fr\/wp-json\/wp\/v2\/product\/4254","targetHints":{"allow":["GET"]}}],"collection":[{"href":"https:\/\/gerodan.es\/fr\/wp-json\/wp\/v2\/product"}],"about":[{"href":"https:\/\/gerodan.es\/fr\/wp-json\/wp\/v2\/types\/product"}],"wp:featuredmedia":[{"embeddable":true,"href":"https:\/\/gerodan.es\/fr\/wp-json\/wp\/v2\/media\/5896"}],"wp:attachment":[{"href":"https:\/\/gerodan.es\/fr\/wp-json\/wp\/v2\/media?parent=4254"}],"wp:term":[{"taxonomy":"grado-de-dependencia","embeddable":true,"href":"https:\/\/gerodan.es\/fr\/wp-json\/wp\/v2\/grado-de-dependencia?post=4254"},{"taxonomy":"product_brand","embeddable":true,"href":"https:\/\/gerodan.es\/fr\/wp-json\/wp\/v2\/product_brand?post=4254"},{"taxonomy":"product_cat","embeddable":true,"href":"https:\/\/gerodan.es\/fr\/wp-json\/wp\/v2\/product_cat?post=4254"},{"taxonomy":"product_tag","embeddable":true,"href":"https:\/\/gerodan.es\/fr\/wp-json\/wp\/v2\/product_tag?post=4254"}],"curies":[{"name":"wp","href":"https:\/\/api.w.org\/{rel}","templated":true}]}}