{"id":4291,"date":"2016-04-22T10:23:39","date_gmt":"2016-04-22T10:23:39","guid":{"rendered":"https:\/\/gerodan.es\/nuevaweb\/productos\/altar\/"},"modified":"2019-06-11T13:48:36","modified_gmt":"2019-06-11T13:48:36","slug":"altar","status":"publish","type":"product","link":"https:\/\/gerodan.es\/fr\/produits\/altar\/","title":{"rendered":"Altar"},"content":{"rendered":"<p>Altar para capilla, compuesto de soporte inferior con dos puertas y hueco de dimensiones 90x70x55, y encimera de dimensiones 4x140x90. Fabricado en haya natural.<\/p>\n","protected":false},"excerpt":{"rendered":"<p>Sill\u00f3n NELY de l\u00edneas cuadradas para equipar zonas de lectura, habitaci\u00f3n o comedores. Dimensiones H86xF55xA57. Estructura de haya con brazos, asiento y respaldo tapizados. Suspensi\u00f3n cincha cubierta de alta calidad.<\/p>\n<p>Espumas de alta densidad en asiento. Tapizados con telas vin\u00edlicas con protecci\u00f3n antimicrobial, antibacterial, antimic\u00f3tica y resistente a la abrasi\u00f3n. F\u00e1ciles de limpiar y mantener. Insensibles a la luz.<\/p>\n","protected":false},"featured_media":0,"template":"","meta":{"_acf_changed":false},"grado-de-dependencia":[],"product_brand":[],"product_cat":[353],"product_tag":[],"class_list":{"0":"post-4291","1":"product","2":"type-product","3":"status-publish","5":"product_cat-meubles-adaptes","7":"first","8":"instock","9":"shipping-taxable","10":"product-type-simple"},"acf":[],"yoast_head":"<!-- This site is optimized with the Yoast SEO plugin v27.1.1 - https:\/\/yoast.com\/product\/yoast-seo-wordpress\/ -->\n<title>Altar - Gerodan<\/title>\n<meta name=\"description\" content=\"Gerodan ofrece un altar. Altar para capilla, compuesto de soporte inferior con dos puertas y hueco de dimensiones 90x70x55.\" \/>\n<meta name=\"robots\" content=\"index, follow, max-snippet:-1, max-image-preview:large, max-video-preview:-1\" \/>\n<link rel=\"canonical\" href=\"https:\/\/gerodan.es\/fr\/produits\/altar\/\" \/>\n<meta property=\"og:locale\" content=\"fr_FR\" \/>\n<meta property=\"og:type\" content=\"article\" \/>\n<meta property=\"og:title\" content=\"Altar - Gerodan\" \/>\n<meta property=\"og:description\" content=\"Gerodan ofrece un altar. Altar para capilla, compuesto de soporte inferior con dos puertas y hueco de dimensiones 90x70x55.\" \/>\n<meta property=\"og:url\" content=\"https:\/\/gerodan.es\/fr\/produits\/altar\/\" \/>\n<meta property=\"og:site_name\" content=\"Gerodan\" \/>\n<meta property=\"article:modified_time\" content=\"2019-06-11T13:48:36+00:00\" \/>\n<meta name=\"twitter:card\" content=\"summary_large_image\" \/>\n<script type=\"application\/ld+json\" class=\"yoast-schema-graph\">{\"@context\":\"https:\/\/schema.org\",\"@graph\":[{\"@type\":\"WebPage\",\"@id\":\"https:\/\/gerodan.es\/fr\/produits\/altar\/\",\"url\":\"https:\/\/gerodan.es\/fr\/produits\/altar\/\",\"name\":\"Altar - Gerodan\",\"isPartOf\":{\"@id\":\"https:\/\/gerodan.es\/fr\/#website\"},\"datePublished\":\"2016-04-22T10:23:39+00:00\",\"dateModified\":\"2019-06-11T13:48:36+00:00\",\"description\":\"Gerodan ofrece un altar. Altar para capilla, compuesto de soporte inferior con dos puertas y hueco de dimensiones 90x70x55.\",\"breadcrumb\":{\"@id\":\"https:\/\/gerodan.es\/fr\/produits\/altar\/#breadcrumb\"},\"inLanguage\":\"fr-FR\",\"potentialAction\":[{\"@type\":\"ReadAction\",\"target\":[\"https:\/\/gerodan.es\/fr\/produits\/altar\/\"]}]},{\"@type\":\"BreadcrumbList\",\"@id\":\"https:\/\/gerodan.es\/fr\/produits\/altar\/#breadcrumb\",\"itemListElement\":[{\"@type\":\"ListItem\",\"position\":1,\"name\":\"Home\",\"item\":\"https:\/\/gerodan.es\/fr\/\"},{\"@type\":\"ListItem\",\"position\":2,\"name\":\"Produits\",\"item\":\"https:\/\/gerodan.es\/fr\/produits\/\"},{\"@type\":\"ListItem\",\"position\":3,\"name\":\"Altar\"}]},{\"@type\":\"WebSite\",\"@id\":\"https:\/\/gerodan.es\/fr\/#website\",\"url\":\"https:\/\/gerodan.es\/fr\/\",\"name\":\"Gerodan\",\"description\":\"Venta de mobiliario adaptado a personas mayores\",\"potentialAction\":[{\"@type\":\"SearchAction\",\"target\":{\"@type\":\"EntryPoint\",\"urlTemplate\":\"https:\/\/gerodan.es\/fr\/?s={search_term_string}\"},\"query-input\":{\"@type\":\"PropertyValueSpecification\",\"valueRequired\":true,\"valueName\":\"search_term_string\"}}],\"inLanguage\":\"fr-FR\"}]}<\/script>\n<!-- \/ Yoast SEO plugin. -->","yoast_head_json":{"title":"Altar - Gerodan","description":"Gerodan ofrece un altar. Altar para capilla, compuesto de soporte inferior con dos puertas y hueco de dimensiones 90x70x55.","robots":{"index":"index","follow":"follow","max-snippet":"max-snippet:-1","max-image-preview":"max-image-preview:large","max-video-preview":"max-video-preview:-1"},"canonical":"https:\/\/gerodan.es\/fr\/produits\/altar\/","og_locale":"fr_FR","og_type":"article","og_title":"Altar - Gerodan","og_description":"Gerodan ofrece un altar. Altar para capilla, compuesto de soporte inferior con dos puertas y hueco de dimensiones 90x70x55.","og_url":"https:\/\/gerodan.es\/fr\/produits\/altar\/","og_site_name":"Gerodan","article_modified_time":"2019-06-11T13:48:36+00:00","twitter_card":"summary_large_image","schema":{"@context":"https:\/\/schema.org","@graph":[{"@type":"WebPage","@id":"https:\/\/gerodan.es\/fr\/produits\/altar\/","url":"https:\/\/gerodan.es\/fr\/produits\/altar\/","name":"Altar - Gerodan","isPartOf":{"@id":"https:\/\/gerodan.es\/fr\/#website"},"datePublished":"2016-04-22T10:23:39+00:00","dateModified":"2019-06-11T13:48:36+00:00","description":"Gerodan ofrece un altar. Altar para capilla, compuesto de soporte inferior con dos puertas y hueco de dimensiones 90x70x55.","breadcrumb":{"@id":"https:\/\/gerodan.es\/fr\/produits\/altar\/#breadcrumb"},"inLanguage":"fr-FR","potentialAction":[{"@type":"ReadAction","target":["https:\/\/gerodan.es\/fr\/produits\/altar\/"]}]},{"@type":"BreadcrumbList","@id":"https:\/\/gerodan.es\/fr\/produits\/altar\/#breadcrumb","itemListElement":[{"@type":"ListItem","position":1,"name":"Home","item":"https:\/\/gerodan.es\/fr\/"},{"@type":"ListItem","position":2,"name":"Produits","item":"https:\/\/gerodan.es\/fr\/produits\/"},{"@type":"ListItem","position":3,"name":"Altar"}]},{"@type":"WebSite","@id":"https:\/\/gerodan.es\/fr\/#website","url":"https:\/\/gerodan.es\/fr\/","name":"Gerodan","description":"Venta de mobiliario adaptado a personas mayores","potentialAction":[{"@type":"SearchAction","target":{"@type":"EntryPoint","urlTemplate":"https:\/\/gerodan.es\/fr\/?s={search_term_string}"},"query-input":{"@type":"PropertyValueSpecification","valueRequired":true,"valueName":"search_term_string"}}],"inLanguage":"fr-FR"}]}},"_links":{"self":[{"href":"https:\/\/gerodan.es\/fr\/wp-json\/wp\/v2\/product\/4291","targetHints":{"allow":["GET"]}}],"collection":[{"href":"https:\/\/gerodan.es\/fr\/wp-json\/wp\/v2\/product"}],"about":[{"href":"https:\/\/gerodan.es\/fr\/wp-json\/wp\/v2\/types\/product"}],"wp:attachment":[{"href":"https:\/\/gerodan.es\/fr\/wp-json\/wp\/v2\/media?parent=4291"}],"wp:term":[{"taxonomy":"grado-de-dependencia","embeddable":true,"href":"https:\/\/gerodan.es\/fr\/wp-json\/wp\/v2\/grado-de-dependencia?post=4291"},{"taxonomy":"product_brand","embeddable":true,"href":"https:\/\/gerodan.es\/fr\/wp-json\/wp\/v2\/product_brand?post=4291"},{"taxonomy":"product_cat","embeddable":true,"href":"https:\/\/gerodan.es\/fr\/wp-json\/wp\/v2\/product_cat?post=4291"},{"taxonomy":"product_tag","embeddable":true,"href":"https:\/\/gerodan.es\/fr\/wp-json\/wp\/v2\/product_tag?post=4291"}],"curies":[{"name":"wp","href":"https:\/\/api.w.org\/{rel}","templated":true}]}}