{"id":4304,"date":"2016-04-22T10:00:25","date_gmt":"2016-04-22T10:00:25","guid":{"rendered":"https:\/\/gerodan.es\/nuevaweb\/productos\/estanteria-libreria\/"},"modified":"2019-06-11T13:48:44","modified_gmt":"2019-06-11T13:48:44","slug":"estanteria-libreria","status":"publish","type":"product","link":"https:\/\/gerodan.es\/fr\/produits\/estanteria-libreria\/","title":{"rendered":"Estanter\u00eda Librer\u00eda"},"content":{"rendered":"<p>Estanteria revistero, juego de estantes y columnas con trasera. Acabado haya.<\/p>\n","protected":false},"excerpt":{"rendered":"<p>Sill\u00f3n NELY de l\u00edneas cuadradas para equipar zonas de lectura, habitaci\u00f3n o comedores. Dimensiones H86xF55xA57. Estructura de haya con brazos, asiento y respaldo tapizados. Suspensi\u00f3n cincha cubierta de alta calidad.<\/p>\n<p>Espumas de alta densidad en asiento. Tapizados con telas vin\u00edlicas con protecci\u00f3n antimicrobial, antibacterial, antimic\u00f3tica y resistente a la abrasi\u00f3n. F\u00e1ciles de limpiar y mantener. Insensibles a la luz.<\/p>\n","protected":false},"featured_media":4306,"template":"","meta":{"_acf_changed":false},"grado-de-dependencia":[],"product_brand":[],"product_cat":[363,353],"product_tag":[],"class_list":{"0":"post-4304","1":"product","2":"type-product","3":"status-publish","4":"has-post-thumbnail","6":"product_cat-etageres","7":"product_cat-meubles-adaptes","9":"first","10":"instock","11":"shipping-taxable","12":"product-type-simple"},"acf":[],"yoast_head":"<!-- This site is optimized with the Yoast SEO plugin v27.1.1 - https:\/\/yoast.com\/product\/yoast-seo-wordpress\/ -->\n<title>Estanter\u00eda librer\u00eda - Gerodan<\/title>\n<meta name=\"description\" content=\"Gerodan ofrece estanter\u00eda librer\u00eda. Estanter\u00eda revistero, juego de estantes y columnas con trasera. Acabado haya. Perfecto para guardar pertenencias.\" \/>\n<meta name=\"robots\" content=\"index, follow, max-snippet:-1, max-image-preview:large, max-video-preview:-1\" \/>\n<link rel=\"canonical\" href=\"https:\/\/gerodan.es\/fr\/produits\/estanteria-libreria\/\" \/>\n<meta property=\"og:locale\" content=\"fr_FR\" \/>\n<meta property=\"og:type\" content=\"article\" \/>\n<meta property=\"og:title\" content=\"Estanter\u00eda librer\u00eda - Gerodan\" \/>\n<meta property=\"og:description\" content=\"Gerodan ofrece estanter\u00eda librer\u00eda. Estanter\u00eda revistero, juego de estantes y columnas con trasera. Acabado haya. Perfecto para guardar pertenencias.\" \/>\n<meta property=\"og:url\" content=\"https:\/\/gerodan.es\/fr\/produits\/estanteria-libreria\/\" \/>\n<meta property=\"og:site_name\" content=\"Gerodan\" \/>\n<meta property=\"article:modified_time\" content=\"2019-06-11T13:48:44+00:00\" \/>\n<meta property=\"og:image\" content=\"https:\/\/gerodan.es\/wp-content\/uploads\/2016\/04\/Editar_mueblges.jpg\" \/>\n\t<meta property=\"og:image:width\" content=\"1654\" \/>\n\t<meta property=\"og:image:height\" content=\"2362\" \/>\n\t<meta property=\"og:image:type\" content=\"image\/jpeg\" \/>\n<meta name=\"twitter:card\" content=\"summary_large_image\" \/>\n<script type=\"application\/ld+json\" class=\"yoast-schema-graph\">{\"@context\":\"https:\/\/schema.org\",\"@graph\":[{\"@type\":\"WebPage\",\"@id\":\"https:\/\/gerodan.es\/fr\/produits\/estanteria-libreria\/\",\"url\":\"https:\/\/gerodan.es\/fr\/produits\/estanteria-libreria\/\",\"name\":\"Estanter\u00eda librer\u00eda - Gerodan\",\"isPartOf\":{\"@id\":\"https:\/\/gerodan.es\/fr\/#website\"},\"primaryImageOfPage\":{\"@id\":\"https:\/\/gerodan.es\/fr\/produits\/estanteria-libreria\/#primaryimage\"},\"image\":{\"@id\":\"https:\/\/gerodan.es\/fr\/produits\/estanteria-libreria\/#primaryimage\"},\"thumbnailUrl\":\"https:\/\/gerodan.es\/wp-content\/uploads\/2016\/04\/Editar_mueblges.jpg\",\"datePublished\":\"2016-04-22T10:00:25+00:00\",\"dateModified\":\"2019-06-11T13:48:44+00:00\",\"description\":\"Gerodan ofrece estanter\u00eda librer\u00eda. Estanter\u00eda revistero, juego de estantes y columnas con trasera. Acabado haya. Perfecto para guardar pertenencias.\",\"breadcrumb\":{\"@id\":\"https:\/\/gerodan.es\/fr\/produits\/estanteria-libreria\/#breadcrumb\"},\"inLanguage\":\"fr-FR\",\"potentialAction\":[{\"@type\":\"ReadAction\",\"target\":[\"https:\/\/gerodan.es\/fr\/produits\/estanteria-libreria\/\"]}]},{\"@type\":\"ImageObject\",\"inLanguage\":\"fr-FR\",\"@id\":\"https:\/\/gerodan.es\/fr\/produits\/estanteria-libreria\/#primaryimage\",\"url\":\"https:\/\/gerodan.es\/wp-content\/uploads\/2016\/04\/Editar_mueblges.jpg\",\"contentUrl\":\"https:\/\/gerodan.es\/wp-content\/uploads\/2016\/04\/Editar_mueblges.jpg\",\"width\":1654,\"height\":2362},{\"@type\":\"BreadcrumbList\",\"@id\":\"https:\/\/gerodan.es\/fr\/produits\/estanteria-libreria\/#breadcrumb\",\"itemListElement\":[{\"@type\":\"ListItem\",\"position\":1,\"name\":\"Home\",\"item\":\"https:\/\/gerodan.es\/fr\/\"},{\"@type\":\"ListItem\",\"position\":2,\"name\":\"Produits\",\"item\":\"https:\/\/gerodan.es\/fr\/produits\/\"},{\"@type\":\"ListItem\",\"position\":3,\"name\":\"Estanter\u00eda Librer\u00eda\"}]},{\"@type\":\"WebSite\",\"@id\":\"https:\/\/gerodan.es\/fr\/#website\",\"url\":\"https:\/\/gerodan.es\/fr\/\",\"name\":\"Gerodan\",\"description\":\"Venta de mobiliario adaptado a personas mayores\",\"potentialAction\":[{\"@type\":\"SearchAction\",\"target\":{\"@type\":\"EntryPoint\",\"urlTemplate\":\"https:\/\/gerodan.es\/fr\/?s={search_term_string}\"},\"query-input\":{\"@type\":\"PropertyValueSpecification\",\"valueRequired\":true,\"valueName\":\"search_term_string\"}}],\"inLanguage\":\"fr-FR\"}]}<\/script>\n<!-- \/ Yoast SEO plugin. -->","yoast_head_json":{"title":"Estanter\u00eda librer\u00eda - Gerodan","description":"Gerodan ofrece estanter\u00eda librer\u00eda. Estanter\u00eda revistero, juego de estantes y columnas con trasera. Acabado haya. Perfecto para guardar pertenencias.","robots":{"index":"index","follow":"follow","max-snippet":"max-snippet:-1","max-image-preview":"max-image-preview:large","max-video-preview":"max-video-preview:-1"},"canonical":"https:\/\/gerodan.es\/fr\/produits\/estanteria-libreria\/","og_locale":"fr_FR","og_type":"article","og_title":"Estanter\u00eda librer\u00eda - Gerodan","og_description":"Gerodan ofrece estanter\u00eda librer\u00eda. Estanter\u00eda revistero, juego de estantes y columnas con trasera. Acabado haya. Perfecto para guardar pertenencias.","og_url":"https:\/\/gerodan.es\/fr\/produits\/estanteria-libreria\/","og_site_name":"Gerodan","article_modified_time":"2019-06-11T13:48:44+00:00","og_image":[{"width":1654,"height":2362,"url":"https:\/\/gerodan.es\/wp-content\/uploads\/2016\/04\/Editar_mueblges.jpg","type":"image\/jpeg"}],"twitter_card":"summary_large_image","schema":{"@context":"https:\/\/schema.org","@graph":[{"@type":"WebPage","@id":"https:\/\/gerodan.es\/fr\/produits\/estanteria-libreria\/","url":"https:\/\/gerodan.es\/fr\/produits\/estanteria-libreria\/","name":"Estanter\u00eda librer\u00eda - Gerodan","isPartOf":{"@id":"https:\/\/gerodan.es\/fr\/#website"},"primaryImageOfPage":{"@id":"https:\/\/gerodan.es\/fr\/produits\/estanteria-libreria\/#primaryimage"},"image":{"@id":"https:\/\/gerodan.es\/fr\/produits\/estanteria-libreria\/#primaryimage"},"thumbnailUrl":"https:\/\/gerodan.es\/wp-content\/uploads\/2016\/04\/Editar_mueblges.jpg","datePublished":"2016-04-22T10:00:25+00:00","dateModified":"2019-06-11T13:48:44+00:00","description":"Gerodan ofrece estanter\u00eda librer\u00eda. Estanter\u00eda revistero, juego de estantes y columnas con trasera. Acabado haya. Perfecto para guardar pertenencias.","breadcrumb":{"@id":"https:\/\/gerodan.es\/fr\/produits\/estanteria-libreria\/#breadcrumb"},"inLanguage":"fr-FR","potentialAction":[{"@type":"ReadAction","target":["https:\/\/gerodan.es\/fr\/produits\/estanteria-libreria\/"]}]},{"@type":"ImageObject","inLanguage":"fr-FR","@id":"https:\/\/gerodan.es\/fr\/produits\/estanteria-libreria\/#primaryimage","url":"https:\/\/gerodan.es\/wp-content\/uploads\/2016\/04\/Editar_mueblges.jpg","contentUrl":"https:\/\/gerodan.es\/wp-content\/uploads\/2016\/04\/Editar_mueblges.jpg","width":1654,"height":2362},{"@type":"BreadcrumbList","@id":"https:\/\/gerodan.es\/fr\/produits\/estanteria-libreria\/#breadcrumb","itemListElement":[{"@type":"ListItem","position":1,"name":"Home","item":"https:\/\/gerodan.es\/fr\/"},{"@type":"ListItem","position":2,"name":"Produits","item":"https:\/\/gerodan.es\/fr\/produits\/"},{"@type":"ListItem","position":3,"name":"Estanter\u00eda Librer\u00eda"}]},{"@type":"WebSite","@id":"https:\/\/gerodan.es\/fr\/#website","url":"https:\/\/gerodan.es\/fr\/","name":"Gerodan","description":"Venta de mobiliario adaptado a personas mayores","potentialAction":[{"@type":"SearchAction","target":{"@type":"EntryPoint","urlTemplate":"https:\/\/gerodan.es\/fr\/?s={search_term_string}"},"query-input":{"@type":"PropertyValueSpecification","valueRequired":true,"valueName":"search_term_string"}}],"inLanguage":"fr-FR"}]}},"_links":{"self":[{"href":"https:\/\/gerodan.es\/fr\/wp-json\/wp\/v2\/product\/4304","targetHints":{"allow":["GET"]}}],"collection":[{"href":"https:\/\/gerodan.es\/fr\/wp-json\/wp\/v2\/product"}],"about":[{"href":"https:\/\/gerodan.es\/fr\/wp-json\/wp\/v2\/types\/product"}],"wp:featuredmedia":[{"embeddable":true,"href":"https:\/\/gerodan.es\/fr\/wp-json\/wp\/v2\/media\/4306"}],"wp:attachment":[{"href":"https:\/\/gerodan.es\/fr\/wp-json\/wp\/v2\/media?parent=4304"}],"wp:term":[{"taxonomy":"grado-de-dependencia","embeddable":true,"href":"https:\/\/gerodan.es\/fr\/wp-json\/wp\/v2\/grado-de-dependencia?post=4304"},{"taxonomy":"product_brand","embeddable":true,"href":"https:\/\/gerodan.es\/fr\/wp-json\/wp\/v2\/product_brand?post=4304"},{"taxonomy":"product_cat","embeddable":true,"href":"https:\/\/gerodan.es\/fr\/wp-json\/wp\/v2\/product_cat?post=4304"},{"taxonomy":"product_tag","embeddable":true,"href":"https:\/\/gerodan.es\/fr\/wp-json\/wp\/v2\/product_tag?post=4304"}],"curies":[{"name":"wp","href":"https:\/\/api.w.org\/{rel}","templated":true}]}}