{"id":4311,"date":"2016-04-22T09:46:54","date_gmt":"2016-04-22T09:46:54","guid":{"rendered":"https:\/\/gerodan.es\/nuevaweb\/productos\/reposapies-fijo\/"},"modified":"2019-06-11T13:48:48","modified_gmt":"2019-06-11T13:48:48","slug":"reposapies-fijo","status":"publish","type":"product","link":"https:\/\/gerodan.es\/fr\/produits\/reposapies-fijo\/","title":{"rendered":"Reposapi\u00e9s fijo"},"content":{"rendered":"<p>Reposapi\u00e9s para butacas.<\/p>\n<p><strong>Estructura:<\/strong>\u00a0Haya maciza de primera calidad barnizada,\u00a0 se compone de un tablero ergon\u00f3mico contrachapado recubierto de poliuretano de alta densidad.<\/p>\n<p><strong>Caracter\u00edsticas adicionales:<\/strong>\u00a0Espuma de alta densidad en el asiento y respaldo. Tapizado con telas vin\u00edlicas de alta resistencia a la abrasi\u00f3n M2,\u00a0 M1<\/p>\n","protected":false},"excerpt":{"rendered":"<p>Sill\u00f3n NELY de l\u00edneas cuadradas para equipar zonas de lectura, habitaci\u00f3n o comedores. Dimensiones H86xF55xA57. Estructura de haya con brazos, asiento y respaldo tapizados. Suspensi\u00f3n cincha cubierta de alta calidad.<\/p>\n<p>Espumas de alta densidad en asiento. Tapizados con telas vin\u00edlicas con protecci\u00f3n antimicrobial, antibacterial, antimic\u00f3tica y resistente a la abrasi\u00f3n. F\u00e1ciles de limpiar y mantener. Insensibles a la luz.<\/p>\n","protected":false},"featured_media":4312,"template":"","meta":{"_acf_changed":false},"grado-de-dependencia":[],"product_brand":[],"product_cat":[349,341],"product_tag":[],"class_list":{"0":"post-4311","1":"product","2":"type-product","3":"status-publish","4":"has-post-thumbnail","6":"product_cat-fauteuils-geriatriques","7":"product_cat-systemes-de-confort-et-de-relax","9":"first","10":"instock","11":"shipping-taxable","12":"product-type-simple"},"acf":[],"yoast_head":"<!-- This site is optimized with the Yoast SEO plugin v27.4 - https:\/\/yoast.com\/product\/yoast-seo-wordpress\/ -->\n<title>Reposapi\u00e9s fijo - Gerodan<\/title>\n<meta name=\"description\" content=\"Gerodan ofrece reposapi\u00e9s fijo para butacas. Ergon\u00f3mico y c\u00f3modo perfecto para apoyar los pies. Productos Gerodan para descanso.\" \/>\n<meta name=\"robots\" content=\"index, follow, max-snippet:-1, max-image-preview:large, max-video-preview:-1\" \/>\n<link rel=\"canonical\" href=\"https:\/\/gerodan.es\/fr\/produits\/reposapies-fijo\/\" \/>\n<meta property=\"og:locale\" content=\"fr_FR\" \/>\n<meta property=\"og:type\" content=\"article\" \/>\n<meta property=\"og:title\" content=\"Reposapi\u00e9s fijo - Gerodan\" \/>\n<meta property=\"og:description\" content=\"Gerodan ofrece reposapi\u00e9s fijo para butacas. Ergon\u00f3mico y c\u00f3modo perfecto para apoyar los pies. Productos Gerodan para descanso.\" \/>\n<meta property=\"og:url\" content=\"https:\/\/gerodan.es\/fr\/produits\/reposapies-fijo\/\" \/>\n<meta property=\"og:site_name\" content=\"Gerodan\" \/>\n<meta property=\"article:modified_time\" content=\"2019-06-11T13:48:48+00:00\" \/>\n<meta property=\"og:image\" content=\"https:\/\/gerodan.es\/wp-content\/uploads\/2016\/04\/reposapies_fijo.jpg\" \/>\n\t<meta property=\"og:image:width\" content=\"800\" \/>\n\t<meta property=\"og:image:height\" content=\"800\" \/>\n\t<meta property=\"og:image:type\" content=\"image\/jpeg\" \/>\n<meta name=\"twitter:card\" content=\"summary_large_image\" \/>\n<script type=\"application\/ld+json\" class=\"yoast-schema-graph\">{\"@context\":\"https:\\\/\\\/schema.org\",\"@graph\":[{\"@type\":\"WebPage\",\"@id\":\"https:\\\/\\\/gerodan.es\\\/fr\\\/produits\\\/reposapies-fijo\\\/\",\"url\":\"https:\\\/\\\/gerodan.es\\\/fr\\\/produits\\\/reposapies-fijo\\\/\",\"name\":\"Reposapi\u00e9s fijo - Gerodan\",\"isPartOf\":{\"@id\":\"https:\\\/\\\/gerodan.es\\\/fr\\\/#website\"},\"primaryImageOfPage\":{\"@id\":\"https:\\\/\\\/gerodan.es\\\/fr\\\/produits\\\/reposapies-fijo\\\/#primaryimage\"},\"image\":{\"@id\":\"https:\\\/\\\/gerodan.es\\\/fr\\\/produits\\\/reposapies-fijo\\\/#primaryimage\"},\"thumbnailUrl\":\"https:\\\/\\\/gerodan.es\\\/wp-content\\\/uploads\\\/2016\\\/04\\\/reposapies_fijo.jpg\",\"datePublished\":\"2016-04-22T09:46:54+00:00\",\"dateModified\":\"2019-06-11T13:48:48+00:00\",\"description\":\"Gerodan ofrece reposapi\u00e9s fijo para butacas. Ergon\u00f3mico y c\u00f3modo perfecto para apoyar los pies. Productos Gerodan para descanso.\",\"breadcrumb\":{\"@id\":\"https:\\\/\\\/gerodan.es\\\/fr\\\/produits\\\/reposapies-fijo\\\/#breadcrumb\"},\"inLanguage\":\"fr-FR\",\"potentialAction\":[{\"@type\":\"ReadAction\",\"target\":[\"https:\\\/\\\/gerodan.es\\\/fr\\\/produits\\\/reposapies-fijo\\\/\"]}]},{\"@type\":\"ImageObject\",\"inLanguage\":\"fr-FR\",\"@id\":\"https:\\\/\\\/gerodan.es\\\/fr\\\/produits\\\/reposapies-fijo\\\/#primaryimage\",\"url\":\"https:\\\/\\\/gerodan.es\\\/wp-content\\\/uploads\\\/2016\\\/04\\\/reposapies_fijo.jpg\",\"contentUrl\":\"https:\\\/\\\/gerodan.es\\\/wp-content\\\/uploads\\\/2016\\\/04\\\/reposapies_fijo.jpg\",\"width\":800,\"height\":800},{\"@type\":\"BreadcrumbList\",\"@id\":\"https:\\\/\\\/gerodan.es\\\/fr\\\/produits\\\/reposapies-fijo\\\/#breadcrumb\",\"itemListElement\":[{\"@type\":\"ListItem\",\"position\":1,\"name\":\"Home\",\"item\":\"https:\\\/\\\/gerodan.es\\\/fr\\\/\"},{\"@type\":\"ListItem\",\"position\":2,\"name\":\"Produits\",\"item\":\"https:\\\/\\\/gerodan.es\\\/fr\\\/produits\\\/\"},{\"@type\":\"ListItem\",\"position\":3,\"name\":\"Reposapi\u00e9s fijo\"}]},{\"@type\":\"WebSite\",\"@id\":\"https:\\\/\\\/gerodan.es\\\/fr\\\/#website\",\"url\":\"https:\\\/\\\/gerodan.es\\\/fr\\\/\",\"name\":\"Gerodan\",\"description\":\"Venta de mobiliario adaptado a personas mayores\",\"potentialAction\":[{\"@type\":\"SearchAction\",\"target\":{\"@type\":\"EntryPoint\",\"urlTemplate\":\"https:\\\/\\\/gerodan.es\\\/fr\\\/?s={search_term_string}\"},\"query-input\":{\"@type\":\"PropertyValueSpecification\",\"valueRequired\":true,\"valueName\":\"search_term_string\"}}],\"inLanguage\":\"fr-FR\"}]}<\/script>\n<!-- \/ Yoast SEO plugin. -->","yoast_head_json":{"title":"Reposapi\u00e9s fijo - Gerodan","description":"Gerodan ofrece reposapi\u00e9s fijo para butacas. Ergon\u00f3mico y c\u00f3modo perfecto para apoyar los pies. Productos Gerodan para descanso.","robots":{"index":"index","follow":"follow","max-snippet":"max-snippet:-1","max-image-preview":"max-image-preview:large","max-video-preview":"max-video-preview:-1"},"canonical":"https:\/\/gerodan.es\/fr\/produits\/reposapies-fijo\/","og_locale":"fr_FR","og_type":"article","og_title":"Reposapi\u00e9s fijo - Gerodan","og_description":"Gerodan ofrece reposapi\u00e9s fijo para butacas. Ergon\u00f3mico y c\u00f3modo perfecto para apoyar los pies. Productos Gerodan para descanso.","og_url":"https:\/\/gerodan.es\/fr\/produits\/reposapies-fijo\/","og_site_name":"Gerodan","article_modified_time":"2019-06-11T13:48:48+00:00","og_image":[{"width":800,"height":800,"url":"https:\/\/gerodan.es\/wp-content\/uploads\/2016\/04\/reposapies_fijo.jpg","type":"image\/jpeg"}],"twitter_card":"summary_large_image","schema":{"@context":"https:\/\/schema.org","@graph":[{"@type":"WebPage","@id":"https:\/\/gerodan.es\/fr\/produits\/reposapies-fijo\/","url":"https:\/\/gerodan.es\/fr\/produits\/reposapies-fijo\/","name":"Reposapi\u00e9s fijo - Gerodan","isPartOf":{"@id":"https:\/\/gerodan.es\/fr\/#website"},"primaryImageOfPage":{"@id":"https:\/\/gerodan.es\/fr\/produits\/reposapies-fijo\/#primaryimage"},"image":{"@id":"https:\/\/gerodan.es\/fr\/produits\/reposapies-fijo\/#primaryimage"},"thumbnailUrl":"https:\/\/gerodan.es\/wp-content\/uploads\/2016\/04\/reposapies_fijo.jpg","datePublished":"2016-04-22T09:46:54+00:00","dateModified":"2019-06-11T13:48:48+00:00","description":"Gerodan ofrece reposapi\u00e9s fijo para butacas. Ergon\u00f3mico y c\u00f3modo perfecto para apoyar los pies. Productos Gerodan para descanso.","breadcrumb":{"@id":"https:\/\/gerodan.es\/fr\/produits\/reposapies-fijo\/#breadcrumb"},"inLanguage":"fr-FR","potentialAction":[{"@type":"ReadAction","target":["https:\/\/gerodan.es\/fr\/produits\/reposapies-fijo\/"]}]},{"@type":"ImageObject","inLanguage":"fr-FR","@id":"https:\/\/gerodan.es\/fr\/produits\/reposapies-fijo\/#primaryimage","url":"https:\/\/gerodan.es\/wp-content\/uploads\/2016\/04\/reposapies_fijo.jpg","contentUrl":"https:\/\/gerodan.es\/wp-content\/uploads\/2016\/04\/reposapies_fijo.jpg","width":800,"height":800},{"@type":"BreadcrumbList","@id":"https:\/\/gerodan.es\/fr\/produits\/reposapies-fijo\/#breadcrumb","itemListElement":[{"@type":"ListItem","position":1,"name":"Home","item":"https:\/\/gerodan.es\/fr\/"},{"@type":"ListItem","position":2,"name":"Produits","item":"https:\/\/gerodan.es\/fr\/produits\/"},{"@type":"ListItem","position":3,"name":"Reposapi\u00e9s fijo"}]},{"@type":"WebSite","@id":"https:\/\/gerodan.es\/fr\/#website","url":"https:\/\/gerodan.es\/fr\/","name":"Gerodan","description":"Venta de mobiliario adaptado a personas mayores","potentialAction":[{"@type":"SearchAction","target":{"@type":"EntryPoint","urlTemplate":"https:\/\/gerodan.es\/fr\/?s={search_term_string}"},"query-input":{"@type":"PropertyValueSpecification","valueRequired":true,"valueName":"search_term_string"}}],"inLanguage":"fr-FR"}]}},"_links":{"self":[{"href":"https:\/\/gerodan.es\/fr\/wp-json\/wp\/v2\/product\/4311","targetHints":{"allow":["GET"]}}],"collection":[{"href":"https:\/\/gerodan.es\/fr\/wp-json\/wp\/v2\/product"}],"about":[{"href":"https:\/\/gerodan.es\/fr\/wp-json\/wp\/v2\/types\/product"}],"wp:featuredmedia":[{"embeddable":true,"href":"https:\/\/gerodan.es\/fr\/wp-json\/wp\/v2\/media\/4312"}],"wp:attachment":[{"href":"https:\/\/gerodan.es\/fr\/wp-json\/wp\/v2\/media?parent=4311"}],"wp:term":[{"taxonomy":"grado-de-dependencia","embeddable":true,"href":"https:\/\/gerodan.es\/fr\/wp-json\/wp\/v2\/grado-de-dependencia?post=4311"},{"taxonomy":"product_brand","embeddable":true,"href":"https:\/\/gerodan.es\/fr\/wp-json\/wp\/v2\/product_brand?post=4311"},{"taxonomy":"product_cat","embeddable":true,"href":"https:\/\/gerodan.es\/fr\/wp-json\/wp\/v2\/product_cat?post=4311"},{"taxonomy":"product_tag","embeddable":true,"href":"https:\/\/gerodan.es\/fr\/wp-json\/wp\/v2\/product_tag?post=4311"}],"curies":[{"name":"wp","href":"https:\/\/api.w.org\/{rel}","templated":true}]}}