{"id":4321,"date":"2016-04-22T09:10:22","date_gmt":"2016-04-22T09:10:22","guid":{"rendered":"https:\/\/gerodan.es\/nuevaweb\/productos\/sofa-laket\/"},"modified":"2019-06-19T07:51:11","modified_gmt":"2019-06-19T07:51:11","slug":"sofa-laket","status":"publish","type":"product","link":"https:\/\/gerodan.es\/fr\/produits\/sofa-laket\/","title":{"rendered":"Sof\u00e1 LAKET"},"content":{"rendered":"<p>Sof\u00e1 LAKET, estructura realizada en madera de pino macizo secado al aire, d\u00e1ndole al conjunto gran rigidez y durabilidad. Parte superior de los brazos es de madera de Haya.<\/p>\n<p>Asiento y respaldo realizados con espuma de poliuretano de entre HR 35-40KG\/m\u00b3 de alta densidad, guateada y tapizada completamente.<\/p>\n<p>Tapizados con telas vin\u00edlicas con protecci\u00f3n antimicrobial, antibacterial, antimic\u00f3tica y resistente a la abrasi\u00f3n. F\u00e1ciles de limpiar y mantener. Insensibles a la luz.<\/p>\n","protected":false},"excerpt":{"rendered":"<p>Sill\u00f3n NELY de l\u00edneas cuadradas para equipar zonas de lectura, habitaci\u00f3n o comedores. Dimensiones H86xF55xA57. Estructura de haya con brazos, asiento y respaldo tapizados. Suspensi\u00f3n cincha cubierta de alta calidad.<\/p>\n<p>Espumas de alta densidad en asiento. Tapizados con telas vin\u00edlicas con protecci\u00f3n antimicrobial, antibacterial, antimic\u00f3tica y resistente a la abrasi\u00f3n. F\u00e1ciles de limpiar y mantener. Insensibles a la luz.<\/p>\n","protected":false},"featured_media":4322,"template":"","meta":{"_acf_changed":false},"grado-de-dependencia":[],"product_brand":[],"product_cat":[384,341],"product_tag":[],"class_list":{"0":"post-4321","1":"product","2":"type-product","3":"status-publish","4":"has-post-thumbnail","6":"product_cat-sofas-fr","7":"product_cat-systemes-de-confort-et-de-relax","9":"first","10":"instock","11":"shipping-taxable","12":"product-type-simple"},"acf":[],"yoast_head":"<!-- This site is optimized with the Yoast SEO plugin v27.4 - https:\/\/yoast.com\/product\/yoast-seo-wordpress\/ -->\n<title>Sof\u00e1 Laket - Gerodan<\/title>\n<meta name=\"description\" content=\"Gerodan ofrece el sof\u00e1 Laket. Sof\u00e1 LAKET, estructura realizada en madera de pino macizo secado al aire, d\u00e1ndole al conjunto gran rigidez y durabilidad.\" \/>\n<meta name=\"robots\" content=\"index, follow, max-snippet:-1, max-image-preview:large, max-video-preview:-1\" \/>\n<link rel=\"canonical\" href=\"https:\/\/gerodan.es\/fr\/produits\/sofa-laket\/\" \/>\n<meta property=\"og:locale\" content=\"fr_FR\" \/>\n<meta property=\"og:type\" content=\"article\" \/>\n<meta property=\"og:title\" content=\"Sof\u00e1 Laket - Gerodan\" \/>\n<meta property=\"og:description\" content=\"Gerodan ofrece el sof\u00e1 Laket. Sof\u00e1 LAKET, estructura realizada en madera de pino macizo secado al aire, d\u00e1ndole al conjunto gran rigidez y durabilidad.\" \/>\n<meta property=\"og:url\" content=\"https:\/\/gerodan.es\/fr\/produits\/sofa-laket\/\" \/>\n<meta property=\"og:site_name\" content=\"Gerodan\" \/>\n<meta property=\"article:modified_time\" content=\"2019-06-19T07:51:11+00:00\" \/>\n<meta property=\"og:image\" content=\"https:\/\/gerodan.es\/wp-content\/uploads\/2016\/04\/sofa_laketi.jpg\" \/>\n\t<meta property=\"og:image:width\" content=\"887\" \/>\n\t<meta property=\"og:image:height\" content=\"887\" \/>\n\t<meta property=\"og:image:type\" content=\"image\/jpeg\" \/>\n<meta name=\"twitter:card\" content=\"summary_large_image\" \/>\n<script type=\"application\/ld+json\" class=\"yoast-schema-graph\">{\"@context\":\"https:\\\/\\\/schema.org\",\"@graph\":[{\"@type\":\"WebPage\",\"@id\":\"https:\\\/\\\/gerodan.es\\\/fr\\\/produits\\\/sofa-laket\\\/\",\"url\":\"https:\\\/\\\/gerodan.es\\\/fr\\\/produits\\\/sofa-laket\\\/\",\"name\":\"Sof\u00e1 Laket - Gerodan\",\"isPartOf\":{\"@id\":\"https:\\\/\\\/gerodan.es\\\/fr\\\/#website\"},\"primaryImageOfPage\":{\"@id\":\"https:\\\/\\\/gerodan.es\\\/fr\\\/produits\\\/sofa-laket\\\/#primaryimage\"},\"image\":{\"@id\":\"https:\\\/\\\/gerodan.es\\\/fr\\\/produits\\\/sofa-laket\\\/#primaryimage\"},\"thumbnailUrl\":\"https:\\\/\\\/gerodan.es\\\/wp-content\\\/uploads\\\/2016\\\/04\\\/sofa_laketi.jpg\",\"datePublished\":\"2016-04-22T09:10:22+00:00\",\"dateModified\":\"2019-06-19T07:51:11+00:00\",\"description\":\"Gerodan ofrece el sof\u00e1 Laket. Sof\u00e1 LAKET, estructura realizada en madera de pino macizo secado al aire, d\u00e1ndole al conjunto gran rigidez y durabilidad.\",\"breadcrumb\":{\"@id\":\"https:\\\/\\\/gerodan.es\\\/fr\\\/produits\\\/sofa-laket\\\/#breadcrumb\"},\"inLanguage\":\"fr-FR\",\"potentialAction\":[{\"@type\":\"ReadAction\",\"target\":[\"https:\\\/\\\/gerodan.es\\\/fr\\\/produits\\\/sofa-laket\\\/\"]}]},{\"@type\":\"ImageObject\",\"inLanguage\":\"fr-FR\",\"@id\":\"https:\\\/\\\/gerodan.es\\\/fr\\\/produits\\\/sofa-laket\\\/#primaryimage\",\"url\":\"https:\\\/\\\/gerodan.es\\\/wp-content\\\/uploads\\\/2016\\\/04\\\/sofa_laketi.jpg\",\"contentUrl\":\"https:\\\/\\\/gerodan.es\\\/wp-content\\\/uploads\\\/2016\\\/04\\\/sofa_laketi.jpg\",\"width\":887,\"height\":887},{\"@type\":\"BreadcrumbList\",\"@id\":\"https:\\\/\\\/gerodan.es\\\/fr\\\/produits\\\/sofa-laket\\\/#breadcrumb\",\"itemListElement\":[{\"@type\":\"ListItem\",\"position\":1,\"name\":\"Home\",\"item\":\"https:\\\/\\\/gerodan.es\\\/fr\\\/\"},{\"@type\":\"ListItem\",\"position\":2,\"name\":\"Produits\",\"item\":\"https:\\\/\\\/gerodan.es\\\/fr\\\/produits\\\/\"},{\"@type\":\"ListItem\",\"position\":3,\"name\":\"Sof\u00e1 LAKET\"}]},{\"@type\":\"WebSite\",\"@id\":\"https:\\\/\\\/gerodan.es\\\/fr\\\/#website\",\"url\":\"https:\\\/\\\/gerodan.es\\\/fr\\\/\",\"name\":\"Gerodan\",\"description\":\"Venta de mobiliario adaptado a personas mayores\",\"potentialAction\":[{\"@type\":\"SearchAction\",\"target\":{\"@type\":\"EntryPoint\",\"urlTemplate\":\"https:\\\/\\\/gerodan.es\\\/fr\\\/?s={search_term_string}\"},\"query-input\":{\"@type\":\"PropertyValueSpecification\",\"valueRequired\":true,\"valueName\":\"search_term_string\"}}],\"inLanguage\":\"fr-FR\"}]}<\/script>\n<!-- \/ Yoast SEO plugin. -->","yoast_head_json":{"title":"Sof\u00e1 Laket - Gerodan","description":"Gerodan ofrece el sof\u00e1 Laket. Sof\u00e1 LAKET, estructura realizada en madera de pino macizo secado al aire, d\u00e1ndole al conjunto gran rigidez y durabilidad.","robots":{"index":"index","follow":"follow","max-snippet":"max-snippet:-1","max-image-preview":"max-image-preview:large","max-video-preview":"max-video-preview:-1"},"canonical":"https:\/\/gerodan.es\/fr\/produits\/sofa-laket\/","og_locale":"fr_FR","og_type":"article","og_title":"Sof\u00e1 Laket - Gerodan","og_description":"Gerodan ofrece el sof\u00e1 Laket. Sof\u00e1 LAKET, estructura realizada en madera de pino macizo secado al aire, d\u00e1ndole al conjunto gran rigidez y durabilidad.","og_url":"https:\/\/gerodan.es\/fr\/produits\/sofa-laket\/","og_site_name":"Gerodan","article_modified_time":"2019-06-19T07:51:11+00:00","og_image":[{"width":887,"height":887,"url":"https:\/\/gerodan.es\/wp-content\/uploads\/2016\/04\/sofa_laketi.jpg","type":"image\/jpeg"}],"twitter_card":"summary_large_image","schema":{"@context":"https:\/\/schema.org","@graph":[{"@type":"WebPage","@id":"https:\/\/gerodan.es\/fr\/produits\/sofa-laket\/","url":"https:\/\/gerodan.es\/fr\/produits\/sofa-laket\/","name":"Sof\u00e1 Laket - Gerodan","isPartOf":{"@id":"https:\/\/gerodan.es\/fr\/#website"},"primaryImageOfPage":{"@id":"https:\/\/gerodan.es\/fr\/produits\/sofa-laket\/#primaryimage"},"image":{"@id":"https:\/\/gerodan.es\/fr\/produits\/sofa-laket\/#primaryimage"},"thumbnailUrl":"https:\/\/gerodan.es\/wp-content\/uploads\/2016\/04\/sofa_laketi.jpg","datePublished":"2016-04-22T09:10:22+00:00","dateModified":"2019-06-19T07:51:11+00:00","description":"Gerodan ofrece el sof\u00e1 Laket. Sof\u00e1 LAKET, estructura realizada en madera de pino macizo secado al aire, d\u00e1ndole al conjunto gran rigidez y durabilidad.","breadcrumb":{"@id":"https:\/\/gerodan.es\/fr\/produits\/sofa-laket\/#breadcrumb"},"inLanguage":"fr-FR","potentialAction":[{"@type":"ReadAction","target":["https:\/\/gerodan.es\/fr\/produits\/sofa-laket\/"]}]},{"@type":"ImageObject","inLanguage":"fr-FR","@id":"https:\/\/gerodan.es\/fr\/produits\/sofa-laket\/#primaryimage","url":"https:\/\/gerodan.es\/wp-content\/uploads\/2016\/04\/sofa_laketi.jpg","contentUrl":"https:\/\/gerodan.es\/wp-content\/uploads\/2016\/04\/sofa_laketi.jpg","width":887,"height":887},{"@type":"BreadcrumbList","@id":"https:\/\/gerodan.es\/fr\/produits\/sofa-laket\/#breadcrumb","itemListElement":[{"@type":"ListItem","position":1,"name":"Home","item":"https:\/\/gerodan.es\/fr\/"},{"@type":"ListItem","position":2,"name":"Produits","item":"https:\/\/gerodan.es\/fr\/produits\/"},{"@type":"ListItem","position":3,"name":"Sof\u00e1 LAKET"}]},{"@type":"WebSite","@id":"https:\/\/gerodan.es\/fr\/#website","url":"https:\/\/gerodan.es\/fr\/","name":"Gerodan","description":"Venta de mobiliario adaptado a personas mayores","potentialAction":[{"@type":"SearchAction","target":{"@type":"EntryPoint","urlTemplate":"https:\/\/gerodan.es\/fr\/?s={search_term_string}"},"query-input":{"@type":"PropertyValueSpecification","valueRequired":true,"valueName":"search_term_string"}}],"inLanguage":"fr-FR"}]}},"_links":{"self":[{"href":"https:\/\/gerodan.es\/fr\/wp-json\/wp\/v2\/product\/4321","targetHints":{"allow":["GET"]}}],"collection":[{"href":"https:\/\/gerodan.es\/fr\/wp-json\/wp\/v2\/product"}],"about":[{"href":"https:\/\/gerodan.es\/fr\/wp-json\/wp\/v2\/types\/product"}],"wp:featuredmedia":[{"embeddable":true,"href":"https:\/\/gerodan.es\/fr\/wp-json\/wp\/v2\/media\/4322"}],"wp:attachment":[{"href":"https:\/\/gerodan.es\/fr\/wp-json\/wp\/v2\/media?parent=4321"}],"wp:term":[{"taxonomy":"grado-de-dependencia","embeddable":true,"href":"https:\/\/gerodan.es\/fr\/wp-json\/wp\/v2\/grado-de-dependencia?post=4321"},{"taxonomy":"product_brand","embeddable":true,"href":"https:\/\/gerodan.es\/fr\/wp-json\/wp\/v2\/product_brand?post=4321"},{"taxonomy":"product_cat","embeddable":true,"href":"https:\/\/gerodan.es\/fr\/wp-json\/wp\/v2\/product_cat?post=4321"},{"taxonomy":"product_tag","embeddable":true,"href":"https:\/\/gerodan.es\/fr\/wp-json\/wp\/v2\/product_tag?post=4321"}],"curies":[{"name":"wp","href":"https:\/\/api.w.org\/{rel}","templated":true}]}}