{"id":4329,"date":"2016-04-22T08:32:20","date_gmt":"2016-04-22T08:32:20","guid":{"rendered":"https:\/\/gerodan.es\/nuevaweb\/productos\/sillon-senna\/"},"modified":"2019-09-16T10:19:47","modified_gmt":"2019-09-16T10:19:47","slug":"sillon-senna","status":"publish","type":"product","link":"https:\/\/gerodan.es\/fr\/produits\/sillon-senna\/","title":{"rendered":"Sill\u00f3n SENNA respaldo bajo"},"content":{"rendered":"<p>&nbsp;<\/p>\n<p>Sill\u00f3n lectura-comedor con respaldo y asiento tapizado. Brazos curvados. Asiento ergon\u00f3mico. Estructura realizada en madera de haya primera calidad, secada a 9\u00ba de humedad y limpia de nudos y manchas.<\/p>\n<p>Estructura de gran rigidez con brazos curvos y con machihembrado encolado. Tapizados con telas vin\u00edlicas con protecci\u00f3n antimicrobial, antibacterial, antimic\u00f3tica y resistente a la abrasi\u00f3n. F\u00e1ciles de limpiar y mantener. Insensibles a la luz.<\/p>\n<p><strong>Estructura:<\/strong>\u00a0De Haya maciza barnizada con tablero contrachapado.<\/p>\n<p><strong>Caracter\u00edsticas Adicionales:<\/strong>Espumas de alta densidad en asiento. Tapizados con telas vin\u00edlicas de alta resistencia a la abrasi\u00f3n M2 , M1<\/p>\n","protected":false},"excerpt":{"rendered":"<p>Sill\u00f3n NELY de l\u00edneas cuadradas para equipar zonas de lectura, habitaci\u00f3n o comedores. Dimensiones H86xF55xA57. Estructura de haya con brazos, asiento y respaldo tapizados. Suspensi\u00f3n cincha cubierta de alta calidad.<\/p>\n<p>Espumas de alta densidad en asiento. Tapizados con telas vin\u00edlicas con protecci\u00f3n antimicrobial, antibacterial, antimic\u00f3tica y resistente a la abrasi\u00f3n. F\u00e1ciles de limpiar y mantener. Insensibles a la luz.<\/p>\n","protected":false},"featured_media":4331,"template":"","meta":{"_acf_changed":false},"grado-de-dependencia":[],"product_brand":[],"product_cat":[352,351],"product_tag":[],"class_list":{"0":"post-4329","1":"product","2":"type-product","3":"status-publish","4":"has-post-thumbnail","6":"product_cat-chaises-avec-accoudoirs","7":"product_cat-chaises-et-fauteuils","9":"first","10":"instock","11":"shipping-taxable","12":"product-type-simple"},"acf":[],"yoast_head":"<!-- This site is optimized with the Yoast SEO plugin v27.4 - https:\/\/yoast.com\/product\/yoast-seo-wordpress\/ -->\n<title>Sill\u00f3n SENNA - Gerodan<\/title>\n<meta name=\"description\" content=\"Gerodan ofrece sill\u00f3n SENNA de lectura-comedor con respaldo y asiento tapizado, adem\u00e1s tiene brazos curvados y un asiento ergon\u00f3mico.\" \/>\n<meta name=\"robots\" content=\"index, follow, max-snippet:-1, max-image-preview:large, max-video-preview:-1\" \/>\n<link rel=\"canonical\" href=\"https:\/\/gerodan.es\/fr\/produits\/sillon-senna\/\" \/>\n<meta property=\"og:locale\" content=\"fr_FR\" \/>\n<meta property=\"og:type\" content=\"article\" \/>\n<meta property=\"og:title\" content=\"Sill\u00f3n SENNA - Gerodan\" \/>\n<meta property=\"og:description\" content=\"Gerodan ofrece sill\u00f3n SENNA de lectura-comedor con respaldo y asiento tapizado, adem\u00e1s tiene brazos curvados y un asiento ergon\u00f3mico.\" \/>\n<meta property=\"og:url\" content=\"https:\/\/gerodan.es\/fr\/produits\/sillon-senna\/\" \/>\n<meta property=\"og:site_name\" content=\"Gerodan\" \/>\n<meta property=\"article:modified_time\" content=\"2019-09-16T10:19:47+00:00\" \/>\n<meta property=\"og:image\" content=\"https:\/\/gerodan.es\/wp-content\/uploads\/2017\/11\/silla_sena_SINhueco.jpg\" \/>\n\t<meta property=\"og:image:width\" content=\"887\" \/>\n\t<meta property=\"og:image:height\" content=\"887\" \/>\n\t<meta property=\"og:image:type\" content=\"image\/jpeg\" \/>\n<meta name=\"twitter:card\" content=\"summary_large_image\" \/>\n<meta name=\"twitter:label1\" content=\"Dur\u00e9e de lecture estim\u00e9e\" \/>\n\t<meta name=\"twitter:data1\" content=\"1 minute\" \/>\n<script type=\"application\/ld+json\" class=\"yoast-schema-graph\">{\"@context\":\"https:\\\/\\\/schema.org\",\"@graph\":[{\"@type\":\"WebPage\",\"@id\":\"https:\\\/\\\/gerodan.es\\\/fr\\\/produits\\\/sillon-senna\\\/\",\"url\":\"https:\\\/\\\/gerodan.es\\\/fr\\\/produits\\\/sillon-senna\\\/\",\"name\":\"Sill\u00f3n SENNA - Gerodan\",\"isPartOf\":{\"@id\":\"https:\\\/\\\/gerodan.es\\\/fr\\\/#website\"},\"primaryImageOfPage\":{\"@id\":\"https:\\\/\\\/gerodan.es\\\/fr\\\/produits\\\/sillon-senna\\\/#primaryimage\"},\"image\":{\"@id\":\"https:\\\/\\\/gerodan.es\\\/fr\\\/produits\\\/sillon-senna\\\/#primaryimage\"},\"thumbnailUrl\":\"https:\\\/\\\/gerodan.es\\\/wp-content\\\/uploads\\\/2017\\\/11\\\/silla_sena_SINhueco.jpg\",\"datePublished\":\"2016-04-22T08:32:20+00:00\",\"dateModified\":\"2019-09-16T10:19:47+00:00\",\"description\":\"Gerodan ofrece sill\u00f3n SENNA de lectura-comedor con respaldo y asiento tapizado, adem\u00e1s tiene brazos curvados y un asiento ergon\u00f3mico.\",\"breadcrumb\":{\"@id\":\"https:\\\/\\\/gerodan.es\\\/fr\\\/produits\\\/sillon-senna\\\/#breadcrumb\"},\"inLanguage\":\"fr-FR\",\"potentialAction\":[{\"@type\":\"ReadAction\",\"target\":[\"https:\\\/\\\/gerodan.es\\\/fr\\\/produits\\\/sillon-senna\\\/\"]}]},{\"@type\":\"ImageObject\",\"inLanguage\":\"fr-FR\",\"@id\":\"https:\\\/\\\/gerodan.es\\\/fr\\\/produits\\\/sillon-senna\\\/#primaryimage\",\"url\":\"https:\\\/\\\/gerodan.es\\\/wp-content\\\/uploads\\\/2017\\\/11\\\/silla_sena_SINhueco.jpg\",\"contentUrl\":\"https:\\\/\\\/gerodan.es\\\/wp-content\\\/uploads\\\/2017\\\/11\\\/silla_sena_SINhueco.jpg\",\"width\":887,\"height\":887},{\"@type\":\"BreadcrumbList\",\"@id\":\"https:\\\/\\\/gerodan.es\\\/fr\\\/produits\\\/sillon-senna\\\/#breadcrumb\",\"itemListElement\":[{\"@type\":\"ListItem\",\"position\":1,\"name\":\"Home\",\"item\":\"https:\\\/\\\/gerodan.es\\\/fr\\\/\"},{\"@type\":\"ListItem\",\"position\":2,\"name\":\"Produits\",\"item\":\"https:\\\/\\\/gerodan.es\\\/fr\\\/produits\\\/\"},{\"@type\":\"ListItem\",\"position\":3,\"name\":\"Sill\u00f3n SENNA respaldo bajo\"}]},{\"@type\":\"WebSite\",\"@id\":\"https:\\\/\\\/gerodan.es\\\/fr\\\/#website\",\"url\":\"https:\\\/\\\/gerodan.es\\\/fr\\\/\",\"name\":\"Gerodan\",\"description\":\"Venta de mobiliario adaptado a personas mayores\",\"potentialAction\":[{\"@type\":\"SearchAction\",\"target\":{\"@type\":\"EntryPoint\",\"urlTemplate\":\"https:\\\/\\\/gerodan.es\\\/fr\\\/?s={search_term_string}\"},\"query-input\":{\"@type\":\"PropertyValueSpecification\",\"valueRequired\":true,\"valueName\":\"search_term_string\"}}],\"inLanguage\":\"fr-FR\"}]}<\/script>\n<!-- \/ Yoast SEO plugin. -->","yoast_head_json":{"title":"Sill\u00f3n SENNA - Gerodan","description":"Gerodan ofrece sill\u00f3n SENNA de lectura-comedor con respaldo y asiento tapizado, adem\u00e1s tiene brazos curvados y un asiento ergon\u00f3mico.","robots":{"index":"index","follow":"follow","max-snippet":"max-snippet:-1","max-image-preview":"max-image-preview:large","max-video-preview":"max-video-preview:-1"},"canonical":"https:\/\/gerodan.es\/fr\/produits\/sillon-senna\/","og_locale":"fr_FR","og_type":"article","og_title":"Sill\u00f3n SENNA - Gerodan","og_description":"Gerodan ofrece sill\u00f3n SENNA de lectura-comedor con respaldo y asiento tapizado, adem\u00e1s tiene brazos curvados y un asiento ergon\u00f3mico.","og_url":"https:\/\/gerodan.es\/fr\/produits\/sillon-senna\/","og_site_name":"Gerodan","article_modified_time":"2019-09-16T10:19:47+00:00","og_image":[{"width":887,"height":887,"url":"https:\/\/gerodan.es\/wp-content\/uploads\/2017\/11\/silla_sena_SINhueco.jpg","type":"image\/jpeg"}],"twitter_card":"summary_large_image","twitter_misc":{"Dur\u00e9e de lecture estim\u00e9e":"1 minute"},"schema":{"@context":"https:\/\/schema.org","@graph":[{"@type":"WebPage","@id":"https:\/\/gerodan.es\/fr\/produits\/sillon-senna\/","url":"https:\/\/gerodan.es\/fr\/produits\/sillon-senna\/","name":"Sill\u00f3n SENNA - Gerodan","isPartOf":{"@id":"https:\/\/gerodan.es\/fr\/#website"},"primaryImageOfPage":{"@id":"https:\/\/gerodan.es\/fr\/produits\/sillon-senna\/#primaryimage"},"image":{"@id":"https:\/\/gerodan.es\/fr\/produits\/sillon-senna\/#primaryimage"},"thumbnailUrl":"https:\/\/gerodan.es\/wp-content\/uploads\/2017\/11\/silla_sena_SINhueco.jpg","datePublished":"2016-04-22T08:32:20+00:00","dateModified":"2019-09-16T10:19:47+00:00","description":"Gerodan ofrece sill\u00f3n SENNA de lectura-comedor con respaldo y asiento tapizado, adem\u00e1s tiene brazos curvados y un asiento ergon\u00f3mico.","breadcrumb":{"@id":"https:\/\/gerodan.es\/fr\/produits\/sillon-senna\/#breadcrumb"},"inLanguage":"fr-FR","potentialAction":[{"@type":"ReadAction","target":["https:\/\/gerodan.es\/fr\/produits\/sillon-senna\/"]}]},{"@type":"ImageObject","inLanguage":"fr-FR","@id":"https:\/\/gerodan.es\/fr\/produits\/sillon-senna\/#primaryimage","url":"https:\/\/gerodan.es\/wp-content\/uploads\/2017\/11\/silla_sena_SINhueco.jpg","contentUrl":"https:\/\/gerodan.es\/wp-content\/uploads\/2017\/11\/silla_sena_SINhueco.jpg","width":887,"height":887},{"@type":"BreadcrumbList","@id":"https:\/\/gerodan.es\/fr\/produits\/sillon-senna\/#breadcrumb","itemListElement":[{"@type":"ListItem","position":1,"name":"Home","item":"https:\/\/gerodan.es\/fr\/"},{"@type":"ListItem","position":2,"name":"Produits","item":"https:\/\/gerodan.es\/fr\/produits\/"},{"@type":"ListItem","position":3,"name":"Sill\u00f3n SENNA respaldo bajo"}]},{"@type":"WebSite","@id":"https:\/\/gerodan.es\/fr\/#website","url":"https:\/\/gerodan.es\/fr\/","name":"Gerodan","description":"Venta de mobiliario adaptado a personas mayores","potentialAction":[{"@type":"SearchAction","target":{"@type":"EntryPoint","urlTemplate":"https:\/\/gerodan.es\/fr\/?s={search_term_string}"},"query-input":{"@type":"PropertyValueSpecification","valueRequired":true,"valueName":"search_term_string"}}],"inLanguage":"fr-FR"}]}},"_links":{"self":[{"href":"https:\/\/gerodan.es\/fr\/wp-json\/wp\/v2\/product\/4329","targetHints":{"allow":["GET"]}}],"collection":[{"href":"https:\/\/gerodan.es\/fr\/wp-json\/wp\/v2\/product"}],"about":[{"href":"https:\/\/gerodan.es\/fr\/wp-json\/wp\/v2\/types\/product"}],"wp:featuredmedia":[{"embeddable":true,"href":"https:\/\/gerodan.es\/fr\/wp-json\/wp\/v2\/media\/4331"}],"wp:attachment":[{"href":"https:\/\/gerodan.es\/fr\/wp-json\/wp\/v2\/media?parent=4329"}],"wp:term":[{"taxonomy":"grado-de-dependencia","embeddable":true,"href":"https:\/\/gerodan.es\/fr\/wp-json\/wp\/v2\/grado-de-dependencia?post=4329"},{"taxonomy":"product_brand","embeddable":true,"href":"https:\/\/gerodan.es\/fr\/wp-json\/wp\/v2\/product_brand?post=4329"},{"taxonomy":"product_cat","embeddable":true,"href":"https:\/\/gerodan.es\/fr\/wp-json\/wp\/v2\/product_cat?post=4329"},{"taxonomy":"product_tag","embeddable":true,"href":"https:\/\/gerodan.es\/fr\/wp-json\/wp\/v2\/product_tag?post=4329"}],"curies":[{"name":"wp","href":"https:\/\/api.w.org\/{rel}","templated":true}]}}