{"id":5828,"date":"2022-05-31T13:25:47","date_gmt":"2022-05-31T13:25:47","guid":{"rendered":"https:\/\/gerodan.es\/nuevaweb\/productos\/sillon-zenta-con-brazos-tapizados\/"},"modified":"2022-05-31T13:42:19","modified_gmt":"2022-05-31T13:42:19","slug":"zenta-avec-accoudoirs-rembourres","status":"publish","type":"product","link":"https:\/\/gerodan.es\/fr\/produits\/zenta-avec-accoudoirs-rembourres\/","title":{"rendered":"ZENTA avec accoudoirs rembourr\u00e9s"},"content":{"rendered":"<p><span style=\"font-weight: 400;\">Fauteuil avec accoudoirs en bois de forme courbe et fini en lignes droites. Assise et dossier incurv\u00e9s pour une meilleure ergonomie d&rsquo;assise et de soutien, recouverts de polyur\u00e9thane haute densit\u00e9 avec rev\u00eatement de tissus en vinyle. Option avec dossier ouvert pour un nettoyage tr\u00e8s facile. Avec accoudoirs rembourr\u00e9s<\/span><span style=\"font-weight: 400;\"> (REF: 1837 H).<\/span><\/p>\n<p><span style=\"font-weight: 400;\">Structure en bois de h\u00eatre de premi\u00e8re qualit\u00e9, tr\u00e8s rigide avec languette et rainure coll\u00e9es. Tapiss\u00e9 de tissus en vinyle avec protection antimicrobienne, antibact\u00e9rienne, antifongique et r\u00e9sistante \u00e0 l&rsquo;abrasion, m1. Facile \u00e0 nettoyer et \u00e0 entretenir. Insensible \u00e0 la lumi\u00e8re.\u00a0<\/span><\/p>\n<p><span style=\"font-weight: 400;\">\u00a0<\/span><b>Structure :<\/b><span style=\"font-weight: 400;\">\u00a0H\u00eatre massif verni avec panneau de contreplaqu\u00e9.\u00a0<\/span><\/p>\n<p><b>Caract\u00e9ristiques :\u00a0 <\/b><span style=\"font-weight: 400;\">Mousses haute densit\u00e9 dans le si\u00e8ge. Tapiss\u00e9 de tissus en vinyle de haute r\u00e9sistance \u00e0 l&rsquo;abrasion M2, M1. Avec option de dossier bicolore.\u00a0<\/span><\/p>\n","protected":false},"excerpt":{"rendered":"<p>Fauteuil avec accoudoirs en bois de forme courbe et fini  [&#8230;]<\/p>\n","protected":false},"featured_media":5823,"template":"","meta":{"_acf_changed":false},"grado-de-dependencia":[],"product_brand":[],"product_cat":[351,375],"product_tag":[],"class_list":{"0":"post-5828","1":"product","2":"type-product","3":"status-publish","4":"has-post-thumbnail","6":"product_cat-chaises-et-fauteuils","7":"product_cat-sillones-geriatricos-fr","9":"first","10":"instock","11":"shipping-taxable","12":"product-type-simple"},"acf":[],"yoast_head":"<!-- This site is optimized with the Yoast SEO plugin v27.4 - https:\/\/yoast.com\/product\/yoast-seo-wordpress\/ -->\n<title>ZENTA avec accoudoirs rembourr\u00e9s - Gerodan<\/title>\n<meta name=\"robots\" content=\"index, follow, max-snippet:-1, max-image-preview:large, max-video-preview:-1\" \/>\n<link rel=\"canonical\" href=\"https:\/\/gerodan.es\/fr\/produits\/zenta-avec-accoudoirs-rembourres\/\" \/>\n<meta property=\"og:locale\" content=\"fr_FR\" \/>\n<meta property=\"og:type\" content=\"article\" \/>\n<meta property=\"og:title\" content=\"ZENTA avec accoudoirs rembourr\u00e9s - Gerodan\" \/>\n<meta property=\"og:description\" content=\"Fauteuil avec accoudoirs en bois de forme courbe et fini [...]\" \/>\n<meta property=\"og:url\" content=\"https:\/\/gerodan.es\/fr\/produits\/zenta-avec-accoudoirs-rembourres\/\" \/>\n<meta property=\"og:site_name\" content=\"Gerodan\" \/>\n<meta property=\"article:modified_time\" content=\"2022-05-31T13:42:19+00:00\" \/>\n<meta property=\"og:image\" content=\"https:\/\/gerodan.es\/wp-content\/uploads\/2022\/05\/Gerodan-Sillon-Zenta-con-brazos-tapizados.jpg\" \/>\n\t<meta property=\"og:image:width\" content=\"1200\" \/>\n\t<meta property=\"og:image:height\" content=\"1200\" \/>\n\t<meta property=\"og:image:type\" content=\"image\/jpeg\" \/>\n<meta name=\"twitter:card\" content=\"summary_large_image\" \/>\n<meta name=\"twitter:label1\" content=\"Dur\u00e9e de lecture estim\u00e9e\" \/>\n\t<meta name=\"twitter:data1\" content=\"1 minute\" \/>\n<script type=\"application\/ld+json\" class=\"yoast-schema-graph\">{\"@context\":\"https:\\\/\\\/schema.org\",\"@graph\":[{\"@type\":\"WebPage\",\"@id\":\"https:\\\/\\\/gerodan.es\\\/fr\\\/produits\\\/zenta-avec-accoudoirs-rembourres\\\/\",\"url\":\"https:\\\/\\\/gerodan.es\\\/fr\\\/produits\\\/zenta-avec-accoudoirs-rembourres\\\/\",\"name\":\"ZENTA avec accoudoirs rembourr\u00e9s - Gerodan\",\"isPartOf\":{\"@id\":\"https:\\\/\\\/gerodan.es\\\/fr\\\/#website\"},\"primaryImageOfPage\":{\"@id\":\"https:\\\/\\\/gerodan.es\\\/fr\\\/produits\\\/zenta-avec-accoudoirs-rembourres\\\/#primaryimage\"},\"image\":{\"@id\":\"https:\\\/\\\/gerodan.es\\\/fr\\\/produits\\\/zenta-avec-accoudoirs-rembourres\\\/#primaryimage\"},\"thumbnailUrl\":\"https:\\\/\\\/gerodan.es\\\/wp-content\\\/uploads\\\/2022\\\/05\\\/Gerodan-Sillon-Zenta-con-brazos-tapizados.jpg\",\"datePublished\":\"2022-05-31T13:25:47+00:00\",\"dateModified\":\"2022-05-31T13:42:19+00:00\",\"breadcrumb\":{\"@id\":\"https:\\\/\\\/gerodan.es\\\/fr\\\/produits\\\/zenta-avec-accoudoirs-rembourres\\\/#breadcrumb\"},\"inLanguage\":\"fr-FR\",\"potentialAction\":[{\"@type\":\"ReadAction\",\"target\":[\"https:\\\/\\\/gerodan.es\\\/fr\\\/produits\\\/zenta-avec-accoudoirs-rembourres\\\/\"]}]},{\"@type\":\"ImageObject\",\"inLanguage\":\"fr-FR\",\"@id\":\"https:\\\/\\\/gerodan.es\\\/fr\\\/produits\\\/zenta-avec-accoudoirs-rembourres\\\/#primaryimage\",\"url\":\"https:\\\/\\\/gerodan.es\\\/wp-content\\\/uploads\\\/2022\\\/05\\\/Gerodan-Sillon-Zenta-con-brazos-tapizados.jpg\",\"contentUrl\":\"https:\\\/\\\/gerodan.es\\\/wp-content\\\/uploads\\\/2022\\\/05\\\/Gerodan-Sillon-Zenta-con-brazos-tapizados.jpg\",\"width\":1200,\"height\":1200,\"caption\":\"Sill\u00f3n Zenta con brazos tapizados\"},{\"@type\":\"BreadcrumbList\",\"@id\":\"https:\\\/\\\/gerodan.es\\\/fr\\\/produits\\\/zenta-avec-accoudoirs-rembourres\\\/#breadcrumb\",\"itemListElement\":[{\"@type\":\"ListItem\",\"position\":1,\"name\":\"Home\",\"item\":\"https:\\\/\\\/gerodan.es\\\/fr\\\/\"},{\"@type\":\"ListItem\",\"position\":2,\"name\":\"Produits\",\"item\":\"https:\\\/\\\/gerodan.es\\\/fr\\\/produits\\\/\"},{\"@type\":\"ListItem\",\"position\":3,\"name\":\"ZENTA avec accoudoirs rembourr\u00e9s\"}]},{\"@type\":\"WebSite\",\"@id\":\"https:\\\/\\\/gerodan.es\\\/fr\\\/#website\",\"url\":\"https:\\\/\\\/gerodan.es\\\/fr\\\/\",\"name\":\"Gerodan\",\"description\":\"Venta de mobiliario adaptado a personas mayores\",\"potentialAction\":[{\"@type\":\"SearchAction\",\"target\":{\"@type\":\"EntryPoint\",\"urlTemplate\":\"https:\\\/\\\/gerodan.es\\\/fr\\\/?s={search_term_string}\"},\"query-input\":{\"@type\":\"PropertyValueSpecification\",\"valueRequired\":true,\"valueName\":\"search_term_string\"}}],\"inLanguage\":\"fr-FR\"}]}<\/script>\n<!-- \/ Yoast SEO plugin. -->","yoast_head_json":{"title":"ZENTA avec accoudoirs rembourr\u00e9s - Gerodan","robots":{"index":"index","follow":"follow","max-snippet":"max-snippet:-1","max-image-preview":"max-image-preview:large","max-video-preview":"max-video-preview:-1"},"canonical":"https:\/\/gerodan.es\/fr\/produits\/zenta-avec-accoudoirs-rembourres\/","og_locale":"fr_FR","og_type":"article","og_title":"ZENTA avec accoudoirs rembourr\u00e9s - Gerodan","og_description":"Fauteuil avec accoudoirs en bois de forme courbe et fini [...]","og_url":"https:\/\/gerodan.es\/fr\/produits\/zenta-avec-accoudoirs-rembourres\/","og_site_name":"Gerodan","article_modified_time":"2022-05-31T13:42:19+00:00","og_image":[{"width":1200,"height":1200,"url":"https:\/\/gerodan.es\/wp-content\/uploads\/2022\/05\/Gerodan-Sillon-Zenta-con-brazos-tapizados.jpg","type":"image\/jpeg"}],"twitter_card":"summary_large_image","twitter_misc":{"Dur\u00e9e de lecture estim\u00e9e":"1 minute"},"schema":{"@context":"https:\/\/schema.org","@graph":[{"@type":"WebPage","@id":"https:\/\/gerodan.es\/fr\/produits\/zenta-avec-accoudoirs-rembourres\/","url":"https:\/\/gerodan.es\/fr\/produits\/zenta-avec-accoudoirs-rembourres\/","name":"ZENTA avec accoudoirs rembourr\u00e9s - Gerodan","isPartOf":{"@id":"https:\/\/gerodan.es\/fr\/#website"},"primaryImageOfPage":{"@id":"https:\/\/gerodan.es\/fr\/produits\/zenta-avec-accoudoirs-rembourres\/#primaryimage"},"image":{"@id":"https:\/\/gerodan.es\/fr\/produits\/zenta-avec-accoudoirs-rembourres\/#primaryimage"},"thumbnailUrl":"https:\/\/gerodan.es\/wp-content\/uploads\/2022\/05\/Gerodan-Sillon-Zenta-con-brazos-tapizados.jpg","datePublished":"2022-05-31T13:25:47+00:00","dateModified":"2022-05-31T13:42:19+00:00","breadcrumb":{"@id":"https:\/\/gerodan.es\/fr\/produits\/zenta-avec-accoudoirs-rembourres\/#breadcrumb"},"inLanguage":"fr-FR","potentialAction":[{"@type":"ReadAction","target":["https:\/\/gerodan.es\/fr\/produits\/zenta-avec-accoudoirs-rembourres\/"]}]},{"@type":"ImageObject","inLanguage":"fr-FR","@id":"https:\/\/gerodan.es\/fr\/produits\/zenta-avec-accoudoirs-rembourres\/#primaryimage","url":"https:\/\/gerodan.es\/wp-content\/uploads\/2022\/05\/Gerodan-Sillon-Zenta-con-brazos-tapizados.jpg","contentUrl":"https:\/\/gerodan.es\/wp-content\/uploads\/2022\/05\/Gerodan-Sillon-Zenta-con-brazos-tapizados.jpg","width":1200,"height":1200,"caption":"Sill\u00f3n Zenta con brazos tapizados"},{"@type":"BreadcrumbList","@id":"https:\/\/gerodan.es\/fr\/produits\/zenta-avec-accoudoirs-rembourres\/#breadcrumb","itemListElement":[{"@type":"ListItem","position":1,"name":"Home","item":"https:\/\/gerodan.es\/fr\/"},{"@type":"ListItem","position":2,"name":"Produits","item":"https:\/\/gerodan.es\/fr\/produits\/"},{"@type":"ListItem","position":3,"name":"ZENTA avec accoudoirs rembourr\u00e9s"}]},{"@type":"WebSite","@id":"https:\/\/gerodan.es\/fr\/#website","url":"https:\/\/gerodan.es\/fr\/","name":"Gerodan","description":"Venta de mobiliario adaptado a personas mayores","potentialAction":[{"@type":"SearchAction","target":{"@type":"EntryPoint","urlTemplate":"https:\/\/gerodan.es\/fr\/?s={search_term_string}"},"query-input":{"@type":"PropertyValueSpecification","valueRequired":true,"valueName":"search_term_string"}}],"inLanguage":"fr-FR"}]}},"_links":{"self":[{"href":"https:\/\/gerodan.es\/fr\/wp-json\/wp\/v2\/product\/5828","targetHints":{"allow":["GET"]}}],"collection":[{"href":"https:\/\/gerodan.es\/fr\/wp-json\/wp\/v2\/product"}],"about":[{"href":"https:\/\/gerodan.es\/fr\/wp-json\/wp\/v2\/types\/product"}],"wp:featuredmedia":[{"embeddable":true,"href":"https:\/\/gerodan.es\/fr\/wp-json\/wp\/v2\/media\/5823"}],"wp:attachment":[{"href":"https:\/\/gerodan.es\/fr\/wp-json\/wp\/v2\/media?parent=5828"}],"wp:term":[{"taxonomy":"grado-de-dependencia","embeddable":true,"href":"https:\/\/gerodan.es\/fr\/wp-json\/wp\/v2\/grado-de-dependencia?post=5828"},{"taxonomy":"product_brand","embeddable":true,"href":"https:\/\/gerodan.es\/fr\/wp-json\/wp\/v2\/product_brand?post=5828"},{"taxonomy":"product_cat","embeddable":true,"href":"https:\/\/gerodan.es\/fr\/wp-json\/wp\/v2\/product_cat?post=5828"},{"taxonomy":"product_tag","embeddable":true,"href":"https:\/\/gerodan.es\/fr\/wp-json\/wp\/v2\/product_tag?post=5828"}],"curies":[{"name":"wp","href":"https:\/\/api.w.org\/{rel}","templated":true}]}}