{"id":5848,"date":"2022-09-27T15:12:06","date_gmt":"2022-09-27T15:12:06","guid":{"rendered":"https:\/\/gerodan.es\/nuevaweb\/productos\/butaca-lune\/"},"modified":"2022-09-27T15:22:58","modified_gmt":"2022-09-27T15:22:58","slug":"fauteuil-lune","status":"publish","type":"product","link":"https:\/\/gerodan.es\/fr\/produits\/fauteuil-lune\/","title":{"rendered":"FAUTEUIL LUNE"},"content":{"rendered":"<p>Fauteuil fixe simple ou double avec accoudoirs droits et dossier haut.<\/p>\n<p>Le fauteuil LUNE a \u00e9t\u00e9 \u00e9tudi\u00e9 pour que les bras soient d\u2019une duret\u00e9 suffisante pour permettre un facile appui au moment du lev\u00e9. Son inclinaison est con\u00e7u pour se tenir droit mais aussi pour sentir \u00e0 l&rsquo;aise. Structure en bois de pin massif. Est recouvert avec des tissus vinyliques, dot\u00e9 d\u2019 une protection antimicrobienne,<br \/>\nantibact\u00e9rienne, antifongique et r\u00e9sistante \u00e0 l\u2019abrasion. Tr\u00e8s facile pour le nettoyage et l\u2019entretien. Insensibles \u00e0 la lumi\u00e8re.  <\/p>\n<p><strong>Estructura:<\/strong> Structure en bois de pin massif.<\/p>\n<p><strong>Caracter\u00edsticas Adicionales:<\/strong> Mousse polyur\u00e9thane haute densit\u00e9. Tapiss\u00e9.<\/p>\n","protected":false},"excerpt":{"rendered":"<p>Fauteuil fixe simple ou double avec accoudoirs droits et dossier haut.<\/p>\n<p>Le fauteuil LUNE a \u00e9t\u00e9 \u00e9tudi\u00e9 pour que les bras soient d\u2019une duret\u00e9 suffisante pour permettre un facile appui au moment du lev\u00e9. Son inclinaison est con\u00e7u pour se tenir droit mais aussi pour sentir \u00e0 l&rsquo;aise. Structure en bois de pin massif. Est recouvert avec des tissus vinyliques, dot\u00e9 d\u2019 une protection antimicrobienne,<br \/>\nantibact\u00e9rienne, antifongique et r\u00e9sistante \u00e0 l\u2019abrasion. Tr\u00e8s facile pour le nettoyage et l\u2019entretien. Insensibles \u00e0 la lumi\u00e8re.  <\/p>\n","protected":false},"featured_media":5843,"template":"","meta":{"_acf_changed":false},"grado-de-dependencia":[],"product_brand":[],"product_cat":[348,341],"product_tag":[],"class_list":{"0":"post-5848","1":"product","2":"type-product","3":"status-publish","4":"has-post-thumbnail","6":"product_cat-butacas-fr","7":"product_cat-systemes-de-confort-et-de-relax","9":"first","10":"instock","11":"shipping-taxable","12":"product-type-simple"},"acf":[],"yoast_head":"<!-- This site is optimized with the Yoast SEO plugin v27.4 - https:\/\/yoast.com\/product\/yoast-seo-wordpress\/ -->\n<title>FAUTEUIL LUNE - Gerodan<\/title>\n<meta name=\"robots\" content=\"index, follow, max-snippet:-1, max-image-preview:large, max-video-preview:-1\" \/>\n<link rel=\"canonical\" href=\"https:\/\/gerodan.es\/fr\/produits\/fauteuil-lune\/\" \/>\n<meta property=\"og:locale\" content=\"fr_FR\" \/>\n<meta property=\"og:type\" content=\"article\" \/>\n<meta property=\"og:title\" content=\"FAUTEUIL LUNE - Gerodan\" \/>\n<meta property=\"og:description\" content=\"Fauteuil fixe simple ou double avec accoudoirs droits et dossier haut.  Le fauteuil LUNE a \u00e9t\u00e9 \u00e9tudi\u00e9 pour que les bras soient d\u2019une duret\u00e9 suffisante pour permettre un facile appui au moment du lev\u00e9. Son inclinaison est con\u00e7u pour se tenir droit mais aussi pour sentir \u00e0 l&#039;aise. Structure en bois de pin massif. Est recouvert avec des tissus vinyliques, dot\u00e9 d\u2019 une protection antimicrobienne, antibact\u00e9rienne, antifongique et r\u00e9sistante \u00e0 l\u2019abrasion. Tr\u00e8s facile pour le nettoyage et l\u2019entretien. Insensibles \u00e0 la lumi\u00e8re.\" \/>\n<meta property=\"og:url\" content=\"https:\/\/gerodan.es\/fr\/produits\/fauteuil-lune\/\" \/>\n<meta property=\"og:site_name\" content=\"Gerodan\" \/>\n<meta property=\"article:modified_time\" content=\"2022-09-27T15:22:58+00:00\" \/>\n<meta property=\"og:image\" content=\"https:\/\/gerodan.es\/wp-content\/uploads\/2022\/09\/Butaca-Lune-Individual-Gerodan.jpg\" \/>\n\t<meta property=\"og:image:width\" content=\"600\" \/>\n\t<meta property=\"og:image:height\" content=\"600\" \/>\n\t<meta property=\"og:image:type\" content=\"image\/jpeg\" \/>\n<meta name=\"twitter:card\" content=\"summary_large_image\" \/>\n<meta name=\"twitter:label1\" content=\"Dur\u00e9e de lecture estim\u00e9e\" \/>\n\t<meta name=\"twitter:data1\" content=\"1 minute\" \/>\n<script type=\"application\/ld+json\" class=\"yoast-schema-graph\">{\"@context\":\"https:\\\/\\\/schema.org\",\"@graph\":[{\"@type\":\"WebPage\",\"@id\":\"https:\\\/\\\/gerodan.es\\\/fr\\\/produits\\\/fauteuil-lune\\\/\",\"url\":\"https:\\\/\\\/gerodan.es\\\/fr\\\/produits\\\/fauteuil-lune\\\/\",\"name\":\"FAUTEUIL LUNE - Gerodan\",\"isPartOf\":{\"@id\":\"https:\\\/\\\/gerodan.es\\\/fr\\\/#website\"},\"primaryImageOfPage\":{\"@id\":\"https:\\\/\\\/gerodan.es\\\/fr\\\/produits\\\/fauteuil-lune\\\/#primaryimage\"},\"image\":{\"@id\":\"https:\\\/\\\/gerodan.es\\\/fr\\\/produits\\\/fauteuil-lune\\\/#primaryimage\"},\"thumbnailUrl\":\"https:\\\/\\\/gerodan.es\\\/wp-content\\\/uploads\\\/2022\\\/09\\\/Butaca-Lune-Individual-Gerodan.jpg\",\"datePublished\":\"2022-09-27T15:12:06+00:00\",\"dateModified\":\"2022-09-27T15:22:58+00:00\",\"breadcrumb\":{\"@id\":\"https:\\\/\\\/gerodan.es\\\/fr\\\/produits\\\/fauteuil-lune\\\/#breadcrumb\"},\"inLanguage\":\"fr-FR\",\"potentialAction\":[{\"@type\":\"ReadAction\",\"target\":[\"https:\\\/\\\/gerodan.es\\\/fr\\\/produits\\\/fauteuil-lune\\\/\"]}]},{\"@type\":\"ImageObject\",\"inLanguage\":\"fr-FR\",\"@id\":\"https:\\\/\\\/gerodan.es\\\/fr\\\/produits\\\/fauteuil-lune\\\/#primaryimage\",\"url\":\"https:\\\/\\\/gerodan.es\\\/wp-content\\\/uploads\\\/2022\\\/09\\\/Butaca-Lune-Individual-Gerodan.jpg\",\"contentUrl\":\"https:\\\/\\\/gerodan.es\\\/wp-content\\\/uploads\\\/2022\\\/09\\\/Butaca-Lune-Individual-Gerodan.jpg\",\"width\":600,\"height\":600,\"caption\":\"Butaca Lune Individual\"},{\"@type\":\"BreadcrumbList\",\"@id\":\"https:\\\/\\\/gerodan.es\\\/fr\\\/produits\\\/fauteuil-lune\\\/#breadcrumb\",\"itemListElement\":[{\"@type\":\"ListItem\",\"position\":1,\"name\":\"Home\",\"item\":\"https:\\\/\\\/gerodan.es\\\/fr\\\/\"},{\"@type\":\"ListItem\",\"position\":2,\"name\":\"Produits\",\"item\":\"https:\\\/\\\/gerodan.es\\\/fr\\\/produits\\\/\"},{\"@type\":\"ListItem\",\"position\":3,\"name\":\"FAUTEUIL LUNE\"}]},{\"@type\":\"WebSite\",\"@id\":\"https:\\\/\\\/gerodan.es\\\/fr\\\/#website\",\"url\":\"https:\\\/\\\/gerodan.es\\\/fr\\\/\",\"name\":\"Gerodan\",\"description\":\"Venta de mobiliario adaptado a personas mayores\",\"potentialAction\":[{\"@type\":\"SearchAction\",\"target\":{\"@type\":\"EntryPoint\",\"urlTemplate\":\"https:\\\/\\\/gerodan.es\\\/fr\\\/?s={search_term_string}\"},\"query-input\":{\"@type\":\"PropertyValueSpecification\",\"valueRequired\":true,\"valueName\":\"search_term_string\"}}],\"inLanguage\":\"fr-FR\"}]}<\/script>\n<!-- \/ Yoast SEO plugin. -->","yoast_head_json":{"title":"FAUTEUIL LUNE - Gerodan","robots":{"index":"index","follow":"follow","max-snippet":"max-snippet:-1","max-image-preview":"max-image-preview:large","max-video-preview":"max-video-preview:-1"},"canonical":"https:\/\/gerodan.es\/fr\/produits\/fauteuil-lune\/","og_locale":"fr_FR","og_type":"article","og_title":"FAUTEUIL LUNE - Gerodan","og_description":"Fauteuil fixe simple ou double avec accoudoirs droits et dossier haut.  Le fauteuil LUNE a \u00e9t\u00e9 \u00e9tudi\u00e9 pour que les bras soient d\u2019une duret\u00e9 suffisante pour permettre un facile appui au moment du lev\u00e9. Son inclinaison est con\u00e7u pour se tenir droit mais aussi pour sentir \u00e0 l'aise. Structure en bois de pin massif. Est recouvert avec des tissus vinyliques, dot\u00e9 d\u2019 une protection antimicrobienne, antibact\u00e9rienne, antifongique et r\u00e9sistante \u00e0 l\u2019abrasion. Tr\u00e8s facile pour le nettoyage et l\u2019entretien. Insensibles \u00e0 la lumi\u00e8re.","og_url":"https:\/\/gerodan.es\/fr\/produits\/fauteuil-lune\/","og_site_name":"Gerodan","article_modified_time":"2022-09-27T15:22:58+00:00","og_image":[{"width":600,"height":600,"url":"https:\/\/gerodan.es\/wp-content\/uploads\/2022\/09\/Butaca-Lune-Individual-Gerodan.jpg","type":"image\/jpeg"}],"twitter_card":"summary_large_image","twitter_misc":{"Dur\u00e9e de lecture estim\u00e9e":"1 minute"},"schema":{"@context":"https:\/\/schema.org","@graph":[{"@type":"WebPage","@id":"https:\/\/gerodan.es\/fr\/produits\/fauteuil-lune\/","url":"https:\/\/gerodan.es\/fr\/produits\/fauteuil-lune\/","name":"FAUTEUIL LUNE - Gerodan","isPartOf":{"@id":"https:\/\/gerodan.es\/fr\/#website"},"primaryImageOfPage":{"@id":"https:\/\/gerodan.es\/fr\/produits\/fauteuil-lune\/#primaryimage"},"image":{"@id":"https:\/\/gerodan.es\/fr\/produits\/fauteuil-lune\/#primaryimage"},"thumbnailUrl":"https:\/\/gerodan.es\/wp-content\/uploads\/2022\/09\/Butaca-Lune-Individual-Gerodan.jpg","datePublished":"2022-09-27T15:12:06+00:00","dateModified":"2022-09-27T15:22:58+00:00","breadcrumb":{"@id":"https:\/\/gerodan.es\/fr\/produits\/fauteuil-lune\/#breadcrumb"},"inLanguage":"fr-FR","potentialAction":[{"@type":"ReadAction","target":["https:\/\/gerodan.es\/fr\/produits\/fauteuil-lune\/"]}]},{"@type":"ImageObject","inLanguage":"fr-FR","@id":"https:\/\/gerodan.es\/fr\/produits\/fauteuil-lune\/#primaryimage","url":"https:\/\/gerodan.es\/wp-content\/uploads\/2022\/09\/Butaca-Lune-Individual-Gerodan.jpg","contentUrl":"https:\/\/gerodan.es\/wp-content\/uploads\/2022\/09\/Butaca-Lune-Individual-Gerodan.jpg","width":600,"height":600,"caption":"Butaca Lune Individual"},{"@type":"BreadcrumbList","@id":"https:\/\/gerodan.es\/fr\/produits\/fauteuil-lune\/#breadcrumb","itemListElement":[{"@type":"ListItem","position":1,"name":"Home","item":"https:\/\/gerodan.es\/fr\/"},{"@type":"ListItem","position":2,"name":"Produits","item":"https:\/\/gerodan.es\/fr\/produits\/"},{"@type":"ListItem","position":3,"name":"FAUTEUIL LUNE"}]},{"@type":"WebSite","@id":"https:\/\/gerodan.es\/fr\/#website","url":"https:\/\/gerodan.es\/fr\/","name":"Gerodan","description":"Venta de mobiliario adaptado a personas mayores","potentialAction":[{"@type":"SearchAction","target":{"@type":"EntryPoint","urlTemplate":"https:\/\/gerodan.es\/fr\/?s={search_term_string}"},"query-input":{"@type":"PropertyValueSpecification","valueRequired":true,"valueName":"search_term_string"}}],"inLanguage":"fr-FR"}]}},"_links":{"self":[{"href":"https:\/\/gerodan.es\/fr\/wp-json\/wp\/v2\/product\/5848","targetHints":{"allow":["GET"]}}],"collection":[{"href":"https:\/\/gerodan.es\/fr\/wp-json\/wp\/v2\/product"}],"about":[{"href":"https:\/\/gerodan.es\/fr\/wp-json\/wp\/v2\/types\/product"}],"wp:featuredmedia":[{"embeddable":true,"href":"https:\/\/gerodan.es\/fr\/wp-json\/wp\/v2\/media\/5843"}],"wp:attachment":[{"href":"https:\/\/gerodan.es\/fr\/wp-json\/wp\/v2\/media?parent=5848"}],"wp:term":[{"taxonomy":"grado-de-dependencia","embeddable":true,"href":"https:\/\/gerodan.es\/fr\/wp-json\/wp\/v2\/grado-de-dependencia?post=5848"},{"taxonomy":"product_brand","embeddable":true,"href":"https:\/\/gerodan.es\/fr\/wp-json\/wp\/v2\/product_brand?post=5848"},{"taxonomy":"product_cat","embeddable":true,"href":"https:\/\/gerodan.es\/fr\/wp-json\/wp\/v2\/product_cat?post=5848"},{"taxonomy":"product_tag","embeddable":true,"href":"https:\/\/gerodan.es\/fr\/wp-json\/wp\/v2\/product_tag?post=5848"}],"curies":[{"name":"wp","href":"https:\/\/api.w.org\/{rel}","templated":true}]}}