{"id":5874,"date":"2023-02-16T15:35:35","date_gmt":"2023-02-16T15:35:35","guid":{"rendered":"https:\/\/gerodan.es\/nuevaweb\/productos\/kalma-relax-con-patas\/"},"modified":"2023-02-16T15:43:34","modified_gmt":"2023-02-16T15:43:34","slug":"kalma-relax-avec-pieds","status":"publish","type":"product","link":"https:\/\/gerodan.es\/fr\/produits\/kalma-relax-avec-pieds\/","title":{"rendered":"Kalma Relax avec pieds"},"content":{"rendered":"<p>Structure en bois de pin massif recouverte de polyur\u00e9thane haute densit\u00e9 et de sangles NEA sur les si\u00e8ges. Inclinable par syst\u00e8me manuel avec si\u00e8ge continu. Pieds en polyur\u00e9thane renforc\u00e9, r\u00e9sistant aux produits d&rsquo;entretien et \u00e0 l&rsquo;humidit\u00e9. Rev\u00eatue avec des tissus en vinyle avec une protection antimicrobienne, antibact\u00e9rienne, antifongique et r\u00e9sistante \u00e0 l&rsquo;abrasion. Facile \u00e0 nettoyer et \u00e0 entretenir. Insensible \u00e0 la lumi\u00e8re<\/p>\n<p>Option bras amovibles.<\/p>\n","protected":false},"excerpt":{"rendered":"<p>Structure en bois de pin massif recouverte de polyur\u00e9thane haute  [&#8230;]<\/p>\n","protected":false},"featured_media":5869,"template":"","meta":{"_acf_changed":false},"grado-de-dependencia":[],"product_brand":[],"product_cat":[342],"product_tag":[],"class_list":{"0":"post-5874","1":"product","2":"type-product","3":"status-publish","4":"has-post-thumbnail","6":"product_cat-fauteuils-de-repos","8":"first","9":"instock","10":"shipping-taxable","11":"product-type-simple"},"acf":[],"yoast_head":"<!-- This site is optimized with the Yoast SEO plugin v27.4 - https:\/\/yoast.com\/product\/yoast-seo-wordpress\/ -->\n<title>Kalma Relax avec pieds - Gerodan<\/title>\n<meta name=\"robots\" content=\"index, follow, max-snippet:-1, max-image-preview:large, max-video-preview:-1\" \/>\n<link rel=\"canonical\" href=\"https:\/\/gerodan.es\/fr\/produits\/kalma-relax-avec-pieds\/\" \/>\n<meta property=\"og:locale\" content=\"fr_FR\" \/>\n<meta property=\"og:type\" content=\"article\" \/>\n<meta property=\"og:title\" content=\"Kalma Relax avec pieds - Gerodan\" \/>\n<meta property=\"og:description\" content=\"Structure en bois de pin massif recouverte de polyur\u00e9thane haute [...]\" \/>\n<meta property=\"og:url\" content=\"https:\/\/gerodan.es\/fr\/produits\/kalma-relax-avec-pieds\/\" \/>\n<meta property=\"og:site_name\" content=\"Gerodan\" \/>\n<meta property=\"article:modified_time\" content=\"2023-02-16T15:43:34+00:00\" \/>\n<meta property=\"og:image\" content=\"https:\/\/gerodan.es\/wp-content\/uploads\/2023\/02\/Butaca-Kalma-Patas-Gerodan.jpg\" \/>\n\t<meta property=\"og:image:width\" content=\"1200\" \/>\n\t<meta property=\"og:image:height\" content=\"1200\" \/>\n\t<meta property=\"og:image:type\" content=\"image\/jpeg\" \/>\n<meta name=\"twitter:card\" content=\"summary_large_image\" \/>\n<meta name=\"twitter:label1\" content=\"Dur\u00e9e de lecture estim\u00e9e\" \/>\n\t<meta name=\"twitter:data1\" content=\"1 minute\" \/>\n<script type=\"application\/ld+json\" class=\"yoast-schema-graph\">{\"@context\":\"https:\\\/\\\/schema.org\",\"@graph\":[{\"@type\":\"WebPage\",\"@id\":\"https:\\\/\\\/gerodan.es\\\/fr\\\/produits\\\/kalma-relax-avec-pieds\\\/\",\"url\":\"https:\\\/\\\/gerodan.es\\\/fr\\\/produits\\\/kalma-relax-avec-pieds\\\/\",\"name\":\"Kalma Relax avec pieds - Gerodan\",\"isPartOf\":{\"@id\":\"https:\\\/\\\/gerodan.es\\\/fr\\\/#website\"},\"primaryImageOfPage\":{\"@id\":\"https:\\\/\\\/gerodan.es\\\/fr\\\/produits\\\/kalma-relax-avec-pieds\\\/#primaryimage\"},\"image\":{\"@id\":\"https:\\\/\\\/gerodan.es\\\/fr\\\/produits\\\/kalma-relax-avec-pieds\\\/#primaryimage\"},\"thumbnailUrl\":\"https:\\\/\\\/gerodan.es\\\/wp-content\\\/uploads\\\/2023\\\/02\\\/Butaca-Kalma-Patas-Gerodan.jpg\",\"datePublished\":\"2023-02-16T15:35:35+00:00\",\"dateModified\":\"2023-02-16T15:43:34+00:00\",\"breadcrumb\":{\"@id\":\"https:\\\/\\\/gerodan.es\\\/fr\\\/produits\\\/kalma-relax-avec-pieds\\\/#breadcrumb\"},\"inLanguage\":\"fr-FR\",\"potentialAction\":[{\"@type\":\"ReadAction\",\"target\":[\"https:\\\/\\\/gerodan.es\\\/fr\\\/produits\\\/kalma-relax-avec-pieds\\\/\"]}]},{\"@type\":\"ImageObject\",\"inLanguage\":\"fr-FR\",\"@id\":\"https:\\\/\\\/gerodan.es\\\/fr\\\/produits\\\/kalma-relax-avec-pieds\\\/#primaryimage\",\"url\":\"https:\\\/\\\/gerodan.es\\\/wp-content\\\/uploads\\\/2023\\\/02\\\/Butaca-Kalma-Patas-Gerodan.jpg\",\"contentUrl\":\"https:\\\/\\\/gerodan.es\\\/wp-content\\\/uploads\\\/2023\\\/02\\\/Butaca-Kalma-Patas-Gerodan.jpg\",\"width\":1200,\"height\":1200,\"caption\":\"Butaca Kalma. Gerodan\"},{\"@type\":\"BreadcrumbList\",\"@id\":\"https:\\\/\\\/gerodan.es\\\/fr\\\/produits\\\/kalma-relax-avec-pieds\\\/#breadcrumb\",\"itemListElement\":[{\"@type\":\"ListItem\",\"position\":1,\"name\":\"Home\",\"item\":\"https:\\\/\\\/gerodan.es\\\/fr\\\/\"},{\"@type\":\"ListItem\",\"position\":2,\"name\":\"Produits\",\"item\":\"https:\\\/\\\/gerodan.es\\\/fr\\\/produits\\\/\"},{\"@type\":\"ListItem\",\"position\":3,\"name\":\"Kalma Relax avec pieds\"}]},{\"@type\":\"WebSite\",\"@id\":\"https:\\\/\\\/gerodan.es\\\/fr\\\/#website\",\"url\":\"https:\\\/\\\/gerodan.es\\\/fr\\\/\",\"name\":\"Gerodan\",\"description\":\"Venta de mobiliario adaptado a personas mayores\",\"potentialAction\":[{\"@type\":\"SearchAction\",\"target\":{\"@type\":\"EntryPoint\",\"urlTemplate\":\"https:\\\/\\\/gerodan.es\\\/fr\\\/?s={search_term_string}\"},\"query-input\":{\"@type\":\"PropertyValueSpecification\",\"valueRequired\":true,\"valueName\":\"search_term_string\"}}],\"inLanguage\":\"fr-FR\"}]}<\/script>\n<!-- \/ Yoast SEO plugin. -->","yoast_head_json":{"title":"Kalma Relax avec pieds - Gerodan","robots":{"index":"index","follow":"follow","max-snippet":"max-snippet:-1","max-image-preview":"max-image-preview:large","max-video-preview":"max-video-preview:-1"},"canonical":"https:\/\/gerodan.es\/fr\/produits\/kalma-relax-avec-pieds\/","og_locale":"fr_FR","og_type":"article","og_title":"Kalma Relax avec pieds - Gerodan","og_description":"Structure en bois de pin massif recouverte de polyur\u00e9thane haute [...]","og_url":"https:\/\/gerodan.es\/fr\/produits\/kalma-relax-avec-pieds\/","og_site_name":"Gerodan","article_modified_time":"2023-02-16T15:43:34+00:00","og_image":[{"width":1200,"height":1200,"url":"https:\/\/gerodan.es\/wp-content\/uploads\/2023\/02\/Butaca-Kalma-Patas-Gerodan.jpg","type":"image\/jpeg"}],"twitter_card":"summary_large_image","twitter_misc":{"Dur\u00e9e de lecture estim\u00e9e":"1 minute"},"schema":{"@context":"https:\/\/schema.org","@graph":[{"@type":"WebPage","@id":"https:\/\/gerodan.es\/fr\/produits\/kalma-relax-avec-pieds\/","url":"https:\/\/gerodan.es\/fr\/produits\/kalma-relax-avec-pieds\/","name":"Kalma Relax avec pieds - Gerodan","isPartOf":{"@id":"https:\/\/gerodan.es\/fr\/#website"},"primaryImageOfPage":{"@id":"https:\/\/gerodan.es\/fr\/produits\/kalma-relax-avec-pieds\/#primaryimage"},"image":{"@id":"https:\/\/gerodan.es\/fr\/produits\/kalma-relax-avec-pieds\/#primaryimage"},"thumbnailUrl":"https:\/\/gerodan.es\/wp-content\/uploads\/2023\/02\/Butaca-Kalma-Patas-Gerodan.jpg","datePublished":"2023-02-16T15:35:35+00:00","dateModified":"2023-02-16T15:43:34+00:00","breadcrumb":{"@id":"https:\/\/gerodan.es\/fr\/produits\/kalma-relax-avec-pieds\/#breadcrumb"},"inLanguage":"fr-FR","potentialAction":[{"@type":"ReadAction","target":["https:\/\/gerodan.es\/fr\/produits\/kalma-relax-avec-pieds\/"]}]},{"@type":"ImageObject","inLanguage":"fr-FR","@id":"https:\/\/gerodan.es\/fr\/produits\/kalma-relax-avec-pieds\/#primaryimage","url":"https:\/\/gerodan.es\/wp-content\/uploads\/2023\/02\/Butaca-Kalma-Patas-Gerodan.jpg","contentUrl":"https:\/\/gerodan.es\/wp-content\/uploads\/2023\/02\/Butaca-Kalma-Patas-Gerodan.jpg","width":1200,"height":1200,"caption":"Butaca Kalma. Gerodan"},{"@type":"BreadcrumbList","@id":"https:\/\/gerodan.es\/fr\/produits\/kalma-relax-avec-pieds\/#breadcrumb","itemListElement":[{"@type":"ListItem","position":1,"name":"Home","item":"https:\/\/gerodan.es\/fr\/"},{"@type":"ListItem","position":2,"name":"Produits","item":"https:\/\/gerodan.es\/fr\/produits\/"},{"@type":"ListItem","position":3,"name":"Kalma Relax avec pieds"}]},{"@type":"WebSite","@id":"https:\/\/gerodan.es\/fr\/#website","url":"https:\/\/gerodan.es\/fr\/","name":"Gerodan","description":"Venta de mobiliario adaptado a personas mayores","potentialAction":[{"@type":"SearchAction","target":{"@type":"EntryPoint","urlTemplate":"https:\/\/gerodan.es\/fr\/?s={search_term_string}"},"query-input":{"@type":"PropertyValueSpecification","valueRequired":true,"valueName":"search_term_string"}}],"inLanguage":"fr-FR"}]}},"_links":{"self":[{"href":"https:\/\/gerodan.es\/fr\/wp-json\/wp\/v2\/product\/5874","targetHints":{"allow":["GET"]}}],"collection":[{"href":"https:\/\/gerodan.es\/fr\/wp-json\/wp\/v2\/product"}],"about":[{"href":"https:\/\/gerodan.es\/fr\/wp-json\/wp\/v2\/types\/product"}],"wp:featuredmedia":[{"embeddable":true,"href":"https:\/\/gerodan.es\/fr\/wp-json\/wp\/v2\/media\/5869"}],"wp:attachment":[{"href":"https:\/\/gerodan.es\/fr\/wp-json\/wp\/v2\/media?parent=5874"}],"wp:term":[{"taxonomy":"grado-de-dependencia","embeddable":true,"href":"https:\/\/gerodan.es\/fr\/wp-json\/wp\/v2\/grado-de-dependencia?post=5874"},{"taxonomy":"product_brand","embeddable":true,"href":"https:\/\/gerodan.es\/fr\/wp-json\/wp\/v2\/product_brand?post=5874"},{"taxonomy":"product_cat","embeddable":true,"href":"https:\/\/gerodan.es\/fr\/wp-json\/wp\/v2\/product_cat?post=5874"},{"taxonomy":"product_tag","embeddable":true,"href":"https:\/\/gerodan.es\/fr\/wp-json\/wp\/v2\/product_tag?post=5874"}],"curies":[{"name":"wp","href":"https:\/\/api.w.org\/{rel}","templated":true}]}}