{"id":5945,"date":"2023-09-04T10:02:46","date_gmt":"2023-09-04T10:02:46","guid":{"rendered":"https:\/\/gerodan.es\/nuevaweb\/productos\/cabecero-tapizado\/"},"modified":"2023-09-04T10:20:46","modified_gmt":"2023-09-04T10:20:46","slug":"cabecero-tapizado","status":"publish","type":"product","link":"https:\/\/gerodan.es\/fr\/produits\/cabecero-tapizado\/","title":{"rendered":"CABECERO TAPIZADO"},"content":{"rendered":"<p>T\u00eate de lit REV\u00caTUE en contreplaqu\u00e9 de 19 mm, rev\u00eatement avant et lat\u00e9ral en caoutchouc mousse haute densit\u00e9 et recouvert de textile vinyle avec panneaux lat\u00e9raux. Il peut \u00eatre plac\u00e9 sur une t\u00eate de lit continue ou sur un mur directement \u00e0 l&rsquo;aide d&rsquo;un syst\u00e8me d&rsquo;assemblage arri\u00e8re. Le rev\u00eatement avant peut \u00eatre lisse ou \u00e0 panneaux.<\/p>\n","protected":false},"excerpt":{"rendered":"<p>T\u00eate de lit REV\u00caTUE en contreplaqu\u00e9 de 19 mm, rev\u00eatement  [&#8230;]<\/p>\n","protected":false},"featured_media":5951,"template":"","meta":{"_acf_changed":false},"grado-de-dependencia":[],"product_brand":[],"product_cat":[411],"product_tag":[],"class_list":{"0":"post-5945","1":"product","2":"type-product","3":"status-publish","4":"has-post-thumbnail","6":"product_cat-tetes-et-pieds-de-lit","8":"first","9":"instock","10":"shipping-taxable","11":"product-type-simple"},"acf":[],"yoast_head":"<!-- This site is optimized with the Yoast SEO plugin v27.1.1 - https:\/\/yoast.com\/product\/yoast-seo-wordpress\/ -->\n<title>CABECERO TAPIZADO - Gerodan<\/title>\n<meta name=\"robots\" content=\"index, follow, max-snippet:-1, max-image-preview:large, max-video-preview:-1\" \/>\n<link rel=\"canonical\" href=\"https:\/\/gerodan.es\/fr\/produits\/cabecero-tapizado\/\" \/>\n<meta property=\"og:locale\" content=\"fr_FR\" \/>\n<meta property=\"og:type\" content=\"article\" \/>\n<meta property=\"og:title\" content=\"CABECERO TAPIZADO - Gerodan\" \/>\n<meta property=\"og:description\" content=\"T\u00eate de lit REV\u00caTUE en contreplaqu\u00e9 de 19 mm, rev\u00eatement [...]\" \/>\n<meta property=\"og:url\" content=\"https:\/\/gerodan.es\/fr\/produits\/cabecero-tapizado\/\" \/>\n<meta property=\"og:site_name\" content=\"Gerodan\" \/>\n<meta property=\"article:modified_time\" content=\"2023-09-04T10:20:46+00:00\" \/>\n<meta property=\"og:image\" content=\"https:\/\/gerodan.es\/wp-content\/uploads\/2023\/09\/Cabecero-Tapizado-Gerodan.jpg\" \/>\n\t<meta property=\"og:image:width\" content=\"760\" \/>\n\t<meta property=\"og:image:height\" content=\"765\" \/>\n\t<meta property=\"og:image:type\" content=\"image\/jpeg\" \/>\n<meta name=\"twitter:card\" content=\"summary_large_image\" \/>\n<script type=\"application\/ld+json\" class=\"yoast-schema-graph\">{\"@context\":\"https:\/\/schema.org\",\"@graph\":[{\"@type\":\"WebPage\",\"@id\":\"https:\/\/gerodan.es\/fr\/produits\/cabecero-tapizado\/\",\"url\":\"https:\/\/gerodan.es\/fr\/produits\/cabecero-tapizado\/\",\"name\":\"CABECERO TAPIZADO - Gerodan\",\"isPartOf\":{\"@id\":\"https:\/\/gerodan.es\/fr\/#website\"},\"primaryImageOfPage\":{\"@id\":\"https:\/\/gerodan.es\/fr\/produits\/cabecero-tapizado\/#primaryimage\"},\"image\":{\"@id\":\"https:\/\/gerodan.es\/fr\/produits\/cabecero-tapizado\/#primaryimage\"},\"thumbnailUrl\":\"https:\/\/gerodan.es\/wp-content\/uploads\/2023\/09\/Cabecero-Tapizado-Gerodan.jpg\",\"datePublished\":\"2023-09-04T10:02:46+00:00\",\"dateModified\":\"2023-09-04T10:20:46+00:00\",\"breadcrumb\":{\"@id\":\"https:\/\/gerodan.es\/fr\/produits\/cabecero-tapizado\/#breadcrumb\"},\"inLanguage\":\"fr-FR\",\"potentialAction\":[{\"@type\":\"ReadAction\",\"target\":[\"https:\/\/gerodan.es\/fr\/produits\/cabecero-tapizado\/\"]}]},{\"@type\":\"ImageObject\",\"inLanguage\":\"fr-FR\",\"@id\":\"https:\/\/gerodan.es\/fr\/produits\/cabecero-tapizado\/#primaryimage\",\"url\":\"https:\/\/gerodan.es\/wp-content\/uploads\/2023\/09\/Cabecero-Tapizado-Gerodan.jpg\",\"contentUrl\":\"https:\/\/gerodan.es\/wp-content\/uploads\/2023\/09\/Cabecero-Tapizado-Gerodan.jpg\",\"width\":760,\"height\":765,\"caption\":\"Cabecero Tapizado. Gerodan\"},{\"@type\":\"BreadcrumbList\",\"@id\":\"https:\/\/gerodan.es\/fr\/produits\/cabecero-tapizado\/#breadcrumb\",\"itemListElement\":[{\"@type\":\"ListItem\",\"position\":1,\"name\":\"Home\",\"item\":\"https:\/\/gerodan.es\/fr\/\"},{\"@type\":\"ListItem\",\"position\":2,\"name\":\"Produits\",\"item\":\"https:\/\/gerodan.es\/fr\/produits\/\"},{\"@type\":\"ListItem\",\"position\":3,\"name\":\"CABECERO TAPIZADO\"}]},{\"@type\":\"WebSite\",\"@id\":\"https:\/\/gerodan.es\/fr\/#website\",\"url\":\"https:\/\/gerodan.es\/fr\/\",\"name\":\"Gerodan\",\"description\":\"Venta de mobiliario adaptado a personas mayores\",\"potentialAction\":[{\"@type\":\"SearchAction\",\"target\":{\"@type\":\"EntryPoint\",\"urlTemplate\":\"https:\/\/gerodan.es\/fr\/?s={search_term_string}\"},\"query-input\":{\"@type\":\"PropertyValueSpecification\",\"valueRequired\":true,\"valueName\":\"search_term_string\"}}],\"inLanguage\":\"fr-FR\"}]}<\/script>\n<!-- \/ Yoast SEO plugin. -->","yoast_head_json":{"title":"CABECERO TAPIZADO - Gerodan","robots":{"index":"index","follow":"follow","max-snippet":"max-snippet:-1","max-image-preview":"max-image-preview:large","max-video-preview":"max-video-preview:-1"},"canonical":"https:\/\/gerodan.es\/fr\/produits\/cabecero-tapizado\/","og_locale":"fr_FR","og_type":"article","og_title":"CABECERO TAPIZADO - Gerodan","og_description":"T\u00eate de lit REV\u00caTUE en contreplaqu\u00e9 de 19 mm, rev\u00eatement [...]","og_url":"https:\/\/gerodan.es\/fr\/produits\/cabecero-tapizado\/","og_site_name":"Gerodan","article_modified_time":"2023-09-04T10:20:46+00:00","og_image":[{"width":760,"height":765,"url":"https:\/\/gerodan.es\/wp-content\/uploads\/2023\/09\/Cabecero-Tapizado-Gerodan.jpg","type":"image\/jpeg"}],"twitter_card":"summary_large_image","schema":{"@context":"https:\/\/schema.org","@graph":[{"@type":"WebPage","@id":"https:\/\/gerodan.es\/fr\/produits\/cabecero-tapizado\/","url":"https:\/\/gerodan.es\/fr\/produits\/cabecero-tapizado\/","name":"CABECERO TAPIZADO - Gerodan","isPartOf":{"@id":"https:\/\/gerodan.es\/fr\/#website"},"primaryImageOfPage":{"@id":"https:\/\/gerodan.es\/fr\/produits\/cabecero-tapizado\/#primaryimage"},"image":{"@id":"https:\/\/gerodan.es\/fr\/produits\/cabecero-tapizado\/#primaryimage"},"thumbnailUrl":"https:\/\/gerodan.es\/wp-content\/uploads\/2023\/09\/Cabecero-Tapizado-Gerodan.jpg","datePublished":"2023-09-04T10:02:46+00:00","dateModified":"2023-09-04T10:20:46+00:00","breadcrumb":{"@id":"https:\/\/gerodan.es\/fr\/produits\/cabecero-tapizado\/#breadcrumb"},"inLanguage":"fr-FR","potentialAction":[{"@type":"ReadAction","target":["https:\/\/gerodan.es\/fr\/produits\/cabecero-tapizado\/"]}]},{"@type":"ImageObject","inLanguage":"fr-FR","@id":"https:\/\/gerodan.es\/fr\/produits\/cabecero-tapizado\/#primaryimage","url":"https:\/\/gerodan.es\/wp-content\/uploads\/2023\/09\/Cabecero-Tapizado-Gerodan.jpg","contentUrl":"https:\/\/gerodan.es\/wp-content\/uploads\/2023\/09\/Cabecero-Tapizado-Gerodan.jpg","width":760,"height":765,"caption":"Cabecero Tapizado. Gerodan"},{"@type":"BreadcrumbList","@id":"https:\/\/gerodan.es\/fr\/produits\/cabecero-tapizado\/#breadcrumb","itemListElement":[{"@type":"ListItem","position":1,"name":"Home","item":"https:\/\/gerodan.es\/fr\/"},{"@type":"ListItem","position":2,"name":"Produits","item":"https:\/\/gerodan.es\/fr\/produits\/"},{"@type":"ListItem","position":3,"name":"CABECERO TAPIZADO"}]},{"@type":"WebSite","@id":"https:\/\/gerodan.es\/fr\/#website","url":"https:\/\/gerodan.es\/fr\/","name":"Gerodan","description":"Venta de mobiliario adaptado a personas mayores","potentialAction":[{"@type":"SearchAction","target":{"@type":"EntryPoint","urlTemplate":"https:\/\/gerodan.es\/fr\/?s={search_term_string}"},"query-input":{"@type":"PropertyValueSpecification","valueRequired":true,"valueName":"search_term_string"}}],"inLanguage":"fr-FR"}]}},"_links":{"self":[{"href":"https:\/\/gerodan.es\/fr\/wp-json\/wp\/v2\/product\/5945","targetHints":{"allow":["GET"]}}],"collection":[{"href":"https:\/\/gerodan.es\/fr\/wp-json\/wp\/v2\/product"}],"about":[{"href":"https:\/\/gerodan.es\/fr\/wp-json\/wp\/v2\/types\/product"}],"wp:featuredmedia":[{"embeddable":true,"href":"https:\/\/gerodan.es\/fr\/wp-json\/wp\/v2\/media\/5951"}],"wp:attachment":[{"href":"https:\/\/gerodan.es\/fr\/wp-json\/wp\/v2\/media?parent=5945"}],"wp:term":[{"taxonomy":"grado-de-dependencia","embeddable":true,"href":"https:\/\/gerodan.es\/fr\/wp-json\/wp\/v2\/grado-de-dependencia?post=5945"},{"taxonomy":"product_brand","embeddable":true,"href":"https:\/\/gerodan.es\/fr\/wp-json\/wp\/v2\/product_brand?post=5945"},{"taxonomy":"product_cat","embeddable":true,"href":"https:\/\/gerodan.es\/fr\/wp-json\/wp\/v2\/product_cat?post=5945"},{"taxonomy":"product_tag","embeddable":true,"href":"https:\/\/gerodan.es\/fr\/wp-json\/wp\/v2\/product_tag?post=5945"}],"curies":[{"name":"wp","href":"https:\/\/api.w.org\/{rel}","templated":true}]}}