{"id":6074,"date":"2024-02-07T15:14:19","date_gmt":"2024-02-07T15:14:19","guid":{"rendered":"https:\/\/gerodan.es\/nuevaweb\/productos\/silla-fresh\/"},"modified":"2024-02-07T15:34:42","modified_gmt":"2024-02-07T15:34:42","slug":"silla-fresh","status":"publish","type":"product","link":"https:\/\/gerodan.es\/fr\/produits\/silla-fresh\/","title":{"rendered":"SILLA FRESH"},"content":{"rendered":"<p style=\"font-weight: 400;\">Un design bas\u00e9 sur des r\u00e9f\u00e9rences intemporelles, aux lignes droites sobres, avec une excellente qualit\u00e9 de finition et un confort d&rsquo;assise.<\/p>\n<p style=\"font-weight: 400;\">Le fauteuil FRESH est une r\u00e9f\u00e9rence en mati\u00e8re de fonctionnalit\u00e9. Id\u00e9al pour les environnements collectifs de haut niveau et exigeants.<\/p>\n<p style=\"font-weight: 400;\"><strong>Structure<\/strong>\u00a0: structure \u00e0 4 pieds en tube d&rsquo;acier avec protection antid\u00e9rapante finition peinture \u00e9poxy ou chrome brillant.<\/p>\n<p style=\"font-weight: 400;\"><strong>Caract\u00e9ristiques suppl\u00e9mentaires<\/strong>\u00a0: S\u00e9rie de collectivit\u00e9 avec assise et dossier en polypropyl\u00e8ne renforc\u00e9 de fibre de verre, disponibles avec union entre les chaises, ainsi qu&rsquo;avec dossier en r\u00e9sille et assise rembourr\u00e9e.<\/p>\n","protected":false},"excerpt":{"rendered":"<p>Un design bas\u00e9 sur des r\u00e9f\u00e9rences intemporelles, aux lignes droites  [&#8230;]<\/p>\n","protected":false},"featured_media":6063,"template":"","meta":{"_acf_changed":false},"grado-de-dependencia":[],"product_brand":[],"product_cat":[352,351],"product_tag":[],"class_list":{"0":"post-6074","1":"product","2":"type-product","3":"status-publish","4":"has-post-thumbnail","6":"product_cat-chaises-avec-accoudoirs","7":"product_cat-chaises-et-fauteuils","9":"first","10":"instock","11":"shipping-taxable","12":"product-type-simple"},"acf":[],"yoast_head":"<!-- This site is optimized with the Yoast SEO plugin v27.4 - https:\/\/yoast.com\/product\/yoast-seo-wordpress\/ -->\n<title>SILLA FRESH - Gerodan<\/title>\n<meta name=\"description\" content=\"La silla Fresh de Gerodan es un referente de funcionalidad. Ideal para entornos de alto nivel y exigencia, con un dise\u00f1o sobrio, excelente calidad y confort\" \/>\n<meta name=\"robots\" content=\"index, follow, max-snippet:-1, max-image-preview:large, max-video-preview:-1\" \/>\n<link rel=\"canonical\" href=\"https:\/\/gerodan.es\/fr\/produits\/silla-fresh\/\" \/>\n<meta property=\"og:locale\" content=\"fr_FR\" \/>\n<meta property=\"og:type\" content=\"article\" \/>\n<meta property=\"og:title\" content=\"SILLA FRESH - Gerodan\" \/>\n<meta property=\"og:description\" content=\"La silla Fresh de Gerodan es un referente de funcionalidad. Ideal para entornos de alto nivel y exigencia, con un dise\u00f1o sobrio, excelente calidad y confort\" \/>\n<meta property=\"og:url\" content=\"https:\/\/gerodan.es\/fr\/produits\/silla-fresh\/\" \/>\n<meta property=\"og:site_name\" content=\"Gerodan\" \/>\n<meta property=\"article:modified_time\" content=\"2024-02-07T15:34:42+00:00\" \/>\n<meta property=\"og:image\" content=\"https:\/\/gerodan.es\/wp-content\/uploads\/2024\/02\/Silla-con-brazos-Fresh-Gerodan.jpg\" \/>\n\t<meta property=\"og:image:width\" content=\"1200\" \/>\n\t<meta property=\"og:image:height\" content=\"1200\" \/>\n\t<meta property=\"og:image:type\" content=\"image\/jpeg\" \/>\n<meta name=\"twitter:card\" content=\"summary_large_image\" \/>\n<meta name=\"twitter:label1\" content=\"Dur\u00e9e de lecture estim\u00e9e\" \/>\n\t<meta name=\"twitter:data1\" content=\"1 minute\" \/>\n<script type=\"application\/ld+json\" class=\"yoast-schema-graph\">{\"@context\":\"https:\\\/\\\/schema.org\",\"@graph\":[{\"@type\":\"WebPage\",\"@id\":\"https:\\\/\\\/gerodan.es\\\/fr\\\/produits\\\/silla-fresh\\\/\",\"url\":\"https:\\\/\\\/gerodan.es\\\/fr\\\/produits\\\/silla-fresh\\\/\",\"name\":\"SILLA FRESH - Gerodan\",\"isPartOf\":{\"@id\":\"https:\\\/\\\/gerodan.es\\\/fr\\\/#website\"},\"primaryImageOfPage\":{\"@id\":\"https:\\\/\\\/gerodan.es\\\/fr\\\/produits\\\/silla-fresh\\\/#primaryimage\"},\"image\":{\"@id\":\"https:\\\/\\\/gerodan.es\\\/fr\\\/produits\\\/silla-fresh\\\/#primaryimage\"},\"thumbnailUrl\":\"https:\\\/\\\/gerodan.es\\\/wp-content\\\/uploads\\\/2024\\\/02\\\/Silla-con-brazos-Fresh-Gerodan.jpg\",\"datePublished\":\"2024-02-07T15:14:19+00:00\",\"dateModified\":\"2024-02-07T15:34:42+00:00\",\"description\":\"La silla Fresh de Gerodan es un referente de funcionalidad. Ideal para entornos de alto nivel y exigencia, con un dise\u00f1o sobrio, excelente calidad y confort\",\"breadcrumb\":{\"@id\":\"https:\\\/\\\/gerodan.es\\\/fr\\\/produits\\\/silla-fresh\\\/#breadcrumb\"},\"inLanguage\":\"fr-FR\",\"potentialAction\":[{\"@type\":\"ReadAction\",\"target\":[\"https:\\\/\\\/gerodan.es\\\/fr\\\/produits\\\/silla-fresh\\\/\"]}]},{\"@type\":\"ImageObject\",\"inLanguage\":\"fr-FR\",\"@id\":\"https:\\\/\\\/gerodan.es\\\/fr\\\/produits\\\/silla-fresh\\\/#primaryimage\",\"url\":\"https:\\\/\\\/gerodan.es\\\/wp-content\\\/uploads\\\/2024\\\/02\\\/Silla-con-brazos-Fresh-Gerodan.jpg\",\"contentUrl\":\"https:\\\/\\\/gerodan.es\\\/wp-content\\\/uploads\\\/2024\\\/02\\\/Silla-con-brazos-Fresh-Gerodan.jpg\",\"width\":1200,\"height\":1200,\"caption\":\"Silla Fresh. Gerodan\"},{\"@type\":\"BreadcrumbList\",\"@id\":\"https:\\\/\\\/gerodan.es\\\/fr\\\/produits\\\/silla-fresh\\\/#breadcrumb\",\"itemListElement\":[{\"@type\":\"ListItem\",\"position\":1,\"name\":\"Home\",\"item\":\"https:\\\/\\\/gerodan.es\\\/fr\\\/\"},{\"@type\":\"ListItem\",\"position\":2,\"name\":\"Produits\",\"item\":\"https:\\\/\\\/gerodan.es\\\/fr\\\/produits\\\/\"},{\"@type\":\"ListItem\",\"position\":3,\"name\":\"SILLA FRESH\"}]},{\"@type\":\"WebSite\",\"@id\":\"https:\\\/\\\/gerodan.es\\\/fr\\\/#website\",\"url\":\"https:\\\/\\\/gerodan.es\\\/fr\\\/\",\"name\":\"Gerodan\",\"description\":\"Venta de mobiliario adaptado a personas mayores\",\"potentialAction\":[{\"@type\":\"SearchAction\",\"target\":{\"@type\":\"EntryPoint\",\"urlTemplate\":\"https:\\\/\\\/gerodan.es\\\/fr\\\/?s={search_term_string}\"},\"query-input\":{\"@type\":\"PropertyValueSpecification\",\"valueRequired\":true,\"valueName\":\"search_term_string\"}}],\"inLanguage\":\"fr-FR\"}]}<\/script>\n<!-- \/ Yoast SEO plugin. -->","yoast_head_json":{"title":"SILLA FRESH - Gerodan","description":"La silla Fresh de Gerodan es un referente de funcionalidad. Ideal para entornos de alto nivel y exigencia, con un dise\u00f1o sobrio, excelente calidad y confort","robots":{"index":"index","follow":"follow","max-snippet":"max-snippet:-1","max-image-preview":"max-image-preview:large","max-video-preview":"max-video-preview:-1"},"canonical":"https:\/\/gerodan.es\/fr\/produits\/silla-fresh\/","og_locale":"fr_FR","og_type":"article","og_title":"SILLA FRESH - Gerodan","og_description":"La silla Fresh de Gerodan es un referente de funcionalidad. Ideal para entornos de alto nivel y exigencia, con un dise\u00f1o sobrio, excelente calidad y confort","og_url":"https:\/\/gerodan.es\/fr\/produits\/silla-fresh\/","og_site_name":"Gerodan","article_modified_time":"2024-02-07T15:34:42+00:00","og_image":[{"width":1200,"height":1200,"url":"https:\/\/gerodan.es\/wp-content\/uploads\/2024\/02\/Silla-con-brazos-Fresh-Gerodan.jpg","type":"image\/jpeg"}],"twitter_card":"summary_large_image","twitter_misc":{"Dur\u00e9e de lecture estim\u00e9e":"1 minute"},"schema":{"@context":"https:\/\/schema.org","@graph":[{"@type":"WebPage","@id":"https:\/\/gerodan.es\/fr\/produits\/silla-fresh\/","url":"https:\/\/gerodan.es\/fr\/produits\/silla-fresh\/","name":"SILLA FRESH - Gerodan","isPartOf":{"@id":"https:\/\/gerodan.es\/fr\/#website"},"primaryImageOfPage":{"@id":"https:\/\/gerodan.es\/fr\/produits\/silla-fresh\/#primaryimage"},"image":{"@id":"https:\/\/gerodan.es\/fr\/produits\/silla-fresh\/#primaryimage"},"thumbnailUrl":"https:\/\/gerodan.es\/wp-content\/uploads\/2024\/02\/Silla-con-brazos-Fresh-Gerodan.jpg","datePublished":"2024-02-07T15:14:19+00:00","dateModified":"2024-02-07T15:34:42+00:00","description":"La silla Fresh de Gerodan es un referente de funcionalidad. Ideal para entornos de alto nivel y exigencia, con un dise\u00f1o sobrio, excelente calidad y confort","breadcrumb":{"@id":"https:\/\/gerodan.es\/fr\/produits\/silla-fresh\/#breadcrumb"},"inLanguage":"fr-FR","potentialAction":[{"@type":"ReadAction","target":["https:\/\/gerodan.es\/fr\/produits\/silla-fresh\/"]}]},{"@type":"ImageObject","inLanguage":"fr-FR","@id":"https:\/\/gerodan.es\/fr\/produits\/silla-fresh\/#primaryimage","url":"https:\/\/gerodan.es\/wp-content\/uploads\/2024\/02\/Silla-con-brazos-Fresh-Gerodan.jpg","contentUrl":"https:\/\/gerodan.es\/wp-content\/uploads\/2024\/02\/Silla-con-brazos-Fresh-Gerodan.jpg","width":1200,"height":1200,"caption":"Silla Fresh. Gerodan"},{"@type":"BreadcrumbList","@id":"https:\/\/gerodan.es\/fr\/produits\/silla-fresh\/#breadcrumb","itemListElement":[{"@type":"ListItem","position":1,"name":"Home","item":"https:\/\/gerodan.es\/fr\/"},{"@type":"ListItem","position":2,"name":"Produits","item":"https:\/\/gerodan.es\/fr\/produits\/"},{"@type":"ListItem","position":3,"name":"SILLA FRESH"}]},{"@type":"WebSite","@id":"https:\/\/gerodan.es\/fr\/#website","url":"https:\/\/gerodan.es\/fr\/","name":"Gerodan","description":"Venta de mobiliario adaptado a personas mayores","potentialAction":[{"@type":"SearchAction","target":{"@type":"EntryPoint","urlTemplate":"https:\/\/gerodan.es\/fr\/?s={search_term_string}"},"query-input":{"@type":"PropertyValueSpecification","valueRequired":true,"valueName":"search_term_string"}}],"inLanguage":"fr-FR"}]}},"_links":{"self":[{"href":"https:\/\/gerodan.es\/fr\/wp-json\/wp\/v2\/product\/6074","targetHints":{"allow":["GET"]}}],"collection":[{"href":"https:\/\/gerodan.es\/fr\/wp-json\/wp\/v2\/product"}],"about":[{"href":"https:\/\/gerodan.es\/fr\/wp-json\/wp\/v2\/types\/product"}],"wp:featuredmedia":[{"embeddable":true,"href":"https:\/\/gerodan.es\/fr\/wp-json\/wp\/v2\/media\/6063"}],"wp:attachment":[{"href":"https:\/\/gerodan.es\/fr\/wp-json\/wp\/v2\/media?parent=6074"}],"wp:term":[{"taxonomy":"grado-de-dependencia","embeddable":true,"href":"https:\/\/gerodan.es\/fr\/wp-json\/wp\/v2\/grado-de-dependencia?post=6074"},{"taxonomy":"product_brand","embeddable":true,"href":"https:\/\/gerodan.es\/fr\/wp-json\/wp\/v2\/product_brand?post=6074"},{"taxonomy":"product_cat","embeddable":true,"href":"https:\/\/gerodan.es\/fr\/wp-json\/wp\/v2\/product_cat?post=6074"},{"taxonomy":"product_tag","embeddable":true,"href":"https:\/\/gerodan.es\/fr\/wp-json\/wp\/v2\/product_tag?post=6074"}],"curies":[{"name":"wp","href":"https:\/\/api.w.org\/{rel}","templated":true}]}}