{"id":8986,"date":"2025-10-24T10:30:22","date_gmt":"2025-10-24T10:30:22","guid":{"rendered":"https:\/\/gerodan.es\/?post_type=product&#038;p=8986"},"modified":"2025-10-24T10:30:23","modified_gmt":"2025-10-24T10:30:23","slug":"grua-de-techo-ghz","status":"publish","type":"product","link":"https:\/\/gerodan.es\/fr\/produits\/grua-de-techo-ghz\/","title":{"rendered":"Gr\u00faa de techo GHZ"},"content":{"rendered":"<p>El GHZ es un m\u00f3dulo de elevaci\u00f3n discreto, casi invisible, que garantiza elevaciones seguras y c\u00f3modas y un entorno de trabajo ergon\u00f3mico y seguro para el personal sanitario. El m\u00f3dulo de elevaci\u00f3n se desplaza a lo largo del ra\u00edl transversal, de forma que minimiza las dimensiones de integraci\u00f3n y permite una altura de elevaci\u00f3n adicional, lo que puede suponer una gran ventaja en salas con techos bajos.<\/p>\n<ul>\n<li>Casi invisible<\/li>\n<li>Alta capacidad de carga de hasta 255 kg<\/li>\n<li>Dispositivo de m\u00ednima altura; elevaci\u00f3n de gran alcance<\/li>\n<\/ul>\n","protected":false},"excerpt":{"rendered":"<p>El GHZ es un m\u00f3dulo de elevaci\u00f3n discreto, casi invisible,  [&#8230;]<\/p>\n","protected":false},"featured_media":8991,"template":"","meta":{"_acf_changed":false},"grado-de-dependencia":[],"product_brand":[],"product_cat":[171],"product_tag":[],"class_list":{"0":"post-8986","1":"product","2":"type-product","3":"status-publish","4":"has-post-thumbnail","6":"product_cat-gruas-de-techo","8":"first","9":"instock","10":"shipping-taxable","11":"product-type-simple"},"acf":[],"yoast_head":"<!-- This site is optimized with the Yoast SEO plugin v27.4 - https:\/\/yoast.com\/product\/yoast-seo-wordpress\/ -->\n<title>Gr\u00faa de techo GHZ - Gerodan<\/title>\n<meta name=\"robots\" content=\"index, follow, max-snippet:-1, max-image-preview:large, max-video-preview:-1\" \/>\n<link rel=\"canonical\" href=\"https:\/\/gerodan.es\/fr\/produits\/grua-de-techo-ghz\/\" \/>\n<meta property=\"og:locale\" content=\"fr_FR\" \/>\n<meta property=\"og:type\" content=\"article\" \/>\n<meta property=\"og:title\" content=\"Gr\u00faa de techo GHZ - Gerodan\" \/>\n<meta property=\"og:description\" content=\"El GHZ es un m\u00f3dulo de elevaci\u00f3n discreto, casi invisible, [...]\" \/>\n<meta property=\"og:url\" content=\"https:\/\/gerodan.es\/fr\/produits\/grua-de-techo-ghz\/\" \/>\n<meta property=\"og:site_name\" content=\"Gerodan\" \/>\n<meta property=\"article:modified_time\" content=\"2025-10-24T10:30:23+00:00\" \/>\n<meta property=\"og:image\" content=\"https:\/\/gerodan.es\/wp-content\/uploads\/2025\/10\/2218-04-ghz-2017-frit.webp\" \/>\n\t<meta property=\"og:image:width\" content=\"768\" \/>\n\t<meta property=\"og:image:height\" content=\"768\" \/>\n\t<meta property=\"og:image:type\" content=\"image\/webp\" \/>\n<meta name=\"twitter:card\" content=\"summary_large_image\" \/>\n<meta name=\"twitter:label1\" content=\"Dur\u00e9e de lecture estim\u00e9e\" \/>\n\t<meta name=\"twitter:data1\" content=\"1 minute\" \/>\n<script type=\"application\/ld+json\" class=\"yoast-schema-graph\">{\"@context\":\"https:\\\/\\\/schema.org\",\"@graph\":[{\"@type\":\"WebPage\",\"@id\":\"https:\\\/\\\/gerodan.es\\\/fr\\\/produits\\\/grua-de-techo-ghz\\\/\",\"url\":\"https:\\\/\\\/gerodan.es\\\/fr\\\/produits\\\/grua-de-techo-ghz\\\/\",\"name\":\"Gr\u00faa de techo GHZ - Gerodan\",\"isPartOf\":{\"@id\":\"https:\\\/\\\/gerodan.es\\\/fr\\\/#website\"},\"primaryImageOfPage\":{\"@id\":\"https:\\\/\\\/gerodan.es\\\/fr\\\/produits\\\/grua-de-techo-ghz\\\/#primaryimage\"},\"image\":{\"@id\":\"https:\\\/\\\/gerodan.es\\\/fr\\\/produits\\\/grua-de-techo-ghz\\\/#primaryimage\"},\"thumbnailUrl\":\"https:\\\/\\\/gerodan.es\\\/wp-content\\\/uploads\\\/2025\\\/10\\\/2218-04-ghz-2017-frit.webp\",\"datePublished\":\"2025-10-24T10:30:22+00:00\",\"dateModified\":\"2025-10-24T10:30:23+00:00\",\"breadcrumb\":{\"@id\":\"https:\\\/\\\/gerodan.es\\\/fr\\\/produits\\\/grua-de-techo-ghz\\\/#breadcrumb\"},\"inLanguage\":\"fr-FR\",\"potentialAction\":[{\"@type\":\"ReadAction\",\"target\":[\"https:\\\/\\\/gerodan.es\\\/fr\\\/produits\\\/grua-de-techo-ghz\\\/\"]}]},{\"@type\":\"ImageObject\",\"inLanguage\":\"fr-FR\",\"@id\":\"https:\\\/\\\/gerodan.es\\\/fr\\\/produits\\\/grua-de-techo-ghz\\\/#primaryimage\",\"url\":\"https:\\\/\\\/gerodan.es\\\/wp-content\\\/uploads\\\/2025\\\/10\\\/2218-04-ghz-2017-frit.webp\",\"contentUrl\":\"https:\\\/\\\/gerodan.es\\\/wp-content\\\/uploads\\\/2025\\\/10\\\/2218-04-ghz-2017-frit.webp\",\"width\":768,\"height\":768},{\"@type\":\"BreadcrumbList\",\"@id\":\"https:\\\/\\\/gerodan.es\\\/fr\\\/produits\\\/grua-de-techo-ghz\\\/#breadcrumb\",\"itemListElement\":[{\"@type\":\"ListItem\",\"position\":1,\"name\":\"Home\",\"item\":\"https:\\\/\\\/gerodan.es\\\/fr\\\/\"},{\"@type\":\"ListItem\",\"position\":2,\"name\":\"Produits\",\"item\":\"https:\\\/\\\/gerodan.es\\\/fr\\\/produits\\\/\"},{\"@type\":\"ListItem\",\"position\":3,\"name\":\"Gr\u00faa de techo GHZ\"}]},{\"@type\":\"WebSite\",\"@id\":\"https:\\\/\\\/gerodan.es\\\/fr\\\/#website\",\"url\":\"https:\\\/\\\/gerodan.es\\\/fr\\\/\",\"name\":\"Gerodan\",\"description\":\"Venta de mobiliario adaptado a personas mayores\",\"potentialAction\":[{\"@type\":\"SearchAction\",\"target\":{\"@type\":\"EntryPoint\",\"urlTemplate\":\"https:\\\/\\\/gerodan.es\\\/fr\\\/?s={search_term_string}\"},\"query-input\":{\"@type\":\"PropertyValueSpecification\",\"valueRequired\":true,\"valueName\":\"search_term_string\"}}],\"inLanguage\":\"fr-FR\"}]}<\/script>\n<!-- \/ Yoast SEO plugin. -->","yoast_head_json":{"title":"Gr\u00faa de techo GHZ - Gerodan","robots":{"index":"index","follow":"follow","max-snippet":"max-snippet:-1","max-image-preview":"max-image-preview:large","max-video-preview":"max-video-preview:-1"},"canonical":"https:\/\/gerodan.es\/fr\/produits\/grua-de-techo-ghz\/","og_locale":"fr_FR","og_type":"article","og_title":"Gr\u00faa de techo GHZ - Gerodan","og_description":"El GHZ es un m\u00f3dulo de elevaci\u00f3n discreto, casi invisible, [...]","og_url":"https:\/\/gerodan.es\/fr\/produits\/grua-de-techo-ghz\/","og_site_name":"Gerodan","article_modified_time":"2025-10-24T10:30:23+00:00","og_image":[{"width":768,"height":768,"url":"https:\/\/gerodan.es\/wp-content\/uploads\/2025\/10\/2218-04-ghz-2017-frit.webp","type":"image\/webp"}],"twitter_card":"summary_large_image","twitter_misc":{"Dur\u00e9e de lecture estim\u00e9e":"1 minute"},"schema":{"@context":"https:\/\/schema.org","@graph":[{"@type":"WebPage","@id":"https:\/\/gerodan.es\/fr\/produits\/grua-de-techo-ghz\/","url":"https:\/\/gerodan.es\/fr\/produits\/grua-de-techo-ghz\/","name":"Gr\u00faa de techo GHZ - Gerodan","isPartOf":{"@id":"https:\/\/gerodan.es\/fr\/#website"},"primaryImageOfPage":{"@id":"https:\/\/gerodan.es\/fr\/produits\/grua-de-techo-ghz\/#primaryimage"},"image":{"@id":"https:\/\/gerodan.es\/fr\/produits\/grua-de-techo-ghz\/#primaryimage"},"thumbnailUrl":"https:\/\/gerodan.es\/wp-content\/uploads\/2025\/10\/2218-04-ghz-2017-frit.webp","datePublished":"2025-10-24T10:30:22+00:00","dateModified":"2025-10-24T10:30:23+00:00","breadcrumb":{"@id":"https:\/\/gerodan.es\/fr\/produits\/grua-de-techo-ghz\/#breadcrumb"},"inLanguage":"fr-FR","potentialAction":[{"@type":"ReadAction","target":["https:\/\/gerodan.es\/fr\/produits\/grua-de-techo-ghz\/"]}]},{"@type":"ImageObject","inLanguage":"fr-FR","@id":"https:\/\/gerodan.es\/fr\/produits\/grua-de-techo-ghz\/#primaryimage","url":"https:\/\/gerodan.es\/wp-content\/uploads\/2025\/10\/2218-04-ghz-2017-frit.webp","contentUrl":"https:\/\/gerodan.es\/wp-content\/uploads\/2025\/10\/2218-04-ghz-2017-frit.webp","width":768,"height":768},{"@type":"BreadcrumbList","@id":"https:\/\/gerodan.es\/fr\/produits\/grua-de-techo-ghz\/#breadcrumb","itemListElement":[{"@type":"ListItem","position":1,"name":"Home","item":"https:\/\/gerodan.es\/fr\/"},{"@type":"ListItem","position":2,"name":"Produits","item":"https:\/\/gerodan.es\/fr\/produits\/"},{"@type":"ListItem","position":3,"name":"Gr\u00faa de techo GHZ"}]},{"@type":"WebSite","@id":"https:\/\/gerodan.es\/fr\/#website","url":"https:\/\/gerodan.es\/fr\/","name":"Gerodan","description":"Venta de mobiliario adaptado a personas mayores","potentialAction":[{"@type":"SearchAction","target":{"@type":"EntryPoint","urlTemplate":"https:\/\/gerodan.es\/fr\/?s={search_term_string}"},"query-input":{"@type":"PropertyValueSpecification","valueRequired":true,"valueName":"search_term_string"}}],"inLanguage":"fr-FR"}]}},"_links":{"self":[{"href":"https:\/\/gerodan.es\/fr\/wp-json\/wp\/v2\/product\/8986","targetHints":{"allow":["GET"]}}],"collection":[{"href":"https:\/\/gerodan.es\/fr\/wp-json\/wp\/v2\/product"}],"about":[{"href":"https:\/\/gerodan.es\/fr\/wp-json\/wp\/v2\/types\/product"}],"wp:featuredmedia":[{"embeddable":true,"href":"https:\/\/gerodan.es\/fr\/wp-json\/wp\/v2\/media\/8991"}],"wp:attachment":[{"href":"https:\/\/gerodan.es\/fr\/wp-json\/wp\/v2\/media?parent=8986"}],"wp:term":[{"taxonomy":"grado-de-dependencia","embeddable":true,"href":"https:\/\/gerodan.es\/fr\/wp-json\/wp\/v2\/grado-de-dependencia?post=8986"},{"taxonomy":"product_brand","embeddable":true,"href":"https:\/\/gerodan.es\/fr\/wp-json\/wp\/v2\/product_brand?post=8986"},{"taxonomy":"product_cat","embeddable":true,"href":"https:\/\/gerodan.es\/fr\/wp-json\/wp\/v2\/product_cat?post=8986"},{"taxonomy":"product_tag","embeddable":true,"href":"https:\/\/gerodan.es\/fr\/wp-json\/wp\/v2\/product_tag?post=8986"}],"curies":[{"name":"wp","href":"https:\/\/api.w.org\/{rel}","templated":true}]}}